{"id":1770,"date":"2020-07-23T20:25:36","date_gmt":"2020-07-23T23:25:36","guid":{"rendered":"http:\/\/sites.usp.br\/ppgarqmae\/?page_id=1770"},"modified":"2024-07-04T10:01:10","modified_gmt":"2024-07-04T13:01:10","slug":"alunx-especial","status":"publish","type":"page","link":"https:\/\/sites.usp.br\/ppgarqmae\/alunx-especial\/","title":{"rendered":"Aluno\/a Especial"},"content":{"rendered":"<p><span style=\"color: #333300;\">Artigo 58 \u2013\u00a0<u>Alunos\/as especiais s\u00e3o aqueles\/as matriculados\/as apenas em disciplinas isoladas, sem v\u00ednculo com qualquer Programa de P\u00f3s-Gradua\u00e7\u00e3o da USP.<\/u><\/span><\/p>\n<ul>\n<li style=\"text-align: justify;\">Os\/as alunos\/as especiais ter\u00e3o direito a um certificado de aprova\u00e7\u00e3o em disciplinas, expedido pela CPG.<\/li>\n<li style=\"text-align: justify;\">A aceita\u00e7\u00e3o do\/a aluno\/a especial dever\u00e1 ser aprovada pela CPG, ouvido\/a o\/a docente respons\u00e1vel pela disciplina.<\/li>\n<\/ul>\n<p>Estudantes da gradua\u00e7\u00e3o da USP poder\u00e3o se inscrever como alunos\/as especiais nas disciplinas de p\u00f3s-gradua\u00e7\u00e3o do PPGArq, execto nas disciplinas obrigat\u00f3rias (Teoria Arqueol\u00f3gica I e II, An\u00e1lise de Cr\u00edtica de Projetos de Pesquisa I e II). O aproveitamento desses cr\u00e9ditos em uma futura\u00a0 p\u00f3s-gradua\u00e7\u00e3o no PPGArq ser\u00e1 avaliada pela CPG (lembrando que existe um prazo de 36 meses para solicitar o aproveitamento).<\/p>\n<p><strong><span style=\"color: #333300;\">Inscri\u00e7\u00f5es para as disciplinas de p\u00f3s-gradua\u00e7\u00e3o em Arqueologia (<a href=\"https:\/\/mae.usp.br\/disciplinas-oferecidas-ppgarq\/\">aqui<\/a>)<\/span><\/strong><\/p>\n<p>DATAS: As inscri\u00e7\u00f5es s\u00e3o abertas semestralmente com datas variadas, verificar a grade de disciplinas de cada semestre no item &#8220;Disciplinas&#8221;.<\/p>\n<p>DOCUMENTOS: Documentos obrigat\u00f3rios para inscri\u00e7\u00e3o que devem ser enviados pelo email pos.mae@usp.br :<\/p>\n<ul>\n<li><span style=\"color: #333300;\">Ficha de inscri\u00e7\u00e3o preenchida &#8211; dispon\u00edvel <a href=\"http:\/\/sites.usp.br\/ppgarqmae\/wp-content\/uploads\/sites\/153\/2019\/01\/Requerimento-inscri\u00e7\u00e3o-Aluno-Especial-formulario_ficha.pdf\">aqui<\/a><br \/>\n<\/span><\/li>\n<li><span style=\"color: #333300;\">C\u00f3pias do RG, CPF, hist\u00f3rico escolar, \u00a0diploma da gradua\u00e7\u00e3o, curriculum vitae<\/span><\/li>\n<li><span style=\"color: #333300;\">Carta dirigida a(o) professor(a) justificando a escolha da disciplina.<\/span><\/li>\n<li>Indicar no assunto\/t\u00edtulo do e-mail \u201cAluno Especial \u2013 (<em>disciplina)\u201d<\/em><\/li>\n<\/ul>\n","protected":false},"excerpt":{"rendered":"<p>Artigo 58 \u2013\u00a0Alunos\/as especiais s\u00e3o aqueles\/as matriculados\/as apenas em disciplinas isoladas, sem v\u00ednculo com qualquer Programa de P\u00f3s-Gradua\u00e7\u00e3o da USP. Os\/as alunos\/as especiais ter\u00e3o direito a um certificado de aprova\u00e7\u00e3o em disciplinas, expedido pela CPG. A aceita\u00e7\u00e3o do\/a aluno\/a especial dever\u00e1 ser aprovada pela CPG, ouvido\/a o\/a docente respons\u00e1vel pela disciplina. Estudantes da gradua\u00e7\u00e3o da USP poder\u00e3o se inscrever como alunos\/as especiais nas disciplinas de p\u00f3s-gradua\u00e7\u00e3o do PPGArq, execto nas disciplinas obrigat\u00f3rias (Teoria Arqueol\u00f3gica I e II, An\u00e1lise de Cr\u00edtica de Projetos de Pesquisa I e II). O aproveitamento desses cr\u00e9ditos em uma futura\u00a0 p\u00f3s-gradua\u00e7\u00e3o no PPGArq ser\u00e1 avaliada pela CPG (lembrando que existe um prazo de 36 meses para solicitar o aproveitamento). Inscri\u00e7\u00f5es para as disciplinas de p\u00f3s-gradua\u00e7\u00e3o em Arqueologia (aqui) DATAS: As inscri\u00e7\u00f5es s\u00e3o abertas semestralmente com datas variadas, verificar a grade de disciplinas de cada semestre no item &#8220;Disciplinas&#8221;. DOCUMENTOS: Documentos obrigat\u00f3rios para inscri\u00e7\u00e3o que devem ser enviados pelo email pos.mae@usp.br : Ficha de inscri\u00e7\u00e3o preenchida &#8211; dispon\u00edvel aqui C\u00f3pias do RG, CPF, hist\u00f3rico escolar, \u00a0diploma da gradua\u00e7\u00e3o, curriculum vitae Carta dirigida a(o) professor(a) justificando a escolha da disciplina. Indicar no assunto\/t\u00edtulo do e-mail \u201cAluno Especial \u2013 (disciplina)\u201d<\/p>\n","protected":false},"author":845,"featured_media":0,"parent":0,"menu_order":0,"comment_status":"closed","ping_status":"closed","template":"page-full.php","meta":{"_monsterinsights_skip_tracking":false,"_monsterinsights_sitenote_active":false,"_monsterinsights_sitenote_note":"","_monsterinsights_sitenote_category":0,"footnotes":"","_links_to":"","_links_to_target":""},"class_list":["post-1770","page","type-page","status-publish","hentry"],"_links":{"self":[{"href":"https:\/\/sites.usp.br\/ppgarqmae\/wp-json\/wp\/v2\/pages\/1770","targetHints":{"allow":["GET"]}}],"collection":[{"href":"https:\/\/sites.usp.br\/ppgarqmae\/wp-json\/wp\/v2\/pages"}],"about":[{"href":"https:\/\/sites.usp.br\/ppgarqmae\/wp-json\/wp\/v2\/types\/page"}],"author":[{"embeddable":true,"href":"https:\/\/sites.usp.br\/ppgarqmae\/wp-json\/wp\/v2\/users\/845"}],"replies":[{"embeddable":true,"href":"https:\/\/sites.usp.br\/ppgarqmae\/wp-json\/wp\/v2\/comments?post=1770"}],"version-history":[{"count":5,"href":"https:\/\/sites.usp.br\/ppgarqmae\/wp-json\/wp\/v2\/pages\/1770\/revisions"}],"predecessor-version":[{"id":3589,"href":"https:\/\/sites.usp.br\/ppgarqmae\/wp-json\/wp\/v2\/pages\/1770\/revisions\/3589"}],"wp:attachment":[{"href":"https:\/\/sites.usp.br\/ppgarqmae\/wp-json\/wp\/v2\/media?parent=1770"}],"curies":[{"name":"wp","href":"https:\/\/api.w.org\/{rel}","templated":true}]}}