{"id":1786,"date":"2020-07-23T20:50:45","date_gmt":"2020-07-23T23:50:45","guid":{"rendered":"http:\/\/sites.usp.br\/ppgarqmae\/?page_id=1786"},"modified":"2021-12-10T09:37:51","modified_gmt":"2021-12-10T12:37:51","slug":"projetos-docentes","status":"publish","type":"page","link":"https:\/\/sites.usp.br\/ppgarqmae\/projetos-docentes\/","title":{"rendered":"Projetos Docentes"},"content":{"rendered":"<table>\n<tbody>\n<tr>\n<td><strong>A cidade na gr\u00e9cia antiga: a sociedade desenhada no terreno<\/strong><\/p>\n<p>Respons\u00e1vel: Maria Beatriz Borba Florenzano<\/td>\n<\/tr>\n<tr>\n<td><strong>A ocupa\u00e7\u00e3o Paleo\u00edndia no Estado de S\u00e3o Paulo: Uma Abordagem Interdisciplinar<\/strong><\/p>\n<p>Respons\u00e1vel: Astolfo Gomes de Mello Araujo<\/td>\n<\/tr>\n<tr>\n<td><strong>Arqueologia de um santu\u00e1rio: o Heraion de Delos, Gr\u00e9cia<\/strong><\/p>\n<p>Respons\u00e1vel: Haiganuch Sarian<\/td>\n<\/tr>\n<tr>\n<td><strong>Arqueologia do litoral norte do Esp\u00edrito Santo: sambaquis do Munic\u00edpio de Linhares<\/strong><\/p>\n<p>Respons\u00e1vel: Ximena S. Villagran<\/td>\n<\/tr>\n<tr>\n<td><strong>Arqueologia, etnoarqueologia e popula\u00e7\u00f5es tradicionais<\/strong><\/p>\n<p>Respons\u00e1vel: Fabiola Andrea Silva<\/td>\n<\/tr>\n<tr>\n<td><strong>Arqueologia interativa e simula\u00e7\u00f5es eletr\u00f4nicas<\/strong><\/p>\n<p>Respons\u00e1vel: Vagner Carvalheiro Porto<\/td>\n<\/tr>\n<tr>\n<td><strong>Bioarqueologia e arqueologia funer\u00e1ria de grupos pr\u00e9-hist\u00f3ricos brasileiros<\/strong><\/p>\n<p>Respons\u00e1vel: Ver\u00f4nica Wesolowski<\/td>\n<\/tr>\n<tr>\n<td><strong>Coopera\u00e7\u00e3o Arqueol\u00f3gica Brasileira no Projeto Ventarr\u00f3n Collud <\/strong><\/p>\n<p>Respons\u00e1vel: M\u00e1rcia Arcuri<\/td>\n<\/tr>\n<tr>\n<td><strong>Cronologias regionais, hiatos e continuidades na hist\u00f3ria pr\u00e9-colonial da amaz\u00f4nia<\/strong><\/p>\n<p>Respons\u00e1vel: Eduardo G\u00f3es Neves<\/td>\n<\/tr>\n<tr>\n<td><strong>Estudo da presen\u00e7a do Imp\u00e9rio Romano no Oriente e Ocidente: As prov\u00edncias em seus aspectos monet\u00e1rios, arquitet\u00f4nicos e religiosos<\/strong><\/p>\n<p>Respons\u00e1vel: Vagner Carvalheiro Porto<\/td>\n<\/tr>\n<tr>\n<td><strong>Formas de contato e processos de transforma\u00e7\u00e3o no Mediterr\u00e2neo antigo: Roma e suas prov\u00edncias<\/strong><\/p>\n<p>Respons\u00e1vel: Maria Isabel d&#8217;Agostino Flemming<\/td>\n<\/tr>\n<tr>\n<td><strong>Geoarqueologia costeira: os sambaquis do estado de S\u00e3o Paulo<\/strong><\/p>\n<p>Respons\u00e1vel: Marisa Coutinho Afonso<\/td>\n<\/tr>\n<tr>\n<td><strong>Hist\u00f3rias ind\u00edgenas de longa dura\u00e7\u00e3o: o Brasil pr\u00e9-colonial pela \u00f3tica da antropologia virtual e da arqueogen\u00f4mica<\/strong><\/p>\n<p>Respons\u00e1vel: Andr\u00e9 Strauss<\/td>\n<\/tr>\n<tr>\n<td><strong>Integrando Comunidade e Museu: Representa\u00e7\u00e3o e patrim\u00f4nio arqueol\u00f3gico numa perspectiva conjunta de aprendizagem<\/strong><\/p>\n<p>Respons\u00e1vel: Camilo de Melo Vasconcellos<\/td>\n<\/tr>\n<tr>\n<td><strong>Intera\u00e7\u00e3o cultural dos grupos ceramistas no estado de S\u00e3o Paulo: Pr\u00e1ticas funer\u00e1rias em s\u00edtios Tupi e Guarani<\/strong><\/p>\n<p>Respons\u00e1vel: Marisa Coutinho Afonso<\/td>\n<\/tr>\n<tr>\n<td><strong>Je Landscapes of Southern Brazil<\/strong><\/p>\n<p>Respons\u00e1vel: Paulo DeBlasis<\/td>\n<\/tr>\n<tr>\n<td><strong>Micromorfologia dos primeiros assentamentos humanos da Am\u00e9rica do Sul<\/strong><\/p>\n<p>Respons\u00e1vel: Ximena S. Villagran<\/td>\n<\/tr>\n<tr>\n<td><strong>Morte e vida na Lapa do Santo &#8211; Uma biografia arqueol\u00f3gica dos Povos de Luzia<\/strong><\/p>\n<p>Respons\u00e1vel: Andr\u00e9 Strauss<\/td>\n<\/tr>\n<tr>\n<td><strong>Museu &#8211; Requalifica\u00e7\u00e3o de cole\u00e7\u00f5es<\/strong><\/p>\n<p>Respons\u00e1vel: Mar\u00edlia Xavier Cury<\/td>\n<\/tr>\n<tr>\n<td><strong>Organiza\u00e7\u00e3o espacial p\u00fanica na Sardenha e Sic\u00edlia: os casos de Nora e Panormo<\/strong><\/p>\n<p>Respons\u00e1vel: Maria Cristina Kormikiari<\/td>\n<\/tr>\n<tr>\n<td><strong>O uso do fogo no final da Idade da Pedra M\u00e9dia no sul da \u00c1frica<\/strong><\/p>\n<p>Respons\u00e1vel: Ximena S. Villagran<\/td>\n<\/tr>\n<tr>\n<td><strong>Pessoas, plantas e paisagens na Amaz\u00f4nia<\/strong><\/p>\n<p>Respons\u00e1vel: Jennifer Watling<\/td>\n<\/tr>\n<tr>\n<td><strong>Povos ind\u00edgenas e o meio ambiente na Amaz\u00f4nia Antiga<\/strong><\/p>\n<p>Respons\u00e1vel: Eduardo G\u00f3es Neves<\/td>\n<\/tr>\n<tr>\n<td><strong>Pr\u00e9-hist\u00f3ria e paleoambiente no Mato Grosso<\/strong><\/p>\n<p>Respons\u00e1vel: Levy Figuti<\/td>\n<\/tr>\n<tr>\n<td><strong>Projeto Quebra-Anzol, Minas Gerais<\/strong><\/p>\n<p>Respons\u00e1vel: M\u00e1rcia Angelina Alves<\/td>\n<\/tr>\n<tr>\n<td><strong>Projeto Turvo, S\u00e3o Paulo<\/strong><\/p>\n<p>Respons\u00e1vel: M\u00e1rcia Angelina Alves<\/td>\n<\/tr>\n<tr>\n<td><strong>Territ\u00f3rio lingua e mem\u00f3ria dos assurini do Xingu: arqueologia colaborativa na t.i. kwatinemu<\/strong><\/p>\n<p>Respons\u00e1vel: Fabiola Andrea Silva<\/td>\n<\/tr>\n<\/tbody>\n<\/table>\n<p>&nbsp;<\/p>\n<p>&nbsp;<\/p>\n<p>&nbsp;<\/p>\n<p>&nbsp;<\/p>\n","protected":false},"excerpt":{"rendered":"<p>A cidade na gr\u00e9cia antiga: a sociedade desenhada no terreno Respons\u00e1vel: Maria Beatriz Borba Florenzano A ocupa\u00e7\u00e3o Paleo\u00edndia no Estado de S\u00e3o Paulo: Uma Abordagem Interdisciplinar Respons\u00e1vel: Astolfo Gomes de Mello Araujo Arqueologia de um santu\u00e1rio: o Heraion de Delos, Gr\u00e9cia Respons\u00e1vel: Haiganuch Sarian Arqueologia do litoral norte do Esp\u00edrito Santo: sambaquis do Munic\u00edpio de Linhares Respons\u00e1vel: Ximena S. Villagran Arqueologia, etnoarqueologia e popula\u00e7\u00f5es tradicionais Respons\u00e1vel: Fabiola Andrea Silva Arqueologia interativa e simula\u00e7\u00f5es eletr\u00f4nicas Respons\u00e1vel: Vagner Carvalheiro Porto Bioarqueologia e arqueologia funer\u00e1ria de grupos pr\u00e9-hist\u00f3ricos brasileiros Respons\u00e1vel: Ver\u00f4nica Wesolowski Coopera\u00e7\u00e3o Arqueol\u00f3gica Brasileira no Projeto Ventarr\u00f3n Collud Respons\u00e1vel: M\u00e1rcia Arcuri Cronologias regionais, hiatos e continuidades na hist\u00f3ria pr\u00e9-colonial da amaz\u00f4nia Respons\u00e1vel: Eduardo G\u00f3es Neves Estudo da presen\u00e7a do Imp\u00e9rio Romano no Oriente e Ocidente: As prov\u00edncias em seus aspectos monet\u00e1rios, arquitet\u00f4nicos e religiosos Respons\u00e1vel: Vagner Carvalheiro Porto Formas de contato e processos de transforma\u00e7\u00e3o no Mediterr\u00e2neo antigo: Roma e suas prov\u00edncias Respons\u00e1vel: Maria Isabel d&#8217;Agostino Flemming Geoarqueologia costeira: os sambaquis do estado de S\u00e3o Paulo Respons\u00e1vel: Marisa Coutinho Afonso Hist\u00f3rias ind\u00edgenas de longa dura\u00e7\u00e3o: o Brasil pr\u00e9-colonial pela \u00f3tica da antropologia virtual e da arqueogen\u00f4mica Respons\u00e1vel: Andr\u00e9 Strauss Integrando Comunidade e Museu: Representa\u00e7\u00e3o e patrim\u00f4nio arqueol\u00f3gico numa perspectiva conjunta de aprendizagem [&#8230;]<\/p>\n","protected":false},"author":845,"featured_media":0,"parent":0,"menu_order":0,"comment_status":"closed","ping_status":"closed","template":"page-full.php","meta":{"_monsterinsights_skip_tracking":false,"_monsterinsights_sitenote_active":false,"_monsterinsights_sitenote_note":"","_monsterinsights_sitenote_category":0,"footnotes":"","_links_to":"","_links_to_target":""},"class_list":["post-1786","page","type-page","status-publish","hentry"],"_links":{"self":[{"href":"https:\/\/sites.usp.br\/ppgarqmae\/wp-json\/wp\/v2\/pages\/1786","targetHints":{"allow":["GET"]}}],"collection":[{"href":"https:\/\/sites.usp.br\/ppgarqmae\/wp-json\/wp\/v2\/pages"}],"about":[{"href":"https:\/\/sites.usp.br\/ppgarqmae\/wp-json\/wp\/v2\/types\/page"}],"author":[{"embeddable":true,"href":"https:\/\/sites.usp.br\/ppgarqmae\/wp-json\/wp\/v2\/users\/845"}],"replies":[{"embeddable":true,"href":"https:\/\/sites.usp.br\/ppgarqmae\/wp-json\/wp\/v2\/comments?post=1786"}],"version-history":[{"count":5,"href":"https:\/\/sites.usp.br\/ppgarqmae\/wp-json\/wp\/v2\/pages\/1786\/revisions"}],"predecessor-version":[{"id":2132,"href":"https:\/\/sites.usp.br\/ppgarqmae\/wp-json\/wp\/v2\/pages\/1786\/revisions\/2132"}],"wp:attachment":[{"href":"https:\/\/sites.usp.br\/ppgarqmae\/wp-json\/wp\/v2\/media?parent=1786"}],"curies":[{"name":"wp","href":"https:\/\/api.w.org\/{rel}","templated":true}]}}