{"id":1844,"date":"2020-07-27T21:23:30","date_gmt":"2020-07-28T00:23:30","guid":{"rendered":"http:\/\/sites.usp.br\/ppgarqmae\/?page_id=1844"},"modified":"2025-12-19T15:28:08","modified_gmt":"2025-12-19T18:28:08","slug":"home-elementor","status":"publish","type":"page","link":"https:\/\/sites.usp.br\/ppgarqmae\/","title":{"rendered":"Home"},"content":{"rendered":"\t\t<div data-elementor-type=\"wp-page\" data-elementor-id=\"1844\" class=\"elementor elementor-1844\" data-elementor-post-type=\"page\">\n\t\t\t\t\t\t<section class=\"elementor-section elementor-top-section elementor-element elementor-element-b894148 elementor-section-boxed elementor-section-height-default elementor-section-height-default\" data-id=\"b894148\" data-element_type=\"section\">\n\t\t\t\t\t\t<div class=\"elementor-container elementor-column-gap-default\">\n\t\t\t\t\t<div class=\"elementor-column elementor-col-100 elementor-top-column elementor-element elementor-element-0d9fd30\" data-id=\"0d9fd30\" data-element_type=\"column\">\n\t\t\t<div class=\"elementor-widget-wrap elementor-element-populated\">\n\t\t\t\t\t\t<div class=\"elementor-element elementor-element-e30545b elementor--h-position-center elementor--v-position-middle elementor-arrows-position-inside elementor-pagination-position-inside elementor-widget elementor-widget-slides\" data-id=\"e30545b\" data-element_type=\"widget\" data-settings=\"{&quot;navigation&quot;:&quot;both&quot;,&quot;autoplay&quot;:&quot;yes&quot;,&quot;pause_on_hover&quot;:&quot;yes&quot;,&quot;pause_on_interaction&quot;:&quot;yes&quot;,&quot;autoplay_speed&quot;:5000,&quot;transition&quot;:&quot;slide&quot;,&quot;transition_speed&quot;:500}\" data-widget_type=\"slides.default\">\n\t\t\t\t<div class=\"elementor-widget-container\">\n\t\t\t\t\t<div class=\"elementor-swiper\">\n\t\t\t<div class=\"elementor-slides-wrapper elementor-main-swiper swiper\" dir=\"ltr\" data-animation=\"fadeInUp\">\n\t\t\t\t<div class=\"swiper-wrapper elementor-slides\">\n\t\t\t\t\t\t\t\t\t\t<div class=\"elementor-repeater-item-c75be7f swiper-slide\"><div class=\"swiper-slide-bg\" role=\"img\"><\/div><a class=\"swiper-slide-inner\" href=\"https:\/\/sites.usp.br\/ppgarqmae\/teses-premiadas-ppgarq-2025\/\"><div class=\"swiper-slide-contents\"><\/div><\/a><\/div><div class=\"elementor-repeater-item-2f64e4b swiper-slide\"><div class=\"swiper-slide-bg\" role=\"img\"><\/div><div class=\"swiper-slide-inner\" ><div class=\"swiper-slide-contents\"><\/div><\/div><\/div><div class=\"elementor-repeater-item-905ebd6 swiper-slide\"><div class=\"swiper-slide-bg\" role=\"img\"><\/div><div class=\"swiper-slide-inner\" ><div class=\"swiper-slide-contents\"><\/div><\/div><\/div><div class=\"elementor-repeater-item-6c6e507 swiper-slide\"><div class=\"swiper-slide-bg\" role=\"img\"><\/div><div class=\"swiper-slide-inner\" ><div class=\"swiper-slide-contents\"><div class=\"elementor-slide-heading\">PPGARq - USP<\/div><div class=\"elementor-slide-description\">Mestrado e Doutorado Nota 6 na \u00faltima avalia\u00e7\u00e3o da CAPES <\/div><\/div><\/div><\/div><div class=\"elementor-repeater-item-4b677cd swiper-slide\"><div class=\"swiper-slide-bg\" role=\"img\"><\/div><div class=\"swiper-slide-inner\" ><div class=\"swiper-slide-contents\"><div class=\"elementor-slide-heading\">PPGArq - USP<\/div><div class=\"elementor-slide-description\">Um dos 50 melhores cursos de Arqueologia do mundo, segundo o QS World University Ranking by Subject\n<\/div><a href=\"https:\/\/www.topuniversities.com\/university-subject-rankings\/archaeology\" class=\"elementor-button elementor-slide-button elementor-size-sm\">ir para ranking<\/a><\/div><\/div><\/div><div class=\"elementor-repeater-item-cfcf1b0 swiper-slide\"><div class=\"swiper-slide-bg\" role=\"img\"><\/div><div class=\"swiper-slide-inner\" ><div class=\"swiper-slide-contents\"><div class=\"elementor-slide-heading\">PPGArq - USP<\/div><div class=\"elementor-slide-description\">O primeiro programa de P\u00f3s-gradua\u00e7\u00e3o em Arqueologia do Brasil <\/div><\/div><\/div><\/div><div class=\"elementor-repeater-item-88291ef swiper-slide\"><div class=\"swiper-slide-bg\" role=\"img\"><\/div><div class=\"swiper-slide-inner\" ><div class=\"swiper-slide-contents\"><\/div><\/div><\/div>\t\t\t\t<\/div>\n\t\t\t\t\t\t\t\t\t\t\t\t\t\t\t<div class=\"swiper-pagination\"><\/div>\n\t\t\t\t\t\t\t\t\t\t\t\t\t\t\t\t<div class=\"elementor-swiper-button elementor-swiper-button-prev\" role=\"button\" tabindex=\"0\">\n\t\t\t\t\t\t\t<i aria-hidden=\"true\" class=\"eicon-chevron-left\"><\/i>\t\t\t\t\t\t\t<span class=\"elementor-screen-only\">Previous slide<\/span>\n\t\t\t\t\t\t<\/div>\n\t\t\t\t\t\t<div class=\"elementor-swiper-button elementor-swiper-button-next\" role=\"button\" tabindex=\"0\">\n\t\t\t\t\t\t\t<i aria-hidden=\"true\" class=\"eicon-chevron-right\"><\/i>\t\t\t\t\t\t\t<span class=\"elementor-screen-only\">Next slide<\/span>\n\t\t\t\t\t\t<\/div>\n\t\t\t\t\t\t\t\t\t\t\t\t<\/div>\n\t\t<\/div>\n\t\t\t\t<\/div>\n\t\t\t\t<\/div>\n\t\t\t\t\t<\/div>\n\t\t<\/div>\n\t\t\t\t\t<\/div>\n\t\t<\/section>\n\t\t\t\t<section class=\"elementor-section elementor-top-section elementor-element elementor-element-1f10c5c elementor-section-boxed elementor-section-height-default elementor-section-height-default\" data-id=\"1f10c5c\" data-element_type=\"section\">\n\t\t\t\t\t\t<div class=\"elementor-container elementor-column-gap-default\">\n\t\t\t\t\t<div class=\"elementor-column elementor-col-100 elementor-top-column elementor-element elementor-element-95e41c4\" data-id=\"95e41c4\" data-element_type=\"column\">\n\t\t\t<div class=\"elementor-widget-wrap elementor-element-populated\">\n\t\t\t\t\t\t<div class=\"elementor-element elementor-element-2a6a8f4 elementor-widget-divider--view-line elementor-widget elementor-widget-divider\" data-id=\"2a6a8f4\" data-element_type=\"widget\" data-widget_type=\"divider.default\">\n\t\t\t\t<div class=\"elementor-widget-container\">\n\t\t\t\t\t<div class=\"elementor-divider\">\n\t\t\t<span class=\"elementor-divider-separator\">\n\t\t\t\t\t\t<\/span>\n\t\t<\/div>\n\t\t\t\t<\/div>\n\t\t\t\t<\/div>\n\t\t\t\t\t<\/div>\n\t\t<\/div>\n\t\t\t\t\t<\/div>\n\t\t<\/section>\n\t\t\t\t<section class=\"elementor-section elementor-top-section elementor-element elementor-element-3f54b5f elementor-section-boxed elementor-section-height-default elementor-section-height-default\" data-id=\"3f54b5f\" data-element_type=\"section\">\n\t\t\t\t\t\t<div class=\"elementor-container elementor-column-gap-default\">\n\t\t\t\t\t<div class=\"elementor-column elementor-col-33 elementor-top-column elementor-element elementor-element-7a6b9ef\" data-id=\"7a6b9ef\" data-element_type=\"column\">\n\t\t\t<div class=\"elementor-widget-wrap elementor-element-populated\">\n\t\t\t\t\t\t<div class=\"elementor-element elementor-element-98ff0eb elementor-widget elementor-widget-heading\" data-id=\"98ff0eb\" data-element_type=\"widget\" data-widget_type=\"heading.default\">\n\t\t\t\t<div class=\"elementor-widget-container\">\n\t\t\t<h3 class=\"elementor-heading-title elementor-size-default\">NOT\u00cdCIAS<\/h3>\t\t<\/div>\n\t\t\t\t<\/div>\n\t\t\t\t<div class=\"elementor-element elementor-element-c251004 elementor-widget-divider--view-line elementor-widget elementor-widget-divider\" data-id=\"c251004\" data-element_type=\"widget\" data-widget_type=\"divider.default\">\n\t\t\t\t<div class=\"elementor-widget-container\">\n\t\t\t\t\t<div class=\"elementor-divider\">\n\t\t\t<span class=\"elementor-divider-separator\">\n\t\t\t\t\t\t<\/span>\n\t\t<\/div>\n\t\t\t\t<\/div>\n\t\t\t\t<\/div>\n\t\t\t\t<div class=\"elementor-element elementor-element-6e51a03 elementor-widget elementor-widget-image\" data-id=\"6e51a03\" data-element_type=\"widget\" data-widget_type=\"image.default\">\n\t\t\t\t<div class=\"elementor-widget-container\">\n\t\t\t\t\t\t\t\t\t\t\t\t\t<img fetchpriority=\"high\" decoding=\"async\" width=\"1000\" height=\"400\" src=\"https:\/\/sites.usp.br\/ppgarqmae\/wp-content\/uploads\/sites\/153\/2020\/07\/MAE-3.jpg\" class=\"attachment-full size-full wp-image-1931\" alt=\"\" srcset=\"https:\/\/sites.usp.br\/ppgarqmae\/wp-content\/uploads\/sites\/153\/2020\/07\/MAE-3.jpg 1000w, https:\/\/sites.usp.br\/ppgarqmae\/wp-content\/uploads\/sites\/153\/2020\/07\/MAE-3-300x120.jpg 300w, https:\/\/sites.usp.br\/ppgarqmae\/wp-content\/uploads\/sites\/153\/2020\/07\/MAE-3-768x307.jpg 768w, https:\/\/sites.usp.br\/ppgarqmae\/wp-content\/uploads\/sites\/153\/2020\/07\/MAE-3-400x160.jpg 400w\" sizes=\"(max-width: 1000px) 100vw, 1000px\" \/>\t\t\t\t\t\t\t\t\t\t\t\t\t<\/div>\n\t\t\t\t<\/div>\n\t\t\t\t<div class=\"elementor-element elementor-element-bd529bc elementor-grid-1 elementor-posts--thumbnail-none elementor-grid-tablet-2 elementor-grid-mobile-1 elementor-widget elementor-widget-posts\" data-id=\"bd529bc\" data-element_type=\"widget\" data-settings=\"{&quot;classic_columns&quot;:&quot;1&quot;,&quot;classic_columns_tablet&quot;:&quot;2&quot;,&quot;classic_columns_mobile&quot;:&quot;1&quot;,&quot;classic_row_gap&quot;:{&quot;unit&quot;:&quot;px&quot;,&quot;size&quot;:35,&quot;sizes&quot;:[]},&quot;classic_row_gap_tablet&quot;:{&quot;unit&quot;:&quot;px&quot;,&quot;size&quot;:&quot;&quot;,&quot;sizes&quot;:[]},&quot;classic_row_gap_mobile&quot;:{&quot;unit&quot;:&quot;px&quot;,&quot;size&quot;:&quot;&quot;,&quot;sizes&quot;:[]}}\" data-widget_type=\"posts.classic\">\n\t\t\t\t<div class=\"elementor-widget-container\">\n\t\t\t\t\t<div class=\"elementor-posts-container elementor-posts elementor-posts--skin-classic elementor-grid\">\n\t\t\t\t<article class=\"elementor-post elementor-grid-item post-3939 post type-post status-publish format-standard hentry category-news\">\n\t\t\t\t<div class=\"elementor-post__text\">\n\t\t\t\t<h3 class=\"elementor-post__title\">\n\t\t\t<a href=\"https:\/\/sites.usp.br\/ppgarqmae\/bolsa-de-doutorado-sanduiche-no-exterior-2025-2a-chamada\/\" >\n\t\t\t\tBolsa de Doutorado Sandu\u00edche no Exterior \u2013 2025 (2\u00aa Chamada)\t\t\t<\/a>\n\t\t<\/h3>\n\t\t\t\t<div class=\"elementor-post__excerpt\">\n\t\t\t<p>Publicado o resultado do processo sele\u00e7\u00e3o para o doutorado sandu\u00edche no exterior, conforme anunciado pelo Ed. 17\/2025 Capes e, posteriormente, pelo Edital PRPG no 16\/2025,<\/p>\n\t\t<\/div>\n\t\t\n\t\t<a class=\"elementor-post__read-more\" href=\"https:\/\/sites.usp.br\/ppgarqmae\/bolsa-de-doutorado-sanduiche-no-exterior-2025-2a-chamada\/\" aria-label=\"Read more about Bolsa de Doutorado Sandu\u00edche no Exterior \u2013 2025 (2\u00aa Chamada)\" tabindex=\"-1\" >\n\t\t\tLeia mais \u00bb\t\t<\/a>\n\n\t\t\t\t<\/div>\n\t\t\t\t<\/article>\n\t\t\t\t<\/div>\n\t\t\n\t\t\t\t<\/div>\n\t\t\t\t<\/div>\n\t\t\t\t\t<\/div>\n\t\t<\/div>\n\t\t\t\t<div class=\"elementor-column elementor-col-33 elementor-top-column elementor-element elementor-element-73c129d\" data-id=\"73c129d\" data-element_type=\"column\">\n\t\t\t<div class=\"elementor-widget-wrap elementor-element-populated\">\n\t\t\t\t\t\t<div class=\"elementor-element elementor-element-0f2d23f elementor-widget elementor-widget-heading\" data-id=\"0f2d23f\" data-element_type=\"widget\" data-widget_type=\"heading.default\">\n\t\t\t\t<div class=\"elementor-widget-container\">\n\t\t\t<h3 class=\"elementor-heading-title elementor-size-default\">DISCIPLINAS<\/h3>\t\t<\/div>\n\t\t\t\t<\/div>\n\t\t\t\t<div class=\"elementor-element elementor-element-8ab8d5e elementor-widget-divider--view-line elementor-widget elementor-widget-divider\" data-id=\"8ab8d5e\" data-element_type=\"widget\" data-widget_type=\"divider.default\">\n\t\t\t\t<div class=\"elementor-widget-container\">\n\t\t\t\t\t<div class=\"elementor-divider\">\n\t\t\t<span class=\"elementor-divider-separator\">\n\t\t\t\t\t\t<\/span>\n\t\t<\/div>\n\t\t\t\t<\/div>\n\t\t\t\t<\/div>\n\t\t\t\t<div class=\"elementor-element elementor-element-a592b81 elementor-widget elementor-widget-image\" data-id=\"a592b81\" data-element_type=\"widget\" data-widget_type=\"image.default\">\n\t\t\t\t<div class=\"elementor-widget-container\">\n\t\t\t\t\t\t\t\t\t\t\t\t\t<img decoding=\"async\" width=\"1000\" height=\"400\" src=\"https:\/\/sites.usp.br\/ppgarqmae\/wp-content\/uploads\/sites\/153\/2020\/07\/MAE-2.jpg\" class=\"attachment-full size-full wp-image-1930\" alt=\"\" srcset=\"https:\/\/sites.usp.br\/ppgarqmae\/wp-content\/uploads\/sites\/153\/2020\/07\/MAE-2.jpg 1000w, https:\/\/sites.usp.br\/ppgarqmae\/wp-content\/uploads\/sites\/153\/2020\/07\/MAE-2-300x120.jpg 300w, https:\/\/sites.usp.br\/ppgarqmae\/wp-content\/uploads\/sites\/153\/2020\/07\/MAE-2-768x307.jpg 768w, https:\/\/sites.usp.br\/ppgarqmae\/wp-content\/uploads\/sites\/153\/2020\/07\/MAE-2-400x160.jpg 400w\" sizes=\"(max-width: 1000px) 100vw, 1000px\" \/>\t\t\t\t\t\t\t\t\t\t\t\t\t<\/div>\n\t\t\t\t<\/div>\n\t\t\t\t<div class=\"elementor-element elementor-element-cf0c389 elementor-grid-1 elementor-posts--thumbnail-none elementor-grid-tablet-2 elementor-grid-mobile-1 elementor-widget elementor-widget-posts\" data-id=\"cf0c389\" data-element_type=\"widget\" data-settings=\"{&quot;classic_columns&quot;:&quot;1&quot;,&quot;classic_columns_tablet&quot;:&quot;2&quot;,&quot;classic_columns_mobile&quot;:&quot;1&quot;,&quot;classic_row_gap&quot;:{&quot;unit&quot;:&quot;px&quot;,&quot;size&quot;:35,&quot;sizes&quot;:[]},&quot;classic_row_gap_tablet&quot;:{&quot;unit&quot;:&quot;px&quot;,&quot;size&quot;:&quot;&quot;,&quot;sizes&quot;:[]},&quot;classic_row_gap_mobile&quot;:{&quot;unit&quot;:&quot;px&quot;,&quot;size&quot;:&quot;&quot;,&quot;sizes&quot;:[]}}\" data-widget_type=\"posts.classic\">\n\t\t\t\t<div class=\"elementor-widget-container\">\n\t\t\t\t\t<div class=\"elementor-posts-container elementor-posts elementor-posts--skin-classic elementor-grid\">\n\t\t\t\t<article class=\"elementor-post elementor-grid-item post-3570 post type-post status-publish format-standard hentry category-disciplinas\">\n\t\t\t\t<div class=\"elementor-post__text\">\n\t\t\t\t<h3 class=\"elementor-post__title\">\n\t\t\t<a href=\"https:\/\/sites.usp.br\/ppgarqmae\/disciplinas-2o-semestre-2024\/\" >\n\t\t\t\tDisciplinas 2\u00ba semestre 2024\t\t\t<\/a>\n\t\t<\/h3>\n\t\t\t\t<div class=\"elementor-post__excerpt\">\n\t\t\t<p>Acesse a grade de disciplinas do PPGArq 2\u00ba semestre 2024 aqui &nbsp;<\/p>\n\t\t<\/div>\n\t\t\n\t\t<a class=\"elementor-post__read-more\" href=\"https:\/\/sites.usp.br\/ppgarqmae\/disciplinas-2o-semestre-2024\/\" aria-label=\"Read more about Disciplinas 2\u00ba semestre 2024\" tabindex=\"-1\" >\n\t\t\tLeia mais \u00bb\t\t<\/a>\n\n\t\t\t\t<\/div>\n\t\t\t\t<\/article>\n\t\t\t\t<\/div>\n\t\t\n\t\t\t\t<\/div>\n\t\t\t\t<\/div>\n\t\t\t\t\t<\/div>\n\t\t<\/div>\n\t\t\t\t<div class=\"elementor-column elementor-col-33 elementor-top-column elementor-element elementor-element-71ce0ee\" data-id=\"71ce0ee\" data-element_type=\"column\">\n\t\t\t<div class=\"elementor-widget-wrap elementor-element-populated\">\n\t\t\t\t\t\t<div class=\"elementor-element elementor-element-db5b6cd elementor-widget elementor-widget-heading\" data-id=\"db5b6cd\" data-element_type=\"widget\" data-widget_type=\"heading.default\">\n\t\t\t\t<div class=\"elementor-widget-container\">\n\t\t\t<h3 class=\"elementor-heading-title elementor-size-default\">DEFESAS<\/h3>\t\t<\/div>\n\t\t\t\t<\/div>\n\t\t\t\t<div class=\"elementor-element elementor-element-ef1b688 elementor-widget-divider--view-line elementor-widget elementor-widget-divider\" data-id=\"ef1b688\" data-element_type=\"widget\" data-widget_type=\"divider.default\">\n\t\t\t\t<div class=\"elementor-widget-container\">\n\t\t\t\t\t<div class=\"elementor-divider\">\n\t\t\t<span class=\"elementor-divider-separator\">\n\t\t\t\t\t\t<\/span>\n\t\t<\/div>\n\t\t\t\t<\/div>\n\t\t\t\t<\/div>\n\t\t\t\t<div class=\"elementor-element elementor-element-d17eb3d elementor-widget elementor-widget-image\" data-id=\"d17eb3d\" data-element_type=\"widget\" data-widget_type=\"image.default\">\n\t\t\t\t<div class=\"elementor-widget-container\">\n\t\t\t\t\t\t\t\t\t\t\t\t\t<img decoding=\"async\" width=\"1000\" height=\"400\" src=\"https:\/\/sites.usp.br\/ppgarqmae\/wp-content\/uploads\/sites\/153\/2020\/07\/MAE-1.jpg\" class=\"attachment-full size-full wp-image-1929\" alt=\"\" srcset=\"https:\/\/sites.usp.br\/ppgarqmae\/wp-content\/uploads\/sites\/153\/2020\/07\/MAE-1.jpg 1000w, https:\/\/sites.usp.br\/ppgarqmae\/wp-content\/uploads\/sites\/153\/2020\/07\/MAE-1-300x120.jpg 300w, https:\/\/sites.usp.br\/ppgarqmae\/wp-content\/uploads\/sites\/153\/2020\/07\/MAE-1-768x307.jpg 768w, https:\/\/sites.usp.br\/ppgarqmae\/wp-content\/uploads\/sites\/153\/2020\/07\/MAE-1-400x160.jpg 400w\" sizes=\"(max-width: 1000px) 100vw, 1000px\" \/>\t\t\t\t\t\t\t\t\t\t\t\t\t<\/div>\n\t\t\t\t<\/div>\n\t\t\t\t<div class=\"elementor-element elementor-element-be21e46 elementor-grid-1 elementor-posts--thumbnail-none elementor-grid-tablet-2 elementor-grid-mobile-1 elementor-widget elementor-widget-posts\" data-id=\"be21e46\" data-element_type=\"widget\" data-settings=\"{&quot;classic_columns&quot;:&quot;1&quot;,&quot;classic_columns_tablet&quot;:&quot;2&quot;,&quot;classic_columns_mobile&quot;:&quot;1&quot;,&quot;classic_row_gap&quot;:{&quot;unit&quot;:&quot;px&quot;,&quot;size&quot;:35,&quot;sizes&quot;:[]},&quot;classic_row_gap_tablet&quot;:{&quot;unit&quot;:&quot;px&quot;,&quot;size&quot;:&quot;&quot;,&quot;sizes&quot;:[]},&quot;classic_row_gap_mobile&quot;:{&quot;unit&quot;:&quot;px&quot;,&quot;size&quot;:&quot;&quot;,&quot;sizes&quot;:[]}}\" data-widget_type=\"posts.classic\">\n\t\t\t\t<div class=\"elementor-widget-container\">\n\t\t\t\t\t<div class=\"elementor-posts-container elementor-posts elementor-posts--skin-classic elementor-grid\">\n\t\t\t\t<article class=\"elementor-post elementor-grid-item post-3518 post type-post status-publish format-standard hentry category-defesas\">\n\t\t\t\t<div class=\"elementor-post__text\">\n\t\t\t\t<h3 class=\"elementor-post__title\">\n\t\t\t<a href=\"https:\/\/sites.usp.br\/ppgarqmae\/em-construcao\/\" >\n\t\t\t\tEm constru\u00e7\u00e3o\t\t\t<\/a>\n\t\t<\/h3>\n\t\t\t\t<div class=\"elementor-post__excerpt\">\n\t\t\t<p>As qualifica\u00e7\u00f5es e defessas s\u00e3o regularmente anunciadas por email. Em breves, ser\u00e3o tamb\u00e9m anunciadas no site do programa.<\/p>\n\t\t<\/div>\n\t\t\n\t\t<a class=\"elementor-post__read-more\" href=\"https:\/\/sites.usp.br\/ppgarqmae\/em-construcao\/\" aria-label=\"Read more about Em constru\u00e7\u00e3o\" tabindex=\"-1\" >\n\t\t\tLeia mais \u00bb\t\t<\/a>\n\n\t\t\t\t<\/div>\n\t\t\t\t<\/article>\n\t\t\t\t<\/div>\n\t\t\n\t\t\t\t<\/div>\n\t\t\t\t<\/div>\n\t\t\t\t\t<\/div>\n\t\t<\/div>\n\t\t\t\t\t<\/div>\n\t\t<\/section>\n\t\t\t\t<section class=\"elementor-section elementor-top-section elementor-element elementor-element-931d41f elementor-section-boxed elementor-section-height-default elementor-section-height-default\" data-id=\"931d41f\" data-element_type=\"section\">\n\t\t\t\t\t\t<div class=\"elementor-container elementor-column-gap-default\">\n\t\t\t\t\t<div class=\"elementor-column elementor-col-100 elementor-top-column elementor-element elementor-element-89e914f\" data-id=\"89e914f\" data-element_type=\"column\">\n\t\t\t<div class=\"elementor-widget-wrap elementor-element-populated\">\n\t\t\t\t\t\t<div class=\"elementor-element elementor-element-c5c91cb elementor-widget-divider--view-line elementor-widget elementor-widget-divider\" data-id=\"c5c91cb\" data-element_type=\"widget\" data-widget_type=\"divider.default\">\n\t\t\t\t<div class=\"elementor-widget-container\">\n\t\t\t\t\t<div class=\"elementor-divider\">\n\t\t\t<span class=\"elementor-divider-separator\">\n\t\t\t\t\t\t<\/span>\n\t\t<\/div>\n\t\t\t\t<\/div>\n\t\t\t\t<\/div>\n\t\t\t\t\t<\/div>\n\t\t<\/div>\n\t\t\t\t\t<\/div>\n\t\t<\/section>\n\t\t\t\t<section class=\"elementor-section elementor-top-section elementor-element elementor-element-1476ff5 elementor-section-boxed elementor-section-height-default elementor-section-height-default\" data-id=\"1476ff5\" data-element_type=\"section\">\n\t\t\t\t\t\t<div class=\"elementor-container elementor-column-gap-default\">\n\t\t\t\t\t<div class=\"elementor-column elementor-col-100 elementor-top-column elementor-element elementor-element-e22ac52\" data-id=\"e22ac52\" data-element_type=\"column\">\n\t\t\t<div class=\"elementor-widget-wrap elementor-element-populated\">\n\t\t\t\t\t\t<div class=\"elementor-element elementor-element-5e7bc15 elementor-widget elementor-widget-text-editor\" data-id=\"5e7bc15\" data-element_type=\"widget\" data-widget_type=\"text-editor.default\">\n\t\t\t\t<div class=\"elementor-widget-container\">\n\t\t\t\t\t\t\t<p style=\"margin-bottom: 1.25rem; font-style: normal; font-variant-ligatures: normal; font-variant-caps: normal; font-weight: 300; font-size: 18px; font-family: Vollkorn, serif; color: #666666;\"><strong>Setor de P\u00f3s-Gradua\u00e7\u00e3o:&nbsp;<\/strong><a style=\"font-size: 18px; font-style: normal; font-variant-ligatures: normal; font-variant-caps: normal; font-weight: 300; font-family: Vollkorn, serif;\">pos.mae@usp.br<\/a><\/p>\n<p style=\"margin-bottom: 1.25rem; font-style: normal; font-variant-ligatures: normal; font-variant-caps: normal; font-weight: 300; font-size: 18px; font-family: Vollkorn, serif; color: #666666;\">Karen Ribeiro \/&nbsp;<a style=\"font-family: Vollkorn, serif; font-size: 18px; font-style: normal; font-variant-ligatures: normal; font-variant-caps: normal; font-weight: 300;\">Gilvan Almeida \/&nbsp;<\/a><a style=\"font-family: Vollkorn, serif; font-size: 18px; font-style: normal; font-variant-ligatures: normal; font-variant-caps: normal; font-weight: 300;\">T\u00e2nia Delonero&nbsp;<\/a><\/p>\n<p style=\"margin-bottom: 1.25rem; font-style: normal; font-variant-ligatures: normal; font-variant-caps: normal; font-weight: 300; font-size: 18px; font-family: Vollkorn, serif; color: #666666;\">Hor\u00e1rio de aten\u00e7\u00e3o: segunda a sexta-feira das 9 \u00e0s 12h e das 14 \u00e0s 16h.<\/p>\n<p style=\"margin-bottom: 1.25rem; font-style: normal; font-variant-ligatures: normal; font-variant-caps: normal; font-weight: 300; font-size: 18px; font-family: Vollkorn, serif; color: #666666;\"><strong>Coordena\u00e7\u00e3o:&nbsp;<\/strong><a style=\"font-size: 18px; font-style: normal; font-variant-ligatures: normal; font-variant-caps: normal; font-weight: 300; font-family: Vollkorn, serif;\">ppgarq.mae@usp.br<\/a><\/p>\n<p style=\"margin-bottom: 1.25rem; font-style: normal; font-variant-ligatures: normal; font-variant-caps: normal; font-weight: 300; font-size: 18px; font-family: Vollkorn, serif; color: #666666;\">Profa. Dra.&nbsp;<span style=\"font-family: Vollkorn, serif; font-size: 18px; font-style: normal; font-variant-ligatures: normal; font-variant-caps: normal; font-weight: 300;\">Mar\u00edlia Xavier Cury<\/span>&nbsp;(coordenadora)&nbsp;<br>P<span style=\"font-family: Vollkorn, serif; font-size: 18px; font-style: normal; font-variant-ligatures: normal; font-variant-caps: normal; font-weight: 300;\">rofa. Dra. Ximena Suarez Villagran<\/span><span style=\"font-family: Vollkorn, serif; font-size: 18px; font-style: normal; font-variant-ligatures: normal; font-variant-caps: normal; font-weight: 300;\">&nbsp;(vice-coordenadora)&nbsp;<\/span><\/p>\n<p style=\"margin-bottom: 1.25rem; font-style: normal; font-variant-ligatures: normal; font-variant-caps: normal; font-weight: 300; font-size: 18px; font-family: Vollkorn, serif; color: #666666;\">Hor\u00e1rio de aten\u00e7\u00e3o: quartas-feiras das 10h \u00e0s 12h.<\/p>\t\t\t\t\t\t<\/div>\n\t\t\t\t<\/div>\n\t\t\t\t\t<\/div>\n\t\t<\/div>\n\t\t\t\t\t<\/div>\n\t\t<\/section>\n\t\t\t\t<section class=\"elementor-section elementor-top-section elementor-element elementor-element-e3a9d7e elementor-section-boxed elementor-section-height-default elementor-section-height-default\" data-id=\"e3a9d7e\" data-element_type=\"section\">\n\t\t\t\t\t\t<div class=\"elementor-container elementor-column-gap-default\">\n\t\t\t\t\t<div class=\"elementor-column elementor-col-100 elementor-top-column elementor-element elementor-element-5609a7f\" data-id=\"5609a7f\" data-element_type=\"column\">\n\t\t\t<div class=\"elementor-widget-wrap elementor-element-populated\">\n\t\t\t\t\t\t\t<\/div>\n\t\t<\/div>\n\t\t\t\t\t<\/div>\n\t\t<\/section>\n\t\t\t\t<\/div>\n\t\t","protected":false},"excerpt":{"rendered":"<p>As qualifica\u00e7\u00f5es e defessas s\u00e3o regularmente anunciadas por email. Em breves, ser\u00e3o tamb\u00e9m anunciadas no site do programa.<\/p>\n","protected":false},"author":822,"featured_media":0,"parent":0,"menu_order":0,"comment_status":"closed","ping_status":"closed","template":"elementor_header_footer","meta":{"_monsterinsights_skip_tracking":false,"_monsterinsights_sitenote_active":false,"_monsterinsights_sitenote_note":"","_monsterinsights_sitenote_category":0,"footnotes":"","_links_to":"","_links_to_target":""},"class_list":["post-1844","page","type-page","status-publish","hentry"],"_links":{"self":[{"href":"https:\/\/sites.usp.br\/ppgarqmae\/wp-json\/wp\/v2\/pages\/1844","targetHints":{"allow":["GET"]}}],"collection":[{"href":"https:\/\/sites.usp.br\/ppgarqmae\/wp-json\/wp\/v2\/pages"}],"about":[{"href":"https:\/\/sites.usp.br\/ppgarqmae\/wp-json\/wp\/v2\/types\/page"}],"author":[{"embeddable":true,"href":"https:\/\/sites.usp.br\/ppgarqmae\/wp-json\/wp\/v2\/users\/822"}],"replies":[{"embeddable":true,"href":"https:\/\/sites.usp.br\/ppgarqmae\/wp-json\/wp\/v2\/comments?post=1844"}],"version-history":[{"count":4,"href":"https:\/\/sites.usp.br\/ppgarqmae\/wp-json\/wp\/v2\/pages\/1844\/revisions"}],"predecessor-version":[{"id":3975,"href":"https:\/\/sites.usp.br\/ppgarqmae\/wp-json\/wp\/v2\/pages\/1844\/revisions\/3975"}],"wp:attachment":[{"href":"https:\/\/sites.usp.br\/ppgarqmae\/wp-json\/wp\/v2\/media?parent=1844"}],"curies":[{"name":"wp","href":"https:\/\/api.w.org\/{rel}","templated":true}]}}