{"id":1896,"date":"2020-07-29T00:06:31","date_gmt":"2020-07-29T03:06:31","guid":{"rendered":"http:\/\/sites.usp.br\/ppgarqmae\/?page_id=1896"},"modified":"2025-12-19T16:16:31","modified_gmt":"2025-12-19T19:16:31","slug":"comissao","status":"publish","type":"page","link":"https:\/\/sites.usp.br\/ppgarqmae\/comissao\/","title":{"rendered":"Comiss\u00e3o de P\u00f3s-gradua\u00e7\u00e3o"},"content":{"rendered":"<p><strong>Composi\u00e7\u00e3o da Comiss\u00e3o de P\u00f3s-gradua\u00e7\u00e3o &#8211; CPGArq<\/strong><\/p>\n<table style=\"width: 94.3802%; height: 288px;\" border=\"0\" cellspacing=\"0\" cellpadding=\"0\">\n<tbody>\n<tr class=\"memberLine ng-scope\" style=\"height: 24px;\">\n<td class=\"ng-binding\" style=\"height: 24px; width: 40.003552436194894%;\"><strong>Mar\u00edlia Xavier Cury<\/strong><\/td>\n<td class=\"ng-binding\" style=\"height: 24px; width: 32.56084756380511%;\">Presidente<\/td>\n<td class=\"ng-binding\" style=\"height: 24px; width: 49.06196292134831%;\">23\/07\/2024 a 12\/07\/2026<\/td>\n<\/tr>\n<tr class=\"memberLine ng-scope\" style=\"height: 24px;\">\n<td class=\"ng-binding\" style=\"height: 24px; width: 40.003552436194894%;\"><em>Ximena Suarez Villagran<\/em><\/td>\n<td class=\"ng-binding\" style=\"height: 24px; width: 32.56084756380511%;\">Vice-presidente<\/td>\n<td class=\"ng-binding\" style=\"height: 24px; width: 49.06196292134831%;\">23\/07\/2024 a 12\/07\/2026<\/td>\n<\/tr>\n<tr class=\"memberLine ng-scope\" style=\"height: 24px;\">\n<td class=\"ng-binding\" style=\"height: 24px; width: 40.003552436194894%;\">Jennifer Watling<\/td>\n<td class=\"ng-binding\" style=\"height: 24px; width: 32.56084756380511%;\">Titular<\/td>\n<td class=\"ng-binding\" style=\"height: 24px; width: 49.06196292134831%;\">06\/11\/2024 a 05\/11\/2026<\/td>\n<\/tr>\n<tr style=\"height: 24px;\">\n<td style=\"height: 24px; width: 40.003552436194894%;\">Paulo DeBlasis<\/td>\n<td style=\"height: 24px; width: 32.56084756380511%;\">Suplente<\/td>\n<td style=\"height: 24px; width: 49.06196292134831%;\">06\/11\/2024 a 05\/11\/2026<\/td>\n<\/tr>\n<tr class=\"memberLine ng-scope\" style=\"height: 24px;\">\n<td class=\"ng-binding\" style=\"height: 24px; width: 40.003552436194894%;\">Fab\u00edola Andr\u00e9a Silva<\/td>\n<td class=\"ng-binding\" style=\"height: 24px; width: 32.56084756380511%;\">Titular<\/td>\n<td class=\"ng-binding\" style=\"height: 24px; width: 49.06196292134831%;\">21\/10\/2025 a 20\/10\/2027<\/td>\n<\/tr>\n<tr style=\"height: 24px;\">\n<td style=\"height: 24px; width: 40.003552436194894%;\">Ximena Suarez Villagran<\/td>\n<td style=\"height: 24px; width: 32.56084756380511%;\">Suplente<\/td>\n<td style=\"height: 24px; width: 49.06196292134831%;\">21\/10\/2025 a 20\/10\/2027<\/td>\n<\/tr>\n<tr style=\"height: 24px;\">\n<td style=\"height: 24px; width: 40.003552436194894%;\">Maria Cristina Kormikiari<\/td>\n<td style=\"height: 24px; width: 32.56084756380511%;\">Titular<\/td>\n<td style=\"height: 24px; width: 49.06196292134831%;\">06\/11\/2024 a 05\/11\/2026<\/td>\n<\/tr>\n<tr class=\"memberLine ng-scope\" style=\"height: 24px;\">\n<td class=\"ng-binding\" style=\"height: 24px; width: 40.003552436194894%;\">Vagner Carvalheiro Porto<\/td>\n<td class=\"ng-binding\" style=\"height: 24px; width: 32.56084756380511%;\">Suplente<\/td>\n<td class=\"ng-binding\" style=\"height: 24px; width: 49.06196292134831%;\">06\/11\/2024 a 05\/11\/2026<\/td>\n<\/tr>\n<tr class=\"memberLine ng-scope\" style=\"height: 24px;\">\n<td class=\"ng-binding\" style=\"height: 24px; width: 40.003552436194894%;\">Ver\u00f4nica Wesolowski<\/td>\n<td class=\"ng-binding\" style=\"height: 24px; width: 32.56084756380511%;\">Titular<\/td>\n<td class=\"ng-binding\" style=\"height: 24px; width: 49.06196292134831%;\">21\/10\/2025 a 20\/10\/2027<\/td>\n<\/tr>\n<tr class=\"memberLine ng-scope\" style=\"height: 24px;\">\n<td class=\"ng-binding\" style=\"height: 24px; width: 40.003552436194894%;\">Mar\u00edlia Xavier Cury<\/td>\n<td class=\"ng-binding\" style=\"height: 24px; width: 32.56084756380511%;\">Suplente<\/td>\n<td class=\"ng-binding\" style=\"height: 24px; width: 49.06196292134831%;\">21\/10\/2025 a 20\/10\/2027<\/td>\n<\/tr>\n<tr style=\"height: 24px;\">\n<td style=\"width: 40.0036%; height: 24px;\">Eduardo Rosa de Mendon\u00e7a<\/td>\n<td style=\"width: 32.5608%; height: 24px;\">Titular &#8211; discente<\/td>\n<td style=\"width: 49.062%; height: 24px;\">09\/05\/2025 a 08\/05\/2026<\/td>\n<\/tr>\n<tr style=\"height: 24px;\">\n<td style=\"width: 40.0036%; height: 24px;\">Rebeca de Souza Custodio Bernardi<\/td>\n<td style=\"width: 32.5608%; height: 24px;\">Suplente &#8211; discente<\/td>\n<td style=\"width: 49.062%; height: 24px;\">09\/05\/2025 a 08\/05\/2026<\/td>\n<\/tr>\n<\/tbody>\n<\/table>\n<p>&nbsp;<\/p>\n<p><a href=\"https:\/\/sites.usp.br\/ppgarqmae\/wp-content\/uploads\/sites\/153\/2025\/06\/calendario_cpgarq_2025.pdf\">Calend\u00e1rio de Reuni\u00f5es da CPGArq em 2025<\/a><\/p>\n","protected":false},"excerpt":{"rendered":"<p>Composi\u00e7\u00e3o da Comiss\u00e3o de P\u00f3s-gradua\u00e7\u00e3o &#8211; CPGArq Mar\u00edlia Xavier Cury Presidente 23\/07\/2024 a 12\/07\/2026 Ximena Suarez Villagran Vice-presidente 23\/07\/2024 a 12\/07\/2026 Jennifer Watling Titular 06\/11\/2024 a 05\/11\/2026 Paulo DeBlasis Suplente 06\/11\/2024 a 05\/11\/2026 Fab\u00edola Andr\u00e9a Silva Titular 21\/10\/2025 a 20\/10\/2027 Ximena Suarez Villagran Suplente 21\/10\/2025 a 20\/10\/2027 Maria Cristina Kormikiari Titular 06\/11\/2024 a 05\/11\/2026 Vagner Carvalheiro Porto Suplente 06\/11\/2024 a 05\/11\/2026 Ver\u00f4nica Wesolowski Titular 21\/10\/2025 a 20\/10\/2027 Mar\u00edlia Xavier Cury Suplente 21\/10\/2025 a 20\/10\/2027 Eduardo Rosa de Mendon\u00e7a Titular &#8211; discente 09\/05\/2025 a 08\/05\/2026 Rebeca de Souza Custodio Bernardi Suplente &#8211; discente 09\/05\/2025 a 08\/05\/2026 &nbsp; Calend\u00e1rio de Reuni\u00f5es da CPGArq em 2025<\/p>\n","protected":false},"author":845,"featured_media":0,"parent":0,"menu_order":0,"comment_status":"closed","ping_status":"closed","template":"page-full.php","meta":{"_monsterinsights_skip_tracking":false,"_monsterinsights_sitenote_active":false,"_monsterinsights_sitenote_note":"","_monsterinsights_sitenote_category":0,"footnotes":"","_links_to":"","_links_to_target":""},"class_list":["post-1896","page","type-page","status-publish","hentry"],"_links":{"self":[{"href":"https:\/\/sites.usp.br\/ppgarqmae\/wp-json\/wp\/v2\/pages\/1896","targetHints":{"allow":["GET"]}}],"collection":[{"href":"https:\/\/sites.usp.br\/ppgarqmae\/wp-json\/wp\/v2\/pages"}],"about":[{"href":"https:\/\/sites.usp.br\/ppgarqmae\/wp-json\/wp\/v2\/types\/page"}],"author":[{"embeddable":true,"href":"https:\/\/sites.usp.br\/ppgarqmae\/wp-json\/wp\/v2\/users\/845"}],"replies":[{"embeddable":true,"href":"https:\/\/sites.usp.br\/ppgarqmae\/wp-json\/wp\/v2\/comments?post=1896"}],"version-history":[{"count":5,"href":"https:\/\/sites.usp.br\/ppgarqmae\/wp-json\/wp\/v2\/pages\/1896\/revisions"}],"predecessor-version":[{"id":3979,"href":"https:\/\/sites.usp.br\/ppgarqmae\/wp-json\/wp\/v2\/pages\/1896\/revisions\/3979"}],"wp:attachment":[{"href":"https:\/\/sites.usp.br\/ppgarqmae\/wp-json\/wp\/v2\/media?parent=1896"}],"curies":[{"name":"wp","href":"https:\/\/api.w.org\/{rel}","templated":true}]}}