{"id":2092,"date":"2020-08-06T11:48:07","date_gmt":"2020-08-06T14:48:07","guid":{"rendered":"http:\/\/sites.usp.br\/ppgarqmae\/?page_id=2092"},"modified":"2023-06-22T15:22:17","modified_gmt":"2023-06-22T18:22:17","slug":"convenios-de-dupla-titulacao","status":"publish","type":"page","link":"https:\/\/sites.usp.br\/ppgarqmae\/convenios-de-dupla-titulacao\/","title":{"rendered":"Conv\u00eanios de dupla-titula\u00e7\u00e3o"},"content":{"rendered":"<p>O Progama de P\u00f3s-gradua\u00e7\u00e3o em Arqueologia da USP tem conv\u00eanios espec\u00edficos para alunos\/as que permitem a realiza\u00e7\u00e3o das suas teses de Doutorado em co-tutela e dupla-titula\u00e7\u00e3o com universidades estrangeiras.<\/p>\n<p><strong>Conv\u00eanios vigentes<br \/>\n<\/strong><\/p>\n<p><a href=\"https:\/\/sites.usp.br\/ppgarqmae\/wp-content\/uploads\/sites\/153\/2020\/08\/Bologna-copy.jpg\"><img decoding=\"async\" class=\"alignleft wp-image-2094\" src=\"https:\/\/sites.usp.br\/ppgarqmae\/wp-content\/uploads\/sites\/153\/2020\/08\/Bologna-copy.jpg\" alt=\"\" width=\"440\" height=\"110\" data-id=\"2094\" srcset=\"https:\/\/sites.usp.br\/ppgarqmae\/wp-content\/uploads\/sites\/153\/2020\/08\/Bologna-copy.jpg 480w, https:\/\/sites.usp.br\/ppgarqmae\/wp-content\/uploads\/sites\/153\/2020\/08\/Bologna-copy-300x75.jpg 300w, https:\/\/sites.usp.br\/ppgarqmae\/wp-content\/uploads\/sites\/153\/2020\/08\/Bologna-copy-400x100.jpg 400w\" sizes=\"(max-width: 440px) 100vw, 440px\" \/><\/a><\/p>\n<p>&nbsp;<\/p>\n<p>&nbsp;<\/p>\n<p>&nbsp;<\/p>\n<p style=\"text-align: left;\">Docente respons\u00e1vel: Profa. Dra. Maria Beatriz Borba Florenzano<\/p>\n<p><a href=\"https:\/\/sites.usp.br\/ppgarqmae\/wp-content\/uploads\/sites\/153\/2020\/08\/Erfurt.png\"><img decoding=\"async\" class=\" wp-image-2095 alignleft\" src=\"https:\/\/sites.usp.br\/ppgarqmae\/wp-content\/uploads\/sites\/153\/2020\/08\/Erfurt-150x150.png\" alt=\"\" width=\"137\" height=\"137\" data-id=\"2095\" srcset=\"https:\/\/sites.usp.br\/ppgarqmae\/wp-content\/uploads\/sites\/153\/2020\/08\/Erfurt-150x150.png 150w, https:\/\/sites.usp.br\/ppgarqmae\/wp-content\/uploads\/sites\/153\/2020\/08\/Erfurt-64x64.png 64w, https:\/\/sites.usp.br\/ppgarqmae\/wp-content\/uploads\/sites\/153\/2020\/08\/Erfurt-45x45.png 45w, https:\/\/sites.usp.br\/ppgarqmae\/wp-content\/uploads\/sites\/153\/2020\/08\/Erfurt-200x200.png 200w, https:\/\/sites.usp.br\/ppgarqmae\/wp-content\/uploads\/sites\/153\/2020\/08\/Erfurt.png 225w\" sizes=\"(max-width: 137px) 100vw, 137px\" \/><\/a><img decoding=\"async\" class=\"alignleft wp-image-2096\" src=\"https:\/\/sites.usp.br\/ppgarqmae\/wp-content\/uploads\/sites\/153\/2020\/08\/Bristol.png\" alt=\"\" width=\"366\" height=\"110\" data-id=\"2096\" srcset=\"https:\/\/sites.usp.br\/ppgarqmae\/wp-content\/uploads\/sites\/153\/2020\/08\/Bristol.png 409w, https:\/\/sites.usp.br\/ppgarqmae\/wp-content\/uploads\/sites\/153\/2020\/08\/Bristol-300x90.png 300w, https:\/\/sites.usp.br\/ppgarqmae\/wp-content\/uploads\/sites\/153\/2020\/08\/Bristol-400x120.png 400w\" sizes=\"(max-width: 366px) 100vw, 366px\" \/><\/p>\n<p>&nbsp;<\/p>\n<p>&nbsp;<\/p>\n<p>&nbsp;<\/p>\n<p>&nbsp;<\/p>\n<p>Docente respons\u00e1vel: Profa. Dra. Cristina N. Kormikiari<\/p>\n<p><img loading=\"lazy\" decoding=\"async\" class=\"alignnone wp-image-2097\" src=\"https:\/\/sites.usp.br\/ppgarqmae\/wp-content\/uploads\/sites\/153\/2020\/08\/Toulouse-III.png\" alt=\"\" width=\"291\" height=\"110\" data-id=\"2097\" srcset=\"https:\/\/sites.usp.br\/ppgarqmae\/wp-content\/uploads\/sites\/153\/2020\/08\/Toulouse-III.png 365w, https:\/\/sites.usp.br\/ppgarqmae\/wp-content\/uploads\/sites\/153\/2020\/08\/Toulouse-III-300x113.png 300w\" sizes=\"(max-width: 291px) 100vw, 291px\" \/><\/p>\n<p>Docente respons\u00e1vel: Prof. Dr. Andr\u00e9 Strauss<\/p>\n<p><a href=\"https:\/\/sites.usp.br\/ppgarqmae\/wp-content\/uploads\/sites\/153\/2022\/03\/logo-UPF.png\"><img loading=\"lazy\" decoding=\"async\" class=\"alignnone wp-image-2976 size-medium\" src=\"https:\/\/sites.usp.br\/ppgarqmae\/wp-content\/uploads\/sites\/153\/2022\/03\/logo-UPF-300x155.png\" alt=\"\" width=\"300\" height=\"155\" data-id=\"2976\" srcset=\"https:\/\/sites.usp.br\/ppgarqmae\/wp-content\/uploads\/sites\/153\/2022\/03\/logo-UPF-300x155.png 300w, https:\/\/sites.usp.br\/ppgarqmae\/wp-content\/uploads\/sites\/153\/2022\/03\/logo-UPF-310x161.png 310w, https:\/\/sites.usp.br\/ppgarqmae\/wp-content\/uploads\/sites\/153\/2022\/03\/logo-UPF.png 312w\" sizes=\"(max-width: 300px) 100vw, 300px\" \/><\/a><\/p>\n<p>Docente respons\u00e1vel: Profa. Dra. Ximena S. Villagran<\/p>\n","protected":false},"excerpt":{"rendered":"<p>O Progama de P\u00f3s-gradua\u00e7\u00e3o em Arqueologia da USP tem conv\u00eanios espec\u00edficos para alunos\/as que permitem a realiza\u00e7\u00e3o das suas teses de Doutorado em co-tutela e dupla-titula\u00e7\u00e3o com universidades estrangeiras. Conv\u00eanios vigentes &nbsp; &nbsp; &nbsp; Docente respons\u00e1vel: Profa. Dra. Maria Beatriz Borba Florenzano &nbsp; &nbsp; &nbsp; &nbsp; Docente respons\u00e1vel: Profa. Dra. Cristina N. Kormikiari Docente respons\u00e1vel: Prof. Dr. Andr\u00e9 Strauss Docente respons\u00e1vel: Profa. Dra. Ximena S. Villagran<\/p>\n","protected":false},"author":845,"featured_media":0,"parent":0,"menu_order":0,"comment_status":"closed","ping_status":"closed","template":"page-full.php","meta":{"_monsterinsights_skip_tracking":false,"_monsterinsights_sitenote_active":false,"_monsterinsights_sitenote_note":"","_monsterinsights_sitenote_category":0,"footnotes":"","_links_to":"","_links_to_target":""},"class_list":["post-2092","page","type-page","status-publish","hentry"],"_links":{"self":[{"href":"https:\/\/sites.usp.br\/ppgarqmae\/wp-json\/wp\/v2\/pages\/2092","targetHints":{"allow":["GET"]}}],"collection":[{"href":"https:\/\/sites.usp.br\/ppgarqmae\/wp-json\/wp\/v2\/pages"}],"about":[{"href":"https:\/\/sites.usp.br\/ppgarqmae\/wp-json\/wp\/v2\/types\/page"}],"author":[{"embeddable":true,"href":"https:\/\/sites.usp.br\/ppgarqmae\/wp-json\/wp\/v2\/users\/845"}],"replies":[{"embeddable":true,"href":"https:\/\/sites.usp.br\/ppgarqmae\/wp-json\/wp\/v2\/comments?post=2092"}],"version-history":[{"count":4,"href":"https:\/\/sites.usp.br\/ppgarqmae\/wp-json\/wp\/v2\/pages\/2092\/revisions"}],"predecessor-version":[{"id":3301,"href":"https:\/\/sites.usp.br\/ppgarqmae\/wp-json\/wp\/v2\/pages\/2092\/revisions\/3301"}],"wp:attachment":[{"href":"https:\/\/sites.usp.br\/ppgarqmae\/wp-json\/wp\/v2\/media?parent=2092"}],"curies":[{"name":"wp","href":"https:\/\/api.w.org\/{rel}","templated":true}]}}