{"id":2459,"date":"2021-04-30T14:32:01","date_gmt":"2021-04-30T17:32:01","guid":{"rendered":"http:\/\/sites.usp.br\/ppgarqmae\/?page_id=2459"},"modified":"2023-02-16T14:56:37","modified_gmt":"2023-02-16T17:56:37","slug":"prorrogacoes-covid-19","status":"publish","type":"page","link":"https:\/\/sites.usp.br\/ppgarqmae\/prorrogacoes-covid-19\/","title":{"rendered":"Prorroga\u00e7\u00f5es Covid-19"},"content":{"rendered":"<p><strong>NOVA RESOLU\u00c7\u00c3O SOBRE PRORROGA\u00c7\u00d5ES COVID-19 &#8211; 14 de junho de 2022<\/strong><\/p>\n<p>De acordo com a <a href=\"https:\/\/sites.usp.br\/ppgarqmae\/wp-content\/uploads\/sites\/153\/2022\/09\/Resoluc\u0327ao-CoPGr-8261-Alt-Res-CoPGr-8082.pdf\">Resoluc\u0327\u00e3o CoPGr 8261 (Alt Res CoPGr 8082)<\/a><\/p>\n<ul>\n<li>Estudantes matriculados entre 1 de janeiro de 2021 e 30 de junho de 2022 poder\u00e3o ter os prazos prorrogados at\u00e9 360 dias contados a partir da data limite original<\/li>\n<li>Estudantes matriculados a partir de 1 de janeiro de 2023 n\u00e3o poder\u00e3o ter prazos prorrogados com fundamento na resolu\u00e7\u00e3o 8082 de 5 de maio de 2021, aplicando exclusivamente as hip\u00f3teses de prorroga\u00e7\u00e3o j\u00e1 previstas no Regulamento da P\u00f3s-gradua\u00e7\u00e3o.<\/li>\n<\/ul>\n<p><strong>NOVA RESOLU\u00c7\u00c3O PARA PRORROGA\u00c7\u00c3O DE PRAZOS &#8211; de 5 de maio de 2021<br \/>\n<\/strong><\/p>\n<p>De acordo com a <a href=\"https:\/\/sites.usp.br\/ppgarqmae\/wp-content\/uploads\/sites\/153\/2021\/05\/Res-CoPGr-8082-05-05-2021-Prorrog-Covid-19-Orientadores.pdf\">Resolu\u00e7\u00e3o CoPGr 8082 05 05 2021<\/a><\/p>\n<ul>\n<li><strong>Estudantes matriculados at\u00e9 31 de DEZEMBRO\u00a0 de 2020<\/strong> poder\u00e3o solicitar a prorroga\u00e7\u00e3o da data de realiza\u00e7\u00e3o do exame de qualifica\u00e7\u00e3o e\/ou de dep\u00f3sito de disserta\u00e7\u00f5es e teses em at\u00e9 <strong>720 dias<\/strong> da sua data limite. Estudantes que j\u00e1 solicitaram prorroga\u00e7\u00f5es de acordo \u00e0s circulares anteriores (CoPGr 36\/2020, 58\/2020 e 62\/20) poder\u00e3o complementar o tempo de prorroga\u00e7\u00e3o at\u00e9 completar 720 dias.<\/li>\n<li><strong>Estudantes matriculados a partir de 1 de JANEIRO de 2021<\/strong> poder\u00e3o solicitar a prorroga\u00e7\u00e3o da data de realiza\u00e7\u00e3o do exame de qualifica\u00e7\u00e3o e\/ou de dep\u00f3sito de disserta\u00e7\u00f5es e teses em at\u00e9 <strong>360 dias<\/strong> a partir da data limite original.<\/li>\n<\/ul>\n<p>A prorroga\u00e7\u00e3o de 720 ou 360 dias vale para exames de qualifica\u00e7\u00e3o e dep\u00f3sitos independentemente, ou seja, o\/a estudante poder\u00e1 solicitar at\u00e9 720 ou 360 dias de prorroga\u00e7\u00e3o para realizar o exame de qualifica\u00e7\u00e3o e at\u00e9 720 dias para defender.<\/p>\n<p>O\/a estudante poder\u00e1 fazer <strong>um \u00fanico pedido de prorroga\u00e7\u00e3o<\/strong> com base na presente resolu\u00e7\u00e3o.<\/p>\n<p>Os pedidos devem ser enviados 2<strong> meses antes da data limite do prazo <\/strong>pelo email pos.mae@usp.br contendo estes documentos:<\/p>\n<ul>\n<li>Manifesta\u00e7\u00e3o conjunta do\/a estudante e seu\/sua orientador\/a, mencionado a circular em quest\u00e3o e justificando o pedido<\/li>\n<li>Indicar na manifesta\u00e7\u00e3o a data original de vencimento do prazo e a nova data solicitada<\/li>\n<\/ul>\n<p>Aten\u00e7\u00e3o! Todas as solicita\u00e7\u00f5es dever\u00e3o ser aprovadas na CPG antes de serem enviadas \u00e0 Pr\u00f3-Reitoria de P\u00f3s-gradua\u00e7\u00e3o. A comiss\u00e3o dever\u00e1 aprovar os pedidos e enviar \u00e0 PRPG at\u00e9 15 dias antes do prazo a vencer. Favor atentar ao <a href=\"https:\/\/sites.usp.br\/ppgarqmae\/calendario\/\">calend\u00e1rio de reuni\u00f5es da CPG<\/a> e <strong>enviar os pedidos antes da reuni\u00e3o que acontecer\u00e1 cerca de dois meses antes da data de vencimento do prazo<\/strong>.<\/p>\n<p>_______________________<\/p>\n<p><span style=\"text-decoration: underline;\"><strong>Prorroga\u00e7\u00e3o de prazos de dep\u00f3sito de Disserta\u00e7\u00f5es\/ Teses e exames de Qualifica\u00e7\u00e3o:<\/strong><\/span><\/p>\n<p>De acordo com a\u00a0 <a href=\"https:\/\/sites.usp.br\/ppgarqmae\/wp-content\/uploads\/sites\/153\/2021\/04\/Circular-CoPGr-62-COVID-19-12-meses.pdf\" target=\"_blank\" rel=\"noopener\">Circular CoPGr 62\/2020<\/a>, os\/as <strong>estudantes que estejam matriculados no programa em 17 de agosto\u00a0 de 2020<\/strong> poder\u00e3o solicitar a prorroga\u00e7\u00e3o da data de realiza\u00e7\u00e3o do exame de qualifica\u00e7\u00e3o e\/ou de dep\u00f3sito de disserta\u00e7\u00f5es e teses por at\u00e9 <strong>12 meses<\/strong> da sua data limite. Estudantes que j\u00e1 solicitaram prorroga\u00e7\u00f5es de acordo \u00e0s circulares anteriores (CoPGr 36\/2020 e 58\/2020) poder\u00e3o complementar o tempo de prorroga\u00e7\u00e3o at\u00e9 completar 12 meses.<\/p>\n<p>A prorroga\u00e7\u00e3o de 12 meses vale para exames de qualifica\u00e7\u00e3o e dep\u00f3sitos independentemente, ou seja, o\/a estudante poder\u00e1 solicitar at\u00e9 12 meses de prorroga\u00e7\u00e3o para realizar o exame de qualifica\u00e7\u00e3o e at\u00e9 12 meses para defender.<\/p>\n<p>Os pedidos devem ser enviados <strong>3 meses antes da data limite do prazo <\/strong>pelo email <span style=\"text-decoration: underline;\">pos.mae@usp.br<\/span> contendo estes documentos:<\/p>\n<ul>\n<li>Manifesta\u00e7\u00e3o conjunta do\/a estudante e seu\/sua orientador\/a, mencionado a circular em quest\u00e3o e justificando o pedido<\/li>\n<li>Indicar na manifesta\u00e7\u00e3o a data original de vencimento do prazo e a nova data solicitada<\/li>\n<\/ul>\n<p>Aten\u00e7\u00e3o! Todas as solicita\u00e7\u00f5es dever\u00e3o ser aprovadas na CPG antes de serem enviadas \u00e0 Pr\u00f3-reitoria de P\u00f3s-gradua\u00e7\u00e3o. Favor atentar ao <a href=\"https:\/\/sites.usp.br\/ppgarqmae\/calendario\/\">calend\u00e1rio de reuni\u00f5es da CPG<\/a> e enviar os pedidos antes da reuni\u00e3o que acontecer\u00e1 cerca de tr\u00eas meses antes da data de vencimento do prazo.<\/p>\n<p>________________________<\/p>\n<p><span style=\"text-decoration: underline;\"><strong>PRORROGA\u00c7\u00c3O DE BOLSAS CAPES<br \/>\n<\/strong><\/span><\/p>\n<p>De acordo com o <a href=\"https:\/\/sites.usp.br\/ppgarqmae\/wp-content\/uploads\/sites\/153\/2021\/04\/CAPES_Oficio-Circular-18_2020_CPG_CGSI_DS_CAPES_20_08_2020_PRORROG-6-meses_Oficio_Circular_1270919.pdf\">Oficio Circular 18\/2020\/CPG-CGSI-DS-CAPES de 20\/08\/2020<\/a>, bolsistas CAPES do programa matriculados em 2020 poder\u00e3o solicitar at\u00e9 6 meses de prorroga\u00e7\u00e3o da sua bolsa.<\/p>\n<p>Para estudantes de Doutorado, o pedido de prorroga\u00e7\u00e3o de bolsa dever\u00e1 ser realizado depois da aprova\u00e7\u00e3o pela CPG do pedido de prorroga\u00e7\u00e3o de prazo de dep\u00f3sito.<\/p>\n<p>Estudantes de Mestrado poder\u00e3o solicitar a prorroga\u00e7\u00e3o da bolsa CAPES antes do pedido de prorroga\u00e7\u00e3o de prazo.<\/p>\n<p>Os pedidos devem ser enviados pelo email <span style=\"text-decoration: underline;\">pos.mae@usp.br<\/span> contendo estes documentos:<\/p>\n<ul>\n<li>Manifesta\u00e7\u00e3o conjunta do\/a orientador\/a solicitando a prorroga\u00e7\u00e3o da bolsa, com justificativa<\/li>\n<li>Indicar na carta a data original de vencimento da bolsa e a nova data solicitada<\/li>\n<\/ul>\n<p>Aten\u00e7\u00e3o! Todas as solicita\u00e7\u00f5es dever\u00e3o ser aprovadas na CPG antes de serem enviadas \u00e0 Pr\u00f3-reitoria de P\u00f3s-gradua\u00e7\u00e3o. Favor atentar ao <a href=\"https:\/\/sites.usp.br\/ppgarqmae\/calendario\/\">calend\u00e1rio de reuni\u00f5es da CPG<\/a> e enviar os pedidos antes da reuni\u00e3o que acontecer\u00e1 no m\u00eas anterior \u00e0 data de vencimento da bolsa.<\/p>\n","protected":false},"excerpt":{"rendered":"<p>NOVA RESOLU\u00c7\u00c3O SOBRE PRORROGA\u00c7\u00d5ES COVID-19 &#8211; 14 de junho de 2022 De acordo com a Resoluc\u0327\u00e3o CoPGr 8261 (Alt Res CoPGr 8082) Estudantes matriculados entre 1 de janeiro de 2021 e 30 de junho de 2022 poder\u00e3o ter os prazos prorrogados at\u00e9 360 dias contados a partir da data limite original Estudantes matriculados a partir de 1 de janeiro de 2023 n\u00e3o poder\u00e3o ter prazos prorrogados com fundamento na resolu\u00e7\u00e3o 8082 de 5 de maio de 2021, aplicando exclusivamente as hip\u00f3teses de prorroga\u00e7\u00e3o j\u00e1 previstas no Regulamento da P\u00f3s-gradua\u00e7\u00e3o. NOVA RESOLU\u00c7\u00c3O PARA PRORROGA\u00c7\u00c3O DE PRAZOS &#8211; de 5 de maio de 2021 De acordo com a Resolu\u00e7\u00e3o CoPGr 8082 05 05 2021 Estudantes matriculados at\u00e9 31 de DEZEMBRO\u00a0 de 2020 poder\u00e3o solicitar a prorroga\u00e7\u00e3o da data de realiza\u00e7\u00e3o do exame de qualifica\u00e7\u00e3o e\/ou de dep\u00f3sito de disserta\u00e7\u00f5es e teses em at\u00e9 720 dias da sua data limite. Estudantes que j\u00e1 solicitaram prorroga\u00e7\u00f5es de acordo \u00e0s circulares anteriores (CoPGr 36\/2020, 58\/2020 e 62\/20) poder\u00e3o complementar o tempo de prorroga\u00e7\u00e3o at\u00e9 completar 720 dias. Estudantes matriculados a partir de 1 de JANEIRO de 2021 poder\u00e3o solicitar a prorroga\u00e7\u00e3o da data de realiza\u00e7\u00e3o do exame de qualifica\u00e7\u00e3o e\/ou de dep\u00f3sito de disserta\u00e7\u00f5es e [&#8230;]<\/p>\n","protected":false},"author":845,"featured_media":0,"parent":0,"menu_order":0,"comment_status":"closed","ping_status":"closed","template":"page-full.php","meta":{"_monsterinsights_skip_tracking":false,"_monsterinsights_sitenote_active":false,"_monsterinsights_sitenote_note":"","_monsterinsights_sitenote_category":0,"footnotes":"","_links_to":"","_links_to_target":""},"class_list":["post-2459","page","type-page","status-publish","hentry"],"_links":{"self":[{"href":"https:\/\/sites.usp.br\/ppgarqmae\/wp-json\/wp\/v2\/pages\/2459","targetHints":{"allow":["GET"]}}],"collection":[{"href":"https:\/\/sites.usp.br\/ppgarqmae\/wp-json\/wp\/v2\/pages"}],"about":[{"href":"https:\/\/sites.usp.br\/ppgarqmae\/wp-json\/wp\/v2\/types\/page"}],"author":[{"embeddable":true,"href":"https:\/\/sites.usp.br\/ppgarqmae\/wp-json\/wp\/v2\/users\/845"}],"replies":[{"embeddable":true,"href":"https:\/\/sites.usp.br\/ppgarqmae\/wp-json\/wp\/v2\/comments?post=2459"}],"version-history":[{"count":5,"href":"https:\/\/sites.usp.br\/ppgarqmae\/wp-json\/wp\/v2\/pages\/2459\/revisions"}],"predecessor-version":[{"id":3262,"href":"https:\/\/sites.usp.br\/ppgarqmae\/wp-json\/wp\/v2\/pages\/2459\/revisions\/3262"}],"wp:attachment":[{"href":"https:\/\/sites.usp.br\/ppgarqmae\/wp-json\/wp\/v2\/media?parent=2459"}],"curies":[{"name":"wp","href":"https:\/\/api.w.org\/{rel}","templated":true}]}}