{"id":2501,"date":"2021-06-10T16:34:42","date_gmt":"2021-06-10T19:34:42","guid":{"rendered":"https:\/\/sites.usp.br\/ppgarqmae\/?page_id=2501"},"modified":"2022-01-19T01:15:34","modified_gmt":"2022-01-19T04:15:34","slug":"inscricao","status":"publish","type":"page","link":"https:\/\/sites.usp.br\/ppgarqmae\/inscricao\/","title":{"rendered":"Inscri\u00e7\u00e3o 2021"},"content":{"rendered":"<p><strong>Por problemas t\u00e9cnicos, a inscri\u00e7\u00e3o no processeo seletivo para ind\u00edgenas ser\u00e1 feita pelo email seletivo.ppgarq.mae@usp.br &#8211; enviar a documenta\u00e7\u00e3o completa conforme o edital e indicar no email seu telefone e endere\u00e7o completo.<\/strong><\/p>\n<p><strong>A inscri\u00e7\u00e3o no processo seletivo AC e PAA 2021 est\u00e1 encerrada. <\/strong><\/p>\n<p>_____________________________________________________________________________<\/p>\n<p><span style=\"text-decoration: underline;\"><strong>COMPROVA\u00c7\u00c3O DE PROFICI\u00caNCIA EM L\u00cdNGUA ESTRANGEIRA &#8211; Edital AC e PAA <\/strong><\/span><\/p>\n<p>No processo seletivo 2021, a profici\u00eancia em l\u00edngua estrangeira (ingl\u00eas, espanhol, franc\u00eas ou italiano) dever\u00e1 ser comprovada no ato da inscri\u00e7\u00e3o. Os exames internacionais aceitos pelo PPGArq &#8211; MAE\/USP s\u00e3o:<\/p>\n<p>a. Ingl\u00eas: TOELF IBT (79); TOELF ITP (550); IELTS (6.0); ESLAT (600); Cambridge FCE ou CAE (B2); Michigan ECCE ou ECPR (intermedi\u00e1rio)<br \/>\nb. Franc\u00eas: DALF ou DELF ou TCF ou TCF-CAPES (B2)<br \/>\nc. Espanhol: DELE (B2); SIELE (C1)<br \/>\nd. Italiano: ProfLS (50%); TESTE DO IIC (B2)<\/p>\n<p>Quem n\u00e3o tiver os certificados de profici\u00eancia internacionais aceitos pelo programa, poder\u00e1 fazer a prova de profici\u00eancia em l\u00edngua estrangeria pelo <strong>Centro Interdepartamental de l\u00ednguas da Faculdade de Filosofia, Letras e Ci\u00eancias Humanas da USP (FFLCH\/ USP)<\/strong>.<br \/>\nExistem editais espec\u00edficos para cada uma das l\u00ednguas nas quais se exige profici\u00eancia, elaborados pelo Centro de L\u00ednguas da FFLCH exclusivamente para o processo seletivo do MAE\/ USP. Os editais est\u00e3o dispon\u00edveis nos links abaixo e no site do Centro Interdepartamental de L\u00ednguas da FFLCH:<\/p>\n<ul>\n<li><a href=\"https:\/\/sites.usp.br\/ppgarqmae\/wp-content\/uploads\/sites\/153\/2021\/07\/INGLE\u0302S-Edital-2110-Arqueologia-MAE-atualizado.pdf\">INGLE\u0302S<\/a> (<a href=\"https:\/\/clinguas.fflch.usp.br\/proficiencia-ingles\">https:\/\/clinguas.fflch.usp.br\/proficiencia-ingles<\/a>) &#8211; <strong>Inscri\u00e7\u00f5es: 20\/8 \u2013 22\/9; Prova: 5\/10 \u00e0s 14h30; Resultados: at\u00e9 19\/10<\/strong><\/li>\n<li><a href=\"https:\/\/clinguas.fflch.usp.br\/sites\/clinguas.fflch.usp.br\/files\/inline-files\/Edital_2109%20-%20Humanidades.docx.pdf\">ESPANHOL<\/a> (<a href=\"https:\/\/clinguas.fflch.usp.br\/espanhol\">https:\/\/clinguas.fflch.usp.br\/espanhol<\/a>) &#8211; Edital Humanidades) &#8211; <strong>Inscri\u00e7\u00f5es: 6\/8 a 8\/9; Prova; 14\/9 \u00e0s 14h30; Resultados: 24\/9<\/strong><\/li>\n<li><a href=\"https:\/\/sites.usp.br\/ppgarqmae\/wp-content\/uploads\/sites\/153\/2021\/07\/FRANCES_Edital-2110-MAE-2o-semestre_2021.pdf\">FRANC\u00caS<\/a> (<a href=\"https:\/\/clinguas.fflch.usp.br\/proficiencia-em-frances\">https:\/\/clinguas.fflch.usp.br\/proficiencia-em-frances<\/a>) &#8211; <strong>Inscri\u00e7\u00f5es: 20\/8 a 20\/9; Prova: 6\/10 \u00e0s 14hs; Resultados: 13\/10<\/strong><\/li>\n<li><a href=\"https:\/\/sites.usp.br\/ppgarqmae\/wp-content\/uploads\/sites\/153\/2021\/07\/ITALIANO_2110-MAE-EDITAL-EXAME-REMOTO.docx.pdf\">ITALIANO<\/a> (<a href=\"https:\/\/clinguas.fflch.usp.br\/node\/32\">https:\/\/clinguas.fflch.usp.br\/node\/32<\/a>)Italiano &#8211; Inscri\u00e7\u00f5es: <strong>1\/09 \u2013 26\/9; Prova: 7\/10, \u00e0s 14h30; Resultados: at\u00e9 15\/10.<\/strong><\/li>\n<\/ul>\n<p>Aten\u00e7\u00e3o! Os exames de ingl\u00eas, espanhol e italiano poder\u00e3o ser feitos unciamente por estudantes com CPF. Alunos\/as estrangeiros dever\u00e3o comprovar a profici\u00eancia nessas l\u00ednguas com os certificados internacionais aceitos pelo programa.<\/p>\n<p><strong><span style=\"text-decoration: underline;\">COMPROVA\u00c7\u00c3O DE PROFICI\u00caNCIA EM L\u00cdNGUA ESTRANGEIRA &#8211; Edital para Ind\u00edgenas<\/span><br \/>\n<\/strong><\/p>\n<p>A comprova\u00e7\u00e3o de profici\u00eancia em l\u00edngua estrangeira (ingl\u00eas, espanhol, franc\u00eas ou italiano) ser\u00e1 feita no ato da Matr\u00edcula. Ser\u00e3o aceitos os mesmo exames internacionais citados acima, assim como os exames oferecidos pelo Centro de L\u00ednguas da FFLCH seguindo o mesmo cronograma de provas (todas as provas acontecer\u00e3o entre 5 e 7 de outubro de 2021, verifique acima o calend\u00e1rio de inscri\u00e7\u00e3o!). Tamb\u00e9m ser\u00e1 poss\u00edvel fazer a comprova\u00e7\u00e3o mediante inscri\u00e7\u00e3o na Fase 3 do edital para ind\u00edgenas.<\/p>\n","protected":false},"excerpt":{"rendered":"<p>Por problemas t\u00e9cnicos, a inscri\u00e7\u00e3o no processeo seletivo para ind\u00edgenas ser\u00e1 feita pelo email seletivo.ppgarq.mae@usp.br &#8211; enviar a documenta\u00e7\u00e3o completa conforme o edital e indicar no email seu telefone e endere\u00e7o completo. A inscri\u00e7\u00e3o no processo seletivo AC e PAA 2021 est\u00e1 encerrada. _____________________________________________________________________________ COMPROVA\u00c7\u00c3O DE PROFICI\u00caNCIA EM L\u00cdNGUA ESTRANGEIRA &#8211; Edital AC e PAA No processo seletivo 2021, a profici\u00eancia em l\u00edngua estrangeira (ingl\u00eas, espanhol, franc\u00eas ou italiano) dever\u00e1 ser comprovada no ato da inscri\u00e7\u00e3o. Os exames internacionais aceitos pelo PPGArq &#8211; MAE\/USP s\u00e3o: a. Ingl\u00eas: TOELF IBT (79); TOELF ITP (550); IELTS (6.0); ESLAT (600); Cambridge FCE ou CAE (B2); Michigan ECCE ou ECPR (intermedi\u00e1rio) b. Franc\u00eas: DALF ou DELF ou TCF ou TCF-CAPES (B2) c. Espanhol: DELE (B2); SIELE (C1) d. Italiano: ProfLS (50%); TESTE DO IIC (B2) Quem n\u00e3o tiver os certificados de profici\u00eancia internacionais aceitos pelo programa, poder\u00e1 fazer a prova de profici\u00eancia em l\u00edngua estrangeria pelo Centro Interdepartamental de l\u00ednguas da Faculdade de Filosofia, Letras e Ci\u00eancias Humanas da USP (FFLCH\/ USP). Existem editais espec\u00edficos para cada uma das l\u00ednguas nas quais se exige profici\u00eancia, elaborados pelo Centro de L\u00ednguas da FFLCH exclusivamente para o processo seletivo do MAE\/ USP. Os editais est\u00e3o dispon\u00edveis [&#8230;]<\/p>\n","protected":false},"author":845,"featured_media":0,"parent":0,"menu_order":0,"comment_status":"closed","ping_status":"closed","template":"page-full.php","meta":{"_monsterinsights_skip_tracking":false,"_monsterinsights_sitenote_active":false,"_monsterinsights_sitenote_note":"","_monsterinsights_sitenote_category":0,"footnotes":"","_links_to":"","_links_to_target":""},"class_list":["post-2501","page","type-page","status-publish","hentry"],"_links":{"self":[{"href":"https:\/\/sites.usp.br\/ppgarqmae\/wp-json\/wp\/v2\/pages\/2501","targetHints":{"allow":["GET"]}}],"collection":[{"href":"https:\/\/sites.usp.br\/ppgarqmae\/wp-json\/wp\/v2\/pages"}],"about":[{"href":"https:\/\/sites.usp.br\/ppgarqmae\/wp-json\/wp\/v2\/types\/page"}],"author":[{"embeddable":true,"href":"https:\/\/sites.usp.br\/ppgarqmae\/wp-json\/wp\/v2\/users\/845"}],"replies":[{"embeddable":true,"href":"https:\/\/sites.usp.br\/ppgarqmae\/wp-json\/wp\/v2\/comments?post=2501"}],"version-history":[{"count":5,"href":"https:\/\/sites.usp.br\/ppgarqmae\/wp-json\/wp\/v2\/pages\/2501\/revisions"}],"predecessor-version":[{"id":2868,"href":"https:\/\/sites.usp.br\/ppgarqmae\/wp-json\/wp\/v2\/pages\/2501\/revisions\/2868"}],"wp:attachment":[{"href":"https:\/\/sites.usp.br\/ppgarqmae\/wp-json\/wp\/v2\/media?parent=2501"}],"curies":[{"name":"wp","href":"https:\/\/api.w.org\/{rel}","templated":true}]}}