{"id":2821,"date":"2021-12-07T12:51:03","date_gmt":"2021-12-07T15:51:03","guid":{"rendered":"https:\/\/sites.usp.br\/ppgarqmae\/?page_id=2821"},"modified":"2021-12-07T12:54:53","modified_gmt":"2021-12-07T15:54:53","slug":"avaliacao-anual","status":"publish","type":"page","link":"https:\/\/sites.usp.br\/ppgarqmae\/avaliacao-anual\/","title":{"rendered":"Avalia\u00e7\u00e3o anual"},"content":{"rendered":"<p><strong>Somente para matriculas no Regulamento novo (a partir de 2020) e para estudantes do Regulamento antigo que mudaram para o novo<br \/>\n<\/strong><\/p>\n<p>Estudantes de Mestrado, Doutorado e Doutorado Direto ser\u00e3o avaliados\/as anualmente atrav\u00e9s de seus relat\u00f3rios de atividades. Os relat\u00f3rios dever\u00e3o ser entregues anualmente de acordo com cronograma estabelecido pela CCP, divulgado pela secretaria e publicado na p\u00e1gina eletr\u00f4nica do Programa.<\/p>\n<p><strong>O formul\u00e1rio padr\u00e3o para os relat\u00f3rios de avalia\u00e7\u00e3o anual est\u00e1 dispon\u00edvel na p\u00e1gina <a href=\"https:\/\/sites.usp.br\/ppgarqmae\/formularios\/\">Formul\u00e1rios<\/a>.<\/strong><\/p>\n<p>Obs.! O item 5 do formul\u00e1rio deve ser preenchido pelo\/a orientador\/a, que dever\u00e1 indicar se aprova, aprova com ressalvas ou reprova o relat\u00f3rio. O formul\u00e1rio preenchido deve ser enviado pelo\/a estudante por email (veja instru\u00e7\u00f5es de envio no documento do formul\u00e1rio).<\/p>\n<p>Normas:<\/p>\n<ul>\n<li>Quem tiver seu relat\u00f3rio reprovado dever\u00e1 providenciar a entrega de novo relat\u00f3rio no prazo m\u00e1ximo de noventa (90) dias, contados a partir da data de divulga\u00e7\u00e3o do resultado da avalia\u00e7\u00e3o pela secretaria do Programa.<\/li>\n<li>O desligamento do Programa poder\u00e1 ocorrer\u00a0 se houver reprova\u00e7\u00e3o do relat\u00f3rio anual de atividades por duas vezes consecutivas ou se n\u00e3o houver a entrega do relat\u00f3rio anual na data limite prevista no calend\u00e1rio anual, divulgado pela secretaria de p\u00f3s-gradua\u00e7\u00e3o e na p\u00e1gina do programa na internet.<\/li>\n<\/ul>\n","protected":false},"excerpt":{"rendered":"<p>Somente para matriculas no Regulamento novo (a partir de 2020) e para estudantes do Regulamento antigo que mudaram para o novo Estudantes de Mestrado, Doutorado e Doutorado Direto ser\u00e3o avaliados\/as anualmente atrav\u00e9s de seus relat\u00f3rios de atividades. Os relat\u00f3rios dever\u00e3o ser entregues anualmente de acordo com cronograma estabelecido pela CCP, divulgado pela secretaria e publicado na p\u00e1gina eletr\u00f4nica do Programa. O formul\u00e1rio padr\u00e3o para os relat\u00f3rios de avalia\u00e7\u00e3o anual est\u00e1 dispon\u00edvel na p\u00e1gina Formul\u00e1rios. Obs.! O item 5 do formul\u00e1rio deve ser preenchido pelo\/a orientador\/a, que dever\u00e1 indicar se aprova, aprova com ressalvas ou reprova o relat\u00f3rio. O formul\u00e1rio preenchido deve ser enviado pelo\/a estudante por email (veja instru\u00e7\u00f5es de envio no documento do formul\u00e1rio). Normas: Quem tiver seu relat\u00f3rio reprovado dever\u00e1 providenciar a entrega de novo relat\u00f3rio no prazo m\u00e1ximo de noventa (90) dias, contados a partir da data de divulga\u00e7\u00e3o do resultado da avalia\u00e7\u00e3o pela secretaria do Programa. O desligamento do Programa poder\u00e1 ocorrer\u00a0 se houver reprova\u00e7\u00e3o do relat\u00f3rio anual de atividades por duas vezes consecutivas ou se n\u00e3o houver a entrega do relat\u00f3rio anual na data limite prevista no calend\u00e1rio anual, divulgado pela secretaria de p\u00f3s-gradua\u00e7\u00e3o e na p\u00e1gina do programa na internet.<\/p>\n","protected":false},"author":845,"featured_media":0,"parent":0,"menu_order":0,"comment_status":"closed","ping_status":"closed","template":"page-full.php","meta":{"_monsterinsights_skip_tracking":false,"_monsterinsights_sitenote_active":false,"_monsterinsights_sitenote_note":"","_monsterinsights_sitenote_category":0,"footnotes":"","_links_to":"","_links_to_target":""},"class_list":["post-2821","page","type-page","status-publish","hentry"],"_links":{"self":[{"href":"https:\/\/sites.usp.br\/ppgarqmae\/wp-json\/wp\/v2\/pages\/2821","targetHints":{"allow":["GET"]}}],"collection":[{"href":"https:\/\/sites.usp.br\/ppgarqmae\/wp-json\/wp\/v2\/pages"}],"about":[{"href":"https:\/\/sites.usp.br\/ppgarqmae\/wp-json\/wp\/v2\/types\/page"}],"author":[{"embeddable":true,"href":"https:\/\/sites.usp.br\/ppgarqmae\/wp-json\/wp\/v2\/users\/845"}],"replies":[{"embeddable":true,"href":"https:\/\/sites.usp.br\/ppgarqmae\/wp-json\/wp\/v2\/comments?post=2821"}],"version-history":[{"count":2,"href":"https:\/\/sites.usp.br\/ppgarqmae\/wp-json\/wp\/v2\/pages\/2821\/revisions"}],"predecessor-version":[{"id":2825,"href":"https:\/\/sites.usp.br\/ppgarqmae\/wp-json\/wp\/v2\/pages\/2821\/revisions\/2825"}],"wp:attachment":[{"href":"https:\/\/sites.usp.br\/ppgarqmae\/wp-json\/wp\/v2\/media?parent=2821"}],"curies":[{"name":"wp","href":"https:\/\/api.w.org\/{rel}","templated":true}]}}