{"id":3061,"date":"2022-06-07T09:54:18","date_gmt":"2022-06-07T12:54:18","guid":{"rendered":"https:\/\/sites.usp.br\/ppgarqmae\/?page_id=3061"},"modified":"2025-01-06T10:40:48","modified_gmt":"2025-01-06T13:40:48","slug":"calendario-de-matricula-pos-graduacao-usp","status":"publish","type":"page","link":"https:\/\/sites.usp.br\/ppgarqmae\/calendario-de-matricula-pos-graduacao-usp\/","title":{"rendered":"Calend\u00e1rio de matr\u00edcula P\u00f3s-gradua\u00e7\u00e3o USP"},"content":{"rendered":"<p>Veja o calend\u00e1rio de matr\u00edcula na p\u00f3s-gradua\u00e7\u00e3o da USP<strong>\u00a0<a href=\"https:\/\/uspdigital.usp.br\/janus\/componente\/periodoMatricula.jsf\">aqui<\/a>.<\/strong><\/p>\n<p>&nbsp;<\/p>\n","protected":false},"excerpt":{"rendered":"<p>Veja o calend\u00e1rio de matr\u00edcula na p\u00f3s-gradua\u00e7\u00e3o da USP\u00a0aqui. &nbsp;<\/p>\n","protected":false},"author":845,"featured_media":0,"parent":0,"menu_order":0,"comment_status":"closed","ping_status":"closed","template":"page-full.php","meta":{"_monsterinsights_skip_tracking":false,"_monsterinsights_sitenote_active":false,"_monsterinsights_sitenote_note":"","_monsterinsights_sitenote_category":0,"footnotes":"","_links_to":"","_links_to_target":""},"class_list":["post-3061","page","type-page","status-publish","hentry"],"_links":{"self":[{"href":"https:\/\/sites.usp.br\/ppgarqmae\/wp-json\/wp\/v2\/pages\/3061","targetHints":{"allow":["GET"]}}],"collection":[{"href":"https:\/\/sites.usp.br\/ppgarqmae\/wp-json\/wp\/v2\/pages"}],"about":[{"href":"https:\/\/sites.usp.br\/ppgarqmae\/wp-json\/wp\/v2\/types\/page"}],"author":[{"embeddable":true,"href":"https:\/\/sites.usp.br\/ppgarqmae\/wp-json\/wp\/v2\/users\/845"}],"replies":[{"embeddable":true,"href":"https:\/\/sites.usp.br\/ppgarqmae\/wp-json\/wp\/v2\/comments?post=3061"}],"version-history":[{"count":4,"href":"https:\/\/sites.usp.br\/ppgarqmae\/wp-json\/wp\/v2\/pages\/3061\/revisions"}],"predecessor-version":[{"id":3775,"href":"https:\/\/sites.usp.br\/ppgarqmae\/wp-json\/wp\/v2\/pages\/3061\/revisions\/3775"}],"wp:attachment":[{"href":"https:\/\/sites.usp.br\/ppgarqmae\/wp-json\/wp\/v2\/media?parent=3061"}],"curies":[{"name":"wp","href":"https:\/\/api.w.org\/{rel}","templated":true}]}}