{"id":328,"date":"2015-06-22T17:12:41","date_gmt":"2015-06-22T20:12:41","guid":{"rendered":"http:\/\/sites.usp.br\/ppgarqmae\/?page_id=328"},"modified":"2025-01-27T10:33:02","modified_gmt":"2025-01-27T13:33:02","slug":"docentes","status":"publish","type":"page","link":"https:\/\/sites.usp.br\/ppgarqmae\/docentes\/","title":{"rendered":"Docentes"},"content":{"rendered":"<p><strong>ORIENTADORES\/AS PERMANENTES<\/strong><\/p>\n<p style=\"text-align: left;\"><img decoding=\"async\" class=\"wp-image-1475 size-thumbnail alignleft\" src=\"https:\/\/sites.usp.br\/ppgarqmae\/wp-content\/uploads\/sites\/153\/2019\/01\/andre-150x150.jpg\" alt=\"\" width=\"150\" height=\"150\" data-id=\"1475\" srcset=\"https:\/\/sites.usp.br\/ppgarqmae\/wp-content\/uploads\/sites\/153\/2019\/01\/andre-150x150.jpg 150w, https:\/\/sites.usp.br\/ppgarqmae\/wp-content\/uploads\/sites\/153\/2019\/01\/andre-45x45.jpg 45w, https:\/\/sites.usp.br\/ppgarqmae\/wp-content\/uploads\/sites\/153\/2019\/01\/andre-200x200.jpg 200w\" sizes=\"(max-width: 150px) 100vw, 150px\" \/> <strong>Andr\u00e9 Menezes Strauss<\/strong><\/p>\n<p>strauss@usp.br<\/p>\n<p><a href=\"http:\/\/buscatextual.cnpq.br\/buscatextual\/visualizacv.do?id=K4559917J7\">CV<\/a><\/p>\n<p>Laborat\u00f3rio: <a href=\"https:\/\/sites.usp.br\/laaae\/\">LAAAE<\/a><\/p>\n<p>&nbsp;<\/p>\n<p><a href=\"https:\/\/sites.usp.br\/ppgarqmae\/wp-content\/uploads\/sites\/153\/2015\/06\/astolfo-1.jpg\"><img decoding=\"async\" class=\"wp-image-1084 size-thumbnail alignleft\" src=\"https:\/\/sites.usp.br\/ppgarqmae\/wp-content\/uploads\/sites\/153\/2015\/06\/astolfo-1-150x150.jpg\" alt=\"\" width=\"150\" height=\"150\" data-id=\"1084\" srcset=\"https:\/\/sites.usp.br\/ppgarqmae\/wp-content\/uploads\/sites\/153\/2015\/06\/astolfo-1-150x150.jpg 150w, https:\/\/sites.usp.br\/ppgarqmae\/wp-content\/uploads\/sites\/153\/2015\/06\/astolfo-1-45x45.jpg 45w, https:\/\/sites.usp.br\/ppgarqmae\/wp-content\/uploads\/sites\/153\/2015\/06\/astolfo-1-200x200.jpg 200w\" sizes=\"(max-width: 150px) 100vw, 150px\" \/><\/a><strong>Astolfo Gomes de Mello Araujo<\/strong><\/p>\n<p>astwolfo@usp.br<\/p>\n<p style=\"text-align: left;\"><a href=\"http:\/\/buscatextual.cnpq.br\/buscatextual\/visualizacv.do?metodo=apresentar&amp;id=K4761958Z7\">CV<\/a><\/p>\n<p>Laborat\u00f3rio: <a href=\"https:\/\/levoc.blogspot.com\">LEVOC<\/a><\/p>\n<p>&nbsp;<\/p>\n<p><a href=\"https:\/\/sites.usp.br\/ppgarqmae\/wp-content\/uploads\/sites\/153\/2020\/08\/Camilo-scaled.jpg\"><img decoding=\"async\" class=\"alignleft wp-image-2111 size-thumbnail\" src=\"https:\/\/sites.usp.br\/ppgarqmae\/wp-content\/uploads\/sites\/153\/2020\/08\/Camilo-150x150.jpg\" alt=\"\" width=\"150\" height=\"150\" data-id=\"2111\" srcset=\"https:\/\/sites.usp.br\/ppgarqmae\/wp-content\/uploads\/sites\/153\/2020\/08\/Camilo-150x150.jpg 150w, https:\/\/sites.usp.br\/ppgarqmae\/wp-content\/uploads\/sites\/153\/2020\/08\/Camilo-300x297.jpg 300w, https:\/\/sites.usp.br\/ppgarqmae\/wp-content\/uploads\/sites\/153\/2020\/08\/Camilo-64x64.jpg 64w, https:\/\/sites.usp.br\/ppgarqmae\/wp-content\/uploads\/sites\/153\/2020\/08\/Camilo-45x45.jpg 45w, https:\/\/sites.usp.br\/ppgarqmae\/wp-content\/uploads\/sites\/153\/2020\/08\/Camilo-200x200.jpg 200w\" sizes=\"(max-width: 150px) 100vw, 150px\" \/><\/a><strong>Camilo de Mello Vasconcellos<\/strong><\/p>\n<p>cmvasco@usp.br<\/p>\n<p><a href=\"http:\/\/buscatextual.cnpq.br\/buscatextual\/visualizacv.do?id=K4704240U8\">CV<\/a><\/p>\n<p>Laborat\u00f3rio: <a href=\"http:\/\/sites.usp.br\/lapemal\">LAPEMAL<\/a><\/p>\n<p>&nbsp;<\/p>\n<p><a href=\"https:\/\/sites.usp.br\/ppgarqmae\/wp-content\/uploads\/sites\/153\/2015\/06\/edu.png\"><img loading=\"lazy\" decoding=\"async\" class=\"wp-image-1088 alignleft\" src=\"https:\/\/sites.usp.br\/ppgarqmae\/wp-content\/uploads\/sites\/153\/2015\/06\/edu.png\" alt=\"\" width=\"150\" height=\"185\" data-id=\"1088\" \/><\/a><strong>Eduardo G\u00f3es Neves<\/strong><\/p>\n<p>edgneves@usp.br<\/p>\n<p><a href=\"http:\/\/buscatextual.cnpq.br\/buscatextual\/visualizacv.do?metodo=apresentar&amp;id=K4781662D6\">CV<\/a><\/p>\n<p>Laborat\u00f3rio: ARQUEOTROP<\/p>\n<p>&nbsp;<\/p>\n<p>&nbsp;<\/p>\n<p><a href=\"https:\/\/sites.usp.br\/ppgarqmae\/wp-content\/uploads\/sites\/153\/2020\/08\/foto-site-PPGArq-Fabi\u0301ola.jpg\"><img loading=\"lazy\" decoding=\"async\" class=\"alignleft wp-image-2141 size-thumbnail\" src=\"https:\/\/sites.usp.br\/ppgarqmae\/wp-content\/uploads\/sites\/153\/2020\/08\/foto-site-PPGArq-Fabi\u0301ola-150x150.jpg\" alt=\"\" width=\"150\" height=\"150\" data-id=\"2141\" srcset=\"https:\/\/sites.usp.br\/ppgarqmae\/wp-content\/uploads\/sites\/153\/2020\/08\/foto-site-PPGArq-Fabi\u0301ola-150x150.jpg 150w, https:\/\/sites.usp.br\/ppgarqmae\/wp-content\/uploads\/sites\/153\/2020\/08\/foto-site-PPGArq-Fabi\u0301ola-64x64.jpg 64w, https:\/\/sites.usp.br\/ppgarqmae\/wp-content\/uploads\/sites\/153\/2020\/08\/foto-site-PPGArq-Fabi\u0301ola-45x45.jpg 45w, https:\/\/sites.usp.br\/ppgarqmae\/wp-content\/uploads\/sites\/153\/2020\/08\/foto-site-PPGArq-Fabi\u0301ola-200x200.jpg 200w\" sizes=\"(max-width: 150px) 100vw, 150px\" \/><\/a><strong>Fab\u00edola Andrea Silva<\/strong><\/p>\n<p>faandrea@usp.br<\/p>\n<p><a href=\"http:\/\/buscatextual.cnpq.br\/buscatextual\/visualizacv.do?metodo=apresentar&amp;id=K4782769U3\">CV<\/a><\/p>\n<p>Laborat\u00f3rio: <a href=\"https:\/\/linttusp.wixsite.com\/linttusp\/\">LINTT<\/a><\/p>\n<p>&nbsp;<\/p>\n<p><a href=\"https:\/\/sites.usp.br\/ppgarqmae\/wp-content\/uploads\/sites\/153\/2020\/08\/Jennifer.jpg\"><img loading=\"lazy\" decoding=\"async\" class=\"alignleft wp-image-2073 size-thumbnail\" src=\"https:\/\/sites.usp.br\/ppgarqmae\/wp-content\/uploads\/sites\/153\/2020\/08\/Jennifer-150x150.jpg\" alt=\"\" width=\"150\" height=\"150\" data-id=\"2073\" srcset=\"https:\/\/sites.usp.br\/ppgarqmae\/wp-content\/uploads\/sites\/153\/2020\/08\/Jennifer-150x150.jpg 150w, https:\/\/sites.usp.br\/ppgarqmae\/wp-content\/uploads\/sites\/153\/2020\/08\/Jennifer-64x64.jpg 64w, https:\/\/sites.usp.br\/ppgarqmae\/wp-content\/uploads\/sites\/153\/2020\/08\/Jennifer-45x45.jpg 45w, https:\/\/sites.usp.br\/ppgarqmae\/wp-content\/uploads\/sites\/153\/2020\/08\/Jennifer-200x200.jpg 200w\" sizes=\"(max-width: 150px) 100vw, 150px\" \/><\/a><strong>Jennifer Watling<\/strong><\/p>\n<p><a>jwatling@usp.br<\/a><\/p>\n<p><a href=\"http:\/\/buscatextual.cnpq.br\/buscatextual\/visualizacv.do?id=K8533304A5\">CV<\/a><\/p>\n<p>Laborat\u00f3rio: ARQUEOTROP \/ <a href=\"https:\/\/sites.usp.br\/labmicro\/\">LabMicro<\/a><\/p>\n<p>&nbsp;<\/p>\n<p><img loading=\"lazy\" decoding=\"async\" class=\"alignleft wp-image-1093 size-thumbnail\" src=\"https:\/\/sites.usp.br\/ppgarqmae\/wp-content\/uploads\/sites\/153\/2015\/06\/levy-150x131.jpg\" alt=\"\" width=\"150\" height=\"131\" data-id=\"1093\" \/><\/p>\n<p><strong>Levy Figuti<\/strong><\/p>\n<p>lfiguti@usp.br<\/p>\n<p><a href=\"http:\/\/buscatextual.cnpq.br\/buscatextual\/visualizacv.do?id=K4721136P6\">CV<\/a><\/p>\n<p>Laborat\u00f3rio: LEZB<\/p>\n<p>&nbsp;<\/p>\n<p><img loading=\"lazy\" decoding=\"async\" class=\"wp-image-1097 size-thumbnail alignleft\" src=\"https:\/\/sites.usp.br\/ppgarqmae\/wp-content\/uploads\/sites\/153\/2015\/06\/kormikiari-150x150.jpg\" alt=\"\" width=\"150\" height=\"150\" data-id=\"1097\" srcset=\"https:\/\/sites.usp.br\/ppgarqmae\/wp-content\/uploads\/sites\/153\/2015\/06\/kormikiari-150x150.jpg 150w, https:\/\/sites.usp.br\/ppgarqmae\/wp-content\/uploads\/sites\/153\/2015\/06\/kormikiari-45x45.jpg 45w, https:\/\/sites.usp.br\/ppgarqmae\/wp-content\/uploads\/sites\/153\/2015\/06\/kormikiari-200x200.jpg 200w\" sizes=\"(max-width: 150px) 100vw, 150px\" \/><strong>Maria Cristina N. Kormikiari<br \/>\n<\/strong><\/p>\n<p>tanit@usp.br<\/p>\n<p><a href=\"http:\/\/buscatextual.cnpq.br\/buscatextual\/visualizacv.do?id=K4732201T9\">CV<\/a><\/p>\n<p>Laborat\u00f3rio: <a href=\"http:\/\/labeca.mae.usp.br\">LABECA<\/a><\/p>\n<p>&nbsp;<\/p>\n<p><a href=\"https:\/\/sites.usp.br\/ppgarqmae\/wp-content\/uploads\/sites\/153\/2024\/06\/foto_c_bruno.jpg\"><img loading=\"lazy\" decoding=\"async\" class=\"wp-image-1088 alignleft\" src=\"https:\/\/sites.usp.br\/ppgarqmae\/wp-content\/uploads\/sites\/153\/2024\/06\/foto_c_bruno.jpg\" alt=\"\" width=\"150\" height=\"185\" data-id=\"1088\" \/><\/a><strong>Maria Cristina O. Bruno<\/strong><\/p>\n<p>mcobruno@usp.br<\/p>\n<p><a href=\"http:\/\/buscatextual.cnpq.br\/buscatextual\/visualizacv.do?metodo=apresentar&amp;id=K4783922J5\">CV<\/a><\/p>\n<p>Laborat\u00f3rio: LAPECOMUS<\/p>\n<p>&nbsp;<\/p>\n<p><a href=\"https:\/\/sites.usp.br\/ppgarqmae\/wp-content\/uploads\/sites\/153\/2015\/06\/nenhum.jpg\"><img loading=\"lazy\" decoding=\"async\" class=\"alignleft wp-image-1095\" src=\"https:\/\/sites.usp.br\/ppgarqmae\/wp-content\/uploads\/sites\/153\/2015\/06\/nenhum.jpg\" alt=\"\" width=\"150\" height=\"156\" data-id=\"1095\" \/><\/a><strong>Maria Isabel D&#8217;Agostino Fleming<\/strong><\/p>\n<p>mi.fleming@usp.br<\/p>\n<p><a href=\"http:\/\/buscatextual.cnpq.br\/buscatextual\/visualizacv.do?id=K4783209Z8\">CV<\/a><\/p>\n<p>Laborat\u00f3rio: <a href=\"http:\/\/www.larp.mae.usp.br\">LARP<\/a><\/p>\n<p>&nbsp;<\/p>\n<p><a href=\"https:\/\/sites.usp.br\/ppgarqmae\/wp-content\/uploads\/sites\/153\/2024\/03\/laria-luisa-scaled.jpg\"><img loading=\"lazy\" decoding=\"async\" class=\"size-thumbnail wp-image-3541 alignleft\" src=\"https:\/\/sites.usp.br\/ppgarqmae\/wp-content\/uploads\/sites\/153\/2024\/03\/laria-luisa-150x150.jpg\" alt=\"\" width=\"150\" height=\"150\" data-id=\"3541\" srcset=\"https:\/\/sites.usp.br\/ppgarqmae\/wp-content\/uploads\/sites\/153\/2024\/03\/laria-luisa-150x150.jpg 150w, https:\/\/sites.usp.br\/ppgarqmae\/wp-content\/uploads\/sites\/153\/2024\/03\/laria-luisa-64x64.jpg 64w, https:\/\/sites.usp.br\/ppgarqmae\/wp-content\/uploads\/sites\/153\/2024\/03\/laria-luisa-45x45.jpg 45w, https:\/\/sites.usp.br\/ppgarqmae\/wp-content\/uploads\/sites\/153\/2024\/03\/laria-luisa-200x200.jpg 200w\" sizes=\"(max-width: 150px) 100vw, 150px\" \/><\/a><strong>Mar\u00eda Luisa de Souza Lucas<\/strong><\/p>\n<p>mlucas@usp.br<\/p>\n<p><a href=\"http:\/\/lattes.cnpq.br\/0488277826541480\">CV<\/a><\/p>\n<p>&nbsp;<\/p>\n<p>&nbsp;<\/p>\n<p><a href=\"https:\/\/sites.usp.br\/ppgarqmae\/wp-content\/uploads\/sites\/153\/2015\/06\/nenhum.jpg\"><img loading=\"lazy\" decoding=\"async\" class=\"alignleft wp-image-1095\" src=\"https:\/\/sites.usp.br\/ppgarqmae\/wp-content\/uploads\/sites\/153\/2015\/06\/nenhum.jpg\" alt=\"\" width=\"150\" height=\"156\" data-id=\"1095\" \/><\/a><strong>Mar\u00edlia Xavier Cury<\/strong><\/p>\n<p>maxavier@usp.br<\/p>\n<p><a href=\"http:\/\/buscatextual.cnpq.br\/buscatextual\/visualizacv.do?id=K4738539Y1\">CV<\/a><\/p>\n<p>Laborat\u00f3rio: INTERMUSEOLOGIAS<\/p>\n<p>&nbsp;<\/p>\n<p><a href=\"https:\/\/sites.usp.br\/ppgarqmae\/wp-content\/uploads\/sites\/153\/2015\/06\/nenhum.jpg\"><img loading=\"lazy\" decoding=\"async\" class=\"alignleft wp-image-1095\" src=\"https:\/\/sites.usp.br\/ppgarqmae\/wp-content\/uploads\/sites\/153\/2015\/06\/nenhum.jpg\" alt=\"\" width=\"150\" height=\"156\" data-id=\"1095\" \/><\/a><strong>Paulo DeBlasis<\/strong><\/p>\n<p>deblasis@usp.br<\/p>\n<p><a href=\"http:\/\/buscatextual.cnpq.br\/buscatextual\/visualizacv.do?id=K4785722E5\">CV<\/a><\/p>\n<p>&nbsp;<\/p>\n<p>&nbsp;<\/p>\n<p><img loading=\"lazy\" decoding=\"async\" class=\"wp-image-1099 size-thumbnail alignleft\" src=\"https:\/\/sites.usp.br\/ppgarqmae\/wp-content\/uploads\/sites\/153\/2015\/06\/vagner-150x150.jpg\" alt=\"\" width=\"150\" height=\"150\" data-id=\"1099\" srcset=\"https:\/\/sites.usp.br\/ppgarqmae\/wp-content\/uploads\/sites\/153\/2015\/06\/vagner-150x150.jpg 150w, https:\/\/sites.usp.br\/ppgarqmae\/wp-content\/uploads\/sites\/153\/2015\/06\/vagner-300x300.jpg 300w, https:\/\/sites.usp.br\/ppgarqmae\/wp-content\/uploads\/sites\/153\/2015\/06\/vagner-45x45.jpg 45w, https:\/\/sites.usp.br\/ppgarqmae\/wp-content\/uploads\/sites\/153\/2015\/06\/vagner-200x200.jpg 200w, https:\/\/sites.usp.br\/ppgarqmae\/wp-content\/uploads\/sites\/153\/2015\/06\/vagner-400x400.jpg 400w, https:\/\/sites.usp.br\/ppgarqmae\/wp-content\/uploads\/sites\/153\/2015\/06\/vagner.jpg 475w\" sizes=\"(max-width: 150px) 100vw, 150px\" \/><strong>Vagner Carvalheiro Porto<\/strong><\/p>\n<p>vagnerporto@usp.br<\/p>\n<p><a href=\"http:\/\/buscatextual.cnpq.br\/buscatextual\/visualizacv.do?id=K4701203Y4\">CV<\/a><\/p>\n<p>Laborat\u00f3rio: <a href=\"http:\/\/www.larp.mae.usp.br\">LARP<\/a><\/p>\n<p>&nbsp;<\/p>\n<p><a href=\"https:\/\/sites.usp.br\/ppgarqmae\/wp-content\/uploads\/sites\/153\/2020\/08\/Veronica.jpg\"><img loading=\"lazy\" decoding=\"async\" class=\"alignleft wp-image-2199 size-thumbnail\" src=\"https:\/\/sites.usp.br\/ppgarqmae\/wp-content\/uploads\/sites\/153\/2020\/08\/Veronica-150x150.jpg\" alt=\"\" width=\"150\" height=\"150\" data-id=\"2199\" srcset=\"https:\/\/sites.usp.br\/ppgarqmae\/wp-content\/uploads\/sites\/153\/2020\/08\/Veronica-150x150.jpg 150w, https:\/\/sites.usp.br\/ppgarqmae\/wp-content\/uploads\/sites\/153\/2020\/08\/Veronica-64x64.jpg 64w, https:\/\/sites.usp.br\/ppgarqmae\/wp-content\/uploads\/sites\/153\/2020\/08\/Veronica-45x45.jpg 45w, https:\/\/sites.usp.br\/ppgarqmae\/wp-content\/uploads\/sites\/153\/2020\/08\/Veronica-200x200.jpg 200w\" sizes=\"(max-width: 150px) 100vw, 150px\" \/><\/a><strong>Ver\u00f4nica Wesolowski<\/strong><\/p>\n<p>wesowski@usp.br<\/p>\n<p><a href=\"http:\/\/buscatextual.cnpq.br\/buscatextual\/visualizacv.do?id=K4797039A6\">CV<\/a><\/p>\n<p>Laborat\u00f3rio: LEZB<\/p>\n<p>&nbsp;<\/p>\n<p><strong><a href=\"https:\/\/sites.usp.br\/ppgarqmae\/wp-content\/uploads\/sites\/153\/2025\/01\/Foto-Ximena-KAAK-2025-scaled.jpg\"><img loading=\"lazy\" decoding=\"async\" class=\"alignleft wp-image-3789 size-thumbnail\" src=\"https:\/\/sites.usp.br\/ppgarqmae\/wp-content\/uploads\/sites\/153\/2025\/01\/Foto-Ximena-KAAK-2025-scaled-e1737984748582-150x150.jpg\" alt=\"\" width=\"150\" height=\"150\" data-id=\"3789\" srcset=\"https:\/\/sites.usp.br\/ppgarqmae\/wp-content\/uploads\/sites\/153\/2025\/01\/Foto-Ximena-KAAK-2025-scaled-e1737984748582-150x150.jpg 150w, https:\/\/sites.usp.br\/ppgarqmae\/wp-content\/uploads\/sites\/153\/2025\/01\/Foto-Ximena-KAAK-2025-scaled-e1737984748582-64x64.jpg 64w, https:\/\/sites.usp.br\/ppgarqmae\/wp-content\/uploads\/sites\/153\/2025\/01\/Foto-Ximena-KAAK-2025-scaled-e1737984748582-45x45.jpg 45w, https:\/\/sites.usp.br\/ppgarqmae\/wp-content\/uploads\/sites\/153\/2025\/01\/Foto-Ximena-KAAK-2025-scaled-e1737984748582-200x200.jpg 200w\" sizes=\"(max-width: 150px) 100vw, 150px\" \/><\/a>Ximena Suarez Villagran<\/strong><\/p>\n<p>villagran@usp.br<\/p>\n<p><a href=\"http:\/\/buscatextual.cnpq.br\/buscatextual\/visualizacv.do?id=K4138539T3\">CV<\/a><\/p>\n<p>Laborat\u00f3rio: <a href=\"https:\/\/sites.usp.br\/labmicro\/\">LabMicro<\/a><\/p>\n<p>&nbsp;<\/p>\n<p><strong>ORIENTADORES\/AS COLABORADORES\/AS<\/strong><\/p>\n<p><a href=\"https:\/\/sites.usp.br\/ppgarqmae\/wp-content\/uploads\/sites\/153\/2022\/05\/Marcia-Arcuri.png\"><img loading=\"lazy\" decoding=\"async\" class=\"size-thumbnail wp-image-2992 alignleft\" src=\"https:\/\/sites.usp.br\/ppgarqmae\/wp-content\/uploads\/sites\/153\/2022\/05\/Marcia-Arcuri-150x150.png\" alt=\"\" width=\"150\" height=\"150\" data-id=\"2992\" srcset=\"https:\/\/sites.usp.br\/ppgarqmae\/wp-content\/uploads\/sites\/153\/2022\/05\/Marcia-Arcuri-150x150.png 150w, https:\/\/sites.usp.br\/ppgarqmae\/wp-content\/uploads\/sites\/153\/2022\/05\/Marcia-Arcuri-64x64.png 64w, https:\/\/sites.usp.br\/ppgarqmae\/wp-content\/uploads\/sites\/153\/2022\/05\/Marcia-Arcuri-45x45.png 45w\" sizes=\"(max-width: 150px) 100vw, 150px\" \/><\/a><strong>M\u00e1rcia Arcuri<br \/>\n<\/strong><\/p>\n<p>marcuri@usp.br<\/p>\n<p><a href=\"http:\/\/buscatextual.cnpq.br\/buscatextual\/visualizacv.do?metodo=apresentar&amp;id=K4763071Y5\">CV<\/a><\/p>\n<p>&nbsp;<\/p>\n<p>&nbsp;<\/p>\n<p><a href=\"https:\/\/sites.usp.br\/ppgarqmae\/wp-content\/uploads\/sites\/153\/2022\/05\/Luis-Symanski-foto.jpg\"><img loading=\"lazy\" decoding=\"async\" class=\"size-thumbnail wp-image-3000 alignleft\" src=\"https:\/\/sites.usp.br\/ppgarqmae\/wp-content\/uploads\/sites\/153\/2022\/05\/Luis-Symanski-foto-150x150.jpg\" alt=\"\" width=\"150\" height=\"150\" data-id=\"3000\" srcset=\"https:\/\/sites.usp.br\/ppgarqmae\/wp-content\/uploads\/sites\/153\/2022\/05\/Luis-Symanski-foto-150x150.jpg 150w, https:\/\/sites.usp.br\/ppgarqmae\/wp-content\/uploads\/sites\/153\/2022\/05\/Luis-Symanski-foto-64x64.jpg 64w, https:\/\/sites.usp.br\/ppgarqmae\/wp-content\/uploads\/sites\/153\/2022\/05\/Luis-Symanski-foto-45x45.jpg 45w, https:\/\/sites.usp.br\/ppgarqmae\/wp-content\/uploads\/sites\/153\/2022\/05\/Luis-Symanski-foto-200x200.jpg 200w\" sizes=\"(max-width: 150px) 100vw, 150px\" \/><\/a><strong>Luis C. P. Symanski<\/strong><\/p>\n<p>claudiosymanski@gmail.com<\/p>\n<p><a href=\"http:\/\/lattes.cnpq.br\/7541323048519138\">CV<\/a><\/p>\n<p>&nbsp;<\/p>\n<p>&nbsp;<\/p>\n<p><a href=\"https:\/\/sites.usp.br\/ppgarqmae\/wp-content\/uploads\/sites\/153\/2024\/03\/foto_ju-hora.jpeg\"><img loading=\"lazy\" decoding=\"async\" class=\"alignleft wp-image-3528\" src=\"https:\/\/sites.usp.br\/ppgarqmae\/wp-content\/uploads\/sites\/153\/2024\/03\/foto_ju-hora-300x300.jpeg\" alt=\"\" width=\"150\" height=\"150\" data-id=\"3528\" srcset=\"https:\/\/sites.usp.br\/ppgarqmae\/wp-content\/uploads\/sites\/153\/2024\/03\/foto_ju-hora-300x300.jpeg 300w, https:\/\/sites.usp.br\/ppgarqmae\/wp-content\/uploads\/sites\/153\/2024\/03\/foto_ju-hora-150x150.jpeg 150w, https:\/\/sites.usp.br\/ppgarqmae\/wp-content\/uploads\/sites\/153\/2024\/03\/foto_ju-hora-768x768.jpeg 768w, https:\/\/sites.usp.br\/ppgarqmae\/wp-content\/uploads\/sites\/153\/2024\/03\/foto_ju-hora-64x64.jpeg 64w, https:\/\/sites.usp.br\/ppgarqmae\/wp-content\/uploads\/sites\/153\/2024\/03\/foto_ju-hora-45x45.jpeg 45w, https:\/\/sites.usp.br\/ppgarqmae\/wp-content\/uploads\/sites\/153\/2024\/03\/foto_ju-hora-200x200.jpeg 200w, https:\/\/sites.usp.br\/ppgarqmae\/wp-content\/uploads\/sites\/153\/2024\/03\/foto_ju-hora-400x400.jpeg 400w, https:\/\/sites.usp.br\/ppgarqmae\/wp-content\/uploads\/sites\/153\/2024\/03\/foto_ju-hora.jpeg 770w\" sizes=\"(max-width: 150px) 100vw, 150px\" \/><\/a><strong>Juliana Figueira da Hora<\/strong><\/p>\n<p>juliusp10@gmail.com<\/p>\n<p><a href=\"http:\/\/lattes.cnpq.br\/0045452727164092\">CV<\/a><\/p>\n<p>&nbsp;<\/p>\n<p>&nbsp;<\/p>\n<p><a href=\"https:\/\/sites.usp.br\/ppgarqmae\/wp-content\/uploads\/sites\/153\/2024\/11\/foto_fuduli_quadrado.png\"><img loading=\"lazy\" decoding=\"async\" class=\"alignleft wp-image-3528\" src=\"https:\/\/sites.usp.br\/ppgarqmae\/wp-content\/uploads\/sites\/153\/2024\/11\/foto_fuduli_quadrado-300x300.png\" alt=\"\" width=\"150\" height=\"150\" data-id=\"3528\" \/><\/a><strong>Leonardo Fuduli<\/strong><\/p>\n<p>leonardo.fuduli@usp.br<\/p>\n<p><a href=\"http:\/\/lattes.cnpq.br\/5564001320838814\">CV<\/a><\/p>\n<p>&nbsp;<\/p>\n<p>&nbsp;<\/p>\n<p><strong>PROFESSORAS APOSENTADAS<\/strong><\/p>\n<p><a href=\"https:\/\/sites.usp.br\/ppgarqmae\/wp-content\/uploads\/sites\/153\/2020\/08\/Elaine.jpg\"><img loading=\"lazy\" decoding=\"async\" class=\"alignleft wp-image-2087 size-thumbnail\" src=\"https:\/\/sites.usp.br\/ppgarqmae\/wp-content\/uploads\/sites\/153\/2020\/08\/Elaine-150x150.jpg\" alt=\"\" width=\"150\" height=\"150\" data-id=\"2087\" srcset=\"https:\/\/sites.usp.br\/ppgarqmae\/wp-content\/uploads\/sites\/153\/2020\/08\/Elaine.jpg 150w, https:\/\/sites.usp.br\/ppgarqmae\/wp-content\/uploads\/sites\/153\/2020\/08\/Elaine-64x64.jpg 64w, https:\/\/sites.usp.br\/ppgarqmae\/wp-content\/uploads\/sites\/153\/2020\/08\/Elaine-45x45.jpg 45w\" sizes=\"(max-width: 150px) 100vw, 150px\" \/><\/a><strong>Elaine Farias Veloso Hirata<\/strong><\/p>\n<p>ehirata@usp.br<\/p>\n<p><a href=\"http:\/\/lattes.cnpq.br\/5875717196669614\">CV<\/a><\/p>\n<p>Laborat\u00f3rio: <a href=\"http:\/\/labeca.mae.usp.br\">LABECA<\/a><\/p>\n<p>&nbsp;<\/p>\n<p><a href=\"https:\/\/sites.usp.br\/ppgarqmae\/wp-content\/uploads\/sites\/153\/2020\/08\/Perfil-Marcia.png\"><img loading=\"lazy\" decoding=\"async\" class=\"alignleft wp-image-2119 size-thumbnail\" src=\"https:\/\/sites.usp.br\/ppgarqmae\/wp-content\/uploads\/sites\/153\/2020\/08\/Perfil-Marcia-150x150.png\" alt=\"\" width=\"150\" height=\"150\" data-id=\"2119\" srcset=\"https:\/\/sites.usp.br\/ppgarqmae\/wp-content\/uploads\/sites\/153\/2020\/08\/Perfil-Marcia-150x150.png 150w, https:\/\/sites.usp.br\/ppgarqmae\/wp-content\/uploads\/sites\/153\/2020\/08\/Perfil-Marcia-64x64.png 64w, https:\/\/sites.usp.br\/ppgarqmae\/wp-content\/uploads\/sites\/153\/2020\/08\/Perfil-Marcia-45x45.png 45w, https:\/\/sites.usp.br\/ppgarqmae\/wp-content\/uploads\/sites\/153\/2020\/08\/Perfil-Marcia-200x200.png 200w\" sizes=\"(max-width: 150px) 100vw, 150px\" \/><\/a><strong>M\u00e1rcia Angelina Alves<\/strong><\/p>\n<p>alvesma@usp.br<\/p>\n<p><a href=\"http:\/\/buscatextual.cnpq.br\/buscatextual\/visualizacv.do?id=K4786026H8\">CV<\/a><\/p>\n<p>&nbsp;<\/p>\n<p>&nbsp;<\/p>\n<p><a href=\"https:\/\/sites.usp.br\/ppgarqmae\/wp-content\/uploads\/sites\/153\/2020\/08\/Bia.jpg\"><img loading=\"lazy\" decoding=\"async\" class=\"alignleft wp-image-2113 size-thumbnail\" src=\"https:\/\/sites.usp.br\/ppgarqmae\/wp-content\/uploads\/sites\/153\/2020\/08\/Bia-150x150.jpg\" alt=\"\" width=\"150\" height=\"150\" data-id=\"2113\" srcset=\"https:\/\/sites.usp.br\/ppgarqmae\/wp-content\/uploads\/sites\/153\/2020\/08\/Bia-150x150.jpg 150w, https:\/\/sites.usp.br\/ppgarqmae\/wp-content\/uploads\/sites\/153\/2020\/08\/Bia-64x64.jpg 64w, https:\/\/sites.usp.br\/ppgarqmae\/wp-content\/uploads\/sites\/153\/2020\/08\/Bia-45x45.jpg 45w, https:\/\/sites.usp.br\/ppgarqmae\/wp-content\/uploads\/sites\/153\/2020\/08\/Bia-200x200.jpg 200w\" sizes=\"(max-width: 150px) 100vw, 150px\" \/><\/a><strong>Maria Beatriz Borba Florenzano<\/strong><\/p>\n<p>florenza@usp.br<\/p>\n<p><a href=\"http:\/\/buscatextual.cnpq.br\/buscatextual\/visualizacv.do?id=K4783896A6\">CV<\/a><\/p>\n<p>Laborat\u00f3rio: <a href=\"http:\/\/labeca.mae.usp.br\">LABECA<\/a><\/p>\n<p>&nbsp;<\/p>\n<p><img loading=\"lazy\" decoding=\"async\" class=\"size-thumbnail wp-image-1092 alignleft\" src=\"https:\/\/sites.usp.br\/ppgarqmae\/wp-content\/uploads\/sites\/153\/2015\/06\/haiga-150x150.jpg\" alt=\"\" width=\"150\" height=\"150\" data-id=\"1092\" srcset=\"https:\/\/sites.usp.br\/ppgarqmae\/wp-content\/uploads\/sites\/153\/2015\/06\/haiga-150x150.jpg 150w, https:\/\/sites.usp.br\/ppgarqmae\/wp-content\/uploads\/sites\/153\/2015\/06\/haiga-45x45.jpg 45w, https:\/\/sites.usp.br\/ppgarqmae\/wp-content\/uploads\/sites\/153\/2015\/06\/haiga-200x200.jpg 200w\" sizes=\"(max-width: 150px) 100vw, 150px\" \/><strong>Haiganuch Sarian<\/strong><\/p>\n<p>haigasarian@usp.br<\/p>\n<p><a href=\"http:\/\/lattes.cnpq.br\/3670941143366964\">CV<\/a><\/p>\n","protected":false},"excerpt":{"rendered":"<p>ORIENTADORES\/AS PERMANENTES Andr\u00e9 Menezes Strauss strauss@usp.br CV Laborat\u00f3rio: LAAAE &nbsp; Astolfo Gomes de Mello Araujo astwolfo@usp.br CV Laborat\u00f3rio: LEVOC &nbsp; Camilo de Mello Vasconcellos cmvasco@usp.br CV Laborat\u00f3rio: LAPEMAL &nbsp; Eduardo G\u00f3es Neves edgneves@usp.br CV Laborat\u00f3rio: ARQUEOTROP &nbsp; &nbsp; Fab\u00edola Andrea Silva faandrea@usp.br CV Laborat\u00f3rio: LINTT &nbsp; Jennifer Watling jwatling@usp.br CV Laborat\u00f3rio: ARQUEOTROP \/ LabMicro &nbsp; Levy Figuti lfiguti@usp.br CV Laborat\u00f3rio: LEZB &nbsp; Maria Cristina N. Kormikiari tanit@usp.br CV Laborat\u00f3rio: LABECA &nbsp; Maria Cristina O. Bruno mcobruno@usp.br CV Laborat\u00f3rio: LAPECOMUS &nbsp; Maria Isabel D&#8217;Agostino Fleming mi.fleming@usp.br CV Laborat\u00f3rio: LARP &nbsp; Mar\u00eda Luisa de Souza Lucas mlucas@usp.br CV &nbsp; &nbsp; Mar\u00edlia Xavier Cury maxavier@usp.br CV Laborat\u00f3rio: INTERMUSEOLOGIAS &nbsp; Paulo DeBlasis deblasis@usp.br CV &nbsp; &nbsp; Vagner Carvalheiro Porto vagnerporto@usp.br CV Laborat\u00f3rio: LARP &nbsp; Ver\u00f4nica Wesolowski wesowski@usp.br CV Laborat\u00f3rio: LEZB &nbsp; Ximena Suarez Villagran villagran@usp.br CV Laborat\u00f3rio: LabMicro &nbsp; ORIENTADORES\/AS COLABORADORES\/AS M\u00e1rcia Arcuri marcuri@usp.br CV &nbsp; &nbsp; Luis C. P. Symanski claudiosymanski@gmail.com CV &nbsp; &nbsp; Juliana Figueira da Hora juliusp10@gmail.com CV &nbsp; &nbsp; Leonardo Fuduli leonardo.fuduli@usp.br CV &nbsp; &nbsp; PROFESSORAS APOSENTADAS Elaine Farias Veloso Hirata ehirata@usp.br CV Laborat\u00f3rio: LABECA &nbsp; M\u00e1rcia Angelina Alves alvesma@usp.br CV &nbsp; &nbsp; Maria Beatriz Borba Florenzano florenza@usp.br CV Laborat\u00f3rio: LABECA &nbsp; Haiganuch Sarian haigasarian@usp.br CV<\/p>\n","protected":false},"author":118,"featured_media":0,"parent":0,"menu_order":0,"comment_status":"closed","ping_status":"closed","template":"page-full.php","meta":{"_monsterinsights_skip_tracking":false,"_monsterinsights_sitenote_active":false,"_monsterinsights_sitenote_note":"","_monsterinsights_sitenote_category":0,"footnotes":"","_links_to":"","_links_to_target":""},"class_list":["post-328","page","type-page","status-publish","hentry"],"_links":{"self":[{"href":"https:\/\/sites.usp.br\/ppgarqmae\/wp-json\/wp\/v2\/pages\/328","targetHints":{"allow":["GET"]}}],"collection":[{"href":"https:\/\/sites.usp.br\/ppgarqmae\/wp-json\/wp\/v2\/pages"}],"about":[{"href":"https:\/\/sites.usp.br\/ppgarqmae\/wp-json\/wp\/v2\/types\/page"}],"author":[{"embeddable":true,"href":"https:\/\/sites.usp.br\/ppgarqmae\/wp-json\/wp\/v2\/users\/118"}],"replies":[{"embeddable":true,"href":"https:\/\/sites.usp.br\/ppgarqmae\/wp-json\/wp\/v2\/comments?post=328"}],"version-history":[{"count":10,"href":"https:\/\/sites.usp.br\/ppgarqmae\/wp-json\/wp\/v2\/pages\/328\/revisions"}],"predecessor-version":[{"id":3790,"href":"https:\/\/sites.usp.br\/ppgarqmae\/wp-json\/wp\/v2\/pages\/328\/revisions\/3790"}],"wp:attachment":[{"href":"https:\/\/sites.usp.br\/ppgarqmae\/wp-json\/wp\/v2\/media?parent=328"}],"curies":[{"name":"wp","href":"https:\/\/api.w.org\/{rel}","templated":true}]}}