{"id":3343,"date":"2023-08-16T12:45:19","date_gmt":"2023-08-16T15:45:19","guid":{"rendered":"https:\/\/sites.usp.br\/ppgarqmae\/?page_id=3343"},"modified":"2023-08-16T12:47:07","modified_gmt":"2023-08-16T15:47:07","slug":"cursos-de-idiomas-aucani","status":"publish","type":"page","link":"https:\/\/sites.usp.br\/ppgarqmae\/cursos-de-idiomas-aucani\/","title":{"rendered":"Cursos de idiomas &#8211; AUCANI"},"content":{"rendered":"<p><strong>Language Education Programme<\/strong><\/p>\n<p>O Programa\u00a0<strong><em>Educa\u00e7\u00e3o em L\u00ednguas na USP \u2013 Language Education Programme at USP<\/em><\/strong>\u00a0tem por objetivo a capacita\u00e7\u00e3o lingu\u00edstica dos alunos de gradua\u00e7\u00e3o e a forma\u00e7\u00e3o transcultural\u00a0de alunos de p\u00f3s-gradua\u00e7\u00e3o da USP.<\/p>\n<p>O programa \u00e9 promovido pela Ag\u00eancia USP de Coopera\u00e7\u00e3o Acad\u00eamica Nacional e Internacional (AUCANI) em parceria com o Programa de P\u00f3s-gradua\u00e7\u00e3o \u201cEstudos lingu\u00edsticos e liter\u00e1rios em ingl\u00eas\u201d, da Faculdade de Filosofia, Letras e Ci\u00eancias Humanas (FFLCH).\u00a0Sua finalidade \u00e9 potencializar a atua\u00e7\u00e3o dos alunos em l\u00edngua inglesa e viabilizar sua participa\u00e7\u00e3o nas diversas oportunidades acad\u00eamicas internacionais.<\/p>\n<p>Esta iniciativa inovadora\u00a0promove tamb\u00e9m a coopera\u00e7\u00e3o internacional entre Programas de P\u00f3s-gradua\u00e7\u00e3o desenvolvendo pesquisa na \u00e1rea de educa\u00e7\u00e3o lingu\u00edstica em contextos transculturais,\u00a0contando com a participa\u00e7\u00e3o de p\u00f3s-graduandos e professores orientadores da USP e de universidades do Reino Unido.<\/p>\n<p>Confira os \u00faltimos editais lan\u00e7ados pelo programa <a href=\"https:\/\/internationaloffice.usp.br\/index.php\/category\/editais\/editais-idiomas\/\">aqui<\/a>.<\/p>\n<p>Tire as suas d\u00favidas sobre os cursos oferecidos pela AUCANI <a href=\"https:\/\/internationaloffice.usp.br\/index.php\/cursos\/aucani-idiomas\/faq-aucani-idiomas\/\">aqui<\/a>.<\/p>\n<p>Para quaisquer d\u00favidas sobre o programa, escreva para\u00a0<a href=\"mailto: aucani.idiomas@usp.br\">aucani.idiomas@usp.br<\/a>.<\/p>\n","protected":false},"excerpt":{"rendered":"<p>Language Education Programme O Programa\u00a0Educa\u00e7\u00e3o em L\u00ednguas na USP \u2013 Language Education Programme at USP\u00a0tem por objetivo a capacita\u00e7\u00e3o lingu\u00edstica dos alunos de gradua\u00e7\u00e3o e a forma\u00e7\u00e3o transcultural\u00a0de alunos de p\u00f3s-gradua\u00e7\u00e3o da USP. O programa \u00e9 promovido pela Ag\u00eancia USP de Coopera\u00e7\u00e3o Acad\u00eamica Nacional e Internacional (AUCANI) em parceria com o Programa de P\u00f3s-gradua\u00e7\u00e3o \u201cEstudos lingu\u00edsticos e liter\u00e1rios em ingl\u00eas\u201d, da Faculdade de Filosofia, Letras e Ci\u00eancias Humanas (FFLCH).\u00a0Sua finalidade \u00e9 potencializar a atua\u00e7\u00e3o dos alunos em l\u00edngua inglesa e viabilizar sua participa\u00e7\u00e3o nas diversas oportunidades acad\u00eamicas internacionais. Esta iniciativa inovadora\u00a0promove tamb\u00e9m a coopera\u00e7\u00e3o internacional entre Programas de P\u00f3s-gradua\u00e7\u00e3o desenvolvendo pesquisa na \u00e1rea de educa\u00e7\u00e3o lingu\u00edstica em contextos transculturais,\u00a0contando com a participa\u00e7\u00e3o de p\u00f3s-graduandos e professores orientadores da USP e de universidades do Reino Unido. Confira os \u00faltimos editais lan\u00e7ados pelo programa aqui. Tire as suas d\u00favidas sobre os cursos oferecidos pela AUCANI aqui. Para quaisquer d\u00favidas sobre o programa, escreva para\u00a0aucani.idiomas@usp.br.<\/p>\n","protected":false},"author":845,"featured_media":0,"parent":0,"menu_order":0,"comment_status":"closed","ping_status":"closed","template":"page-full.php","meta":{"_monsterinsights_skip_tracking":false,"_monsterinsights_sitenote_active":false,"_monsterinsights_sitenote_note":"","_monsterinsights_sitenote_category":0,"footnotes":"","_links_to":"","_links_to_target":""},"class_list":["post-3343","page","type-page","status-publish","hentry"],"_links":{"self":[{"href":"https:\/\/sites.usp.br\/ppgarqmae\/wp-json\/wp\/v2\/pages\/3343","targetHints":{"allow":["GET"]}}],"collection":[{"href":"https:\/\/sites.usp.br\/ppgarqmae\/wp-json\/wp\/v2\/pages"}],"about":[{"href":"https:\/\/sites.usp.br\/ppgarqmae\/wp-json\/wp\/v2\/types\/page"}],"author":[{"embeddable":true,"href":"https:\/\/sites.usp.br\/ppgarqmae\/wp-json\/wp\/v2\/users\/845"}],"replies":[{"embeddable":true,"href":"https:\/\/sites.usp.br\/ppgarqmae\/wp-json\/wp\/v2\/comments?post=3343"}],"version-history":[{"count":1,"href":"https:\/\/sites.usp.br\/ppgarqmae\/wp-json\/wp\/v2\/pages\/3343\/revisions"}],"predecessor-version":[{"id":3344,"href":"https:\/\/sites.usp.br\/ppgarqmae\/wp-json\/wp\/v2\/pages\/3343\/revisions\/3344"}],"wp:attachment":[{"href":"https:\/\/sites.usp.br\/ppgarqmae\/wp-json\/wp\/v2\/media?parent=3343"}],"curies":[{"name":"wp","href":"https:\/\/api.w.org\/{rel}","templated":true}]}}