{"id":3349,"date":"2023-08-18T12:44:46","date_gmt":"2023-08-18T15:44:46","guid":{"rendered":"https:\/\/sites.usp.br\/ppgarqmae\/?page_id=3349"},"modified":"2024-08-28T17:37:40","modified_gmt":"2024-08-28T20:37:40","slug":"proficiencia-em-lingua-estrangeira","status":"publish","type":"page","link":"https:\/\/sites.usp.br\/ppgarqmae\/proficiencia-em-lingua-estrangeira\/","title":{"rendered":"Profici\u00eancia em l\u00edngua estrangeira"},"content":{"rendered":"<div class=\"page\" title=\"Page 5\">\n<div class=\"layoutArea\">\n<div class=\"column\">\n<p>A comprova\u00e7\u00e3o de profici\u00eancia em l\u00edngua estrangeira \u00e9 feita no ato da inscri\u00e7\u00e3o para o processo seletivo.<\/p>\n<p>Todas as candidaturas para Mestrado, Doutorado e Doutorado Direto devera\u0303o comprovar a compreensa\u0303o do ingle\u0302s no ato da inscric\u0327a\u0303o.<\/p>\n<p>As candidaturas para Doutorado ou Doutorado Direto devera\u0303o comprovar tambe\u0301m a compreensa\u0303o do espanhol, OU france\u0302s OU italiano no ato da inscric\u0327a\u0303o.<\/p>\n<p>Certificados de proficie\u0302ncia aceitos pelo PPGArq \u2013 MAE\/USP:<\/p>\n<ul>\n<li>Ingle\u0302s: TOEFL IBT (79); TOEFL ITP (550); IELTS (6.0); ESLAT (600); Cambridge FCE ou CAE (B2); Michigan ECCE ou ECPR (intermedia\u0301rio)<\/li>\n<li>France\u0302s: DALF ou DELF ou TCF ou TCF-CAPES (B2)<\/li>\n<li>Espanhol: DELE (B2); SIELE (B2)<\/li>\n<li>Italiano: ProfLS (50%); TESTE DO IIC (B2)<\/li>\n<li>Exame de proficie\u0302ncia em ingle\u0302s, espanhol, france\u0302s ou italiano emitido pelo <strong>Centro Interdepartamental de li\u0301nguas da FFLCH\/ USP<\/strong>. Inscric\u0327o\u0303es pelo site: <a href=\"https:\/\/clinguas.fflch.usp.br\/proficiencia-0\">https:\/\/clinguas.fflch.usp.br\/proficiencia-0<\/a>. Verifique o edital espec\u00edfico para o Programa de Arqueologia na l\u00edngua de interesse. N\u00e3o se aceitam exames feitos em editais para outros programas de p\u00f3s-gradua\u00e7\u00e3o da USP. Obs! No caso de profici\u00eancia em Espanhol, o edital \u00e9 Humanidades.<\/li>\n<li>Exame feito pela <strong>Fuvest<\/strong>. Inscric\u0327o\u0303es pelo site: <a href=\"https:\/\/www.fuvest.br\/proficiencia\">https:\/\/www.fuvest.br\/proficiencia<\/a>.<\/li>\n<li>Candidaturas para Doutorado que sejam egressos do curso de Mestrado do PPGArq \u2013 MAE\/USP tera\u0303o a compreensa\u0303o do ingle\u0302s demonstrada no Mestrado automaticamente validada para o Doutorado e ficam dispensadas da comprovac\u0327a\u0303o da proficie\u0302ncia nessa li\u0301ngua (mas devem comprovar profici\u00eancia em espanhol, franc\u00eas ou italiano).<\/li>\n<li>Estudantes que fizeram Mestrado em outras institui\u00e7\u00f5es podem enviar declarac\u0327a\u0303o emitida pelo Programa de po\u0301s-graduac\u0327a\u0303o no qual se defendeu o Mestrado, com carimbo da secretaria do Programa e assinatura da coordenac\u0327a\u0303o, da aprovac\u0327a\u0303o em exame de proficie\u0302ncia no Mestrado. Deve ser explicitamente mencionada na declarac\u0327a\u0303o a li\u0301ngua na qual o exame de proficie\u0302ncia foi realizado.<\/li>\n<li>Candidaturas estrangeiras que tenham ingle\u0302s, espanhol, france\u0302s ou italiano como li\u0301ngua materna podera\u0303o ser dispensadas do certificado de proficie\u0302ncia na sua pro\u0301pria li\u0301ngua mediante solicitac\u0327a\u0303o a\u0300 CPG (modelo de carta disponi\u0301vel no ANEXO 8 ou no site https:\/\/sites.usp.br\/ppgarqmae\/formularios-para-inscricao\/). A solicitac\u0327a\u0303o devera\u0301 ser enviada antes do peri\u0301odo de inscric\u0327o\u0303es para avaliac\u0327a\u0303o pela CPG. Caso aprovada, a CPG emitira\u0301 uma declarac\u0327a\u0303o de dispensa de comprovac\u0327a\u0303o de proficie\u0302ncia na li\u0301ngua materna que a candidatura devera\u0301 anexar ao formula\u0301rio de inscric\u0327a\u0303o. Nesses caso, enviar no ato da inscri\u00e7\u00e3o, declarac\u0327a\u0303o de dispensa de apresentac\u0327a\u0303o de comprovante de proficie\u0302ncia em sua li\u0301ngua materna (ingle\u0302s, espanhol ou france\u0302s) emitida pela CPG.<\/li>\n<\/ul>\n<\/div>\n<\/div>\n<\/div>\n<div class=\"page\" title=\"Page 6\">\n<div><\/div>\n<\/div>\n","protected":false},"excerpt":{"rendered":"<p>A comprova\u00e7\u00e3o de profici\u00eancia em l\u00edngua estrangeira \u00e9 feita no ato da inscri\u00e7\u00e3o para o processo seletivo. Todas as candidaturas para Mestrado, Doutorado e Doutorado Direto devera\u0303o comprovar a compreensa\u0303o do ingle\u0302s no ato da inscric\u0327a\u0303o. As candidaturas para Doutorado ou Doutorado Direto devera\u0303o comprovar tambe\u0301m a compreensa\u0303o do espanhol, OU france\u0302s OU italiano no ato da inscric\u0327a\u0303o. Certificados de proficie\u0302ncia aceitos pelo PPGArq \u2013 MAE\/USP: Ingle\u0302s: TOEFL IBT (79); TOEFL ITP (550); IELTS (6.0); ESLAT (600); Cambridge FCE ou CAE (B2); Michigan ECCE ou ECPR (intermedia\u0301rio) France\u0302s: DALF ou DELF ou TCF ou TCF-CAPES (B2) Espanhol: DELE (B2); SIELE (B2) Italiano: ProfLS (50%); TESTE DO IIC (B2) Exame de proficie\u0302ncia em ingle\u0302s, espanhol, france\u0302s ou italiano emitido pelo Centro Interdepartamental de li\u0301nguas da FFLCH\/ USP. Inscric\u0327o\u0303es pelo site: https:\/\/clinguas.fflch.usp.br\/proficiencia-0. Verifique o edital espec\u00edfico para o Programa de Arqueologia na l\u00edngua de interesse. N\u00e3o se aceitam exames feitos em editais para outros programas de p\u00f3s-gradua\u00e7\u00e3o da USP. Obs! No caso de profici\u00eancia em Espanhol, o edital \u00e9 Humanidades. Exame feito pela Fuvest. Inscric\u0327o\u0303es pelo site: https:\/\/www.fuvest.br\/proficiencia. Candidaturas para Doutorado que sejam egressos do curso de Mestrado do PPGArq \u2013 MAE\/USP tera\u0303o a compreensa\u0303o do ingle\u0302s demonstrada no Mestrado automaticamente validada [&#8230;]<\/p>\n","protected":false},"author":845,"featured_media":0,"parent":0,"menu_order":0,"comment_status":"closed","ping_status":"closed","template":"page-full.php","meta":{"_monsterinsights_skip_tracking":false,"_monsterinsights_sitenote_active":false,"_monsterinsights_sitenote_note":"","_monsterinsights_sitenote_category":0,"footnotes":"","_links_to":"","_links_to_target":""},"class_list":["post-3349","page","type-page","status-publish","hentry"],"_links":{"self":[{"href":"https:\/\/sites.usp.br\/ppgarqmae\/wp-json\/wp\/v2\/pages\/3349","targetHints":{"allow":["GET"]}}],"collection":[{"href":"https:\/\/sites.usp.br\/ppgarqmae\/wp-json\/wp\/v2\/pages"}],"about":[{"href":"https:\/\/sites.usp.br\/ppgarqmae\/wp-json\/wp\/v2\/types\/page"}],"author":[{"embeddable":true,"href":"https:\/\/sites.usp.br\/ppgarqmae\/wp-json\/wp\/v2\/users\/845"}],"replies":[{"embeddable":true,"href":"https:\/\/sites.usp.br\/ppgarqmae\/wp-json\/wp\/v2\/comments?post=3349"}],"version-history":[{"count":4,"href":"https:\/\/sites.usp.br\/ppgarqmae\/wp-json\/wp\/v2\/pages\/3349\/revisions"}],"predecessor-version":[{"id":3635,"href":"https:\/\/sites.usp.br\/ppgarqmae\/wp-json\/wp\/v2\/pages\/3349\/revisions\/3635"}],"wp:attachment":[{"href":"https:\/\/sites.usp.br\/ppgarqmae\/wp-json\/wp\/v2\/media?parent=3349"}],"curies":[{"name":"wp","href":"https:\/\/api.w.org\/{rel}","templated":true}]}}