{"id":3953,"date":"2025-12-11T08:45:12","date_gmt":"2025-12-11T11:45:12","guid":{"rendered":"https:\/\/sites.usp.br\/ppgarqmae\/?page_id=3953"},"modified":"2025-12-11T08:50:47","modified_gmt":"2025-12-11T11:50:47","slug":"solicitacoes-a-cpg","status":"publish","type":"page","link":"https:\/\/sites.usp.br\/ppgarqmae\/solicitacoes-a-cpg\/","title":{"rendered":"Solicita\u00e7\u00f5es \u00e0 CPG"},"content":{"rendered":"<p><strong>Para estudantes:<\/strong><\/p>\n<p>Todos os pedidos de PRORROGA\u00c7\u00c3O DE PRAZO, \u00a0TRANCAMENTO DE MATRICULA e TRANSFER\u00caNCIA DE ORIENTA\u00c7\u00c3O devem ser avaliados por parecerista interno ao programa antes da aprova\u00e7\u00e3o pela CPG.<\/p>\n<p>Os\/as parecerias t\u00eam at\u00e9 30 dias para emiss\u00e3o do parecer, portanto, os pedidos devem ser enviados com anteced\u00eancia e nunca na v\u00e9spera dos prazos.<\/p>\n<p><strong>Para docentes e pesquisadores:<\/strong><\/p>\n<p>Todos os pedidos de CREDENCIAMENTO E RE-CREDENCIAMENTO DE DISCIPLINA e CREDENCIAMENTO E RE-CREDENCIAMENTO DE ORIENTADORES\/AS PLENOS OU ESPEC\u00cdFICOS, \u00a0devem ser avaliados por parecerista interno ao programa antes da aprova\u00e7\u00e3o pela CPG.<\/p>\n<p>Os\/as parecerias t\u00eam at\u00e9 30 dias para emiss\u00e3o do parecer, portanto, os pedidos devem ser enviados com anteced\u00eancia e nunca na v\u00e9spera dos prazos.<\/p>\n","protected":false},"excerpt":{"rendered":"<p>Para estudantes: Todos os pedidos de PRORROGA\u00c7\u00c3O DE PRAZO, \u00a0TRANCAMENTO DE MATRICULA e TRANSFER\u00caNCIA DE ORIENTA\u00c7\u00c3O devem ser avaliados por parecerista interno ao programa antes da aprova\u00e7\u00e3o pela CPG. Os\/as parecerias t\u00eam at\u00e9 30 dias para emiss\u00e3o do parecer, portanto, os pedidos devem ser enviados com anteced\u00eancia e nunca na v\u00e9spera dos prazos. Para docentes e pesquisadores: Todos os pedidos de CREDENCIAMENTO E RE-CREDENCIAMENTO DE DISCIPLINA e CREDENCIAMENTO E RE-CREDENCIAMENTO DE ORIENTADORES\/AS PLENOS OU ESPEC\u00cdFICOS, \u00a0devem ser avaliados por parecerista interno ao programa antes da aprova\u00e7\u00e3o pela CPG. Os\/as parecerias t\u00eam at\u00e9 30 dias para emiss\u00e3o do parecer, portanto, os pedidos devem ser enviados com anteced\u00eancia e nunca na v\u00e9spera dos prazos.<\/p>\n","protected":false},"author":845,"featured_media":0,"parent":0,"menu_order":0,"comment_status":"closed","ping_status":"closed","template":"elementor_header_footer","meta":{"_monsterinsights_skip_tracking":false,"_monsterinsights_sitenote_active":false,"_monsterinsights_sitenote_note":"","_monsterinsights_sitenote_category":0,"footnotes":"","_links_to":"","_links_to_target":""},"class_list":["post-3953","page","type-page","status-publish","hentry"],"_links":{"self":[{"href":"https:\/\/sites.usp.br\/ppgarqmae\/wp-json\/wp\/v2\/pages\/3953","targetHints":{"allow":["GET"]}}],"collection":[{"href":"https:\/\/sites.usp.br\/ppgarqmae\/wp-json\/wp\/v2\/pages"}],"about":[{"href":"https:\/\/sites.usp.br\/ppgarqmae\/wp-json\/wp\/v2\/types\/page"}],"author":[{"embeddable":true,"href":"https:\/\/sites.usp.br\/ppgarqmae\/wp-json\/wp\/v2\/users\/845"}],"replies":[{"embeddable":true,"href":"https:\/\/sites.usp.br\/ppgarqmae\/wp-json\/wp\/v2\/comments?post=3953"}],"version-history":[{"count":2,"href":"https:\/\/sites.usp.br\/ppgarqmae\/wp-json\/wp\/v2\/pages\/3953\/revisions"}],"predecessor-version":[{"id":3956,"href":"https:\/\/sites.usp.br\/ppgarqmae\/wp-json\/wp\/v2\/pages\/3953\/revisions\/3956"}],"wp:attachment":[{"href":"https:\/\/sites.usp.br\/ppgarqmae\/wp-json\/wp\/v2\/media?parent=3953"}],"curies":[{"name":"wp","href":"https:\/\/api.w.org\/{rel}","templated":true}]}}