{"id":824,"date":"2017-01-31T17:27:16","date_gmt":"2017-01-31T19:27:16","guid":{"rendered":"http:\/\/sites.usp.br\/ppgarqmae\/?page_id=824"},"modified":"2024-03-14T14:01:33","modified_gmt":"2024-03-14T17:01:33","slug":"laboratorios-tematicos","status":"publish","type":"page","link":"https:\/\/sites.usp.br\/ppgarqmae\/laboratorios-tematicos\/","title":{"rendered":"Laborat\u00f3rios Tem\u00e1ticos"},"content":{"rendered":"<p><strong>Laborat\u00f3rio de Arqueologia dos Tr\u00f3picos &#8211; ARQUEOTROP<br \/>\n<\/strong>Coordena\u00e7\u00e3o: Prof. Dr. Eduardo Neves<\/p>\n<p><strong>Laborat\u00f3rio Interfaces entre Museologias &#8211; Comunica\u00e7\u00e3o, Media\u00e7\u00e3o, P\u00fablicos e Recep\u00e7\u00e3o &#8211; INTERMUSEOLOGIAS<br \/>\n<\/strong>Coordena\u00e7\u00e3o: Profa. Dra. Mar\u00edlia Xavier Cury<\/p>\n<p><a href=\"https:\/\/sites.usp.br\/laaae\/\"><strong>Laborat\u00f3rio de Arqueogen\u00e9tica e Antropologia Ambiental e Evolutiva &#8211; LAAAE<\/strong><\/a><br \/>\nCoordena\u00e7\u00e3o: Prof. Dr. Andr\u00e9 Strauss<\/p>\n<p><strong><a href=\"http:\/\/labeca.mae.usp.br\">Laborat\u00f3rio de Estudos sobre a Cidade Antiga &#8211; LABECA<\/a><br \/>\n<\/strong>Coordena\u00e7\u00e3o: Profa. Dra. Maria Cristina Nicolau Kormikiari<\/p>\n<p><strong><a href=\"https:\/\/sites.usp.br\/labmicro\/\">Laborat\u00f3rio de Microarqueologia &#8211; LABMICRO<\/a><br \/>\n<\/strong>Coordena\u00e7\u00e3o: Profa. Dra Ximena S. Villagran &#8211; \u00e1rea de geoarqueologia; Profa. Dra. Jennifer Watling &#8211; \u00e1rea de arqueobot\u00e2nica<\/p>\n<p><strong>Laborat\u00f3rio de Zooarqueologia e Bioarqueologia &#8211; LABZB<br \/>\n<\/strong>Coordena\u00e7\u00e3o: Profs. Drs. Ver\u00f4nica Wesolowski e Levy Figuti<\/p>\n<p><strong>Laborat\u00f3rio de Pesquisas em Comunica\u00e7\u00e3o Museol\u00f3gica &#8211; LAPECOMUS<br \/>\n<\/strong>Coordena\u00e7\u00e3o: Profa. Dra. Maria Cristina Oliveira Bruno<\/p>\n<p><strong>Laborat\u00f3rio de Pesquisas sobre Museus na Am\u00e9rica Latina &#8211; LAPEMAL<br \/>\n<\/strong>Coordena\u00e7\u00e3o: Prof. Dr. Camilo Melo Vasconcellos<\/p>\n<p><strong>Laborat\u00f3rio de Arqueologia da Paisagem e Geoarqueologia &#8211; LAPGEO<br \/>\n<\/strong>Coordena\u00e7\u00e3o: Profa. Dra. Marisa Coutinho Afonso<\/p>\n<p><a href=\"http:\/\/www.larp.mae.usp.br\"><strong>Laborat\u00f3rio de Arqueologia Romana Provincial LARP<\/strong><\/a><br \/>\nCoordena\u00e7\u00e3o: Profa. Dra. Maria Isabel D&#8217;Agostino Fleming e Prof. Dr. Vagner Carvalheiro Porto.<\/p>\n<p><a href=\"https:\/\/levoc.blogspot.com\"><strong>Laborat\u00f3rio Interdisciplinar de Pesquisas em Evolu\u00e7\u00e3o, Cultura e Meio Ambiente &#8211; LEVOC<\/strong><\/a><br \/>\nCoordena\u00e7\u00e3o: Prof. Dr. Astolfo Gomes de Mello Araujo<\/p>\n<p><a href=\"https:\/\/linttusp.wixsite.com\/linttusp\/\"><strong>Laborat\u00f3rio de Estudos Interdisciplinares sobre Tecnologia e Territ\u00f3rio &#8211; LINTT<\/strong><\/a><br \/>\nCoordena\u00e7\u00e3o: Profa. Dra. Fabiola Andr\u00e9a Silva<\/p>\n","protected":false},"excerpt":{"rendered":"<p>Laborat\u00f3rio de Arqueologia dos Tr\u00f3picos &#8211; ARQUEOTROP Coordena\u00e7\u00e3o: Prof. Dr. Eduardo Neves Laborat\u00f3rio Interfaces entre Museologias &#8211; Comunica\u00e7\u00e3o, Media\u00e7\u00e3o, P\u00fablicos e Recep\u00e7\u00e3o &#8211; INTERMUSEOLOGIAS Coordena\u00e7\u00e3o: Profa. Dra. Mar\u00edlia Xavier Cury Laborat\u00f3rio de Arqueogen\u00e9tica e Antropologia Ambiental e Evolutiva &#8211; LAAAE Coordena\u00e7\u00e3o: Prof. Dr. Andr\u00e9 Strauss Laborat\u00f3rio de Estudos sobre a Cidade Antiga &#8211; LABECA Coordena\u00e7\u00e3o: Profa. Dra. Maria Cristina Nicolau Kormikiari Laborat\u00f3rio de Microarqueologia &#8211; LABMICRO Coordena\u00e7\u00e3o: Profa. Dra Ximena S. Villagran &#8211; \u00e1rea de geoarqueologia; Profa. Dra. Jennifer Watling &#8211; \u00e1rea de arqueobot\u00e2nica Laborat\u00f3rio de Zooarqueologia e Bioarqueologia &#8211; LABZB Coordena\u00e7\u00e3o: Profs. Drs. Ver\u00f4nica Wesolowski e Levy Figuti Laborat\u00f3rio de Pesquisas em Comunica\u00e7\u00e3o Museol\u00f3gica &#8211; LAPECOMUS Coordena\u00e7\u00e3o: Profa. Dra. Maria Cristina Oliveira Bruno Laborat\u00f3rio de Pesquisas sobre Museus na Am\u00e9rica Latina &#8211; LAPEMAL Coordena\u00e7\u00e3o: Prof. Dr. Camilo Melo Vasconcellos Laborat\u00f3rio de Arqueologia da Paisagem e Geoarqueologia &#8211; LAPGEO Coordena\u00e7\u00e3o: Profa. Dra. Marisa Coutinho Afonso Laborat\u00f3rio de Arqueologia Romana Provincial LARP Coordena\u00e7\u00e3o: Profa. Dra. Maria Isabel D&#8217;Agostino Fleming e Prof. Dr. Vagner Carvalheiro Porto. Laborat\u00f3rio Interdisciplinar de Pesquisas em Evolu\u00e7\u00e3o, Cultura e Meio Ambiente &#8211; LEVOC Coordena\u00e7\u00e3o: Prof. Dr. Astolfo Gomes de Mello Araujo Laborat\u00f3rio de Estudos Interdisciplinares sobre Tecnologia e Territ\u00f3rio &#8211; LINTT Coordena\u00e7\u00e3o: Profa. Dra. Fabiola Andr\u00e9a Silva<\/p>\n","protected":false},"author":362,"featured_media":0,"parent":0,"menu_order":0,"comment_status":"closed","ping_status":"closed","template":"page-full.php","meta":{"_monsterinsights_skip_tracking":false,"_monsterinsights_sitenote_active":false,"_monsterinsights_sitenote_note":"","_monsterinsights_sitenote_category":0,"footnotes":"","_links_to":"","_links_to_target":""},"class_list":["post-824","page","type-page","status-publish","hentry"],"_links":{"self":[{"href":"https:\/\/sites.usp.br\/ppgarqmae\/wp-json\/wp\/v2\/pages\/824","targetHints":{"allow":["GET"]}}],"collection":[{"href":"https:\/\/sites.usp.br\/ppgarqmae\/wp-json\/wp\/v2\/pages"}],"about":[{"href":"https:\/\/sites.usp.br\/ppgarqmae\/wp-json\/wp\/v2\/types\/page"}],"author":[{"embeddable":true,"href":"https:\/\/sites.usp.br\/ppgarqmae\/wp-json\/wp\/v2\/users\/362"}],"replies":[{"embeddable":true,"href":"https:\/\/sites.usp.br\/ppgarqmae\/wp-json\/wp\/v2\/comments?post=824"}],"version-history":[{"count":5,"href":"https:\/\/sites.usp.br\/ppgarqmae\/wp-json\/wp\/v2\/pages\/824\/revisions"}],"predecessor-version":[{"id":3544,"href":"https:\/\/sites.usp.br\/ppgarqmae\/wp-json\/wp\/v2\/pages\/824\/revisions\/3544"}],"wp:attachment":[{"href":"https:\/\/sites.usp.br\/ppgarqmae\/wp-json\/wp\/v2\/media?parent=824"}],"curies":[{"name":"wp","href":"https:\/\/api.w.org\/{rel}","templated":true}]}}