{"id":953,"date":"2017-06-13T10:50:20","date_gmt":"2017-06-13T13:50:20","guid":{"rendered":"http:\/\/sites.usp.br\/ppgarqmae\/?page_id=953"},"modified":"2024-10-25T09:54:17","modified_gmt":"2024-10-25T12:54:17","slug":"calendario","status":"publish","type":"page","link":"https:\/\/sites.usp.br\/ppgarqmae\/calendario\/","title":{"rendered":"Calend\u00e1rio de Reuni\u00f5es"},"content":{"rendered":"<p>A Comiss\u00e3o de P\u00f3s-gradua\u00e7\u00e3o do PPGArq realiza reuni\u00f5es mensais nas datas indicadas abaixo. Confira o <strong>calend\u00e1rio 2024:<\/strong><\/p>\n<div>&#8211; 21\/02\/24 \u00e0s 10h<\/div>\n<div>&#8211; 13\/03\/24 \u00e0s 10h<\/div>\n<div>&#8211; 10\/04\/24 \u00e0s 10h<\/div>\n<div>&#8211; 08\/05\/24 \u00e0s 10h<\/div>\n<div>&#8211; 12\/06\/24 \u00e0s 10h<\/div>\n<div>&#8211; 10\/07\/24 \u00e0s 10h<\/div>\n<div>&#8211; 14\/08\/24 \u00e0s 10h<\/div>\n<div>&#8211; 11\/09\/24 \u00e0s 10h<\/div>\n<div>&#8211; 09\/10\/24 \u00e0s 10h<\/div>\n<div>&#8211; 13\/11\/24 \u00e0s 10h<\/div>\n<div>&#8211; 11\/12\/24 \u00e0s 10h<\/div>\n<p><\/p>\n<div><a href=\"https:\/\/sites.usp.br\/ppgarqmae\/comissao\/\">Composi\u00e7\u00e3o da CPG<\/a><\/div>\n","protected":false},"excerpt":{"rendered":"<p>A Comiss\u00e3o de P\u00f3s-gradua\u00e7\u00e3o do PPGArq realiza reuni\u00f5es mensais nas datas indicadas abaixo. Confira o calend\u00e1rio 2024: &#8211; 21\/02\/24 \u00e0s 10h &#8211; 13\/03\/24 \u00e0s 10h &#8211; 10\/04\/24 \u00e0s 10h &#8211; 08\/05\/24 \u00e0s 10h &#8211; 12\/06\/24 \u00e0s 10h &#8211; 10\/07\/24 \u00e0s 10h &#8211; 14\/08\/24 \u00e0s 10h &#8211; 11\/09\/24 \u00e0s 10h &#8211; 09\/10\/24 \u00e0s 10h &#8211; 13\/11\/24 \u00e0s 10h &#8211; 11\/12\/24 \u00e0s 10h Composi\u00e7\u00e3o da CPG<\/p>\n","protected":false},"author":362,"featured_media":0,"parent":0,"menu_order":0,"comment_status":"closed","ping_status":"closed","template":"page-full.php","meta":{"_monsterinsights_skip_tracking":false,"_monsterinsights_sitenote_active":false,"_monsterinsights_sitenote_note":"","_monsterinsights_sitenote_category":0,"footnotes":"","_links_to":"","_links_to_target":""},"class_list":["post-953","page","type-page","status-publish","hentry"],"_links":{"self":[{"href":"https:\/\/sites.usp.br\/ppgarqmae\/wp-json\/wp\/v2\/pages\/953","targetHints":{"allow":["GET"]}}],"collection":[{"href":"https:\/\/sites.usp.br\/ppgarqmae\/wp-json\/wp\/v2\/pages"}],"about":[{"href":"https:\/\/sites.usp.br\/ppgarqmae\/wp-json\/wp\/v2\/types\/page"}],"author":[{"embeddable":true,"href":"https:\/\/sites.usp.br\/ppgarqmae\/wp-json\/wp\/v2\/users\/362"}],"replies":[{"embeddable":true,"href":"https:\/\/sites.usp.br\/ppgarqmae\/wp-json\/wp\/v2\/comments?post=953"}],"version-history":[{"count":5,"href":"https:\/\/sites.usp.br\/ppgarqmae\/wp-json\/wp\/v2\/pages\/953\/revisions"}],"predecessor-version":[{"id":3707,"href":"https:\/\/sites.usp.br\/ppgarqmae\/wp-json\/wp\/v2\/pages\/953\/revisions\/3707"}],"wp:attachment":[{"href":"https:\/\/sites.usp.br\/ppgarqmae\/wp-json\/wp\/v2\/media?parent=953"}],"curies":[{"name":"wp","href":"https:\/\/api.w.org\/{rel}","templated":true}]}}