{"id":996,"date":"2017-06-13T15:55:07","date_gmt":"2017-06-13T18:55:07","guid":{"rendered":"http:\/\/sites.usp.br\/ppgarqmae\/?page_id=996"},"modified":"2025-01-06T10:34:34","modified_gmt":"2025-01-06T13:34:34","slug":"formularios","status":"publish","type":"page","link":"https:\/\/sites.usp.br\/ppgarqmae\/formularios\/","title":{"rendered":"Formul\u00e1rios"},"content":{"rendered":"<h3 style=\"text-align: center;\"><span style=\"color: #800000;\"><strong>Clique sobre o \u00edcone para acessar o documento desejado<\/strong><\/span><\/h3>\n<hr \/>\n<h4 style=\"text-align: center;\">Transfer\u00eancia de Orienta\u00e7\u00e3o<\/h4>\n<p><span style=\"color: #333300;\"><strong><a href=\"https:\/\/sites.usp.br\/ppgarqmae\/wp-content\/uploads\/sites\/153\/2020\/09\/Transferencia-de-orientador-PPGArq.docx\" target=\"_blank\" rel=\"noopener noreferrer\"><img decoding=\"async\" class=\"alignleft wp-image-1179\" src=\"\/\/sites.usp.br\/ppgarqmae\/wp-content\/uploads\/sites\/153\/2017\/06\/1600-1-300x300.png\" alt=\"\" width=\"25\" height=\"25\" srcset=\"https:\/\/sites.usp.br\/ppgarqmae\/wp-content\/uploads\/sites\/153\/2017\/06\/1600-1-300x300.png 300w, https:\/\/sites.usp.br\/ppgarqmae\/wp-content\/uploads\/sites\/153\/2017\/06\/1600-1-150x150.png 150w, https:\/\/sites.usp.br\/ppgarqmae\/wp-content\/uploads\/sites\/153\/2017\/06\/1600-1-768x768.png 768w, https:\/\/sites.usp.br\/ppgarqmae\/wp-content\/uploads\/sites\/153\/2017\/06\/1600-1-1024x1024.png 1024w, https:\/\/sites.usp.br\/ppgarqmae\/wp-content\/uploads\/sites\/153\/2017\/06\/1600-1-45x45.png 45w, https:\/\/sites.usp.br\/ppgarqmae\/wp-content\/uploads\/sites\/153\/2017\/06\/1600-1-200x200.png 200w, https:\/\/sites.usp.br\/ppgarqmae\/wp-content\/uploads\/sites\/153\/2017\/06\/1600-1-400x400.png 400w, https:\/\/sites.usp.br\/ppgarqmae\/wp-content\/uploads\/sites\/153\/2017\/06\/1600-1.png 1600w\" sizes=\"(max-width: 25px) 100vw, 25px\" \/><\/a>Formul\u00e1rio de transfer\u00eancia de orientador\/a<\/strong><\/span><\/p>\n<p>&nbsp;<\/p>\n<p>Obs.! Quando transfer\u00eancia de orientador\/a tamb\u00e9m envolve a mudan\u00e7a do projeto de pesquisa, deve ser feito pedido de mudan\u00e7a de projeto \u00e0 CPG com justificativa e entrega do novo projeto para avalia\u00e7\u00e3o.<\/p>\n<p>&nbsp;<\/p>\n<hr \/>\n<h4 style=\"text-align: center;\">Dep\u00f3sito de Disserta\u00e7\u00e3o e Tese<\/h4>\n<p><a href=\"https:\/\/sites.usp.br\/ppgarqmae\/wp-content\/uploads\/sites\/153\/2023\/08\/NovoGuiaEncaminhamentoDissertacaoTese_2023.doc\"><img decoding=\"async\" class=\"alignleft wp-image-1179\" src=\"\/\/sites.usp.br\/ppgarqmae\/wp-content\/uploads\/sites\/153\/2017\/06\/1600-1-300x300.png\" alt=\"\" width=\"25\" height=\"25\" srcset=\"https:\/\/sites.usp.br\/ppgarqmae\/wp-content\/uploads\/sites\/153\/2017\/06\/1600-1-300x300.png 300w, https:\/\/sites.usp.br\/ppgarqmae\/wp-content\/uploads\/sites\/153\/2017\/06\/1600-1-150x150.png 150w, https:\/\/sites.usp.br\/ppgarqmae\/wp-content\/uploads\/sites\/153\/2017\/06\/1600-1-768x768.png 768w, https:\/\/sites.usp.br\/ppgarqmae\/wp-content\/uploads\/sites\/153\/2017\/06\/1600-1-1024x1024.png 1024w, https:\/\/sites.usp.br\/ppgarqmae\/wp-content\/uploads\/sites\/153\/2017\/06\/1600-1-45x45.png 45w, https:\/\/sites.usp.br\/ppgarqmae\/wp-content\/uploads\/sites\/153\/2017\/06\/1600-1-200x200.png 200w, https:\/\/sites.usp.br\/ppgarqmae\/wp-content\/uploads\/sites\/153\/2017\/06\/1600-1-400x400.png 400w, https:\/\/sites.usp.br\/ppgarqmae\/wp-content\/uploads\/sites\/153\/2017\/06\/1600-1.png 1600w\" sizes=\"(max-width: 25px) 100vw, 25px\" \/><\/a><span style=\"color: #333300;\"><strong>Guia de Encaminhamento<\/strong><\/span><\/p>\n<p>&nbsp;<\/p>\n<p><a href=\"https:\/\/sites.usp.br\/ppgarqmae\/wp-content\/uploads\/sites\/153\/2022\/03\/SugestaoBancaDefesa_20200615.doc\"><img decoding=\"async\" class=\"alignleft wp-image-1179\" src=\"\/\/sites.usp.br\/ppgarqmae\/wp-content\/uploads\/sites\/153\/2017\/06\/1600-1-300x300.png\" alt=\"\" width=\"25\" height=\"25\" srcset=\"https:\/\/sites.usp.br\/ppgarqmae\/wp-content\/uploads\/sites\/153\/2017\/06\/1600-1-300x300.png 300w, https:\/\/sites.usp.br\/ppgarqmae\/wp-content\/uploads\/sites\/153\/2017\/06\/1600-1-150x150.png 150w, https:\/\/sites.usp.br\/ppgarqmae\/wp-content\/uploads\/sites\/153\/2017\/06\/1600-1-768x768.png 768w, https:\/\/sites.usp.br\/ppgarqmae\/wp-content\/uploads\/sites\/153\/2017\/06\/1600-1-1024x1024.png 1024w, https:\/\/sites.usp.br\/ppgarqmae\/wp-content\/uploads\/sites\/153\/2017\/06\/1600-1-45x45.png 45w, https:\/\/sites.usp.br\/ppgarqmae\/wp-content\/uploads\/sites\/153\/2017\/06\/1600-1-200x200.png 200w, https:\/\/sites.usp.br\/ppgarqmae\/wp-content\/uploads\/sites\/153\/2017\/06\/1600-1-400x400.png 400w, https:\/\/sites.usp.br\/ppgarqmae\/wp-content\/uploads\/sites\/153\/2017\/06\/1600-1.png 1600w\" sizes=\"(max-width: 25px) 100vw, 25px\" \/><\/a><span style=\"color: #333300;\"><strong>Sugest\u00e3o de Banca &#8211; Defesa<\/strong><\/span><\/p>\n<p>&nbsp;<\/p>\n<p><a href=\"https:\/\/sites.usp.br\/ppgarqmae\/wp-content\/uploads\/sites\/153\/2020\/06\/CadastroParticipanteBancaDefesa_20200615.doc\"><img decoding=\"async\" class=\"alignleft wp-image-1179\" src=\"\/\/sites.usp.br\/ppgarqmae\/wp-content\/uploads\/sites\/153\/2017\/06\/1600-1-300x300.png\" alt=\"\" width=\"25\" height=\"25\" srcset=\"https:\/\/sites.usp.br\/ppgarqmae\/wp-content\/uploads\/sites\/153\/2017\/06\/1600-1-300x300.png 300w, https:\/\/sites.usp.br\/ppgarqmae\/wp-content\/uploads\/sites\/153\/2017\/06\/1600-1-150x150.png 150w, https:\/\/sites.usp.br\/ppgarqmae\/wp-content\/uploads\/sites\/153\/2017\/06\/1600-1-768x768.png 768w, https:\/\/sites.usp.br\/ppgarqmae\/wp-content\/uploads\/sites\/153\/2017\/06\/1600-1-1024x1024.png 1024w, https:\/\/sites.usp.br\/ppgarqmae\/wp-content\/uploads\/sites\/153\/2017\/06\/1600-1-45x45.png 45w, https:\/\/sites.usp.br\/ppgarqmae\/wp-content\/uploads\/sites\/153\/2017\/06\/1600-1-200x200.png 200w, https:\/\/sites.usp.br\/ppgarqmae\/wp-content\/uploads\/sites\/153\/2017\/06\/1600-1-400x400.png 400w, https:\/\/sites.usp.br\/ppgarqmae\/wp-content\/uploads\/sites\/153\/2017\/06\/1600-1.png 1600w\" sizes=\"(max-width: 25px) 100vw, 25px\" \/><\/a><span style=\"color: #333300;\"><strong>Cadastro de Participante da Banca<\/strong><\/span><\/p>\n<p>&nbsp;<\/p>\n<p><a href=\"\/\/sites.usp.br\/ppgarqmae\/wp-content\/uploads\/sites\/153\/2017\/06\/Formul\u00e1rio-de-Dados-Tese-Digital.pdf\"><img decoding=\"async\" class=\"alignleft wp-image-1179\" src=\"\/\/sites.usp.br\/ppgarqmae\/wp-content\/uploads\/sites\/153\/2017\/06\/1600-1-300x300.png\" alt=\"\" width=\"25\" height=\"25\" srcset=\"https:\/\/sites.usp.br\/ppgarqmae\/wp-content\/uploads\/sites\/153\/2017\/06\/1600-1-300x300.png 300w, https:\/\/sites.usp.br\/ppgarqmae\/wp-content\/uploads\/sites\/153\/2017\/06\/1600-1-150x150.png 150w, https:\/\/sites.usp.br\/ppgarqmae\/wp-content\/uploads\/sites\/153\/2017\/06\/1600-1-768x768.png 768w, https:\/\/sites.usp.br\/ppgarqmae\/wp-content\/uploads\/sites\/153\/2017\/06\/1600-1-1024x1024.png 1024w, https:\/\/sites.usp.br\/ppgarqmae\/wp-content\/uploads\/sites\/153\/2017\/06\/1600-1-45x45.png 45w, https:\/\/sites.usp.br\/ppgarqmae\/wp-content\/uploads\/sites\/153\/2017\/06\/1600-1-200x200.png 200w, https:\/\/sites.usp.br\/ppgarqmae\/wp-content\/uploads\/sites\/153\/2017\/06\/1600-1-400x400.png 400w, https:\/\/sites.usp.br\/ppgarqmae\/wp-content\/uploads\/sites\/153\/2017\/06\/1600-1.png 1600w\" sizes=\"(max-width: 25px) 100vw, 25px\" \/><\/a><strong><span style=\"color: #333300;\">Formul\u00e1rio de Dados &#8211; Tese Digital<\/span><\/strong><\/p>\n<p>&nbsp;<\/p>\n<p><a href=\"https:\/\/mae.usp.br\/ficha-catalografica-2\/\"><img decoding=\"async\" class=\"wp-image-1179 alignleft\" src=\"https:\/\/sites.usp.br\/ppgarqmae\/wp-content\/uploads\/sites\/153\/2017\/06\/1600-1-150x150.png\" alt=\"\" width=\"26\" height=\"26\" data-id=\"1179\" srcset=\"https:\/\/sites.usp.br\/ppgarqmae\/wp-content\/uploads\/sites\/153\/2017\/06\/1600-1-150x150.png 150w, https:\/\/sites.usp.br\/ppgarqmae\/wp-content\/uploads\/sites\/153\/2017\/06\/1600-1-300x300.png 300w, https:\/\/sites.usp.br\/ppgarqmae\/wp-content\/uploads\/sites\/153\/2017\/06\/1600-1-768x768.png 768w, https:\/\/sites.usp.br\/ppgarqmae\/wp-content\/uploads\/sites\/153\/2017\/06\/1600-1-1024x1024.png 1024w, https:\/\/sites.usp.br\/ppgarqmae\/wp-content\/uploads\/sites\/153\/2017\/06\/1600-1-45x45.png 45w, https:\/\/sites.usp.br\/ppgarqmae\/wp-content\/uploads\/sites\/153\/2017\/06\/1600-1-200x200.png 200w, https:\/\/sites.usp.br\/ppgarqmae\/wp-content\/uploads\/sites\/153\/2017\/06\/1600-1-400x400.png 400w, https:\/\/sites.usp.br\/ppgarqmae\/wp-content\/uploads\/sites\/153\/2017\/06\/1600-1.png 1600w\" sizes=\"(max-width: 26px) 100vw, 26px\" \/><\/a><strong>Ficha catalogr\u00e1fica<\/strong><\/p>\n<p>&nbsp;<\/p>\n<p><a href=\"\/\/sites.usp.br\/ppgarqmae\/wp-content\/uploads\/sites\/153\/2017\/06\/Formul\u00e1rio-de-Autorizacao-Tese-Digital.pdf\"><img decoding=\"async\" class=\"alignleft wp-image-1179\" src=\"\/\/sites.usp.br\/ppgarqmae\/wp-content\/uploads\/sites\/153\/2017\/06\/1600-1-300x300.png\" alt=\"\" width=\"25\" height=\"25\" srcset=\"https:\/\/sites.usp.br\/ppgarqmae\/wp-content\/uploads\/sites\/153\/2017\/06\/1600-1-300x300.png 300w, https:\/\/sites.usp.br\/ppgarqmae\/wp-content\/uploads\/sites\/153\/2017\/06\/1600-1-150x150.png 150w, https:\/\/sites.usp.br\/ppgarqmae\/wp-content\/uploads\/sites\/153\/2017\/06\/1600-1-768x768.png 768w, https:\/\/sites.usp.br\/ppgarqmae\/wp-content\/uploads\/sites\/153\/2017\/06\/1600-1-1024x1024.png 1024w, https:\/\/sites.usp.br\/ppgarqmae\/wp-content\/uploads\/sites\/153\/2017\/06\/1600-1-45x45.png 45w, https:\/\/sites.usp.br\/ppgarqmae\/wp-content\/uploads\/sites\/153\/2017\/06\/1600-1-200x200.png 200w, https:\/\/sites.usp.br\/ppgarqmae\/wp-content\/uploads\/sites\/153\/2017\/06\/1600-1-400x400.png 400w, https:\/\/sites.usp.br\/ppgarqmae\/wp-content\/uploads\/sites\/153\/2017\/06\/1600-1.png 1600w\" sizes=\"(max-width: 25px) 100vw, 25px\" \/><\/a><strong><span style=\"color: #333300;\">Autoriza\u00e7\u00e3o &#8211; Tese Digital<\/span><\/strong><\/p>\n<p>&nbsp;<\/p>\n<h4>ATEN\u00c7\u00c3O! PREENCHER A SUGEST\u00c3O DE BANCA COM O ENDERE\u00c7O COMPLETO DE CORRESPOND\u00caNCIA DOS MEMBROS DA BANCA PARA ENTREGA DO EXEMPLAR. N\u00c3O NOS RESPONSABILIZAMOS POR EXEMPLARES N\u00c3O ENTREGUES DEVIDO A INFORMA\u00c7\u00d5ES N\u00c3O PRESTADAS OU INCORRETAS.<\/h4>\n<hr \/>\n<h4 style=\"text-align: center;\">Dep\u00f3sito para Qualifica\u00e7\u00e3o<\/h4>\n<p><strong>\u00a0<a href=\"https:\/\/sites.usp.br\/ppgarqmae\/wp-content\/uploads\/sites\/153\/2023\/09\/NovoGuiaEncaminhamentoQualificacao-20200615.doc\"><img decoding=\"async\" class=\"alignleft wp-image-1179\" src=\"\/\/sites.usp.br\/ppgarqmae\/wp-content\/uploads\/sites\/153\/2017\/06\/1600-1-300x300.png\" alt=\"\" width=\"25\" height=\"25\" srcset=\"https:\/\/sites.usp.br\/ppgarqmae\/wp-content\/uploads\/sites\/153\/2017\/06\/1600-1-300x300.png 300w, https:\/\/sites.usp.br\/ppgarqmae\/wp-content\/uploads\/sites\/153\/2017\/06\/1600-1-150x150.png 150w, https:\/\/sites.usp.br\/ppgarqmae\/wp-content\/uploads\/sites\/153\/2017\/06\/1600-1-768x768.png 768w, https:\/\/sites.usp.br\/ppgarqmae\/wp-content\/uploads\/sites\/153\/2017\/06\/1600-1-1024x1024.png 1024w, https:\/\/sites.usp.br\/ppgarqmae\/wp-content\/uploads\/sites\/153\/2017\/06\/1600-1-45x45.png 45w, https:\/\/sites.usp.br\/ppgarqmae\/wp-content\/uploads\/sites\/153\/2017\/06\/1600-1-200x200.png 200w, https:\/\/sites.usp.br\/ppgarqmae\/wp-content\/uploads\/sites\/153\/2017\/06\/1600-1-400x400.png 400w, https:\/\/sites.usp.br\/ppgarqmae\/wp-content\/uploads\/sites\/153\/2017\/06\/1600-1.png 1600w\" sizes=\"(max-width: 25px) 100vw, 25px\" \/><\/a><\/strong><span style=\"color: #333300;\"><strong>Guia de Encaminhamento<\/strong><\/span><\/p>\n<p>&nbsp;<\/p>\n<p><strong><a href=\"https:\/\/sites.usp.br\/ppgarqmae\/wp-content\/uploads\/sites\/153\/2022\/03\/SugestaoBancaQuali-20200615.doc\"><img decoding=\"async\" class=\"alignleft wp-image-1179\" src=\"\/\/sites.usp.br\/ppgarqmae\/wp-content\/uploads\/sites\/153\/2017\/06\/1600-1-300x300.png\" alt=\"\" width=\"25\" height=\"25\" srcset=\"https:\/\/sites.usp.br\/ppgarqmae\/wp-content\/uploads\/sites\/153\/2017\/06\/1600-1-300x300.png 300w, https:\/\/sites.usp.br\/ppgarqmae\/wp-content\/uploads\/sites\/153\/2017\/06\/1600-1-150x150.png 150w, https:\/\/sites.usp.br\/ppgarqmae\/wp-content\/uploads\/sites\/153\/2017\/06\/1600-1-768x768.png 768w, https:\/\/sites.usp.br\/ppgarqmae\/wp-content\/uploads\/sites\/153\/2017\/06\/1600-1-1024x1024.png 1024w, https:\/\/sites.usp.br\/ppgarqmae\/wp-content\/uploads\/sites\/153\/2017\/06\/1600-1-45x45.png 45w, https:\/\/sites.usp.br\/ppgarqmae\/wp-content\/uploads\/sites\/153\/2017\/06\/1600-1-200x200.png 200w, https:\/\/sites.usp.br\/ppgarqmae\/wp-content\/uploads\/sites\/153\/2017\/06\/1600-1-400x400.png 400w, https:\/\/sites.usp.br\/ppgarqmae\/wp-content\/uploads\/sites\/153\/2017\/06\/1600-1.png 1600w\" sizes=\"(max-width: 25px) 100vw, 25px\" \/><\/a>\u00a0<span style=\"color: #333300;\">Sugest\u00e3o de Banca<\/span><\/strong><\/p>\n<p>&nbsp;<\/p>\n<hr \/>\n<h4 style=\"text-align: center;\">Mudan\u00e7a de Regimento<\/h4>\n<p><strong><span style=\"color: #333300;\"><a href=\"https:\/\/sites.usp.br\/ppgarqmae\/wp-content\/uploads\/sites\/153\/2020\/09\/Formulario-op\u00e7\u00e3o-novo-regimento-USP-2020.doc\"><img decoding=\"async\" class=\"alignleft wp-image-1179\" src=\"\/\/sites.usp.br\/ppgarqmae\/wp-content\/uploads\/sites\/153\/2017\/06\/1600-1-300x300.png\" alt=\"\" width=\"25\" height=\"25\" srcset=\"https:\/\/sites.usp.br\/ppgarqmae\/wp-content\/uploads\/sites\/153\/2017\/06\/1600-1-300x300.png 300w, https:\/\/sites.usp.br\/ppgarqmae\/wp-content\/uploads\/sites\/153\/2017\/06\/1600-1-150x150.png 150w, https:\/\/sites.usp.br\/ppgarqmae\/wp-content\/uploads\/sites\/153\/2017\/06\/1600-1-768x768.png 768w, https:\/\/sites.usp.br\/ppgarqmae\/wp-content\/uploads\/sites\/153\/2017\/06\/1600-1-1024x1024.png 1024w, https:\/\/sites.usp.br\/ppgarqmae\/wp-content\/uploads\/sites\/153\/2017\/06\/1600-1-45x45.png 45w, https:\/\/sites.usp.br\/ppgarqmae\/wp-content\/uploads\/sites\/153\/2017\/06\/1600-1-200x200.png 200w, https:\/\/sites.usp.br\/ppgarqmae\/wp-content\/uploads\/sites\/153\/2017\/06\/1600-1-400x400.png 400w, https:\/\/sites.usp.br\/ppgarqmae\/wp-content\/uploads\/sites\/153\/2017\/06\/1600-1.png 1600w\" sizes=\"(max-width: 25px) 100vw, 25px\" \/><\/a> Formul\u00e1rio para mudan\u00e7a de Regimento<\/span><\/strong><\/p>\n<ul>\n<li>Carta de anu\u00eancia do orientador(a)<\/li>\n<\/ul>\n<hr \/>\n<h4><\/h4>\n<p style=\"text-align: center;\"><strong>Formul\u00e1rio para matr\u00edcula &#8211; PROCESSO SELETIVO<\/strong><\/p>\n<p style=\"text-align: left;\"><a href=\"https:\/\/sites.usp.br\/ppgarqmae\/wp-content\/uploads\/sites\/153\/2022\/01\/Formulario-de-Matricula.docx\"><img decoding=\"async\" class=\"alignnone wp-image-1179\" src=\"https:\/\/sites.usp.br\/ppgarqmae\/wp-content\/uploads\/sites\/153\/2017\/06\/1600-1-300x300.png\" alt=\"\" width=\"29\" height=\"29\" data-id=\"1179\" srcset=\"https:\/\/sites.usp.br\/ppgarqmae\/wp-content\/uploads\/sites\/153\/2017\/06\/1600-1-300x300.png 300w, https:\/\/sites.usp.br\/ppgarqmae\/wp-content\/uploads\/sites\/153\/2017\/06\/1600-1-150x150.png 150w, https:\/\/sites.usp.br\/ppgarqmae\/wp-content\/uploads\/sites\/153\/2017\/06\/1600-1-768x768.png 768w, https:\/\/sites.usp.br\/ppgarqmae\/wp-content\/uploads\/sites\/153\/2017\/06\/1600-1-1024x1024.png 1024w, https:\/\/sites.usp.br\/ppgarqmae\/wp-content\/uploads\/sites\/153\/2017\/06\/1600-1-45x45.png 45w, https:\/\/sites.usp.br\/ppgarqmae\/wp-content\/uploads\/sites\/153\/2017\/06\/1600-1-200x200.png 200w, https:\/\/sites.usp.br\/ppgarqmae\/wp-content\/uploads\/sites\/153\/2017\/06\/1600-1-400x400.png 400w, https:\/\/sites.usp.br\/ppgarqmae\/wp-content\/uploads\/sites\/153\/2017\/06\/1600-1.png 1600w\" sizes=\"(max-width: 29px) 100vw, 29px\" \/><\/a> \u00a0 <strong>Formul\u00e1rio de Matricula<\/strong><\/p>\n<p>&nbsp;<\/p>\n<hr \/>\n<h4 style=\"text-align: center;\">Relat\u00f3rio anual do desempenho acad\u00eamico e cientifico<\/h4>\n<p style=\"text-align: left;\"><a href=\"https:\/\/sites.usp.br\/ppgarqmae\/wp-content\/uploads\/sites\/153\/2023\/11\/Formulario-de-acompanhamento-anual.docx\"><img decoding=\"async\" class=\"alignnone wp-image-1179\" src=\"https:\/\/sites.usp.br\/ppgarqmae\/wp-content\/uploads\/sites\/153\/2017\/06\/1600-1-300x300.png\" alt=\"\" width=\"29\" height=\"29\" data-id=\"1179\" srcset=\"https:\/\/sites.usp.br\/ppgarqmae\/wp-content\/uploads\/sites\/153\/2017\/06\/1600-1-300x300.png 300w, https:\/\/sites.usp.br\/ppgarqmae\/wp-content\/uploads\/sites\/153\/2017\/06\/1600-1-150x150.png 150w, https:\/\/sites.usp.br\/ppgarqmae\/wp-content\/uploads\/sites\/153\/2017\/06\/1600-1-768x768.png 768w, https:\/\/sites.usp.br\/ppgarqmae\/wp-content\/uploads\/sites\/153\/2017\/06\/1600-1-1024x1024.png 1024w, https:\/\/sites.usp.br\/ppgarqmae\/wp-content\/uploads\/sites\/153\/2017\/06\/1600-1-45x45.png 45w, https:\/\/sites.usp.br\/ppgarqmae\/wp-content\/uploads\/sites\/153\/2017\/06\/1600-1-200x200.png 200w, https:\/\/sites.usp.br\/ppgarqmae\/wp-content\/uploads\/sites\/153\/2017\/06\/1600-1-400x400.png 400w, https:\/\/sites.usp.br\/ppgarqmae\/wp-content\/uploads\/sites\/153\/2017\/06\/1600-1.png 1600w\" sizes=\"(max-width: 29px) 100vw, 29px\" \/><\/a> \u00a0 <strong>Formul\u00e1rio de acompanhamento anual<\/strong><\/p>\n","protected":false},"excerpt":{"rendered":"<p>Clique sobre o \u00edcone para acessar o documento desejado Transfer\u00eancia de Orienta\u00e7\u00e3o Formul\u00e1rio de transfer\u00eancia de orientador\/a &nbsp; Obs.! Quando transfer\u00eancia de orientador\/a tamb\u00e9m envolve a mudan\u00e7a do projeto de pesquisa, deve ser feito pedido de mudan\u00e7a de projeto \u00e0 CPG com justificativa e entrega do novo projeto para avalia\u00e7\u00e3o. &nbsp; Dep\u00f3sito de Disserta\u00e7\u00e3o e Tese Guia de Encaminhamento &nbsp; Sugest\u00e3o de Banca &#8211; Defesa &nbsp; Cadastro de Participante da Banca &nbsp; Formul\u00e1rio de Dados &#8211; Tese Digital &nbsp; Ficha catalogr\u00e1fica &nbsp; Autoriza\u00e7\u00e3o &#8211; Tese Digital &nbsp; ATEN\u00c7\u00c3O! PREENCHER A SUGEST\u00c3O DE BANCA COM O ENDERE\u00c7O COMPLETO DE CORRESPOND\u00caNCIA DOS MEMBROS DA BANCA PARA ENTREGA DO EXEMPLAR. N\u00c3O NOS RESPONSABILIZAMOS POR EXEMPLARES N\u00c3O ENTREGUES DEVIDO A INFORMA\u00c7\u00d5ES N\u00c3O PRESTADAS OU INCORRETAS. Dep\u00f3sito para Qualifica\u00e7\u00e3o \u00a0Guia de Encaminhamento &nbsp; \u00a0Sugest\u00e3o de Banca &nbsp; Mudan\u00e7a de Regimento Formul\u00e1rio para mudan\u00e7a de Regimento Carta de anu\u00eancia do orientador(a) Formul\u00e1rio para matr\u00edcula &#8211; PROCESSO SELETIVO \u00a0 Formul\u00e1rio de Matricula &nbsp; Relat\u00f3rio anual do desempenho acad\u00eamico e cientifico \u00a0 Formul\u00e1rio de acompanhamento anual<\/p>\n","protected":false},"author":362,"featured_media":0,"parent":0,"menu_order":0,"comment_status":"closed","ping_status":"closed","template":"page-full.php","meta":{"_monsterinsights_skip_tracking":false,"_monsterinsights_sitenote_active":false,"_monsterinsights_sitenote_note":"","_monsterinsights_sitenote_category":0,"footnotes":"","_links_to":"","_links_to_target":""},"class_list":["post-996","page","type-page","status-publish","hentry"],"_links":{"self":[{"href":"https:\/\/sites.usp.br\/ppgarqmae\/wp-json\/wp\/v2\/pages\/996","targetHints":{"allow":["GET"]}}],"collection":[{"href":"https:\/\/sites.usp.br\/ppgarqmae\/wp-json\/wp\/v2\/pages"}],"about":[{"href":"https:\/\/sites.usp.br\/ppgarqmae\/wp-json\/wp\/v2\/types\/page"}],"author":[{"embeddable":true,"href":"https:\/\/sites.usp.br\/ppgarqmae\/wp-json\/wp\/v2\/users\/362"}],"replies":[{"embeddable":true,"href":"https:\/\/sites.usp.br\/ppgarqmae\/wp-json\/wp\/v2\/comments?post=996"}],"version-history":[{"count":8,"href":"https:\/\/sites.usp.br\/ppgarqmae\/wp-json\/wp\/v2\/pages\/996\/revisions"}],"predecessor-version":[{"id":3774,"href":"https:\/\/sites.usp.br\/ppgarqmae\/wp-json\/wp\/v2\/pages\/996\/revisions\/3774"}],"wp:attachment":[{"href":"https:\/\/sites.usp.br\/ppgarqmae\/wp-json\/wp\/v2\/media?parent=996"}],"curies":[{"name":"wp","href":"https:\/\/api.w.org\/{rel}","templated":true}]}}