{"id":1199,"date":"2016-08-01T15:39:38","date_gmt":"2016-08-01T18:39:38","guid":{"rendered":"http:\/\/sites.usp.br\/ppgbi\/?page_id=1199"},"modified":"2019-10-15T15:14:17","modified_gmt":"2019-10-15T18:14:17","slug":"normas","status":"publish","type":"page","link":"https:\/\/sites.usp.br\/ppgbi\/en\/normas\/","title":{"rendered":"Rules"},"content":{"rendered":"<p><\/p>\n<ul>\n<li><a href=\"http:\/\/sites.usp.br\/ppgbi\/wp-content\/uploads\/sites\/212\/2016\/08\/REGIMENTO-DE-P\u00d3S-GRADUA\u00c7\u00c3O-DA-UNIVERSIDADE-DE-S\u00c3O-PAULO-Resolu\u00e7\u00e3o-7493-27-03-2018.pdf\">General Regiment of the Graduation of the University of S\u00e3o Paulo (Resolution n\u00ba 7493, of March 27, 2018)<\/a><\/li>\n<\/ul>\n<p>&nbsp;<\/p>\n<ul>\n<li><a href=\"http:\/\/sites.usp.br\/ppgbi\/wp-content\/uploads\/sites\/212\/2016\/08\/regulamento.pdf\">Regulation of the Graduate Program in Industrial Biotechnology &#8211; EEL\/USP (IN FORCE &#8211; APPROVED IN September 08, 2014)<\/a><\/li>\n<\/ul>\n<p><\/p>","protected":false},"excerpt":{"rendered":"<p>General Regiment of the Graduation of the University of S\u00e3o Paulo (Resolution n\u00ba 7493, of March 27, 2018) &nbsp; Regulation of the Graduate Program in Industrial Biotechnology &#8211; EEL\/USP (IN FORCE &#8211; APPROVED IN September 08, 2014)<\/p>\n","protected":false},"author":148,"featured_media":0,"parent":0,"menu_order":0,"comment_status":"closed","ping_status":"closed","template":"","meta":{"_monsterinsights_skip_tracking":false,"_monsterinsights_sitenote_active":false,"_monsterinsights_sitenote_note":"","_monsterinsights_sitenote_category":0,"footnotes":"","_links_to":"","_links_to_target":""},"class_list":["post-1199","page","type-page","status-publish","hentry"],"_links":{"self":[{"href":"https:\/\/sites.usp.br\/ppgbi\/en\/wp-json\/wp\/v2\/pages\/1199","targetHints":{"allow":["GET"]}}],"collection":[{"href":"https:\/\/sites.usp.br\/ppgbi\/en\/wp-json\/wp\/v2\/pages"}],"about":[{"href":"https:\/\/sites.usp.br\/ppgbi\/en\/wp-json\/wp\/v2\/types\/page"}],"author":[{"embeddable":true,"href":"https:\/\/sites.usp.br\/ppgbi\/en\/wp-json\/wp\/v2\/users\/148"}],"replies":[{"embeddable":true,"href":"https:\/\/sites.usp.br\/ppgbi\/en\/wp-json\/wp\/v2\/comments?post=1199"}],"version-history":[{"count":4,"href":"https:\/\/sites.usp.br\/ppgbi\/en\/wp-json\/wp\/v2\/pages\/1199\/revisions"}],"predecessor-version":[{"id":3711,"href":"https:\/\/sites.usp.br\/ppgbi\/en\/wp-json\/wp\/v2\/pages\/1199\/revisions\/3711"}],"wp:attachment":[{"href":"https:\/\/sites.usp.br\/ppgbi\/en\/wp-json\/wp\/v2\/media?parent=1199"}],"curies":[{"name":"wp","href":"https:\/\/api.w.org\/{rel}","templated":true}]}}