{"id":1213,"date":"2016-08-01T15:41:53","date_gmt":"2016-08-01T18:41:53","guid":{"rendered":"http:\/\/sites.usp.br\/ppgbi\/?page_id=1213"},"modified":"2024-05-10T10:25:44","modified_gmt":"2024-05-10T13:25:44","slug":"laboratorios","status":"publish","type":"page","link":"https:\/\/sites.usp.br\/ppgbi\/en\/laboratorios\/","title":{"rendered":"Infrastructure"},"content":{"rendered":"<p><\/p>\n<p style=\"text-align: justify;\">Most of the activities of the GPIB are carried out in the Department of Biotechnology, which is located on campus I of EEL\/USP and presents 2600 m<sup>2<\/sup> of constructed area distributed among 13 research laboratories, 2 classrooms, 15 professor rooms, and rooms for students and technical-administrative staff. Also included in this area, are pilot plant facilities for acid hydrolysis and pretreatment of lignocellulosic materials. There are also facilities of general infrastructure composed of central library, computing center and support repair shop for maintenance activities. The research laboratories are under the responsibility of the professors accredited in the Program, and have modern equipment and all the support material for the development of experiments in the area of \u200b\u200bIndustrial Biotechnology. The infrastructure of the laboratories (equipment, civil, electrical and furnitures) has been continuously modernized with funds from projects sponsored by FAPESP, CNPq, USP and other sponsoring agencies.<\/p>\n<ul>\n<li style=\"text-align: justify;\"><strong><span style=\"color: #ff6600;\">Laboratory of Fermented Beverages and Pilot Plant<\/span><\/strong><\/li>\n<\/ul>\n<p style=\"padding-left: 30px;\"><strong>Coordinator:<\/strong> Prof. Jo\u00e3o Batista de Almeida e Silva<\/p>\n<p>\u00a0__________________________________________________<\/p>\n<ul>\n<li><a href=\"http:\/\/sites.usp.br\/ppgbi\/laboratorio-de-bioquimica-2\/\"><strong><span style=\"color: #ff6600;\">Laboratory of Biochemistry<\/span><\/strong><\/a><\/li>\n<\/ul>\n<p style=\"padding-left: 30px;\"><strong>Coordinator:<\/strong> Profa. Adriane Maria Ferreira Milagres<\/p>\n<p>__________________________________________________<\/p>\n<ul>\n<li><span style=\"color: #ff6600;\"><strong>Laboratory of Biochemistry and Renewable Bioproducts<\/strong><\/span><\/li>\n<\/ul>\n<p style=\"padding-left: 30px;\"><strong>Coordinator:<\/strong> Prof. Valdeir Arantes<\/p>\n<p>__________________________________________________<\/p>\n<ul>\n<li><span style=\"color: #ff6600;\"><strong>Laboratory of Environmental Sciences and Ecotoxicology<\/strong><\/span><\/li>\n<\/ul>\n<p style=\"padding-left: 30px;\"><strong>Coordinator:<\/strong> Profa. Teresa Cristina Brazil de Paiva<\/p>\n<p>__________________________________________________<\/p>\n<ul>\n<li><a href=\"http:\/\/sites.usp.br\/ppgbi\/laboratorio-de-ciencias-da-madeira\/\"><span style=\"color: #ff6600;\"><strong>Laboratory of Wood Sciences<\/strong><\/span><\/a><\/li>\n<\/ul>\n<p style=\"padding-left: 30px;\"><strong>Coordinator:<\/strong> Prof. Andr\u00e9 Lu\u00eds Ferraz<\/p>\n<p>__________________________________________________<\/p>\n<ul>\n<li><span style=\"color: #ff6600;\"><strong>Laboratory of Fermentation I<\/strong><\/span><\/li>\n<\/ul>\n<p style=\"padding-left: 30px;\"><strong>Coordinator:<\/strong> Profa. In\u00eas Concei\u00e7\u00e3o Roberto<\/p>\n<p>__________________________________________________<\/p>\n<ul>\n<li><strong><span style=\"color: #ff6600;\">Laboratory of Fermentation II<\/span><\/strong><\/li>\n<\/ul>\n<p style=\"padding-left: 30px;\"><strong>Coordinator:<\/strong> Profa. Maria das Gra\u00e7as de Almeida Felipe<\/p>\n<p>__________________________________________________<\/p>\n<ul>\n<li><strong><span style=\"color: #ff6600;\">Laboratory of Fermentation III<\/span><\/strong><\/li>\n<\/ul>\n<p style=\"padding-left: 30px;\"><strong>Coordinator:<\/strong> Prof. Arnaldo M\u00e1rcio Ramalho Prata<\/p>\n<p>__________________________________________________<\/p>\n<ul>\n<li><strong><span style=\"color: #ff6600;\">Laboratory of Fermentation IV (Chromatography)<\/span><\/strong><\/li>\n<\/ul>\n<p style=\"padding-left: 30px;\"><strong>Coordinators:<\/strong><\/p>\n<p style=\"padding-left: 30px;\">Profa. In\u00eas Concei\u00e7\u00e3o Roberto<\/p>\n<p style=\"padding-left: 30px;\">Profa. Maria das Gra\u00e7as de Almeida Felipe<\/p>\n<p style=\"padding-left: 30px;\">Prof. Arnaldo M\u00e1rcio Ramalho Prata<\/p>\n<p style=\"padding-left: 30px;\">Prof. Silvio Silv\u00e9rio da Silva<\/p>\n<p style=\"padding-left: 30px;\">Profa. Rita de C\u00e1ssia Lacerda Brambilla Rodrigues<\/p>\n<p>___________________________________________________<\/p>\n<ul>\n<li><a href=\"http:\/\/sites.usp.br\/ppgbi\/laboratorio-de-bioprocessos-e-produtos-sustentaveis-lbios\/\"><strong><span style=\"color: #ff6600;\">Laboratory of Bioprocesses and Sustainable Products (LBios)<\/span><\/strong><\/a><\/li>\n<\/ul>\n<p style=\"padding-left: 30px;\"><strong>Coordinator:<\/strong> Prof. Silvio Silv\u00e9rio da Silva<\/p>\n<p>___________________________________________________<\/p>\n<ul>\n<li><a href=\"http:\/\/sites.usp.br\/pgembl\/\" target=\"_blank\" rel=\"noopener noreferrer\"><span style=\"color: #ff6600;\"><strong>Plant Genomics and Bioenergy Laboratory (PGEMB<\/strong><strong>L)<\/strong><\/span><\/a><\/li>\n<\/ul>\n<p style=\"padding-left: 30px;\"><strong>Coordinators:<\/strong><\/p>\n<p style=\"padding-left: 30px;\">Prof. Elisson Ant\u00f4nio da Costa Romanel<\/p>\n<p style=\"padding-left: 30px;\">Profa. Tatiane da Franca Silva<\/p>\n<p>____________________________________________________<\/p>\n<ul>\n<li><strong><span style=\"color: #ff6600;\">Laboratory of Synthetic and Molecular Biology<\/span><\/strong><\/li>\n<\/ul>\n<p style=\"padding-left: 30px;\"><strong>Coordinator:<\/strong> Prof. Fernando Segato<\/p>\n<p>____________________________________________________<\/p>\n<ul>\n<li><strong><span style=\"color: #ff6600;\">Laboratory of Probiotics<\/span><\/strong><\/li>\n<\/ul>\n<p style=\"padding-left: 30px;\"><strong>Coordinator:<\/strong> Prof. Ismael Maciel de Mancilha<\/p>\n<p>____________________________________________________<\/p>\n<ul>\n<li><strong><span style=\"color: #ff6600;\">Laboratory of Chemistry of Lignocellulosics<\/span><\/strong><\/li>\n<\/ul>\n<p style=\"padding-left: 30px;\"><strong>Coordinator:<\/strong> Prof. Fl\u00e1vio Teixeira da Silva<\/p>\n<p><\/p>","protected":false},"excerpt":{"rendered":"<p>Most of the activities of the GPIB are carried out in the Department of Biotechnology, which is located on campus I of EEL\/USP and presents 2600 m2 of constructed area distributed among 13 research laboratories, 2 classrooms, 15 professor rooms, and rooms for students and technical-administrative staff. Also included in this area, are pilot plant facilities for acid hydrolysis and pretreatment of lignocellulosic materials. There are also facilities of general infrastructure composed of central library, computing center and support repair shop for maintenance activities. The research laboratories are under the responsibility of the professors accredited in the Program, and have modern equipment and all the support material for the development of experiments in the area of \u200b\u200bIndustrial Biotechnology. The infrastructure of the laboratories (equipment, civil, electrical and furnitures) has been continuously modernized with funds from projects sponsored by FAPESP, CNPq, USP and other sponsoring agencies. Laboratory of Fermented Beverages and Pilot Plant Coordinator: Prof. Jo\u00e3o Batista de Almeida e Silva \u00a0__________________________________________________ Laboratory of Biochemistry Coordinator: Profa. Adriane Maria Ferreira Milagres __________________________________________________ Laboratory of Biochemistry and Renewable Bioproducts Coordinator: Prof. Valdeir Arantes __________________________________________________ Laboratory of Environmental Sciences and Ecotoxicology Coordinator: Profa. Teresa Cristina Brazil de Paiva __________________________________________________ Laboratory of Wood Sciences [&#8230;]<\/p>\n","protected":false},"author":148,"featured_media":0,"parent":0,"menu_order":0,"comment_status":"closed","ping_status":"closed","template":"","meta":{"_monsterinsights_skip_tracking":false,"_monsterinsights_sitenote_active":false,"_monsterinsights_sitenote_note":"","_monsterinsights_sitenote_category":0,"footnotes":"","_links_to":"","_links_to_target":""},"class_list":["post-1213","page","type-page","status-publish","hentry"],"_links":{"self":[{"href":"https:\/\/sites.usp.br\/ppgbi\/en\/wp-json\/wp\/v2\/pages\/1213","targetHints":{"allow":["GET"]}}],"collection":[{"href":"https:\/\/sites.usp.br\/ppgbi\/en\/wp-json\/wp\/v2\/pages"}],"about":[{"href":"https:\/\/sites.usp.br\/ppgbi\/en\/wp-json\/wp\/v2\/types\/page"}],"author":[{"embeddable":true,"href":"https:\/\/sites.usp.br\/ppgbi\/en\/wp-json\/wp\/v2\/users\/148"}],"replies":[{"embeddable":true,"href":"https:\/\/sites.usp.br\/ppgbi\/en\/wp-json\/wp\/v2\/comments?post=1213"}],"version-history":[{"count":4,"href":"https:\/\/sites.usp.br\/ppgbi\/en\/wp-json\/wp\/v2\/pages\/1213\/revisions"}],"predecessor-version":[{"id":4445,"href":"https:\/\/sites.usp.br\/ppgbi\/en\/wp-json\/wp\/v2\/pages\/1213\/revisions\/4445"}],"wp:attachment":[{"href":"https:\/\/sites.usp.br\/ppgbi\/en\/wp-json\/wp\/v2\/media?parent=1213"}],"curies":[{"name":"wp","href":"https:\/\/api.w.org\/{rel}","templated":true}]}}