{"id":1195,"date":"2016-08-01T15:39:07","date_gmt":"2016-08-01T18:39:07","guid":{"rendered":"http:\/\/sites.usp.br\/ppgbi\/?page_id=1195"},"modified":"2019-04-04T16:38:03","modified_gmt":"2019-04-04T19:38:03","slug":"apresentacao-2","status":"publish","type":"page","link":"https:\/\/sites.usp.br\/ppgbi\/apresentacao-2\/","title":{"rendered":"Apresenta\u00e7\u00e3o"},"content":{"rendered":"<p><\/p>\n<p style=\"text-align: justify;\">O Programa de P\u00f3s-Gradua\u00e7\u00e3o em Biotecnologia Industrial visa formar recursos humanos qualificados nos n\u00edveis de mestrado e doutorado. Os profissionais formados est\u00e3o habilitados para atuar nas universidades, nos centros de pesquisa e no setor empresarial que emprega processos biotecnol\u00f3gicos.<\/p>\n<p style=\"text-align: justify;\">As \u00e1reas de atua\u00e7\u00e3o do programa s\u00e3o definidas de forma din\u00e2mica, tendo a biotecnologia de aplica\u00e7\u00e3o industrial como diretriz. O programa inclui temas de pesquisa estrat\u00e9gicos para o pa\u00eds e de reconhecida relev\u00e2ncia internacional como a <strong><em>convers\u00e3o de biomassa, <\/em><\/strong><strong>a<em> microbiologia aplicada, <\/em>o <em>desenvolvimento de bioprocessos<\/em>, a <em>enzimologia<\/em>, a<em> biotecnologia ambiental, <\/em>a<em> gen\u00f4mica funcional e engenharia gen\u00e9tica de plantas e micro-organismos, <\/em>o<em> desenho de reatores <\/em>e a<em> simula\u00e7\u00e3o computacional de bioprocessos.<\/em><\/strong><\/p>\n<p style=\"text-align: justify;\">O p\u00fablico alvo do Programa \u00e9 representado por graduados dos cursos de Engenharia Bioqu\u00edmica, Engenharia de Bioprocessos, Engenharia Qu\u00edmica, Engenharia de Alimentos, Bioqu\u00edmica, Qu\u00edmica, Ci\u00eancias Biol\u00f3gicas, Farm\u00e1cia e outras \u00e1reas afins que buscam qualifica\u00e7\u00e3o em Biotecnologia Industrial.<\/p>\n<p><\/p>","protected":false},"excerpt":{"rendered":"<p>O Programa de P\u00f3s-Gradua\u00e7\u00e3o em Biotecnologia Industrial visa formar recursos humanos qualificados nos n\u00edveis de mestrado e doutorado. Os profissionais formados est\u00e3o habilitados para atuar nas universidades, nos centros de pesquisa e no setor empresarial que emprega processos biotecnol\u00f3gicos. As \u00e1reas de atua\u00e7\u00e3o do programa s\u00e3o definidas de forma din\u00e2mica, tendo a biotecnologia de aplica\u00e7\u00e3o industrial como diretriz. O programa inclui temas de pesquisa estrat\u00e9gicos para o pa\u00eds e de reconhecida relev\u00e2ncia internacional como a convers\u00e3o de biomassa, a microbiologia aplicada, o desenvolvimento de bioprocessos, a enzimologia, a biotecnologia ambiental, a gen\u00f4mica funcional e engenharia gen\u00e9tica de plantas e micro-organismos, o desenho de reatores e a simula\u00e7\u00e3o computacional de bioprocessos. O p\u00fablico alvo do Programa \u00e9 representado por graduados dos cursos de Engenharia Bioqu\u00edmica, Engenharia de Bioprocessos, Engenharia Qu\u00edmica, Engenharia de Alimentos, Bioqu\u00edmica, Qu\u00edmica, Ci\u00eancias Biol\u00f3gicas, Farm\u00e1cia e outras \u00e1reas afins que buscam qualifica\u00e7\u00e3o em Biotecnologia Industrial.<\/p>\n","protected":false},"author":148,"featured_media":0,"parent":0,"menu_order":0,"comment_status":"closed","ping_status":"closed","template":"","meta":{"_monsterinsights_skip_tracking":false,"_monsterinsights_sitenote_active":false,"_monsterinsights_sitenote_note":"","_monsterinsights_sitenote_category":0,"footnotes":"","_links_to":"","_links_to_target":""},"class_list":["post-1195","page","type-page","status-publish","hentry"],"_links":{"self":[{"href":"https:\/\/sites.usp.br\/ppgbi\/wp-json\/wp\/v2\/pages\/1195","targetHints":{"allow":["GET"]}}],"collection":[{"href":"https:\/\/sites.usp.br\/ppgbi\/wp-json\/wp\/v2\/pages"}],"about":[{"href":"https:\/\/sites.usp.br\/ppgbi\/wp-json\/wp\/v2\/types\/page"}],"author":[{"embeddable":true,"href":"https:\/\/sites.usp.br\/ppgbi\/wp-json\/wp\/v2\/users\/148"}],"replies":[{"embeddable":true,"href":"https:\/\/sites.usp.br\/ppgbi\/wp-json\/wp\/v2\/comments?post=1195"}],"version-history":[{"count":4,"href":"https:\/\/sites.usp.br\/ppgbi\/wp-json\/wp\/v2\/pages\/1195\/revisions"}],"predecessor-version":[{"id":3385,"href":"https:\/\/sites.usp.br\/ppgbi\/wp-json\/wp\/v2\/pages\/1195\/revisions\/3385"}],"wp:attachment":[{"href":"https:\/\/sites.usp.br\/ppgbi\/wp-json\/wp\/v2\/media?parent=1195"}],"curies":[{"name":"wp","href":"https:\/\/api.w.org\/{rel}","templated":true}]}}