{"id":1197,"date":"2016-08-01T15:39:23","date_gmt":"2016-08-01T18:39:23","guid":{"rendered":"http:\/\/sites.usp.br\/ppgbi\/?page_id=1197"},"modified":"2019-02-22T15:27:00","modified_gmt":"2019-02-22T18:27:00","slug":"historico","status":"publish","type":"page","link":"https:\/\/sites.usp.br\/ppgbi\/historico\/","title":{"rendered":"Hist\u00f3rico"},"content":{"rendered":"<p><\/p>\n<h5><a href=\"http:\/\/sites.usp.br\/ppgbi\/wp-content\/uploads\/sites\/212\/2016\/08\/fachada-debiq_nova.jpg\"><img loading=\"lazy\" decoding=\"async\" class=\"size-full wp-image-3178 aligncenter\" src=\"http:\/\/sites.usp.br\/ppgbi\/wp-content\/uploads\/sites\/212\/2016\/08\/fachada-debiq_nova.jpg\" alt=\"\" width=\"581\" height=\"390\" data-id=\"3178\" srcset=\"https:\/\/sites.usp.br\/ppgbi\/wp-content\/uploads\/sites\/212\/2016\/08\/fachada-debiq_nova.jpg 581w, https:\/\/sites.usp.br\/ppgbi\/wp-content\/uploads\/sites\/212\/2016\/08\/fachada-debiq_nova-300x201.jpg 300w\" sizes=\"auto, (max-width: 581px) 100vw, 581px\" \/><\/a><\/h5>\n<p style=\"text-align: justify;\">O Programa de P\u00f3s-Gradua\u00e7\u00e3o em Biotecnologia Industrial (PPGBI) teve in\u00edcio em 1994 com o curso de Mestrado e em 2000 passou a contar tamb\u00e9m com o curso de Doutorado. Desde o in\u00edcio o PPGBI buscou formar profissionais altamente qualificados, oferecendo uma forma\u00e7\u00e3o interdisciplinar, necess\u00e1ria no campo da biotecnologia. O programa obteve sua sustenta\u00e7\u00e3o e reconhecimento originais devido \u00e0 vasta experi\u00eancia de seu corpo docente na \u00e1rea de engenharia bioqu\u00edmica e biotecnologia aplicada aos processos de convers\u00e3o biomassa. De fato, o PPGBI sempre contou com a maioria dos docentes ligados ao Departamento de Biotecnologia da Escola de Engenharia de Lorena, cuja atua\u00e7\u00e3o na \u00e1rea de bioenergia remonta \u00e0 sua funda\u00e7\u00e3o, quando foi determinante no desenvolvimento cient\u00edfico e tecnol\u00f3gico do programa nacional do \u00e1lcool combust\u00edvel.<\/p>\n<p style=\"text-align: justify;\">A qualidade das atividades desenvolvidas no PPGBI rapidamente ganhou reconhecimento nacional e internacional, atraindo estudantes de todas as regi\u00f5es do Brasil e de diversos pa\u00edses. At\u00e9 o m\u00eas de\u00a0setembro de 2018 o PPGBI formou\u00a0196 Mestres e\u00a0126 Doutores. Os egressos do programa t\u00eam sido prontamente absorvidos pelo mercado de trabalho, tanto nacional como internacional, atuando como profissionais de destaque nas \u00e1reas de pesquisa e desenvolvimento tecnol\u00f3gico do setor p\u00fablico e privado.<\/p>\n<p style=\"text-align: justify;\">Os temas iniciais de pesquisa ligados ao desenvolvimento do PPGBI estiveram naturalmente associados \u00e0s \u00e1reas de convers\u00e3o de biomassa e de microbiologia aplicada. O avan\u00e7o do programa ao longo dos anos permitiu a incorpora\u00e7\u00e3o de novas \u00e1reas de atua\u00e7\u00e3o, incluindo a biotecnologia ambiental e, mais recentemente, a gen\u00f4mica funcional e engenharia gen\u00e9tica de plantas e micro-organismos, bem como o desenho de reatores e a simula\u00e7\u00e3o computacional de bioprocessos.<\/p>\n<p style=\"text-align: justify;\"><a href=\"http:\/\/sites.usp.br\/ppgbi\/wp-content\/uploads\/sites\/212\/2016\/08\/historico-_ppgbi_capes.png\"><img loading=\"lazy\" decoding=\"async\" class=\"alignnone size-large wp-image-3103\" src=\"http:\/\/sites.usp.br\/ppgbi\/wp-content\/uploads\/sites\/212\/2016\/08\/historico-_ppgbi_capes-1024x751.png\" alt=\"\" width=\"650\" height=\"477\" data-id=\"3103\" srcset=\"https:\/\/sites.usp.br\/ppgbi\/wp-content\/uploads\/sites\/212\/2016\/08\/historico-_ppgbi_capes-1024x751.png 1024w, https:\/\/sites.usp.br\/ppgbi\/wp-content\/uploads\/sites\/212\/2016\/08\/historico-_ppgbi_capes-300x220.png 300w, https:\/\/sites.usp.br\/ppgbi\/wp-content\/uploads\/sites\/212\/2016\/08\/historico-_ppgbi_capes-768x563.png 768w, https:\/\/sites.usp.br\/ppgbi\/wp-content\/uploads\/sites\/212\/2016\/08\/historico-_ppgbi_capes-80x60.png 80w, https:\/\/sites.usp.br\/ppgbi\/wp-content\/uploads\/sites\/212\/2016\/08\/historico-_ppgbi_capes.png 1185w\" sizes=\"auto, (max-width: 650px) 100vw, 650px\" \/><\/a><\/p>\n<p><\/p>","protected":false},"excerpt":{"rendered":"<p>O Programa de P\u00f3s-Gradua\u00e7\u00e3o em Biotecnologia Industrial (PPGBI) teve in\u00edcio em 1994 com o curso de Mestrado e em 2000 passou a contar tamb\u00e9m com o curso de Doutorado. Desde o in\u00edcio o PPGBI buscou formar profissionais altamente qualificados, oferecendo uma forma\u00e7\u00e3o interdisciplinar, necess\u00e1ria no campo da biotecnologia. O programa obteve sua sustenta\u00e7\u00e3o e reconhecimento originais devido \u00e0 vasta experi\u00eancia de seu corpo docente na \u00e1rea de engenharia bioqu\u00edmica e biotecnologia aplicada aos processos de convers\u00e3o biomassa. De fato, o PPGBI sempre contou com a maioria dos docentes ligados ao Departamento de Biotecnologia da Escola de Engenharia de Lorena, cuja atua\u00e7\u00e3o na \u00e1rea de bioenergia remonta \u00e0 sua funda\u00e7\u00e3o, quando foi determinante no desenvolvimento cient\u00edfico e tecnol\u00f3gico do programa nacional do \u00e1lcool combust\u00edvel. A qualidade das atividades desenvolvidas no PPGBI rapidamente ganhou reconhecimento nacional e internacional, atraindo estudantes de todas as regi\u00f5es do Brasil e de diversos pa\u00edses. At\u00e9 o m\u00eas de\u00a0setembro de 2018 o PPGBI formou\u00a0196 Mestres e\u00a0126 Doutores. Os egressos do programa t\u00eam sido prontamente absorvidos pelo mercado de trabalho, tanto nacional como internacional, atuando como profissionais de destaque nas \u00e1reas de pesquisa e desenvolvimento tecnol\u00f3gico do setor p\u00fablico e privado. Os temas iniciais de pesquisa ligados ao [&#8230;]<\/p>\n","protected":false},"author":148,"featured_media":0,"parent":0,"menu_order":0,"comment_status":"closed","ping_status":"closed","template":"","meta":{"_monsterinsights_skip_tracking":false,"_monsterinsights_sitenote_active":false,"_monsterinsights_sitenote_note":"","_monsterinsights_sitenote_category":0,"footnotes":"","_links_to":"","_links_to_target":""},"class_list":["post-1197","page","type-page","status-publish","hentry"],"_links":{"self":[{"href":"https:\/\/sites.usp.br\/ppgbi\/wp-json\/wp\/v2\/pages\/1197","targetHints":{"allow":["GET"]}}],"collection":[{"href":"https:\/\/sites.usp.br\/ppgbi\/wp-json\/wp\/v2\/pages"}],"about":[{"href":"https:\/\/sites.usp.br\/ppgbi\/wp-json\/wp\/v2\/types\/page"}],"author":[{"embeddable":true,"href":"https:\/\/sites.usp.br\/ppgbi\/wp-json\/wp\/v2\/users\/148"}],"replies":[{"embeddable":true,"href":"https:\/\/sites.usp.br\/ppgbi\/wp-json\/wp\/v2\/comments?post=1197"}],"version-history":[{"count":4,"href":"https:\/\/sites.usp.br\/ppgbi\/wp-json\/wp\/v2\/pages\/1197\/revisions"}],"predecessor-version":[{"id":3285,"href":"https:\/\/sites.usp.br\/ppgbi\/wp-json\/wp\/v2\/pages\/1197\/revisions\/3285"}],"wp:attachment":[{"href":"https:\/\/sites.usp.br\/ppgbi\/wp-json\/wp\/v2\/media?parent=1197"}],"curies":[{"name":"wp","href":"https:\/\/api.w.org\/{rel}","templated":true}]}}