{"id":1199,"date":"2016-08-01T15:39:38","date_gmt":"2016-08-01T18:39:38","guid":{"rendered":"http:\/\/sites.usp.br\/ppgbi\/?page_id=1199"},"modified":"2019-10-15T15:14:17","modified_gmt":"2019-10-15T18:14:17","slug":"normas","status":"publish","type":"page","link":"https:\/\/sites.usp.br\/ppgbi\/normas\/","title":{"rendered":"Normas"},"content":{"rendered":"<p><\/p>\n<ul>\n<li><a href=\"http:\/\/sites.usp.br\/ppgbi\/wp-content\/uploads\/sites\/212\/2016\/08\/REGIMENTO-DE-P\u00d3S-GRADUA\u00c7\u00c3O-DA-UNIVERSIDADE-DE-S\u00c3O-PAULO-Resolu\u00e7\u00e3o-7493-27-03-2018.pdf\" target=\"_blank\" rel=\"noopener noreferrer\">Regimento Geral da P\u00f3s-Gradua\u00e7\u00e3o da Universidade de S\u00e3o Paulo (Resolu\u00e7\u00e3o n\u00ba 7493, de 27 de mar\u00e7o de 2018)<\/a><\/li>\n<\/ul>\n<p>&nbsp;<\/p>\n<ul>\n<li><a href=\"https:\/\/sites.usp.br\/ppgbi\/wp-content\/uploads\/sites\/212\/2019\/10\/eel_biotecnologiaindustrial_aprovadocan_18set19_19.pdf\" target=\"_blank\" rel=\"noopener noreferrer\"><strong>NOVO<\/strong> Regulamento do Programa de P\u00f3s-Gradua\u00e7\u00e3o em Biotecnologia Industrial &#8211; EEL\/USP <span style=\"color: #ff0000;\">(v\u00e1lido a partir de Outubro\/2019)<\/span><\/a><\/li>\n<\/ul>\n<p>&nbsp;<\/p>\n<ul>\n<li><a href=\"http:\/\/sites.usp.br\/ppgbi\/wp-content\/uploads\/sites\/212\/2016\/08\/regulamento.pdf\" target=\"_blank\" rel=\"noopener noreferrer\">Regulamento do Programa de P\u00f3s-Gradua\u00e7\u00e3o em Biotecnologia Industrial &#8211; EEL\/USP <span style=\"color: #ff0000;\">(v\u00e1lido at\u00e9 Setembro\/2019)<\/span><\/a><\/li>\n<\/ul>\n<p><\/p>","protected":false},"excerpt":{"rendered":"<p>Regimento Geral da P\u00f3s-Gradua\u00e7\u00e3o da Universidade de S\u00e3o Paulo (Resolu\u00e7\u00e3o n\u00ba 7493, de 27 de mar\u00e7o de 2018) &nbsp; NOVO Regulamento do Programa de P\u00f3s-Gradua\u00e7\u00e3o em Biotecnologia Industrial &#8211; EEL\/USP (v\u00e1lido a partir de Outubro\/2019) &nbsp; Regulamento do Programa de P\u00f3s-Gradua\u00e7\u00e3o em Biotecnologia Industrial &#8211; EEL\/USP (v\u00e1lido at\u00e9 Setembro\/2019)<\/p>\n","protected":false},"author":148,"featured_media":0,"parent":0,"menu_order":0,"comment_status":"closed","ping_status":"closed","template":"","meta":{"_monsterinsights_skip_tracking":false,"_monsterinsights_sitenote_active":false,"_monsterinsights_sitenote_note":"","_monsterinsights_sitenote_category":0,"footnotes":"","_links_to":"","_links_to_target":""},"class_list":["post-1199","page","type-page","status-publish","hentry"],"_links":{"self":[{"href":"https:\/\/sites.usp.br\/ppgbi\/wp-json\/wp\/v2\/pages\/1199","targetHints":{"allow":["GET"]}}],"collection":[{"href":"https:\/\/sites.usp.br\/ppgbi\/wp-json\/wp\/v2\/pages"}],"about":[{"href":"https:\/\/sites.usp.br\/ppgbi\/wp-json\/wp\/v2\/types\/page"}],"author":[{"embeddable":true,"href":"https:\/\/sites.usp.br\/ppgbi\/wp-json\/wp\/v2\/users\/148"}],"replies":[{"embeddable":true,"href":"https:\/\/sites.usp.br\/ppgbi\/wp-json\/wp\/v2\/comments?post=1199"}],"version-history":[{"count":4,"href":"https:\/\/sites.usp.br\/ppgbi\/wp-json\/wp\/v2\/pages\/1199\/revisions"}],"predecessor-version":[{"id":3711,"href":"https:\/\/sites.usp.br\/ppgbi\/wp-json\/wp\/v2\/pages\/1199\/revisions\/3711"}],"wp:attachment":[{"href":"https:\/\/sites.usp.br\/ppgbi\/wp-json\/wp\/v2\/media?parent=1199"}],"curies":[{"name":"wp","href":"https:\/\/api.w.org\/{rel}","templated":true}]}}