{"id":1213,"date":"2016-08-01T15:41:53","date_gmt":"2016-08-01T18:41:53","guid":{"rendered":"http:\/\/sites.usp.br\/ppgbi\/?page_id=1213"},"modified":"2024-05-10T10:25:44","modified_gmt":"2024-05-10T13:25:44","slug":"laboratorios","status":"publish","type":"page","link":"https:\/\/sites.usp.br\/ppgbi\/laboratorios\/","title":{"rendered":"Infraestrutura"},"content":{"rendered":"<p><\/p>\n<p style=\"text-align: justify;\">A maior parte das atividades do PPGBI \u00e9 realizada no Departamento de Biotecnologia que encontra-se localizado no campus I da EEL\/USP e disp\u00f5e de 2600 m2 de \u00e1rea constru\u00edda distribu\u00edda entre 13 laborat\u00f3rios de pesquisa, 2 salas de aula, 15 salas de docentes, e salas para alunos e pessoal t\u00e9cnico-administrativo. Incluem-se tamb\u00e9m, nesse total, instala\u00e7\u00f5es de plantas piloto para hidr\u00f3lise \u00e1cida e pr\u00e9-tratamento de materiais lignocelul\u00f3sicos.\u00a0Est\u00e3o ainda dispon\u00edveis facilidades de infra-estrutura geral composta por biblioteca central, centro de inform\u00e1tica\u00a0e oficinas de apoio para atividades de manuten\u00e7\u00e3o. Os laborat\u00f3rios de pesquisa encontram-se sob responsabilidade dos docentes atuantes no Programa e disp\u00f5em de equipamentos modernos, al\u00e9m de todo o material de apoio para o desenvolvimento de experimentos na \u00e1rea de Biotecnologia Industrial. A infra-estrutura dos laborat\u00f3rios (equipamentos, obras civis, el\u00e9trica e mobili\u00e1rio) tem sido continuamente modernizadas com recursos dos projetos financiados pela FAPESP, CNPq, USP e de outras ag\u00eancias de fomento.<\/p>\n<p>&nbsp;<\/p>\n<ul>\n<li><span style=\"color: #003366;\"><a style=\"color: #003366;\" href=\"\/\/sites.usp.br\/ppgbi\/laboratorio-de-bioquimica-2\/\"><strong>Laborat\u00f3rio de Bioqu\u00edmica<\/strong><\/a><\/span><br \/>\n<strong>Respons\u00e1vel:<\/strong>\u00a0Profa.\u00a0Adriane Maria Ferreira Milagres<\/li>\n<\/ul>\n<p>_________________________________________________<\/p>\n<ul>\n<li><strong><span style=\"color: #ff6600;\">Laborat\u00f3rio de Bioqu\u00edmica e Bioprodutos Renov\u00e1veis<\/span><\/strong><br \/>\n<strong>Respons\u00e1vel:<\/strong>\u00a0Prof.\u00a0Valdeir Arantes<\/li>\n<\/ul>\n<p>_________________________________________________<\/p>\n<ul>\n<li><span style=\"color: #ff6600;\"><strong>Laborat\u00f3rio de Ci\u00eancias Ambientais e Ecotoxicologia<\/strong><\/span><br \/>\n<strong>Respons\u00e1vel:<\/strong> Profa. Teresa Cristina Brazil de Paiva<\/li>\n<\/ul>\n<p>_________________________________________________<\/p>\n<ul>\n<li><span style=\"color: #003366;\"><a style=\"color: #003366;\" href=\"\/\/sites.usp.br\/ppgbi\/laboratorio-de-ciencias-da-madeira\/\"><strong>Laborat\u00f3rio de Ci\u00eancias da Madeira<\/strong><\/a><\/span><br \/>\n<strong>Respons\u00e1vel:<\/strong>\u00a0Prof. Andr\u00e9 Lu\u00eds Ferraz<\/li>\n<\/ul>\n<p>_________________________________________________<\/p>\n<ul>\n<li><a href=\"http:\/\/sites.usp.br\/ppgbi\/laboratorio-de-fermentacao-i\/\" target=\"_blank\" rel=\"noopener noreferrer\"><span style=\"color: #ff6600;\"><strong><span style=\"color: #000080;\"><span style=\"color: #003366;\">Laborat\u00f3rio de Fermenta\u00e7\u00e3o I<\/span><\/span><\/strong><\/span><\/a><br \/>\n<strong>Respons\u00e1vel:<\/strong>\u00a0Profa. In\u00eas Concei\u00e7\u00e3o Roberto<\/li>\n<\/ul>\n<p>_________________________________________________<\/p>\n<ul>\n<li><span style=\"color: #ff6600;\"><strong>Laborat\u00f3rio de Fermenta\u00e7\u00e3o II<\/strong><\/span><br \/>\n<strong>Respons\u00e1vel:<\/strong> Profa. Maria das Gra\u00e7as de Almeida Felipe<\/li>\n<\/ul>\n<p>_________________________________________________<\/p>\n<ul>\n<li><span style=\"color: #ff6600;\"><strong>Laborat\u00f3rio de Fermenta\u00e7\u00e3o III<\/strong><\/span><br \/>\n<strong>Respons\u00e1vel:<\/strong> Prof.\u00a0Arnaldo M\u00e1rcio Ramalho Prata<\/li>\n<\/ul>\n<p>_________________________________________________<\/p>\n<ul>\n<li><span style=\"color: #ff6600;\"><strong>Laborat\u00f3rio de Fermenta\u00e7\u00e3o IV (Cromatografia)<\/strong><\/span><br \/>\n<strong>Respons\u00e1veis:<\/strong><\/p>\n<ul>\n<li>Profa. In\u00eas Concei\u00e7\u00e3o Roberto<\/li>\n<li>Profa. Maria das Gra\u00e7as de Almeida Felipe<\/li>\n<li>Prof. Arnaldo M\u00e1rcio Ramalho Prata<\/li>\n<li>Prof. Silvio Silv\u00e9rio da Silva<\/li>\n<li>Profa. Rita de C\u00e1ssia Lacerda Brambilla Rodrigues<\/li>\n<\/ul>\n<\/li>\n<\/ul>\n<p>_________________________________________________<\/p>\n<ul>\n<li><span style=\"color: #003366;\"><a style=\"color: #003366;\" href=\"\/\/sites.usp.br\/ppgbi\/laboratorio-de-bioprocessos-e-produtos-sustentaveis-lbios\/\"><strong>Laborat\u00f3rio de Bioprocessos e Produtos Sustent\u00e1veis (LBios)<\/strong><\/a><\/span><br \/>\n<strong>Respons\u00e1vel:<\/strong>\u00a0Prof.\u00a0Silvio Silv\u00e9rio da Silva<\/li>\n<\/ul>\n<p>_________________________________________________<\/p>\n<ul>\n<li><a href=\"http:\/\/sites.usp.br\/pgembl\/\"><span style=\"color: #003366;\"><strong>Laborat\u00f3rio de\u00a0Gen\u00f4mica de Plantas e Bioenergia (PGEMBL)<\/strong><\/span><\/a><br \/>\n<strong>Respons\u00e1veis:<\/strong><\/p>\n<ul>\n<li>Prof.\u00a0Elisson Ant\u00f4nio da Costa Romanel<\/li>\n<li>Profa. Tatiane da Franca Silva<\/li>\n<\/ul>\n<\/li>\n<\/ul>\n<p>_________________________________________________<\/p>\n<ul>\n<li><a href=\"https:\/\/sites.usp.br\/symb\/\"><span style=\"color: #ff6600;\"><strong><span style=\"color: #000080;\"><span style=\"color: #003366;\">Laborat\u00f3rio de\u00a0Biologia Sint\u00e9tica e Molecular<\/span><\/span><\/strong><\/span><\/a><br \/>\n<strong>Respons\u00e1vel:\u00a0<\/strong>Prof.\u00a0Fernando Segato<\/li>\n<\/ul>\n<p>_________________________________________________<\/p>\n<ul>\n<li><span style=\"color: #ff6600;\"><strong>Laborat\u00f3rio de Probi\u00f3ticos<\/strong><\/span><br \/>\n<strong>Respons\u00e1vel:<\/strong>\u00a0Prof. Ismael Maciel de Mancilha<\/li>\n<\/ul>\n<p>_________________________________________________<\/p>\n<ul>\n<li><span style=\"color: #ff6600;\"><strong>Laborat\u00f3rio de Qu\u00edmica de Lignocelul\u00f3sicos<\/strong><\/span><br \/>\n<strong>Respons\u00e1vel:<\/strong>\u00a0Prof.\u00a0Fl\u00e1vio Teixeira da Silva<\/li>\n<\/ul>\n<p><\/p>","protected":false},"excerpt":{"rendered":"<p>A maior parte das atividades do PPGBI \u00e9 realizada no Departamento de Biotecnologia que encontra-se localizado no campus I da EEL\/USP e disp\u00f5e de 2600 m2 de \u00e1rea constru\u00edda distribu\u00edda entre 13 laborat\u00f3rios de pesquisa, 2 salas de aula, 15 salas de docentes, e salas para alunos e pessoal t\u00e9cnico-administrativo. Incluem-se tamb\u00e9m, nesse total, instala\u00e7\u00f5es de plantas piloto para hidr\u00f3lise \u00e1cida e pr\u00e9-tratamento de materiais lignocelul\u00f3sicos.\u00a0Est\u00e3o ainda dispon\u00edveis facilidades de infra-estrutura geral composta por biblioteca central, centro de inform\u00e1tica\u00a0e oficinas de apoio para atividades de manuten\u00e7\u00e3o. Os laborat\u00f3rios de pesquisa encontram-se sob responsabilidade dos docentes atuantes no Programa e disp\u00f5em de equipamentos modernos, al\u00e9m de todo o material de apoio para o desenvolvimento de experimentos na \u00e1rea de Biotecnologia Industrial. A infra-estrutura dos laborat\u00f3rios (equipamentos, obras civis, el\u00e9trica e mobili\u00e1rio) tem sido continuamente modernizadas com recursos dos projetos financiados pela FAPESP, CNPq, USP e de outras ag\u00eancias de fomento. &nbsp; Laborat\u00f3rio de Bioqu\u00edmica Respons\u00e1vel:\u00a0Profa.\u00a0Adriane Maria Ferreira Milagres _________________________________________________ Laborat\u00f3rio de Bioqu\u00edmica e Bioprodutos Renov\u00e1veis Respons\u00e1vel:\u00a0Prof.\u00a0Valdeir Arantes _________________________________________________ Laborat\u00f3rio de Ci\u00eancias Ambientais e Ecotoxicologia Respons\u00e1vel: Profa. Teresa Cristina Brazil de Paiva _________________________________________________ Laborat\u00f3rio de Ci\u00eancias da Madeira Respons\u00e1vel:\u00a0Prof. Andr\u00e9 Lu\u00eds Ferraz _________________________________________________ Laborat\u00f3rio de Fermenta\u00e7\u00e3o I Respons\u00e1vel:\u00a0Profa. In\u00eas Concei\u00e7\u00e3o Roberto _________________________________________________ [&#8230;]<\/p>\n","protected":false},"author":148,"featured_media":0,"parent":0,"menu_order":0,"comment_status":"closed","ping_status":"closed","template":"","meta":{"_monsterinsights_skip_tracking":false,"_monsterinsights_sitenote_active":false,"_monsterinsights_sitenote_note":"","_monsterinsights_sitenote_category":0,"footnotes":"","_links_to":"","_links_to_target":""},"class_list":["post-1213","page","type-page","status-publish","hentry"],"_links":{"self":[{"href":"https:\/\/sites.usp.br\/ppgbi\/wp-json\/wp\/v2\/pages\/1213","targetHints":{"allow":["GET"]}}],"collection":[{"href":"https:\/\/sites.usp.br\/ppgbi\/wp-json\/wp\/v2\/pages"}],"about":[{"href":"https:\/\/sites.usp.br\/ppgbi\/wp-json\/wp\/v2\/types\/page"}],"author":[{"embeddable":true,"href":"https:\/\/sites.usp.br\/ppgbi\/wp-json\/wp\/v2\/users\/148"}],"replies":[{"embeddable":true,"href":"https:\/\/sites.usp.br\/ppgbi\/wp-json\/wp\/v2\/comments?post=1213"}],"version-history":[{"count":4,"href":"https:\/\/sites.usp.br\/ppgbi\/wp-json\/wp\/v2\/pages\/1213\/revisions"}],"predecessor-version":[{"id":4445,"href":"https:\/\/sites.usp.br\/ppgbi\/wp-json\/wp\/v2\/pages\/1213\/revisions\/4445"}],"wp:attachment":[{"href":"https:\/\/sites.usp.br\/ppgbi\/wp-json\/wp\/v2\/media?parent=1213"}],"curies":[{"name":"wp","href":"https:\/\/api.w.org\/{rel}","templated":true}]}}