{"id":1260,"date":"2016-08-02T11:34:20","date_gmt":"2016-08-02T14:34:20","guid":{"rendered":"http:\/\/sites.usp.br\/ppgbi\/?page_id=1260"},"modified":"2025-03-31T16:21:29","modified_gmt":"2025-03-31T19:21:29","slug":"comissao-coordenadora","status":"publish","type":"page","link":"https:\/\/sites.usp.br\/ppgbi\/comissao-coordenadora\/","title":{"rendered":"Comiss\u00e3o Coordenadora"},"content":{"rendered":"<p><\/p>\n<h4><span style=\"color: #ff9900;\"><strong>Composi\u00e7\u00e3o da Comiss\u00e3o Coordenadora do Programa (CCP)<\/strong><\/span><\/h4>\n<p><strong>Coordenador<\/strong><\/p>\n<p><img loading=\"lazy\" decoding=\"async\" class=\"\" src=\"https:\/\/servicosweb.cnpq.br\/wspessoa\/servletrecuperafoto?tipo=1&amp;id=K4739826U8\" width=\"183\" height=\"160\" \/><\/p>\n<p>Prof. Associado. Fernando Segato<\/p>\n<p>E-mail: segato@usp.br<\/p>\n<p>&nbsp;<\/p>\n<p><strong>Membro Titular e Suplente do Coordenador<\/strong><\/p>\n<p><img loading=\"lazy\" decoding=\"async\" class=\"alignnone\" src=\"https:\/\/servicosweb.cnpq.br\/wspessoa\/servletrecuperafoto?tipo=1&amp;id=K4248929Z0\" alt=\"\" width=\"179\" height=\"207\" \/><\/p>\n<p>Profa. Dra. Talita Martins Lacerda<\/p>\n<p>E-mail: <a>talitalacerda@usp.br<\/a><\/p>\n<p>&nbsp;<\/p>\n<p><strong>Membro Titular<\/strong><\/p>\n<p><img loading=\"lazy\" decoding=\"async\" class=\"\" src=\"https:\/\/servicosweb.cnpq.br\/wspessoa\/servletrecuperafoto?tipo=1&amp;id=K4478856A9\" width=\"186\" height=\"186\" \/><\/p>\n<p>Prof. Dr. Anuj Kumar<\/p>\n<p>E-mail: <a>anuj10@usp.br<\/a><\/p>\n<p>&nbsp;<\/p>\n<p><strong>Membro Titular<\/strong><\/p>\n<p><a href=\"https:\/\/sites.usp.br\/ppgbi\/wp-content\/uploads\/sites\/212\/2025\/03\/pro-andre-lopes.jpg\"><img loading=\"lazy\" decoding=\"async\" class=\"alignnone wp-image-4494\" src=\"https:\/\/sites.usp.br\/ppgbi\/wp-content\/uploads\/sites\/212\/2025\/03\/pro-andre-lopes-295x300.jpg\" alt=\"\" width=\"178\" height=\"181\" data-id=\"4494\" srcset=\"https:\/\/sites.usp.br\/ppgbi\/wp-content\/uploads\/sites\/212\/2025\/03\/pro-andre-lopes-295x300.jpg 295w, https:\/\/sites.usp.br\/ppgbi\/wp-content\/uploads\/sites\/212\/2025\/03\/pro-andre-lopes-1007x1024.jpg 1007w, https:\/\/sites.usp.br\/ppgbi\/wp-content\/uploads\/sites\/212\/2025\/03\/pro-andre-lopes-768x781.jpg 768w, https:\/\/sites.usp.br\/ppgbi\/wp-content\/uploads\/sites\/212\/2025\/03\/pro-andre-lopes-45x45.jpg 45w, https:\/\/sites.usp.br\/ppgbi\/wp-content\/uploads\/sites\/212\/2025\/03\/pro-andre-lopes.jpg 1381w\" sizes=\"auto, (max-width: 178px) 100vw, 178px\" \/><\/a><\/p>\n<p>Prof. Dr. Andr\u00e9 Moreni Lopes<\/p>\n<p>E-mail: <a target=\"_blank\" rel=\"noopener\">andreml@usp.br<\/a><\/p>\n<hr \/>\n<p>&nbsp;<\/p>\n<p><strong>Membros Suplentes<\/strong><\/p>\n<p>&nbsp;<\/p>\n<p><img loading=\"lazy\" decoding=\"async\" class=\"\" src=\"https:\/\/sites.usp.br\/ppgbi\/wp-content\/uploads\/sites\/212\/2016\/08\/teresa-150x150.jpeg\" width=\"169\" height=\"169\" \/><\/p>\n<p>Profa. Titular Teresa Cristina Brazil de Paiva<\/p>\n<p>E-mail: teresapaiva@usp.br<\/p>\n<p>&nbsp;<\/p>\n<p><img loading=\"lazy\" decoding=\"async\" class=\"\" src=\"https:\/\/servicosweb.cnpq.br\/wspessoa\/servletrecuperafoto?tipo=1&amp;id=K4780381U1\" width=\"152\" height=\"270\" \/><\/p>\n<p>Profa. Titular Maria das Gra\u00e7as de Almeida Felipe<\/p>\n<p>E-mail: mgafelipe@usp.br<\/p>\n<p>&nbsp;<\/p>\n<p><a href=\"https:\/\/sites.usp.br\/ppgbi\/wp-content\/uploads\/sites\/212\/2016\/08\/ines1.jpg\"><img loading=\"lazy\" decoding=\"async\" class=\"alignnone wp-image-1708\" src=\"https:\/\/sites.usp.br\/ppgbi\/wp-content\/uploads\/sites\/212\/2016\/08\/ines1.jpg\" alt=\"\" width=\"173\" height=\"179\" data-id=\"1708\" \/><\/a><\/p>\n<p>Profa. Dra. In\u00eas Concei\u00e7\u00e3o Roberto<\/p>\n<p>E-mail: <a target=\"_blank\" rel=\"noopener\">iroberto@usp.br<\/a><\/p>\n<p>&nbsp;<\/p>\n<p><a href=\"https:\/\/sites.usp.br\/ppgbi\/wp-content\/uploads\/sites\/212\/2016\/08\/elisson.jpg\"><img loading=\"lazy\" decoding=\"async\" class=\"alignnone wp-image-1681\" src=\"https:\/\/sites.usp.br\/ppgbi\/wp-content\/uploads\/sites\/212\/2016\/08\/elisson-189x300.jpg\" alt=\"\" width=\"124\" height=\"197\" data-id=\"1681\" srcset=\"https:\/\/sites.usp.br\/ppgbi\/wp-content\/uploads\/sites\/212\/2016\/08\/elisson-189x300.jpg 189w, https:\/\/sites.usp.br\/ppgbi\/wp-content\/uploads\/sites\/212\/2016\/08\/elisson.jpg 340w\" sizes=\"auto, (max-width: 124px) 100vw, 124px\" \/><\/a><\/p>\n<p>Prof. Dr. Elisson Ant\u00f4nio da Costa Romanel<\/p>\n<p>E-mail: <a target=\"_blank\" rel=\"noopener\">romanel@usp.br<\/a><\/p>\n<p>&nbsp;<\/p>\n<p><strong>Mandato (docentes)<\/strong><\/p>\n<p>In\u00edcio: 18\/03\/2025<\/p>\n<p>T\u00e9rmino: 17\/03\/2027<\/p>\n<p>&nbsp;<\/p>\n<hr \/>\n<p>&nbsp;<\/p>\n<p><span style=\"color: #ff6600;\"><strong>Representante Discente<\/strong><\/span><\/p>\n<p><strong>Membro Titular<\/strong><\/p>\n<p><a href=\"https:\/\/sites.usp.br\/ppgbi\/wp-content\/uploads\/sites\/212\/2025\/03\/matheus-aragao.jpg\"><img loading=\"lazy\" decoding=\"async\" class=\"alignnone wp-image-4496\" src=\"https:\/\/sites.usp.br\/ppgbi\/wp-content\/uploads\/sites\/212\/2025\/03\/matheus-aragao.jpg\" alt=\"\" width=\"134\" height=\"173\" data-id=\"4496\" \/><\/a><\/p>\n<p>Doutorando <strong>Matheus Italo Bomfim Arag\u00e3o<\/strong><\/p>\n<p>E-mail: matheus.aragao@usp.br<\/p>\n<p><strong>Membro Suplente<\/strong><\/p>\n<p><a href=\"https:\/\/sites.usp.br\/ppgbi\/wp-content\/uploads\/sites\/212\/2025\/03\/Ubiratan.jpg\"><img loading=\"lazy\" decoding=\"async\" class=\"alignnone wp-image-4497\" src=\"https:\/\/sites.usp.br\/ppgbi\/wp-content\/uploads\/sites\/212\/2025\/03\/Ubiratan.jpg\" alt=\"\" width=\"137\" height=\"177\" data-id=\"4497\" \/><\/a><\/p>\n<p>Mestrando <strong>Ubiratan da Silva Batista<\/strong><\/p>\n<p>E-mail: ubiratanbatista@usp.br<\/p>\n<p>&nbsp;<\/p>\n<p style=\"text-align: justify;\"><strong>Mandato (discentes)<\/strong><\/p>\n<p style=\"text-align: justify;\">In\u00edcio: <strong>22\/10\/2024<\/strong><\/p>\n<p style=\"text-align: justify;\">T\u00e9rmino: <strong>21\/10\/2025<\/strong><\/p>\n<p style=\"text-align: justify;\">(De acordo com a Portaria N\u00ba 07\/2017-EEL,\u00a0Artigo 18 \u2013 O mandato da representa\u00e7\u00e3o discente ser\u00e1 de 1(um) ano, admitindo-se recondu\u00e7\u00e3o.)<\/p>\n<p><\/p>","protected":false},"excerpt":{"rendered":"<p>Composi\u00e7\u00e3o da Comiss\u00e3o Coordenadora do Programa (CCP) Coordenador Prof. Associado. Fernando Segato E-mail: segato@usp.br &nbsp; Membro Titular e Suplente do Coordenador Profa. Dra. Talita Martins Lacerda E-mail: talitalacerda@usp.br &nbsp; Membro Titular Prof. Dr. Anuj Kumar E-mail: anuj10@usp.br &nbsp; Membro Titular Prof. Dr. Andr\u00e9 Moreni Lopes E-mail: andreml@usp.br &nbsp; Membros Suplentes &nbsp; Profa. Titular Teresa Cristina Brazil de Paiva E-mail: teresapaiva@usp.br &nbsp; Profa. Titular Maria das Gra\u00e7as de Almeida Felipe E-mail: mgafelipe@usp.br &nbsp; Profa. Dra. In\u00eas Concei\u00e7\u00e3o Roberto E-mail: iroberto@usp.br &nbsp; Prof. Dr. Elisson Ant\u00f4nio da Costa Romanel E-mail: romanel@usp.br &nbsp; Mandato (docentes) In\u00edcio: 18\/03\/2025 T\u00e9rmino: 17\/03\/2027 &nbsp; &nbsp; Representante Discente Membro Titular Doutorando Matheus Italo Bomfim Arag\u00e3o E-mail: matheus.aragao@usp.br Membro Suplente Mestrando Ubiratan da Silva Batista E-mail: ubiratanbatista@usp.br &nbsp; Mandato (discentes) In\u00edcio: 22\/10\/2024 T\u00e9rmino: 21\/10\/2025 (De acordo com a Portaria N\u00ba 07\/2017-EEL,\u00a0Artigo 18 \u2013 O mandato da representa\u00e7\u00e3o discente ser\u00e1 de 1(um) ano, admitindo-se recondu\u00e7\u00e3o.)<\/p>\n","protected":false},"author":148,"featured_media":1152,"parent":0,"menu_order":0,"comment_status":"closed","ping_status":"closed","template":"","meta":{"_monsterinsights_skip_tracking":false,"_monsterinsights_sitenote_active":false,"_monsterinsights_sitenote_note":"","_monsterinsights_sitenote_category":0,"footnotes":"","_links_to":"","_links_to_target":""},"class_list":["post-1260","page","type-page","status-publish","has-post-thumbnail","hentry"],"_links":{"self":[{"href":"https:\/\/sites.usp.br\/ppgbi\/wp-json\/wp\/v2\/pages\/1260","targetHints":{"allow":["GET"]}}],"collection":[{"href":"https:\/\/sites.usp.br\/ppgbi\/wp-json\/wp\/v2\/pages"}],"about":[{"href":"https:\/\/sites.usp.br\/ppgbi\/wp-json\/wp\/v2\/types\/page"}],"author":[{"embeddable":true,"href":"https:\/\/sites.usp.br\/ppgbi\/wp-json\/wp\/v2\/users\/148"}],"replies":[{"embeddable":true,"href":"https:\/\/sites.usp.br\/ppgbi\/wp-json\/wp\/v2\/comments?post=1260"}],"version-history":[{"count":4,"href":"https:\/\/sites.usp.br\/ppgbi\/wp-json\/wp\/v2\/pages\/1260\/revisions"}],"predecessor-version":[{"id":4499,"href":"https:\/\/sites.usp.br\/ppgbi\/wp-json\/wp\/v2\/pages\/1260\/revisions\/4499"}],"wp:featuredmedia":[{"embeddable":true,"href":"https:\/\/sites.usp.br\/ppgbi\/wp-json\/wp\/v2\/media\/1152"}],"wp:attachment":[{"href":"https:\/\/sites.usp.br\/ppgbi\/wp-json\/wp\/v2\/media?parent=1260"}],"curies":[{"name":"wp","href":"https:\/\/api.w.org\/{rel}","templated":true}]}}