{"id":1289,"date":"2016-08-03T11:18:04","date_gmt":"2016-08-03T14:18:04","guid":{"rendered":"http:\/\/sites.usp.br\/ppgbi\/?page_id=1289"},"modified":"2020-07-27T15:14:49","modified_gmt":"2020-07-27T18:14:49","slug":"estagio-pae","status":"publish","type":"page","link":"https:\/\/sites.usp.br\/ppgbi\/estagio-pae\/","title":{"rendered":"Est\u00e1gio PAE"},"content":{"rendered":"<p><\/p>\n<p style=\"text-align: justify;\">Programa de Aperfei\u00e7oamento de Ensino (PAE) \u00e9 uma modalidade de treinamento exclusiva da Universidade de S\u00e3o Paulo (regulamentada pela Portaria GR 3588, de 10 de maio de 2005), destina-se exclusivamente a alunos de P\u00f3s-Gradua\u00e7\u00e3o matriculados na Universidade de S\u00e3o Paulo nos cursos de mestrado e doutorado.<\/p>\n<p style=\"text-align: justify;\" align=\"left\">Seu principal objetivo \u00e9 aprimorar a forma\u00e7\u00e3o do p\u00f3s-graduando para atividade did\u00e1tica de gradua\u00e7\u00e3o e sua composi\u00e7\u00e3o consiste em duas etapas: 1)Prepara\u00e7\u00e3o Pedag\u00f3gica; e 2)Est\u00e1gio Supervisionado em Doc\u00eancia.<\/p>\n<p style=\"text-align: justify;\" align=\"left\"><strong><br \/>\n1)<\/strong> Na etapa de <strong>Prepara\u00e7\u00e3o Pedag\u00f3gica<\/strong>\u00a0foi adotada\u00a0a modalidade onde o aluno de Mestrado ou Doutorado da EEL\/USP deve cursar uma\u00a0disciplina espec\u00edfica de P\u00f3s-Gradua\u00e7\u00e3o com\u00a0oferecimento de cr\u00e9ditos, cujo conte\u00fado estar\u00e1 voltado para as quest\u00f5es da Universidade e do Ensino Superior;<\/p>\n<p style=\"text-align: justify;\" align=\"left\">Para consultar\u00a0a ementa, primeiro acesse o <a href=\"https:\/\/uspdigital.usp.br\/janus\/comum\/entrada.jsf\" target=\"_blank\" rel=\"noopener noreferrer\">Sistema Janus<\/a>\u00a0e depois\u00a0 clique: 1) Cat\u00e1logo de disciplinas; 2) Digite a sigla da disciplina: <strong>EEL5000<\/strong><\/p>\n<p style=\"text-align: justify;\" align=\"left\">_______________________________________________<\/p>\n<p style=\"text-align: justify;\" align=\"left\">C\u00f3digo: <strong>EEL5000<\/strong><\/p>\n<p style=\"text-align: justify;\" align=\"left\">Nome da Disciplina: <strong>Did\u00e1tica e Pr\u00e1tica do Ensino de Engenharia<\/strong><\/p>\n<p style=\"text-align: justify;\" align=\"left\">N\u00ba de Cr\u00e9ditos: \u00a0<b>4<\/b><\/p>\n<p style=\"text-align: justify;\" align=\"left\">_______________________________________________<\/p>\n<p style=\"text-align: justify;\" align=\"left\">O aluno que se interessar em cursar esta disciplina, dever\u00e1 selecion\u00e1-la no momento da matr\u00edcula atrav\u00e9s do <a href=\"https:\/\/uspdigital.usp.br\/janus\/comum\/entrada.jsf\" target=\"_blank\" rel=\"noopener noreferrer\">Sistema Janus<\/a>.<\/p>\n<p style=\"text-align: justify;\" align=\"left\"><span style=\"color: #800000;\">IMPORTANTE: S\u00f3 poder\u00e1 realizar a segunda etapa (Est\u00e1gio Supervisionado em Doc\u00eancia) e se inscrever ao Edital, quem j\u00e1 tiver conclu\u00eddo esta disciplina.<\/span><\/p>\n<p>&nbsp;<\/p>\n<p style=\"text-align: justify;\" align=\"left\"><strong>2)<\/strong> Quanto \u00e0 Etapa de <strong>Est\u00e1gio Supervisionado em Doc\u00eancia<\/strong>, esta \u00e9 realizada especificamente em disciplinas de gradua\u00e7\u00e3o, devendo o interessado se inscrever na Unidade de Ensino da \u00e1rea de conhecimento pertinente ao seu curso.<\/p>\n<p style=\"text-align: justify;\" align=\"left\">O Programa \u00e9 opcional aos alunos de P\u00f3s-Gradua\u00e7\u00e3o da Universidade, exceto \u00e0queles que s\u00e3o contemplados pela Bolsa Demanda Social da\u00a0<a href=\"http:\/\/www.capes.gov.br\/\" target=\"_blank\" rel=\"noopener noreferrer\">CAPES<\/a>, cujo regulamento solicita a realiza\u00e7\u00e3o de est\u00e1gio.<\/p>\n<p style=\"text-align: justify;\">Nesta etapa o aluno dever\u00e1 se inscrever atrav\u00e9s de Edital espec\u00edfico, que poder\u00e1 ser acessado no link: <a href=\"http:\/\/cpg.eel.usp.br\/node\/44\" target=\"_blank\" rel=\"noopener noreferrer\">Edital_PAE<\/a>.<\/p>\n<p style=\"text-align: justify;\"><strong>Caso houver d\u00favidas referente ao PAE, entrar em contato pelo e-mail:<\/strong>\u00a0<a href=\"mailto:pae@eel.usp.br\">pae@eel.usp.br<\/a><\/p>\n<p style=\"text-align: justify;\"><strong>Secret\u00e1ria:<\/strong> Rita de C\u00e1ssia<\/p>\n<p><\/p>","protected":false},"excerpt":{"rendered":"<p>Programa de Aperfei\u00e7oamento de Ensino (PAE) \u00e9 uma modalidade de treinamento exclusiva da Universidade de S\u00e3o Paulo (regulamentada pela Portaria GR 3588, de 10 de maio de 2005), destina-se exclusivamente a alunos de P\u00f3s-Gradua\u00e7\u00e3o matriculados na Universidade de S\u00e3o Paulo nos cursos de mestrado e doutorado. Seu principal objetivo \u00e9 aprimorar a forma\u00e7\u00e3o do p\u00f3s-graduando para atividade did\u00e1tica de gradua\u00e7\u00e3o e sua composi\u00e7\u00e3o consiste em duas etapas: 1)Prepara\u00e7\u00e3o Pedag\u00f3gica; e 2)Est\u00e1gio Supervisionado em Doc\u00eancia. 1) Na etapa de Prepara\u00e7\u00e3o Pedag\u00f3gica\u00a0foi adotada\u00a0a modalidade onde o aluno de Mestrado ou Doutorado da EEL\/USP deve cursar uma\u00a0disciplina espec\u00edfica de P\u00f3s-Gradua\u00e7\u00e3o com\u00a0oferecimento de cr\u00e9ditos, cujo conte\u00fado estar\u00e1 voltado para as quest\u00f5es da Universidade e do Ensino Superior; Para consultar\u00a0a ementa, primeiro acesse o Sistema Janus\u00a0e depois\u00a0 clique: 1) Cat\u00e1logo de disciplinas; 2) Digite a sigla da disciplina: EEL5000 _______________________________________________ C\u00f3digo: EEL5000 Nome da Disciplina: Did\u00e1tica e Pr\u00e1tica do Ensino de Engenharia N\u00ba de Cr\u00e9ditos: \u00a04 _______________________________________________ O aluno que se interessar em cursar esta disciplina, dever\u00e1 selecion\u00e1-la no momento da matr\u00edcula atrav\u00e9s do Sistema Janus. IMPORTANTE: S\u00f3 poder\u00e1 realizar a segunda etapa (Est\u00e1gio Supervisionado em Doc\u00eancia) e se inscrever ao Edital, quem j\u00e1 tiver conclu\u00eddo esta disciplina. &nbsp; 2) Quanto \u00e0 Etapa de Est\u00e1gio [&#8230;]<\/p>\n","protected":false},"author":148,"featured_media":0,"parent":0,"menu_order":0,"comment_status":"closed","ping_status":"closed","template":"","meta":{"_monsterinsights_skip_tracking":false,"_monsterinsights_sitenote_active":false,"_monsterinsights_sitenote_note":"","_monsterinsights_sitenote_category":0,"footnotes":"","_links_to":"","_links_to_target":""},"class_list":["post-1289","page","type-page","status-publish","hentry"],"_links":{"self":[{"href":"https:\/\/sites.usp.br\/ppgbi\/wp-json\/wp\/v2\/pages\/1289","targetHints":{"allow":["GET"]}}],"collection":[{"href":"https:\/\/sites.usp.br\/ppgbi\/wp-json\/wp\/v2\/pages"}],"about":[{"href":"https:\/\/sites.usp.br\/ppgbi\/wp-json\/wp\/v2\/types\/page"}],"author":[{"embeddable":true,"href":"https:\/\/sites.usp.br\/ppgbi\/wp-json\/wp\/v2\/users\/148"}],"replies":[{"embeddable":true,"href":"https:\/\/sites.usp.br\/ppgbi\/wp-json\/wp\/v2\/comments?post=1289"}],"version-history":[{"count":4,"href":"https:\/\/sites.usp.br\/ppgbi\/wp-json\/wp\/v2\/pages\/1289\/revisions"}],"predecessor-version":[{"id":3943,"href":"https:\/\/sites.usp.br\/ppgbi\/wp-json\/wp\/v2\/pages\/1289\/revisions\/3943"}],"wp:attachment":[{"href":"https:\/\/sites.usp.br\/ppgbi\/wp-json\/wp\/v2\/media?parent=1289"}],"curies":[{"name":"wp","href":"https:\/\/api.w.org\/{rel}","templated":true}]}}