{"id":1299,"date":"2016-08-03T11:23:19","date_gmt":"2016-08-03T14:23:19","guid":{"rendered":"http:\/\/sites.usp.br\/ppgbi\/?page_id=1299"},"modified":"2019-04-23T09:35:01","modified_gmt":"2019-04-23T12:35:01","slug":"localizacao-e-equipe","status":"publish","type":"page","link":"https:\/\/sites.usp.br\/ppgbi\/localizacao-e-equipe\/","title":{"rendered":"Localiza\u00e7\u00e3o e Contato"},"content":{"rendered":"<p><span style=\"color: #ff6600;\"><b>Endere\u00e7o<\/b><\/span><\/p>\n<p>Estrada Municipal do Campinho, S\/N<\/p>\n<p>Bairro do Campinho \u00a0 \u00a0&#8211; Lorena\/SP<\/p>\n<p>CEP: 12602-810<\/p>\n<hr \/>\n<p>&nbsp;<\/p>\n<p>&#8211;\u00a0<a href=\"http:\/\/sites.usp.br\/ppgbi\/wp-content\/uploads\/sites\/212\/2016\/08\/saopaulo_lorena.jpg\">ROTA DE <strong>S\u00c3O PAULO<\/strong> A <strong>LORENA<\/strong><\/a><\/p>\n<p>&#8211; <a href=\"http:\/\/sites.usp.br\/ppgbi\/wp-content\/uploads\/sites\/212\/2016\/08\/rio_lorena.jpg\" target=\"_blank\" rel=\"noopener noreferrer\">ROTA DO <strong>RIO DE JANEIRO<\/strong> A <strong>LORENA<\/strong><\/a><\/p>\n<p>&#8211; <a href=\"http:\/\/sites.usp.br\/ppgbi\/wp-content\/uploads\/sites\/212\/2016\/08\/acessolorena_itaj.jpg\" target=\"_blank\" rel=\"noopener noreferrer\">ACESSO PELA RODOVIA 459 (LORENA \/ ITAJUB\u00c1)<\/a>*<\/p>\n<p>*Acesso sem a necessidade de atravessar\u00a0por dentro da cidade.<\/p>\n<hr \/>\n<p>&nbsp;<\/p>\n<p><span style=\"color: #ff6600;\"><b>Contato<\/b><\/span><\/p>\n\n<div class=\"wpcf7 no-js\" id=\"wpcf7-f1506-o1\" lang=\"pt-BR\" dir=\"ltr\" data-wpcf7-id=\"1506\">\n<div class=\"screen-reader-response\"><p role=\"status\" aria-live=\"polite\" aria-atomic=\"true\"><\/p> <ul><\/ul><\/div>\n<form action=\"\/ppgbi\/wp-json\/wp\/v2\/pages\/1299#wpcf7-f1506-o1\" method=\"post\" class=\"wpcf7-form init\" aria-label=\"Formul\u00e1rios de contato\" novalidate=\"novalidate\" data-status=\"init\">\n<fieldset class=\"hidden-fields-container\"><input type=\"hidden\" name=\"_wpcf7\" value=\"1506\" \/><input type=\"hidden\" name=\"_wpcf7_version\" value=\"6.1.5\" \/><input type=\"hidden\" name=\"_wpcf7_locale\" value=\"pt_BR\" \/><input type=\"hidden\" name=\"_wpcf7_unit_tag\" value=\"wpcf7-f1506-o1\" \/><input type=\"hidden\" name=\"_wpcf7_container_post\" value=\"0\" \/><input type=\"hidden\" name=\"_wpcf7_posted_data_hash\" value=\"\" \/>\n<\/fieldset>\n<p>Nome (obrigat\u00f3rio)\n<\/p>\n<p><span class=\"wpcf7-form-control-wrap\" data-name=\"your-name\"><input size=\"40\" maxlength=\"400\" class=\"wpcf7-form-control wpcf7-text wpcf7-validates-as-required\" aria-required=\"true\" aria-invalid=\"false\" value=\"\" type=\"text\" name=\"your-name\" \/><\/span>\n<\/p>\n<p>Seu e-mail (obrigat\u00f3rio)\n<\/p>\n<p><span class=\"wpcf7-form-control-wrap\" data-name=\"your-email\"><input size=\"40\" maxlength=\"400\" class=\"wpcf7-form-control wpcf7-email wpcf7-validates-as-required wpcf7-text wpcf7-validates-as-email\" aria-required=\"true\" aria-invalid=\"false\" value=\"\" type=\"email\" name=\"your-email\" \/><\/span>\n<\/p>\n<p>Assunto\n<\/p>\n<p><span class=\"wpcf7-form-control-wrap\" data-name=\"your-subject\"><input size=\"40\" maxlength=\"400\" class=\"wpcf7-form-control wpcf7-text\" aria-invalid=\"false\" value=\"\" type=\"text\" name=\"your-subject\" \/><\/span>\n<\/p>\n<p>Sua mensagem\n<\/p>\n<p><span class=\"wpcf7-form-control-wrap\" data-name=\"your-message\"><textarea cols=\"40\" rows=\"10\" maxlength=\"2000\" class=\"wpcf7-form-control wpcf7-textarea\" aria-invalid=\"false\" name=\"your-message\"><\/textarea><\/span>\n<\/p>\n<p><input class=\"wpcf7-form-control wpcf7-submit has-spinner\" type=\"submit\" value=\"Enviar\" \/>\n<\/p><p style=\"display: none !important;\" class=\"akismet-fields-container\" data-prefix=\"_wpcf7_ak_\"><label>&#916;<textarea name=\"_wpcf7_ak_hp_textarea\" cols=\"45\" rows=\"8\" maxlength=\"100\"><\/textarea><\/label><input type=\"hidden\" id=\"ak_js_1\" name=\"_wpcf7_ak_js\" value=\"140\"\/><script>document.getElementById( \"ak_js_1\" ).setAttribute( \"value\", ( new Date() ).getTime() );<\/script><\/p><div class=\"wpcf7-response-output\" aria-hidden=\"true\"><\/div>\n<\/form>\n<\/div>\n\n<hr \/>\n<p>&nbsp;<\/p>\n<p><span style=\"color: #ff6600;\"><strong>Hor\u00e1rio de Atendimento no Balc\u00e3o<\/strong><\/span><\/p>\n<p>Das 08h30 \u00e0s 11h30<br \/>\nDas 14h30 \u00e0s 17h30<\/p>","protected":false},"excerpt":{"rendered":"<p>Endere\u00e7o Estrada Municipal do Campinho, S\/N Bairro do Campinho \u00a0 \u00a0&#8211; Lorena\/SP CEP: 12602-810 &nbsp; &#8211;\u00a0ROTA DE S\u00c3O PAULO A LORENA &#8211; ROTA DO RIO DE JANEIRO A LORENA &#8211; ACESSO PELA RODOVIA 459 (LORENA \/ ITAJUB\u00c1)* *Acesso sem a necessidade de atravessar\u00a0por dentro da cidade. &nbsp; Contato Nome (obrigat\u00f3rio) Seu e-mail (obrigat\u00f3rio) Assunto Sua mensagem &#916; &nbsp; Hor\u00e1rio de Atendimento no Balc\u00e3o Das 08h30 \u00e0s 11h30 Das 14h30 \u00e0s 17h30<\/p>\n","protected":false},"author":148,"featured_media":0,"parent":0,"menu_order":0,"comment_status":"closed","ping_status":"closed","template":"","meta":{"_monsterinsights_skip_tracking":false,"_monsterinsights_sitenote_active":false,"_monsterinsights_sitenote_note":"","_monsterinsights_sitenote_category":0,"footnotes":"","_links_to":"","_links_to_target":""},"class_list":["post-1299","page","type-page","status-publish","hentry"],"_links":{"self":[{"href":"https:\/\/sites.usp.br\/ppgbi\/wp-json\/wp\/v2\/pages\/1299","targetHints":{"allow":["GET"]}}],"collection":[{"href":"https:\/\/sites.usp.br\/ppgbi\/wp-json\/wp\/v2\/pages"}],"about":[{"href":"https:\/\/sites.usp.br\/ppgbi\/wp-json\/wp\/v2\/types\/page"}],"author":[{"embeddable":true,"href":"https:\/\/sites.usp.br\/ppgbi\/wp-json\/wp\/v2\/users\/148"}],"replies":[{"embeddable":true,"href":"https:\/\/sites.usp.br\/ppgbi\/wp-json\/wp\/v2\/comments?post=1299"}],"version-history":[{"count":4,"href":"https:\/\/sites.usp.br\/ppgbi\/wp-json\/wp\/v2\/pages\/1299\/revisions"}],"predecessor-version":[{"id":3438,"href":"https:\/\/sites.usp.br\/ppgbi\/wp-json\/wp\/v2\/pages\/1299\/revisions\/3438"}],"wp:attachment":[{"href":"https:\/\/sites.usp.br\/ppgbi\/wp-json\/wp\/v2\/media?parent=1299"}],"curies":[{"name":"wp","href":"https:\/\/api.w.org\/{rel}","templated":true}]}}