{"id":1303,"date":"2016-08-03T11:24:10","date_gmt":"2016-08-03T14:24:10","guid":{"rendered":"http:\/\/sites.usp.br\/ppgbi\/?page_id=1303"},"modified":"2020-07-27T15:24:14","modified_gmt":"2020-07-27T18:24:14","slug":"matricula","status":"publish","type":"page","link":"https:\/\/sites.usp.br\/ppgbi\/matricula\/","title":{"rendered":"Matr\u00edcula"},"content":{"rendered":"<p><\/p>\n<p style=\"text-align: justify;\"><strong><span style=\"color: #ff6600;\">Per\u00edodo de Matr\u00edcula para os alunos regulares\u00a0<\/span> <\/strong><\/p>\n<p><strong>Acessar o link: <a href=\"https:\/\/uspdigital.usp.br\/janus\/componente\/periodoMatricula.jsf\" target=\"_blank\" rel=\"noopener noreferrer\">https:\/\/uspdigital.usp.br\/janus\/componente\/periodoMatricula.jsf<\/a><\/strong><\/p>\n<p>&nbsp;<\/p>\n<p style=\"text-align: justify;\">O per\u00edodo de matr\u00edcula de <strong>alunos regulares<\/strong>, que n\u00e3o est\u00e3o com matr\u00edcula trancada, compreende 3 etapas consecutivas, recomendando-se que os alunos consultem previamente o orientador sobre a escolha das disciplinas:<\/p>\n<p style=\"text-align: justify;\"><strong><span style=\"color: #ff6600;\"><u>1\u00aa Etapa:<\/u><\/span><\/strong>\u00a0<strong>Pr\u00e9-Matr\u00edcula do aluno <\/strong>(per\u00edodo para os alunos efetuarem suas pr\u00e9-matr\u00edculas em disciplinas ou sua matr\u00edcula de acompanhamento, sendo a matr\u00edcula de acompanhamento obrigat\u00f3ria para o aluno que n\u00e3o se matricular em nenhuma disciplina. Toda a\u00e7\u00e3o confirmada pelo aluno, neste Sistema, gera um <em>e-mail<\/em> a si pr\u00f3prio como comprovante da a\u00e7\u00e3o executada);<\/p>\n<p style=\"text-align: justify;\">________________________________________________<\/p>\n<p style=\"text-align: justify;\"><span style=\"color: #ff6600;\"><strong><u>2\u00aa Etapa:<\/u><\/strong><\/span>\u00a0<strong>Aval do orientador <\/strong>(per\u00edodo para os orientadores avalizarem as pr\u00e9-matr\u00edculas em disciplinas e aceitarem as matr\u00edculas de acompanhamento de seus orientandos. A pr\u00e9-matr\u00edcula em disciplina ou solicita\u00e7\u00e3o de matr\u00edcula de acompanhamento n\u00e3o apreciada pelo respectivo orientador, neste prazo, ser\u00e1 <strong>automaticamente aceita<\/strong>);<\/p>\n<p style=\"text-align: justify;\">________________________________________________<\/p>\n<p style=\"text-align: justify;\"><span style=\"color: #ff6600;\"><strong><u>3\u00aa Etapa:<\/u><\/strong><\/span>\u00a0<strong>Deferimento do ministrante <\/strong>(per\u00edodo para os ministrantes de disciplina deferirem as pr\u00e9-matr\u00edculas avalizadas pelos orientadores. A pr\u00e9-matr\u00edcula, avalizada pelo orientador, que n\u00e3o receber manifesta\u00e7\u00e3o do ministrante da disciplina ser\u00e1 <strong>automaticamente aceita<\/strong>).<\/p>\n<p style=\"text-align: justify;\">________________________________________________<\/p>\n<p style=\"text-align: justify;\"><span style=\"color: #ff0000;\"><strong>OBS:<\/strong> A matr\u00edcula \u00e9 obrigat\u00f3ria a todos os alunos da p\u00f3s-gradua\u00e7\u00e3o e dever\u00e1 ser realizada no in\u00edcio de cada semestre, at\u00e9 o encerramento do curso.<\/span><\/p>\n<p style=\"text-align: justify;\"><strong><span style=\"color: #ff0000;\">Caso o\u00a0aluno j\u00e1 tenha completado os cr\u00e9ditos exigidos para o Mestrado ou Doutorado e n\u00e3o ir\u00e1 cursar disciplinas, n<\/span><\/strong><span style=\"color: #ff0000;\"><strong>o momento da matr\u00edcula dever\u00e1 escolher a op\u00e7\u00e3o:<em><span style=\"text-decoration: underline;\"> &#8220;Matr\u00edcula de Acompanhamento&#8221;<\/span><\/em><\/strong><\/span><\/p>\n<p><\/p>","protected":false},"excerpt":{"rendered":"<p>Per\u00edodo de Matr\u00edcula para os alunos regulares\u00a0 Acessar o link: https:\/\/uspdigital.usp.br\/janus\/componente\/periodoMatricula.jsf &nbsp; O per\u00edodo de matr\u00edcula de alunos regulares, que n\u00e3o est\u00e3o com matr\u00edcula trancada, compreende 3 etapas consecutivas, recomendando-se que os alunos consultem previamente o orientador sobre a escolha das disciplinas: 1\u00aa Etapa:\u00a0Pr\u00e9-Matr\u00edcula do aluno (per\u00edodo para os alunos efetuarem suas pr\u00e9-matr\u00edculas em disciplinas ou sua matr\u00edcula de acompanhamento, sendo a matr\u00edcula de acompanhamento obrigat\u00f3ria para o aluno que n\u00e3o se matricular em nenhuma disciplina. Toda a\u00e7\u00e3o confirmada pelo aluno, neste Sistema, gera um e-mail a si pr\u00f3prio como comprovante da a\u00e7\u00e3o executada); ________________________________________________ 2\u00aa Etapa:\u00a0Aval do orientador (per\u00edodo para os orientadores avalizarem as pr\u00e9-matr\u00edculas em disciplinas e aceitarem as matr\u00edculas de acompanhamento de seus orientandos. A pr\u00e9-matr\u00edcula em disciplina ou solicita\u00e7\u00e3o de matr\u00edcula de acompanhamento n\u00e3o apreciada pelo respectivo orientador, neste prazo, ser\u00e1 automaticamente aceita); ________________________________________________ 3\u00aa Etapa:\u00a0Deferimento do ministrante (per\u00edodo para os ministrantes de disciplina deferirem as pr\u00e9-matr\u00edculas avalizadas pelos orientadores. A pr\u00e9-matr\u00edcula, avalizada pelo orientador, que n\u00e3o receber manifesta\u00e7\u00e3o do ministrante da disciplina ser\u00e1 automaticamente aceita). ________________________________________________ OBS: A matr\u00edcula \u00e9 obrigat\u00f3ria a todos os alunos da p\u00f3s-gradua\u00e7\u00e3o e dever\u00e1 ser realizada no in\u00edcio de cada semestre, at\u00e9 o encerramento do curso. Caso o\u00a0aluno j\u00e1 tenha [&#8230;]<\/p>\n","protected":false},"author":148,"featured_media":0,"parent":0,"menu_order":0,"comment_status":"closed","ping_status":"closed","template":"","meta":{"_monsterinsights_skip_tracking":false,"_monsterinsights_sitenote_active":false,"_monsterinsights_sitenote_note":"","_monsterinsights_sitenote_category":0,"footnotes":"","_links_to":"","_links_to_target":""},"class_list":["post-1303","page","type-page","status-publish","hentry"],"_links":{"self":[{"href":"https:\/\/sites.usp.br\/ppgbi\/wp-json\/wp\/v2\/pages\/1303","targetHints":{"allow":["GET"]}}],"collection":[{"href":"https:\/\/sites.usp.br\/ppgbi\/wp-json\/wp\/v2\/pages"}],"about":[{"href":"https:\/\/sites.usp.br\/ppgbi\/wp-json\/wp\/v2\/types\/page"}],"author":[{"embeddable":true,"href":"https:\/\/sites.usp.br\/ppgbi\/wp-json\/wp\/v2\/users\/148"}],"replies":[{"embeddable":true,"href":"https:\/\/sites.usp.br\/ppgbi\/wp-json\/wp\/v2\/comments?post=1303"}],"version-history":[{"count":4,"href":"https:\/\/sites.usp.br\/ppgbi\/wp-json\/wp\/v2\/pages\/1303\/revisions"}],"predecessor-version":[{"id":3947,"href":"https:\/\/sites.usp.br\/ppgbi\/wp-json\/wp\/v2\/pages\/1303\/revisions\/3947"}],"wp:attachment":[{"href":"https:\/\/sites.usp.br\/ppgbi\/wp-json\/wp\/v2\/media?parent=1303"}],"curies":[{"name":"wp","href":"https:\/\/api.w.org\/{rel}","templated":true}]}}