{"id":1604,"date":"2016-10-27T15:06:55","date_gmt":"2016-10-27T17:06:55","guid":{"rendered":"http:\/\/sites.usp.br\/ppgbi\/?page_id=1604"},"modified":"2019-06-07T15:08:16","modified_gmt":"2019-06-07T18:08:16","slug":"aluno-regular","status":"publish","type":"page","link":"https:\/\/sites.usp.br\/ppgbi\/aluno-regular\/","title":{"rendered":"Aluno regular"},"content":{"rendered":"<p><\/p>\n<table border=\"0\" width=\"100%\" cellspacing=\"3\" cellpadding=\"5\">\n<tbody>\n<tr>\n<td bgcolor=\"#990000\">\n<div align=\"center\"><strong><span style=\"color: #ffffff;\">Ingresso de alunos regulares<\/span><\/strong><\/div>\n<\/td>\n<\/tr>\n<\/tbody>\n<\/table>\n<p style=\"text-align: justify;\" align=\"justify\">Para ingressar no Programa de P\u00f3s-Gradua\u00e7\u00e3o em Biotecnologia Industrial, o interessado dever\u00e1 se submeter a um exame de sele\u00e7\u00e3o composto por prova escrita e an\u00e1lise de curr\u00edculo. Todas as informa\u00e7\u00f5es necess\u00e1rias para inscri\u00e7\u00e3o no processo seletivo, n\u00famero de vagas, datas importantes, t\u00f3picos da prova escrita e os crit\u00e9rios de pontua\u00e7\u00e3o do curr\u00edculo podem ser encontradas nos editais publicados para cada processo seletivo na se\u00e7\u00e3o <a href=\"http:\/\/cpg.eel.usp.br\/Editais_Selecao_Abertos\" target=\"_blank\" rel=\"noopener noreferrer\">Editais de Sele\u00e7\u00e3o<\/a>. Os resultados da sele\u00e7\u00e3o s\u00e3o divulgados na p\u00e1gina da <a href=\"http:\/\/cpg.eel.usp.br\/\" target=\"_blank\" rel=\"noopener noreferrer\">Comiss\u00e3o de P\u00f3s-Gradua\u00e7\u00e3o (CPG-EEL\/USP)<\/a>.<\/p>\n<hr \/>\n<p style=\"text-align: justify;\" align=\"justify\">TUTORIAL PARA CANDIDATOS AO PPGBI: <a href=\"https:\/\/sites.usp.br\/ppgbi\/wp-content\/uploads\/sites\/212\/2019\/05\/tutorial-para-candidatos-ao-PPGBI.pdf\" target=\"_blank\" rel=\"noopener\">Clique aqui<\/a><\/p>\n<p style=\"text-align: justify;\" align=\"justify\"><em>Exerc\u00edcios que indicam o n\u00edvel de conhecimento fundamental esperado dos candidatos que ingressam no programa de p\u00f3s-gradua\u00e7\u00e3o em biotecnologia industrial.<\/em><\/p>\n<p><\/p>","protected":false},"excerpt":{"rendered":"<p>Ingresso de alunos regulares Para ingressar no Programa de P\u00f3s-Gradua\u00e7\u00e3o em Biotecnologia Industrial, o interessado dever\u00e1 se submeter a um exame de sele\u00e7\u00e3o composto por prova escrita e an\u00e1lise de curr\u00edculo. Todas as informa\u00e7\u00f5es necess\u00e1rias para inscri\u00e7\u00e3o no processo seletivo, n\u00famero de vagas, datas importantes, t\u00f3picos da prova escrita e os crit\u00e9rios de pontua\u00e7\u00e3o do curr\u00edculo podem ser encontradas nos editais publicados para cada processo seletivo na se\u00e7\u00e3o Editais de Sele\u00e7\u00e3o. Os resultados da sele\u00e7\u00e3o s\u00e3o divulgados na p\u00e1gina da Comiss\u00e3o de P\u00f3s-Gradua\u00e7\u00e3o (CPG-EEL\/USP). TUTORIAL PARA CANDIDATOS AO PPGBI: Clique aqui Exerc\u00edcios que indicam o n\u00edvel de conhecimento fundamental esperado dos candidatos que ingressam no programa de p\u00f3s-gradua\u00e7\u00e3o em biotecnologia industrial.<\/p>\n","protected":false},"author":148,"featured_media":0,"parent":0,"menu_order":0,"comment_status":"closed","ping_status":"closed","template":"","meta":{"_monsterinsights_skip_tracking":false,"_monsterinsights_sitenote_active":false,"_monsterinsights_sitenote_note":"","_monsterinsights_sitenote_category":0,"footnotes":"","_links_to":"","_links_to_target":""},"class_list":["post-1604","page","type-page","status-publish","hentry"],"_links":{"self":[{"href":"https:\/\/sites.usp.br\/ppgbi\/wp-json\/wp\/v2\/pages\/1604","targetHints":{"allow":["GET"]}}],"collection":[{"href":"https:\/\/sites.usp.br\/ppgbi\/wp-json\/wp\/v2\/pages"}],"about":[{"href":"https:\/\/sites.usp.br\/ppgbi\/wp-json\/wp\/v2\/types\/page"}],"author":[{"embeddable":true,"href":"https:\/\/sites.usp.br\/ppgbi\/wp-json\/wp\/v2\/users\/148"}],"replies":[{"embeddable":true,"href":"https:\/\/sites.usp.br\/ppgbi\/wp-json\/wp\/v2\/comments?post=1604"}],"version-history":[{"count":4,"href":"https:\/\/sites.usp.br\/ppgbi\/wp-json\/wp\/v2\/pages\/1604\/revisions"}],"predecessor-version":[{"id":3624,"href":"https:\/\/sites.usp.br\/ppgbi\/wp-json\/wp\/v2\/pages\/1604\/revisions\/3624"}],"wp:attachment":[{"href":"https:\/\/sites.usp.br\/ppgbi\/wp-json\/wp\/v2\/media?parent=1604"}],"curies":[{"name":"wp","href":"https:\/\/api.w.org\/{rel}","templated":true}]}}