{"id":1606,"date":"2016-10-27T15:07:52","date_gmt":"2016-10-27T17:07:52","guid":{"rendered":"http:\/\/sites.usp.br\/ppgbi\/?page_id=1606"},"modified":"2019-11-21T09:35:47","modified_gmt":"2019-11-21T12:35:47","slug":"alunos-estrangeiros-2","status":"publish","type":"page","link":"https:\/\/sites.usp.br\/ppgbi\/alunos-estrangeiros-2\/","title":{"rendered":"Aluno estrangeiro"},"content":{"rendered":"<p><\/p>\n<p style=\"text-align: justify;\">H\u00e1 3 maneiras para\u00a0candidatos estrangeiros ingressarem no Programa de P\u00f3s-Gradua\u00e7\u00e3o em Biotecnologia Industrial.<\/p>\n<p style=\"text-align: justify;\"><strong><span style=\"color: #ff6600;\">1\u00aa &#8211;<\/span>\u00a0<\/strong>O interessado dever\u00e1 se submeter a um exame de sele\u00e7\u00e3o composto por <span style=\"color: #993300;\">prova escrita<\/span> <span style=\"color: #800000;\">e an\u00e1lise de curr\u00edculo<\/span>. Todas as informa\u00e7\u00f5es necess\u00e1rias para inscri\u00e7\u00e3o no processo seletivo, n\u00famero de vagas, datas importantes, t\u00f3picos da prova escrita e os crit\u00e9rios de pontua\u00e7\u00e3o do curr\u00edculo podem ser encontradas nos editais publicados para cada processo seletivo na se\u00e7\u00e3o <a href=\"http:\/\/cpg.eel.usp.br\/Editais_Selecao_Abertos\" target=\"_blank\" rel=\"noopener noreferrer\">Editais de Sele\u00e7\u00e3o<\/a>.<\/p>\n<p style=\"text-align: justify;\">Ao final do processo, se aprovado, ser\u00e1 fornecido uma <strong>Carta de Aceite<\/strong> da institui\u00e7\u00e3o.<\/p>\n<p style=\"text-align: justify;\">&#8212;&#8212;&#8212;&#8212;&#8212;&#8212;&#8212;&#8212;&#8212;&#8212;&#8212;&#8212;&#8212;&#8212;&#8212;&#8212;&#8212;&#8212;&#8212;&#8212;&#8212;&#8212;&#8212;&#8212;&#8212;&#8212;&#8212;&#8212;&#8212;&#8212;&#8212;&#8212;&#8212;&#8212;&#8212;<\/p>\n<p style=\"text-align: justify;\"><span style=\"color: #ff6600;\"><strong>2\u00aa &#8211;<\/strong><\/span> Os estrangeiros que moram fora do Brasil tamb\u00e9m poder\u00e3o ingressar no Programa de P\u00f3s-Gradua\u00e7\u00e3o em Biotecnologia Industrial atrav\u00e9s do Programa de Estudantes-Conv\u00eanio de P\u00f3s-Gradua\u00e7\u00e3o da CAPES (PEC-PG), cujas informa\u00e7\u00f5es dever\u00e3o ser consultadas no site da CAPES (<a href=\"http:\/\/www.capes.gov.br\/cooperacao-internacional\/multinacional\/pec-pg\" target=\"_blank\" rel=\"noopener noreferrer\">http:\/\/www.capes.gov.br\/cooperacao-internacional\/multinacional\/pec-pg<\/a>).<\/p>\n<p>&#8212;&#8212;&#8212;&#8212;&#8212;&#8212;&#8212;&#8212;&#8212;&#8212;&#8212;&#8212;&#8212;&#8212;&#8212;&#8212;&#8212;&#8212;&#8212;&#8212;&#8212;&#8212;&#8212;&#8212;&#8212;&#8212;&#8212;&#8212;&#8212;&#8212;&#8212;&#8212;&#8212;&#8212;&#8212;<\/p>\n<p><span style=\"color: #ff6600;\"><strong>3\u00aa &#8211; <\/strong><\/span>Para candidatos estrangeiros que ir\u00e3o concorrer em seu pa\u00eds \u00e0s bolsas PEC-PG concedidas pelo governo brasileiro, ou \u00e0s bolsas concedidas por outros \u00f3rg\u00e3os internacionais, o processo seletivo constar\u00e1 da an\u00e1lise de curr\u00edculo vitae realizado por uma banca examinadora definida pela Comiss\u00e3o Coordenadora do PPGBI.<\/p>\n<p style=\"text-align: justify;\">Ao final do processo, ser\u00e1 fornecida uma <strong>Carta de Aceite<\/strong> da institui\u00e7\u00e3o.<\/p>\n<p>&#8212;&#8212;&#8212;&#8212;&#8212;&#8212;&#8212;&#8212;&#8212;&#8212;&#8212;&#8212;&#8212;&#8212;&#8212;&#8212;&#8212;&#8212;&#8212;&#8212;&#8212;&#8212;&#8212;&#8212;&#8212;&#8212;&#8212;&#8212;&#8212;&#8212;&#8212;&#8212;&#8212;&#8212;&#8212;<\/p>\n<p><span style=\"color: #ff6600;\"><strong>Documenta\u00e7\u00e3o para os alunos Estrangeiros<\/strong><\/span><\/p>\n<p style=\"text-align: justify;\">A obten\u00e7\u00e3o do documento de perman\u00eancia tempor\u00e1ria de estrangeiros, indispens\u00e1vel para a perman\u00eancia prolongada no Brasil, tem <strong>duas etapas<\/strong> e come\u00e7a no pa\u00eds de origem.<br \/>\n<strong><br \/>\n<\/strong><\/p>\n<p style=\"text-align: justify;\"><span style=\"color: #ff6600;\"><strong>No pa\u00eds de origem<\/strong><\/span><\/p>\n<p style=\"text-align: justify;\">Na Embaixada Brasileira (ou Consulado) em seu pa\u00eds de origem, ser\u00e1 necess\u00e1rio:<\/p>\n<p style=\"text-align: justify;\">\u2022Solicitar o Visto de Estudante;<\/p>\n<p style=\"text-align: justify;\">Para isto, voc\u00ea deve ter em m\u00e3os a <strong>Carta de Aceite<\/strong> enviada pela Universidade de S\u00e3o Paulo. Provavelmente voc\u00ea tamb\u00e9m precisar\u00e1 apresentar o seu passaporte, fotos e outros documentos.<\/p>\n<p style=\"text-align: justify;\"><strong><br \/>\n<span style=\"color: #ff6600;\">No Brasil<\/span><\/strong><\/p>\n<p style=\"text-align: justify;\">Ao chegar no Brasil o candidato dever\u00e1 ir imediatamente \u00e0 Delegacia de Pol\u00edcia Federal para obter os documentos: RNE e o CPF.<\/p>\n<p style=\"text-align: justify;\">&#8211; O documento de perman\u00eancia tempor\u00e1ria de estrangeiros no Brasil chama-se: Registro Nacional de Estrangeiros (RNE). Somente com este n\u00famero voc\u00ea poder\u00e1 abrir conta em banco, comprar passe escolar, ou realizar qualquer outra atividade que necessite de uma confirma\u00e7\u00e3o da sua perman\u00eancia prolongada no Brasil.<\/p>\n<p style=\"text-align: justify;\">&#8211; Cadastro de Pessoas F\u00edsicas (CPF) \u00e9 o registro de um cidad\u00e3o na Receita Federal Brasileira, este documento ser\u00e1 necess\u00e1rio para realizar a matr\u00edcula na EEL\/USP e cadastr\u00e1-lo no sistema.<\/p>\n<p style=\"text-align: justify;\"><strong><span style=\"color: #ff6600;\">Observa\u00e7\u00e3o:<\/span><\/strong><\/p>\n<p style=\"text-align: justify;\"><strong>Delegacia de Pol\u00edcia Federal (mais pr\u00f3xima da cidade de Lorena\/SP &#8211; Aprox. 33 Km de dist\u00e2ncia \/ 35 minutos de carro)<\/strong><\/p>\n<p style=\"text-align: justify;\"><strong>Endere\u00e7o:<\/strong> Avenida Nesralla Rubez, 998<\/p>\n<p style=\"text-align: justify;\"><strong>Bairro:<\/strong> Vila Canevari \u00a0 \u00a0 &#8211;\u00a0 <strong>Cidade:<\/strong> Cruzeiro\/SP<\/p>\n<p style=\"text-align: justify;\"><strong>CEP:<\/strong> 12710-070<\/p>\n<p style=\"text-align: justify;\"><strong>Telefone de Contato:<\/strong>\u00a0(12) 3143-1844<\/p>\n<p><\/p>","protected":false},"excerpt":{"rendered":"<p>H\u00e1 3 maneiras para\u00a0candidatos estrangeiros ingressarem no Programa de P\u00f3s-Gradua\u00e7\u00e3o em Biotecnologia Industrial. 1\u00aa &#8211;\u00a0O interessado dever\u00e1 se submeter a um exame de sele\u00e7\u00e3o composto por prova escrita e an\u00e1lise de curr\u00edculo. Todas as informa\u00e7\u00f5es necess\u00e1rias para inscri\u00e7\u00e3o no processo seletivo, n\u00famero de vagas, datas importantes, t\u00f3picos da prova escrita e os crit\u00e9rios de pontua\u00e7\u00e3o do curr\u00edculo podem ser encontradas nos editais publicados para cada processo seletivo na se\u00e7\u00e3o Editais de Sele\u00e7\u00e3o. Ao final do processo, se aprovado, ser\u00e1 fornecido uma Carta de Aceite da institui\u00e7\u00e3o. &#8212;&#8212;&#8212;&#8212;&#8212;&#8212;&#8212;&#8212;&#8212;&#8212;&#8212;&#8212;&#8212;&#8212;&#8212;&#8212;&#8212;&#8212;&#8212;&#8212;&#8212;&#8212;&#8212;&#8212;&#8212;&#8212;&#8212;&#8212;&#8212;&#8212;&#8212;&#8212;&#8212;&#8212;&#8212; 2\u00aa &#8211; Os estrangeiros que moram fora do Brasil tamb\u00e9m poder\u00e3o ingressar no Programa de P\u00f3s-Gradua\u00e7\u00e3o em Biotecnologia Industrial atrav\u00e9s do Programa de Estudantes-Conv\u00eanio de P\u00f3s-Gradua\u00e7\u00e3o da CAPES (PEC-PG), cujas informa\u00e7\u00f5es dever\u00e3o ser consultadas no site da CAPES (http:\/\/www.capes.gov.br\/cooperacao-internacional\/multinacional\/pec-pg). &#8212;&#8212;&#8212;&#8212;&#8212;&#8212;&#8212;&#8212;&#8212;&#8212;&#8212;&#8212;&#8212;&#8212;&#8212;&#8212;&#8212;&#8212;&#8212;&#8212;&#8212;&#8212;&#8212;&#8212;&#8212;&#8212;&#8212;&#8212;&#8212;&#8212;&#8212;&#8212;&#8212;&#8212;&#8212; 3\u00aa &#8211; Para candidatos estrangeiros que ir\u00e3o concorrer em seu pa\u00eds \u00e0s bolsas PEC-PG concedidas pelo governo brasileiro, ou \u00e0s bolsas concedidas por outros \u00f3rg\u00e3os internacionais, o processo seletivo constar\u00e1 da an\u00e1lise de curr\u00edculo vitae realizado por uma banca examinadora definida pela Comiss\u00e3o Coordenadora do PPGBI. Ao final do processo, ser\u00e1 fornecida uma Carta de Aceite da institui\u00e7\u00e3o. &#8212;&#8212;&#8212;&#8212;&#8212;&#8212;&#8212;&#8212;&#8212;&#8212;&#8212;&#8212;&#8212;&#8212;&#8212;&#8212;&#8212;&#8212;&#8212;&#8212;&#8212;&#8212;&#8212;&#8212;&#8212;&#8212;&#8212;&#8212;&#8212;&#8212;&#8212;&#8212;&#8212;&#8212;&#8212; Documenta\u00e7\u00e3o para os alunos Estrangeiros A obten\u00e7\u00e3o do documento de perman\u00eancia tempor\u00e1ria de estrangeiros, [&#8230;]<\/p>\n","protected":false},"author":148,"featured_media":0,"parent":0,"menu_order":0,"comment_status":"closed","ping_status":"closed","template":"","meta":{"_monsterinsights_skip_tracking":false,"_monsterinsights_sitenote_active":false,"_monsterinsights_sitenote_note":"","_monsterinsights_sitenote_category":0,"footnotes":"","_links_to":"","_links_to_target":""},"class_list":["post-1606","page","type-page","status-publish","hentry"],"_links":{"self":[{"href":"https:\/\/sites.usp.br\/ppgbi\/wp-json\/wp\/v2\/pages\/1606","targetHints":{"allow":["GET"]}}],"collection":[{"href":"https:\/\/sites.usp.br\/ppgbi\/wp-json\/wp\/v2\/pages"}],"about":[{"href":"https:\/\/sites.usp.br\/ppgbi\/wp-json\/wp\/v2\/types\/page"}],"author":[{"embeddable":true,"href":"https:\/\/sites.usp.br\/ppgbi\/wp-json\/wp\/v2\/users\/148"}],"replies":[{"embeddable":true,"href":"https:\/\/sites.usp.br\/ppgbi\/wp-json\/wp\/v2\/comments?post=1606"}],"version-history":[{"count":4,"href":"https:\/\/sites.usp.br\/ppgbi\/wp-json\/wp\/v2\/pages\/1606\/revisions"}],"predecessor-version":[{"id":3744,"href":"https:\/\/sites.usp.br\/ppgbi\/wp-json\/wp\/v2\/pages\/1606\/revisions\/3744"}],"wp:attachment":[{"href":"https:\/\/sites.usp.br\/ppgbi\/wp-json\/wp\/v2\/media?parent=1606"}],"curies":[{"name":"wp","href":"https:\/\/api.w.org\/{rel}","templated":true}]}}