{"id":1608,"date":"2016-10-27T15:08:36","date_gmt":"2016-10-27T17:08:36","guid":{"rendered":"http:\/\/sites.usp.br\/ppgbi\/?page_id=1608"},"modified":"2019-02-22T16:23:12","modified_gmt":"2019-02-22T19:23:12","slug":"aluno-especial","status":"publish","type":"page","link":"https:\/\/sites.usp.br\/ppgbi\/aluno-especial\/","title":{"rendered":"Aluno especial"},"content":{"rendered":"<p><\/p>\n<h1 class=\"page-title\"><\/h1>\n<div class=\"region region-content\">\n<div id=\"block-system-main\" class=\"block block-system\">\n<div class=\"content\">\n<div class=\"content node-pagina\">\n<div class=\"field field-name-body field-type-text-with-summary field-label-hidden\">\n<div class=\"field-items\">\n<div class=\"field-item even\">\n<p style=\"text-align: justify;\"><strong>Regimento de P\u00f3s-Gradua\u00e7\u00e3o da USP &#8211;\u00a0 Artigo 57 <\/strong>&#8211; <strong><em><u>Alunos especiais<\/u><\/em><\/strong> s\u00e3o aqueles matriculados apenas em disciplinas isoladas sem v\u00ednculo com qualquer Programa de P\u00f3s-Gradua\u00e7\u00e3o da USP.<\/p>\n<p style=\"text-align: justify;\">\u00a7 1\u00ba &#8211; Os alunos especiais ter\u00e3o direito a um certificado de aprova\u00e7\u00e3o em disciplinas, expedido pela CPG.<\/p>\n<p style=\"text-align: justify;\">\u00a7 2\u00ba &#8211; A aceita\u00e7\u00e3o do aluno especial deve ser aprovada pela CCP, ouvido o docente respons\u00e1vel pela disciplina.<\/p>\n<p style=\"text-align: justify;\">\u00a7 3\u00ba &#8211; A crit\u00e9rio do orientador, poder\u00e3o ser aproveitados cr\u00e9ditos em disciplinas cursadas na condi\u00e7\u00e3o de aluno especial, nos 36 meses anteriores \u00e0 data da matr\u00edcula inicial como aluno regular.<\/p>\n<\/div>\n<\/div>\n<\/div>\n<p style=\"text-align: justify;\">INFORMA\u00c7\u00d5ES REFERENTES \u00c0S DATAS DE MATR\u00cdCULA, DOCUMENTA\u00c7\u00c3O NECESS\u00c1RIA E \u00a0RECOLHIMENTO DE TAXA DE INSCRI\u00c7\u00c3O E\/OU ISEN\u00c7\u00c3O: <a href=\"http:\/\/cpg.eel.usp.br\/node\/49\" target=\"_blank\" rel=\"noopener noreferrer\">Clique Aqui<\/a><\/p>\n<\/div>\n<\/div>\n<\/div>\n<\/div>\n<p><\/p>","protected":false},"excerpt":{"rendered":"<p>Regimento de P\u00f3s-Gradua\u00e7\u00e3o da USP &#8211;\u00a0 Artigo 57 &#8211; Alunos especiais s\u00e3o aqueles matriculados apenas em disciplinas isoladas sem v\u00ednculo com qualquer Programa de P\u00f3s-Gradua\u00e7\u00e3o da USP. \u00a7 1\u00ba &#8211; Os alunos especiais ter\u00e3o direito a um certificado de aprova\u00e7\u00e3o em disciplinas, expedido pela CPG. \u00a7 2\u00ba &#8211; A aceita\u00e7\u00e3o do aluno especial deve ser aprovada pela CCP, ouvido o docente respons\u00e1vel pela disciplina. \u00a7 3\u00ba &#8211; A crit\u00e9rio do orientador, poder\u00e3o ser aproveitados cr\u00e9ditos em disciplinas cursadas na condi\u00e7\u00e3o de aluno especial, nos 36 meses anteriores \u00e0 data da matr\u00edcula inicial como aluno regular. INFORMA\u00c7\u00d5ES REFERENTES \u00c0S DATAS DE MATR\u00cdCULA, DOCUMENTA\u00c7\u00c3O NECESS\u00c1RIA E \u00a0RECOLHIMENTO DE TAXA DE INSCRI\u00c7\u00c3O E\/OU ISEN\u00c7\u00c3O: Clique Aqui<\/p>\n","protected":false},"author":148,"featured_media":0,"parent":0,"menu_order":0,"comment_status":"closed","ping_status":"closed","template":"page-full.php","meta":{"_monsterinsights_skip_tracking":false,"_monsterinsights_sitenote_active":false,"_monsterinsights_sitenote_note":"","_monsterinsights_sitenote_category":0,"footnotes":"","_links_to":"","_links_to_target":""},"class_list":["post-1608","page","type-page","status-publish","hentry"],"_links":{"self":[{"href":"https:\/\/sites.usp.br\/ppgbi\/wp-json\/wp\/v2\/pages\/1608","targetHints":{"allow":["GET"]}}],"collection":[{"href":"https:\/\/sites.usp.br\/ppgbi\/wp-json\/wp\/v2\/pages"}],"about":[{"href":"https:\/\/sites.usp.br\/ppgbi\/wp-json\/wp\/v2\/types\/page"}],"author":[{"embeddable":true,"href":"https:\/\/sites.usp.br\/ppgbi\/wp-json\/wp\/v2\/users\/148"}],"replies":[{"embeddable":true,"href":"https:\/\/sites.usp.br\/ppgbi\/wp-json\/wp\/v2\/comments?post=1608"}],"version-history":[{"count":4,"href":"https:\/\/sites.usp.br\/ppgbi\/wp-json\/wp\/v2\/pages\/1608\/revisions"}],"predecessor-version":[{"id":3253,"href":"https:\/\/sites.usp.br\/ppgbi\/wp-json\/wp\/v2\/pages\/1608\/revisions\/3253"}],"wp:attachment":[{"href":"https:\/\/sites.usp.br\/ppgbi\/wp-json\/wp\/v2\/media?parent=1608"}],"curies":[{"name":"wp","href":"https:\/\/api.w.org\/{rel}","templated":true}]}}