{"id":2123,"date":"2016-12-20T11:22:28","date_gmt":"2016-12-20T13:22:28","guid":{"rendered":"http:\/\/sites.usp.br\/ppgbi\/?page_id=2123"},"modified":"2024-01-18T15:09:46","modified_gmt":"2024-01-18T18:09:46","slug":"exame-de-qualificacao","status":"publish","type":"page","link":"https:\/\/sites.usp.br\/ppgbi\/exame-de-qualificacao\/","title":{"rendered":"Exames de Qualifica\u00e7\u00e3o"},"content":{"rendered":"<p><\/p>\n<div class=\"gmail_quote\">\n<div><b>Aluno:<\/b>\u00a0Jes\u00fas Jim\u00e9nez Ascencio<\/div>\n<div><\/div>\n<div dir=\"ltr\"><b>T\u00edtulo:\u00a0<\/b>&#8220;Biochemical conversion of eucalyptus biomass into 2,3-butanediol (2,3BD) and polyhydroxyalkanoates (PHA) employing the biorefinery approach.&#8221;\n<\/div>\n<div dir=\"ltr\"><b>Orientador \/ Presidente da Banca:<\/b>\u00a0\u00a0Prof. Dr. Anuj Kumar \u2013 EEL\/USP<\/div>\n<div dir=\"ltr\"><\/div>\n<div dir=\"ltr\"><b>Banca Avaliadora:<\/b><\/div>\n<div dir=\"ltr\">&#8211; Prof. Dr. Anuj Kumar \u2013 EEL\/USP<\/div>\n<div dir=\"ltr\">&#8211; Profa. Dra. Patricia Caroline Molgero da R\u00f3s \u2013EEL\/USP<br \/>\n&#8211; Prof. Dr. Andr\u00e9 Moreni Lopes \u2013 EEL\/USP<\/div>\n<\/div>\n<div class=\"gmail_quote\"><\/div>\n<div class=\"gmail_quote\">\n<div><b>Data:\u00a0<\/b>22\/01\/2024 (segunda-feira)<\/p>\n<p><b>Hor\u00e1rio:\u00a0<\/b>10:00h<\/div>\n<div><\/div>\n<div><b>O evento ser\u00e1 realizado de modo ONLINE e poder\u00e1 ser acompanhado pelo youtube, no link:\u00a0<\/b><a href=\"https:\/\/www.youtube.com\/watch?v=rbcZ2b1FPd0\" target=\"_blank\" rel=\"noopener\" data-saferedirecturl=\"https:\/\/www.google.com\/url?q=https:\/\/www.youtube.com\/watch?v%3DrbcZ2b1FPd0&amp;source=gmail&amp;ust=1705674929347000&amp;usg=AOvVaw0VOS_ZHylwit3Xn0RBq1q3\">https:\/\/www.youtube.com\/<wbr \/>watch?v=rbcZ2b1FPd0<\/a><\/div>\n<div>\n<hr \/>\n<\/div>\n<\/div>\n<p><\/p>","protected":false},"excerpt":{"rendered":"<p>Aluno:\u00a0Jes\u00fas Jim\u00e9nez Ascencio T\u00edtulo:\u00a0&#8220;Biochemical conversion of eucalyptus biomass into 2,3-butanediol (2,3BD) and polyhydroxyalkanoates (PHA) employing the biorefinery approach.&#8221; Orientador \/ Presidente da Banca:\u00a0\u00a0Prof. Dr. Anuj Kumar \u2013 EEL\/USP Banca Avaliadora: &#8211; Prof. Dr. Anuj Kumar \u2013 EEL\/USP &#8211; Profa. Dra. Patricia Caroline Molgero da R\u00f3s \u2013EEL\/USP &#8211; Prof. Dr. Andr\u00e9 Moreni Lopes \u2013 EEL\/USP Data:\u00a022\/01\/2024 (segunda-feira) Hor\u00e1rio:\u00a010:00h O evento ser\u00e1 realizado de modo ONLINE e poder\u00e1 ser acompanhado pelo youtube, no link:\u00a0https:\/\/www.youtube.com\/watch?v=rbcZ2b1FPd0<\/p>\n","protected":false},"author":375,"featured_media":0,"parent":0,"menu_order":0,"comment_status":"closed","ping_status":"closed","template":"","meta":{"_monsterinsights_skip_tracking":false,"_monsterinsights_sitenote_active":false,"_monsterinsights_sitenote_note":"","_monsterinsights_sitenote_category":0,"footnotes":"","_links_to":"","_links_to_target":""},"class_list":["post-2123","page","type-page","status-publish","hentry"],"_links":{"self":[{"href":"https:\/\/sites.usp.br\/ppgbi\/wp-json\/wp\/v2\/pages\/2123","targetHints":{"allow":["GET"]}}],"collection":[{"href":"https:\/\/sites.usp.br\/ppgbi\/wp-json\/wp\/v2\/pages"}],"about":[{"href":"https:\/\/sites.usp.br\/ppgbi\/wp-json\/wp\/v2\/types\/page"}],"author":[{"embeddable":true,"href":"https:\/\/sites.usp.br\/ppgbi\/wp-json\/wp\/v2\/users\/375"}],"replies":[{"embeddable":true,"href":"https:\/\/sites.usp.br\/ppgbi\/wp-json\/wp\/v2\/comments?post=2123"}],"version-history":[{"count":4,"href":"https:\/\/sites.usp.br\/ppgbi\/wp-json\/wp\/v2\/pages\/2123\/revisions"}],"predecessor-version":[{"id":4421,"href":"https:\/\/sites.usp.br\/ppgbi\/wp-json\/wp\/v2\/pages\/2123\/revisions\/4421"}],"wp:attachment":[{"href":"https:\/\/sites.usp.br\/ppgbi\/wp-json\/wp\/v2\/media?parent=2123"}],"curies":[{"name":"wp","href":"https:\/\/api.w.org\/{rel}","templated":true}]}}