{"id":2293,"date":"2017-01-23T17:27:49","date_gmt":"2017-01-23T19:27:49","guid":{"rendered":"http:\/\/sites.usp.br\/ppgbi\/?page_id=2293"},"modified":"2019-04-30T10:01:03","modified_gmt":"2019-04-30T13:01:03","slug":"egressos-1998","status":"publish","type":"page","link":"https:\/\/sites.usp.br\/ppgbi\/egressos-1998\/","title":{"rendered":"Egressos 1998"},"content":{"rendered":"<p><span style=\"color: #ff6600;\"><strong>MESTRADO<\/strong><\/span><\/p>\n<table>\n<tbody>\n<tr>\n<td width=\"179\">\n<h6 style=\"text-align: center;\"><span style=\"color: #ff6600;\"><strong>Aluno (a)<\/strong><\/span><\/h6>\n<\/td>\n<td style=\"text-align: center;\" width=\"212\">\n<h6><span style=\"color: #ff6600;\"><strong>Orientador (a)<\/strong><\/span><\/h6>\n<\/td>\n<td style=\"text-align: center;\" width=\"456\">\n<h6><span style=\"color: #ff6600;\"><strong>T\u00edtulo do Trabalho<\/strong><\/span><\/h6>\n<\/td>\n<td style=\"text-align: center;\" width=\"91\">\n<h6><span style=\"color: #ff6600;\"><strong>Data da Defesa<\/strong><\/span><\/h6>\n<\/td>\n<\/tr>\n<tr>\n<td width=\"179\">\n<h6 style=\"text-align: center;\"><span style=\"color: #993300;\"><strong>Ely Vieira Cortez<\/strong><\/span><\/h6>\n<\/td>\n<td style=\"text-align: center;\" width=\"212\">\n<h6><strong>Adalberto Pessoa Junior<\/strong><\/h6>\n<\/td>\n<td style=\"text-align: center;\" width=\"456\">\n<h6><strong>Recupera\u00e7\u00e3o de Enzimas Xilanol\u00edticas Por Precipita\u00e7\u00e3o<\/strong><\/h6>\n<\/td>\n<td style=\"text-align: justify;\" width=\"91\">\n<h6 style=\"text-align: center;\"><strong>10\/03\/98<\/strong><\/h6>\n<\/td>\n<\/tr>\n<tr style=\"text-align: justify;\">\n<td colspan=\"4\" width=\"938\">\n<h6>Informa\u00e7\u00f5es:<\/h6>\n<\/td>\n<\/tr>\n<tr style=\"text-align: justify;\">\n<td style=\"text-align: center;\" width=\"179\">\n<h6><span style=\"color: #993300;\"><strong>Silgia Aparecida da Costa<\/strong><\/span><\/h6>\n<\/td>\n<td style=\"text-align: center;\" width=\"212\">\n<h6><strong>Adalberto Pessoa Junior<\/strong><\/h6>\n<\/td>\n<td style=\"text-align: center;\" width=\"456\">\n<h6><strong>Extra\u00e7\u00e3o L\u00edquido-L\u00edquido de Xilanase Em Sistema de Duas Fases Aquosas.<\/strong><\/h6>\n<\/td>\n<td width=\"91\">\n<h6 style=\"text-align: center;\"><strong>28\/07\/98<\/strong><\/h6>\n<\/td>\n<\/tr>\n<tr style=\"text-align: justify;\">\n<td colspan=\"4\" width=\"938\">\n<h6><strong>\u00a0Informa\u00e7\u00f5es:<\/strong><\/h6>\n<\/td>\n<\/tr>\n<tr style=\"text-align: justify;\">\n<td width=\"179\">\n<h6 style=\"text-align: center;\"><span style=\"color: #993300;\"><strong>Ana Maria S. Fernandez<\/strong><\/span><\/h6>\n<\/td>\n<td style=\"text-align: center;\" width=\"212\">\n<h6><strong>Andr\u00e9 Luis Ferraz \/N\u00e9lson Duran<\/strong><\/h6>\n<\/td>\n<td style=\"text-align: center;\" width=\"456\">\n<h6><strong>Biodegrada\u00e7\u00e3o de Eucalyptus grandis pelo fungo Ceriporiopsis subvermispora: aspectops qu\u00edmicos e bioqu\u00edmicos.<\/strong><\/h6>\n<\/td>\n<td style=\"text-align: center;\" width=\"91\">\n<h6><strong>10\/03\/98<\/strong><\/h6>\n<\/td>\n<\/tr>\n<tr>\n<td colspan=\"4\" width=\"938\">\n<h6><strong>\u00a0Informa\u00e7\u00f5es:<\/strong><\/h6>\n<\/td>\n<\/tr>\n<tr>\n<td width=\"179\">\n<h6 style=\"text-align: center;\"><span style=\"color: #993300;\"><strong>Mauro Alfredo S. Oviedo<\/strong><\/span><\/h6>\n<\/td>\n<td style=\"text-align: center;\" width=\"212\">\n<h6><strong>Adilson Roberto Gon\u00e7alves<\/strong><\/h6>\n<\/td>\n<td style=\"text-align: center;\" width=\"456\">\n<h6><strong>Obten\u00e7\u00e3o de Quelantes Atrav\u00e9s da Oxida\u00e7\u00e3o Enzim\u00e1tica de Lignina de Baga\u00e7o de Cana<\/strong><\/h6>\n<\/td>\n<td style=\"text-align: center;\" width=\"91\">\n<h6><strong>22\/10\/98<\/strong><\/h6>\n<\/td>\n<\/tr>\n<tr>\n<td colspan=\"4\" width=\"938\">\n<h6><strong>\u00a0Informa\u00e7\u00f5es:<\/strong><\/h6>\n<\/td>\n<\/tr>\n<tr>\n<td width=\"179\">\n<h6 style=\"text-align: center;\"><span style=\"color: #993300;\"><strong>Marta C. de O. Souza <\/strong><\/span><\/h6>\n<\/td>\n<td style=\"text-align: center;\" width=\"212\">\n<h6><strong>Adriane Maria F. Milagres<\/strong><\/h6>\n<\/td>\n<td style=\"text-align: center;\" width=\"456\">\n<h6><strong>Obten\u00e7ao de Xilanases Por Thermoascus aurantiacus Em Meio Semi-Solido.<\/strong><\/h6>\n<\/td>\n<td width=\"91\">\n<h6 style=\"text-align: center;\"><strong>26\/10\/98<\/strong><\/h6>\n<\/td>\n<\/tr>\n<tr>\n<td colspan=\"4\" width=\"938\">\n<h6><strong>\u00a0Informa\u00e7\u00f5es:<\/strong><\/h6>\n<\/td>\n<\/tr>\n<tr>\n<td style=\"text-align: center;\" width=\"179\">\n<h6><span style=\"color: #993300;\"><strong>Anderson de A. Guerra <\/strong><\/span><\/h6>\n<\/td>\n<td style=\"text-align: center;\" width=\"212\">\n<h6><strong>Andr\u00e9 Luis Ferraz<\/strong><\/h6>\n<\/td>\n<td style=\"text-align: center;\" width=\"456\">\n<h6><strong>Polimeriza\u00e7\u00e3o de lignina sol\u00favel por polifenoloxidases e peroxidases de rabanetes\/H2O2.<\/strong><\/h6>\n<\/td>\n<td width=\"91\">\n<h6 style=\"text-align: center;\"><strong>10\/03\/98<\/strong><\/h6>\n<\/td>\n<\/tr>\n<tr>\n<td colspan=\"4\" width=\"938\">\n<h6><strong>\u00a0Informa\u00e7\u00f5es:<\/strong><\/h6>\n<\/td>\n<\/tr>\n<tr>\n<td width=\"179\">\n<h6 style=\"text-align: center;\"><span style=\"color: #993300;\"><strong>Eliana V. Canettieri\u00a0 <\/strong><\/span><\/h6>\n<\/td>\n<td style=\"text-align: center;\" width=\"212\">\n<h6><strong>Jo\u00e3o Batista de A.e Silva<\/strong><\/h6>\n<\/td>\n<td style=\"text-align: center;\" width=\"456\">\n<h6><strong>Aproveitamento do Hidrolisado Hemicelul\u00f3sico de Eucalipto Para Produ\u00e7\u00e3o de Xilitol Utilizando Projeto de Experimentos.<\/strong><\/h6>\n<\/td>\n<td width=\"91\">\n<h6 style=\"text-align: center;\"><strong>02\/09\/98<\/strong><\/h6>\n<\/td>\n<\/tr>\n<tr>\n<td colspan=\"4\" width=\"938\">\n<h6><strong>\u00a0Informa\u00e7\u00f5es:<\/strong><\/h6>\n<\/td>\n<\/tr>\n<tr>\n<td width=\"179\">\n<h6 style=\"text-align: center;\"><span style=\"color: #993300;\"><strong>Patr\u00edcia M. B. Carvalho <\/strong><\/span><\/h6>\n<\/td>\n<td style=\"text-align: center;\" width=\"212\">\n<h6><strong>Maria Bernadete de Medeiros<\/strong><\/h6>\n<\/td>\n<td style=\"text-align: center;\" width=\"456\">\n<h6><strong>Avalia\u00e7\u00e3o in vivo de Atividades de Invertase em Leveduras.<\/strong><\/h6>\n<\/td>\n<td width=\"91\">\n<h6 style=\"text-align: center;\"><strong>18\/09\/98<\/strong><\/h6>\n<\/td>\n<\/tr>\n<tr>\n<td colspan=\"4\" width=\"938\">\n<h6><strong>\u00a0Informa\u00e7\u00f5es:<\/strong><\/h6>\n<\/td>\n<\/tr>\n<tr>\n<td style=\"text-align: justify;\" width=\"179\">\n<h6 style=\"text-align: center;\"><span style=\"color: #993300;\"><strong>Tihany Alves Morita<\/strong><\/span><\/h6>\n<\/td>\n<td style=\"text-align: center;\" width=\"212\">\n<h6><strong>Silvio Silv\u00e9rio da Silva<\/strong><\/h6>\n<\/td>\n<td style=\"text-align: center;\" width=\"456\">\n<h6><strong>Estudo da produ\u00e7\u00e3o de xilitol em hidrolisado hemicelul\u00f3sico de baga\u00e7o de cana-de-a\u00e7\u00facar: efeito do pH e da aera\u00e7\u00e3o.<\/strong><\/h6>\n<\/td>\n<td width=\"91\">\n<h6 style=\"text-align: center;\"><strong>25\/09\/98<\/strong><\/h6>\n<\/td>\n<\/tr>\n<tr>\n<td colspan=\"4\" width=\"938\">\n<h6><strong>\u00a0Informa\u00e7\u00f5es:<\/strong><\/h6>\n<\/td>\n<\/tr>\n<\/tbody>\n<\/table>\n<p><\/p>","protected":false},"excerpt":{"rendered":"<p>MESTRADO Aluno (a) Orientador (a) T\u00edtulo do Trabalho Data da Defesa Ely Vieira Cortez Adalberto Pessoa Junior Recupera\u00e7\u00e3o de Enzimas Xilanol\u00edticas Por Precipita\u00e7\u00e3o 10\/03\/98 Informa\u00e7\u00f5es: Silgia Aparecida da Costa Adalberto Pessoa Junior Extra\u00e7\u00e3o L\u00edquido-L\u00edquido de Xilanase Em Sistema de Duas Fases Aquosas. 28\/07\/98 \u00a0Informa\u00e7\u00f5es: Ana Maria S. Fernandez Andr\u00e9 Luis Ferraz \/N\u00e9lson Duran Biodegrada\u00e7\u00e3o de Eucalyptus grandis pelo fungo Ceriporiopsis subvermispora: aspectops qu\u00edmicos e bioqu\u00edmicos. 10\/03\/98 \u00a0Informa\u00e7\u00f5es: Mauro Alfredo S. Oviedo Adilson Roberto Gon\u00e7alves Obten\u00e7\u00e3o de Quelantes Atrav\u00e9s da Oxida\u00e7\u00e3o Enzim\u00e1tica de Lignina de Baga\u00e7o de Cana 22\/10\/98 \u00a0Informa\u00e7\u00f5es: Marta C. de O. Souza Adriane Maria F. Milagres Obten\u00e7ao de Xilanases Por Thermoascus aurantiacus Em Meio Semi-Solido. 26\/10\/98 \u00a0Informa\u00e7\u00f5es: Anderson de A. Guerra Andr\u00e9 Luis Ferraz Polimeriza\u00e7\u00e3o de lignina sol\u00favel por polifenoloxidases e peroxidases de rabanetes\/H2O2. 10\/03\/98 \u00a0Informa\u00e7\u00f5es: Eliana V. Canettieri\u00a0 Jo\u00e3o Batista de A.e Silva Aproveitamento do Hidrolisado Hemicelul\u00f3sico de Eucalipto Para Produ\u00e7\u00e3o de Xilitol Utilizando Projeto de Experimentos. 02\/09\/98 \u00a0Informa\u00e7\u00f5es: Patr\u00edcia M. B. Carvalho Maria Bernadete de Medeiros Avalia\u00e7\u00e3o in vivo de Atividades de Invertase em Leveduras. 18\/09\/98 \u00a0Informa\u00e7\u00f5es: Tihany Alves Morita Silvio Silv\u00e9rio da Silva Estudo da produ\u00e7\u00e3o de xilitol em hidrolisado hemicelul\u00f3sico de baga\u00e7o de cana-de-a\u00e7\u00facar: efeito do pH e da aera\u00e7\u00e3o. 25\/09\/98 \u00a0Informa\u00e7\u00f5es:<\/p>\n","protected":false},"author":375,"featured_media":0,"parent":0,"menu_order":0,"comment_status":"closed","ping_status":"closed","template":"","meta":{"_monsterinsights_skip_tracking":false,"_monsterinsights_sitenote_active":false,"_monsterinsights_sitenote_note":"","_monsterinsights_sitenote_category":0,"footnotes":"","_links_to":"","_links_to_target":""},"class_list":["post-2293","page","type-page","status-publish","hentry"],"_links":{"self":[{"href":"https:\/\/sites.usp.br\/ppgbi\/wp-json\/wp\/v2\/pages\/2293","targetHints":{"allow":["GET"]}}],"collection":[{"href":"https:\/\/sites.usp.br\/ppgbi\/wp-json\/wp\/v2\/pages"}],"about":[{"href":"https:\/\/sites.usp.br\/ppgbi\/wp-json\/wp\/v2\/types\/page"}],"author":[{"embeddable":true,"href":"https:\/\/sites.usp.br\/ppgbi\/wp-json\/wp\/v2\/users\/375"}],"replies":[{"embeddable":true,"href":"https:\/\/sites.usp.br\/ppgbi\/wp-json\/wp\/v2\/comments?post=2293"}],"version-history":[{"count":4,"href":"https:\/\/sites.usp.br\/ppgbi\/wp-json\/wp\/v2\/pages\/2293\/revisions"}],"predecessor-version":[{"id":3502,"href":"https:\/\/sites.usp.br\/ppgbi\/wp-json\/wp\/v2\/pages\/2293\/revisions\/3502"}],"wp:attachment":[{"href":"https:\/\/sites.usp.br\/ppgbi\/wp-json\/wp\/v2\/media?parent=2293"}],"curies":[{"name":"wp","href":"https:\/\/api.w.org\/{rel}","templated":true}]}}