{"id":2302,"date":"2017-01-24T10:05:21","date_gmt":"2017-01-24T12:05:21","guid":{"rendered":"http:\/\/sites.usp.br\/ppgbi\/?page_id=2302"},"modified":"2019-04-30T10:03:28","modified_gmt":"2019-04-30T13:03:28","slug":"egressos-2000","status":"publish","type":"page","link":"https:\/\/sites.usp.br\/ppgbi\/egressos-2000\/","title":{"rendered":"Egressos 2000"},"content":{"rendered":"<p><span style=\"color: #ff6600;\"><strong>MESTRADO<\/strong><\/span><\/p>\n<table>\n<tbody>\n<tr>\n<td width=\"179\">\n<h6 style=\"text-align: center;\"><span style=\"color: #ff6600;\"><strong>Aluno (a)<\/strong><\/span><\/h6>\n<\/td>\n<td style=\"text-align: center;\" width=\"212\">\n<h6><span style=\"color: #ff6600;\"><strong>Orientador (a)<\/strong><\/span><\/h6>\n<\/td>\n<td style=\"text-align: center;\" width=\"456\">\n<h6><span style=\"color: #ff6600;\"><strong>T\u00edtulo do Trabalho<\/strong><\/span><\/h6>\n<\/td>\n<td style=\"text-align: center;\" width=\"91\">\n<h6><span style=\"color: #ff6600;\"><strong>Data da Defesa<\/strong><\/span><\/h6>\n<\/td>\n<\/tr>\n<tr style=\"text-align: justify;\">\n<td style=\"text-align: center;\" width=\"179\">\n<h6><span style=\"color: #993300;\"><strong>Francislene Andr\u00e9ia Hasmann<\/strong><\/span><\/h6>\n<\/td>\n<td style=\"text-align: center;\" width=\"212\">\n<h6><strong>Adalberto Pessoa Junior\/In\u00eas C. Roberto<\/strong><\/h6>\n<\/td>\n<td style=\"text-align: center;\" width=\"456\">\n<h6><strong>Extra\u00e7\u00e3o L\u00edquido-L\u00edquido de Beta-Xilosidase por Micelas Reversas.<\/strong><\/h6>\n<\/td>\n<td width=\"91\">\n<h6 style=\"text-align: center;\"><strong>01\/02\/00<\/strong><\/h6>\n<\/td>\n<\/tr>\n<tr style=\"text-align: justify;\">\n<td colspan=\"4\" width=\"938\">\n<h6><strong>\u00a0Informa\u00e7\u00f5es:<\/strong><\/h6>\n<\/td>\n<\/tr>\n<tr style=\"text-align: justify;\">\n<td width=\"179\">\n<h6 style=\"text-align: center;\"><span style=\"color: #993300;\"><strong>Luane Reni Mattos <\/strong><\/span><\/h6>\n<\/td>\n<td style=\"text-align: center;\" width=\"212\">\n<h6><strong>Fl\u00e1vio Teixeira da Silva<\/strong><\/h6>\n<\/td>\n<td style=\"text-align: center;\" width=\"456\">\n<h6><strong>Separa\u00e7\u00e3o dos constituintes do baga\u00e7o de cana por explos\u00e3o a vapor na presen\u00e7a de \u00e1cido sulf\u00farico dilu\u00eddo.<\/strong><\/h6>\n<\/td>\n<td width=\"91\">\n<h6 style=\"text-align: center;\"><strong>29\/02\/00<\/strong><\/h6>\n<\/td>\n<\/tr>\n<tr style=\"text-align: justify;\">\n<td colspan=\"4\" width=\"938\">\n<h6><strong>\u00a0\u00a0Informa\u00e7\u00f5es:<\/strong><\/h6>\n<\/td>\n<\/tr>\n<tr style=\"text-align: justify;\">\n<td width=\"179\">\n<h6 style=\"text-align: center;\"><span style=\"color: #993300;\"><strong>Walter de Carvalho<\/strong><\/span><\/h6>\n<\/td>\n<td style=\"text-align: center;\" width=\"212\">\n<h6><strong>Silvio Silv\u00e9rio da Silva<\/strong><\/h6>\n<\/td>\n<td style=\"text-align: center;\" width=\"456\">\n<h6><strong>Estudo da imobiliza\u00e7\u00e3o de Candida guilliermondii FTI 20037 para a Obten\u00e7\u00e3o de Xilitol em Hidrolizado Hemicelul\u00f3sico de Baga\u00e7o de Cana-de-A\u00e7\u00facar.<\/strong><\/h6>\n<\/td>\n<td width=\"91\">\n<h6 style=\"text-align: center;\"><strong>17\/04\/00<\/strong><\/h6>\n<\/td>\n<\/tr>\n<tr>\n<td colspan=\"4\" width=\"938\">\n<h6 style=\"text-align: justify;\"><strong>\u00a0\u00a0Informa\u00e7\u00f5es:<\/strong><\/h6>\n<\/td>\n<\/tr>\n<\/tbody>\n<\/table>\n<p><\/p>","protected":false},"excerpt":{"rendered":"<p>MESTRADO Aluno (a) Orientador (a) T\u00edtulo do Trabalho Data da Defesa Francislene Andr\u00e9ia Hasmann Adalberto Pessoa Junior\/In\u00eas C. Roberto Extra\u00e7\u00e3o L\u00edquido-L\u00edquido de Beta-Xilosidase por Micelas Reversas. 01\/02\/00 \u00a0Informa\u00e7\u00f5es: Luane Reni Mattos Fl\u00e1vio Teixeira da Silva Separa\u00e7\u00e3o dos constituintes do baga\u00e7o de cana por explos\u00e3o a vapor na presen\u00e7a de \u00e1cido sulf\u00farico dilu\u00eddo. 29\/02\/00 \u00a0\u00a0Informa\u00e7\u00f5es: Walter de Carvalho Silvio Silv\u00e9rio da Silva Estudo da imobiliza\u00e7\u00e3o de Candida guilliermondii FTI 20037 para a Obten\u00e7\u00e3o de Xilitol em Hidrolizado Hemicelul\u00f3sico de Baga\u00e7o de Cana-de-A\u00e7\u00facar. 17\/04\/00 \u00a0\u00a0Informa\u00e7\u00f5es:<\/p>\n","protected":false},"author":375,"featured_media":0,"parent":0,"menu_order":0,"comment_status":"closed","ping_status":"closed","template":"","meta":{"_monsterinsights_skip_tracking":false,"_monsterinsights_sitenote_active":false,"_monsterinsights_sitenote_note":"","_monsterinsights_sitenote_category":0,"footnotes":"","_links_to":"","_links_to_target":""},"class_list":["post-2302","page","type-page","status-publish","hentry"],"_links":{"self":[{"href":"https:\/\/sites.usp.br\/ppgbi\/wp-json\/wp\/v2\/pages\/2302","targetHints":{"allow":["GET"]}}],"collection":[{"href":"https:\/\/sites.usp.br\/ppgbi\/wp-json\/wp\/v2\/pages"}],"about":[{"href":"https:\/\/sites.usp.br\/ppgbi\/wp-json\/wp\/v2\/types\/page"}],"author":[{"embeddable":true,"href":"https:\/\/sites.usp.br\/ppgbi\/wp-json\/wp\/v2\/users\/375"}],"replies":[{"embeddable":true,"href":"https:\/\/sites.usp.br\/ppgbi\/wp-json\/wp\/v2\/comments?post=2302"}],"version-history":[{"count":4,"href":"https:\/\/sites.usp.br\/ppgbi\/wp-json\/wp\/v2\/pages\/2302\/revisions"}],"predecessor-version":[{"id":3504,"href":"https:\/\/sites.usp.br\/ppgbi\/wp-json\/wp\/v2\/pages\/2302\/revisions\/3504"}],"wp:attachment":[{"href":"https:\/\/sites.usp.br\/ppgbi\/wp-json\/wp\/v2\/media?parent=2302"}],"curies":[{"name":"wp","href":"https:\/\/api.w.org\/{rel}","templated":true}]}}