{"id":2305,"date":"2017-01-24T10:12:35","date_gmt":"2017-01-24T12:12:35","guid":{"rendered":"http:\/\/sites.usp.br\/ppgbi\/?page_id=2305"},"modified":"2019-04-30T10:03:52","modified_gmt":"2019-04-30T13:03:52","slug":"egressos-2001","status":"publish","type":"page","link":"https:\/\/sites.usp.br\/ppgbi\/egressos-2001\/","title":{"rendered":"Egressos 2001"},"content":{"rendered":"<p><span style=\"color: #ff6600;\"><strong>MESTRADO<\/strong><\/span><\/p>\n<table>\n<tbody>\n<tr>\n<td width=\"179\">\n<h6 style=\"text-align: center;\"><span style=\"color: #ff6600;\"><strong>Aluno (a)<\/strong><\/span><\/h6>\n<\/td>\n<td style=\"text-align: center;\" width=\"212\">\n<h6><span style=\"color: #ff6600;\"><strong>Orientador (a)<\/strong><\/span><\/h6>\n<\/td>\n<td style=\"text-align: center;\" width=\"456\">\n<h6><span style=\"color: #ff6600;\"><strong>T\u00edtulo do Trabalho<\/strong><\/span><\/h6>\n<\/td>\n<td style=\"text-align: center;\" width=\"91\">\n<h6><span style=\"color: #ff6600;\"><strong>Data da Defesa<\/strong><\/span><\/h6>\n<\/td>\n<\/tr>\n<tr style=\"text-align: justify;\">\n<td style=\"text-align: center;\" width=\"179\">\n<h6><span style=\"color: #993300;\"><strong>F\u00e9lix Monteiro Pereira<\/strong><\/span><\/h6>\n<\/td>\n<td style=\"text-align: center;\" width=\"212\">\n<h6><strong>Adilson Roberto Gon\u00e7alves<\/strong><\/h6>\n<\/td>\n<td style=\"text-align: center;\" width=\"456\">\n<h6><strong>Modelagem Matem\u00e1tica de Sistemas de Libera\u00e7\u00e3o Controlada Utilizando Lignina como Matriz.<\/strong><\/h6>\n<\/td>\n<td width=\"91\">\n<h6 style=\"text-align: center;\"><strong>25\/09\/01<\/strong><\/h6>\n<\/td>\n<\/tr>\n<tr style=\"text-align: justify;\">\n<td colspan=\"4\" width=\"938\">\n<h6><strong>Informa\u00e7\u00f5es:<\/strong><\/h6>\n<\/td>\n<\/tr>\n<tr style=\"text-align: justify;\">\n<td width=\"179\">\n<h6 style=\"text-align: center;\"><span style=\"color: #993300;\"><strong>Regina C\u00e9lia O. Guimar\u00e3es<\/strong><\/span><\/h6>\n<\/td>\n<td style=\"text-align: center;\" width=\"212\">\n<h6><strong>Adilson Roberto Gon\u00e7alves<\/strong><\/h6>\n<\/td>\n<td style=\"text-align: center;\" width=\"456\">\n<h6><strong>Polimeriza\u00e7\u00e3o dos Produtos de Oxida\u00e7\u00e3o da Lignina: Caracteriza\u00e7\u00e3o dos Pol\u00edmeros Obtidos.<\/strong><\/h6>\n<\/td>\n<td width=\"91\">\n<h6 style=\"text-align: center;\"><strong>22\/11\/01<\/strong><\/h6>\n<\/td>\n<\/tr>\n<tr style=\"text-align: justify;\">\n<td colspan=\"4\" width=\"938\">\n<h6><strong>Informa\u00e7\u00f5es:<\/strong><\/h6>\n<\/td>\n<\/tr>\n<tr style=\"text-align: justify;\">\n<td width=\"179\">\n<h6 style=\"text-align: center;\"><span style=\"color: #993300;\"><strong>Denise Santos Ruzene<\/strong><\/span><\/h6>\n<\/td>\n<td style=\"text-align: center;\" width=\"212\">\n<h6><strong>Adilson Roberto Gon\u00e7alves<\/strong><\/h6>\n<\/td>\n<td style=\"text-align: center;\" width=\"456\">\n<h6><strong>Influ\u00eancia da Press\u00e3o e da Reciclagem do Solvente na Polpa\u00e7\u00e3o Etanol\/\u00c1gua do Baga\u00e7o de Cana e Estudo da Branqueabilidade Enzim\u00e1tica da Polpa Obtida.<\/strong><\/h6>\n<\/td>\n<td style=\"text-align: center;\" width=\"91\">\n<h6><strong>06\/11\/01<\/strong><\/h6>\n<\/td>\n<\/tr>\n<tr>\n<td colspan=\"4\" width=\"938\">\n<h6><strong>Informa\u00e7\u00f5es:<\/strong><\/h6>\n<\/td>\n<\/tr>\n<tr style=\"text-align: justify;\">\n<td style=\"text-align: center;\" width=\"179\">\n<h6><span style=\"color: #993300;\"><strong>Elio dos Santos<\/strong><\/span><\/h6>\n<\/td>\n<td style=\"text-align: center;\" width=\"212\">\n<h6><strong>Adriane Maria F.Milagres<\/strong><\/h6>\n<\/td>\n<td style=\"text-align: center;\" width=\"456\">\n<h6><strong>Produ\u00e7\u00e3o de xilanases em reator de leito fixo.<\/strong><\/h6>\n<\/td>\n<td width=\"91\">\n<h6 style=\"text-align: center;\"><strong>05\/12\/01<\/strong><\/h6>\n<\/td>\n<\/tr>\n<tr style=\"text-align: justify;\">\n<td colspan=\"4\" width=\"938\">\n<h6><strong>Informa\u00e7\u00f5es:<\/strong><\/h6>\n<\/td>\n<\/tr>\n<tr style=\"text-align: justify;\">\n<td width=\"179\">\n<h6 style=\"text-align: center;\"><span style=\"color: #993300;\"><strong>Daniela Fernanda Zan\u00e3o<\/strong><\/span><\/h6>\n<\/td>\n<td style=\"text-align: center;\" width=\"212\">\n<h6><strong>Arnaldo M\u00e1rcio R.Prata<\/strong><\/h6>\n<\/td>\n<td style=\"text-align: center;\" width=\"456\">\n<h6><strong>Estudo da Vaz\u00e3o M\u00e1ssica de Adi\u00e7\u00e3o de Substrato Durante a Produ\u00e7\u00e3o de 2,3-Butanodiol em Sistema Descont\u00ednuo Alimentado.<\/strong><\/h6>\n<\/td>\n<td style=\"text-align: center;\" width=\"91\">\n<h6><strong>09\/11\/01<\/strong><\/h6>\n<\/td>\n<\/tr>\n<tr>\n<td colspan=\"4\" width=\"938\">\n<h6><strong>Informa\u00e7\u00f5es:<\/strong><\/h6>\n<\/td>\n<\/tr>\n<tr style=\"text-align: justify;\">\n<td style=\"text-align: center;\" width=\"179\">\n<h6><span style=\"color: #993300;\"><strong>D\u00e9bora Danielle Virg\u00ednio da Silva<\/strong><\/span><\/h6>\n<\/td>\n<td style=\"text-align: center;\" width=\"212\">\n<h6><strong>Maria das Gra\u00e7as A. Felipe<\/strong><\/h6>\n<\/td>\n<td style=\"text-align: center;\" width=\"456\">\n<h6><strong>Bioconvers\u00e3o de xilose em xilitol por Candida guilliermondii em hidrolisado de baga\u00e7o de cana de a\u00e7\u00facar: estudo do efeito do \u00e1cido ac\u00e9tico.<\/strong><\/h6>\n<\/td>\n<td width=\"91\">\n<h6 style=\"text-align: center;\"><strong>25\/05\/01<\/strong><\/h6>\n<\/td>\n<\/tr>\n<tr style=\"text-align: justify;\">\n<td colspan=\"4\" width=\"938\">\n<h6><strong>Informa\u00e7\u00f5es:<\/strong><\/h6>\n<\/td>\n<\/tr>\n<tr style=\"text-align: justify;\">\n<td width=\"179\">\n<h6 style=\"text-align: center;\"><span style=\"color: #993300;\"><strong>Lucr\u00e9cio F\u00e1bio dos Santos<\/strong><\/span><\/h6>\n<\/td>\n<td style=\"text-align: center;\" width=\"212\">\n<h6><strong>Fl\u00e1vio Teixeira da Silva<\/strong><\/h6>\n<\/td>\n<td style=\"text-align: center;\" width=\"456\">\n<h6><strong>Sistema de lodos ativados aplicado no tratamento de efluentes oriundos das etapas de fabrica\u00e7\u00e3o de nitrocelulose.<\/strong><\/h6>\n<\/td>\n<td style=\"text-align: center;\" width=\"91\">\n<h6><strong>13\/12\/01<\/strong><\/h6>\n<\/td>\n<\/tr>\n<tr>\n<td colspan=\"4\" width=\"938\">\n<h6><strong>Informa\u00e7\u00f5es:<\/strong><\/h6>\n<\/td>\n<\/tr>\n<tr style=\"text-align: justify;\">\n<td style=\"text-align: center;\" width=\"179\">\n<h6><span style=\"color: #993300;\"><strong>Mabel Vi\u00f1als Verde<\/strong><\/span><\/h6>\n<\/td>\n<td style=\"text-align: center;\" width=\"212\">\n<h6><strong>Ismael Maciel de Mancilha<\/strong><\/h6>\n<\/td>\n<td style=\"text-align: center;\" width=\"456\">\n<h6><strong>Aplica\u00e7\u00e3o de Resinas de Troca I\u00f4nica no rtamento de Hidrolisdo Hemicelul\u00f3sico para Processos Fermentativos.<\/strong><\/h6>\n<\/td>\n<td width=\"91\">\n<h6 style=\"text-align: center;\"><strong>18\/07\/01<\/strong><\/h6>\n<\/td>\n<\/tr>\n<tr style=\"text-align: justify;\">\n<td colspan=\"4\" width=\"938\">\n<h6><strong>Informa\u00e7\u00f5es:<\/strong><\/h6>\n<\/td>\n<\/tr>\n<tr style=\"text-align: justify;\">\n<td width=\"179\">\n<h6 style=\"text-align: center;\"><span style=\"color: #993300;\"><strong>Yovanka P\u00e9rez Ginoris<\/strong><\/span><\/h6>\n<\/td>\n<td style=\"text-align: center;\" width=\"212\">\n<h6><strong>Jo\u00e3o Batista de A.e Silva<\/strong><\/h6>\n<\/td>\n<td style=\"text-align: center;\" width=\"456\">\n<h6><strong>Avalia\u00e7\u00e3o do tratamento do hidrolisado de eucalipto para a produ\u00e7\u00e3o biotenol\u00f3gica de xilitol por Candida guilliermondii.<\/strong><\/h6>\n<\/td>\n<td width=\"91\">\n<h6 style=\"text-align: center;\"><strong>20\/07\/01<\/strong><\/h6>\n<\/td>\n<\/tr>\n<tr style=\"text-align: justify;\">\n<td colspan=\"4\" width=\"938\">\n<h6><strong>Informa\u00e7\u00f5es:<\/strong><\/h6>\n<\/td>\n<\/tr>\n<tr style=\"text-align: justify;\">\n<td width=\"179\">\n<h6 style=\"text-align: center;\"><span style=\"color: #993300;\"><strong>Walter Cirelli Ricardo Filho<\/strong><\/span><\/h6>\n<\/td>\n<td style=\"text-align: center;\" width=\"212\">\n<h6><strong>Silvio Silv\u00e9rio da Silva<\/strong><\/h6>\n<\/td>\n<td style=\"text-align: center;\" width=\"456\">\n<h6><strong>Ensaios de Recupera\u00e7\u00e3o e Purifica\u00e7\u00e3o do Xilitol de um Meio Fermentado de Hidrolisado Hemicelul\u00f3sico de Baga\u00e7o de Cana-de-A\u00e7\u00facar.<\/strong><\/h6>\n<\/td>\n<td style=\"text-align: center;\" width=\"91\">\n<h6><strong>09\/04\/01<\/strong><\/h6>\n<\/td>\n<\/tr>\n<tr>\n<td colspan=\"4\" width=\"938\">\n<h6><strong>Informa\u00e7\u00f5es:<\/strong><\/h6>\n<\/td>\n<\/tr>\n<tr style=\"text-align: justify;\">\n<td style=\"text-align: center;\" width=\"179\">\n<h6><span style=\"color: #993300;\"><strong>Zuzel Rubio Matos <\/strong><\/span><\/h6>\n<\/td>\n<td style=\"text-align: center;\" width=\"212\">\n<h6><strong>Silvio Silv\u00e9rio da Silva<\/strong><\/h6>\n<\/td>\n<td style=\"text-align: center;\" width=\"456\">\n<h6><strong>Avalia\u00e7\u00e3o do Efeito da Hidr\u00f3lise \u00c1cida do Baga\u00e7o de Cana-de-A\u00e7\u00facar sobre Fermenta\u00e7\u00e3o de Xilose e Xilitol.<\/strong><\/h6>\n<\/td>\n<td width=\"91\">\n<h6 style=\"text-align: center;\"><strong>07\/12\/01<\/strong><\/h6>\n<\/td>\n<\/tr>\n<tr style=\"text-align: justify;\">\n<td colspan=\"4\" width=\"938\">\n<h6><strong>\u00a0Informa\u00e7\u00f5es:<\/strong><\/h6>\n<\/td>\n<\/tr>\n<\/tbody>\n<\/table>\n<p><\/p>","protected":false},"excerpt":{"rendered":"<p>MESTRADO Aluno (a) Orientador (a) T\u00edtulo do Trabalho Data da Defesa F\u00e9lix Monteiro Pereira Adilson Roberto Gon\u00e7alves Modelagem Matem\u00e1tica de Sistemas de Libera\u00e7\u00e3o Controlada Utilizando Lignina como Matriz. 25\/09\/01 Informa\u00e7\u00f5es: Regina C\u00e9lia O. Guimar\u00e3es Adilson Roberto Gon\u00e7alves Polimeriza\u00e7\u00e3o dos Produtos de Oxida\u00e7\u00e3o da Lignina: Caracteriza\u00e7\u00e3o dos Pol\u00edmeros Obtidos. 22\/11\/01 Informa\u00e7\u00f5es: Denise Santos Ruzene Adilson Roberto Gon\u00e7alves Influ\u00eancia da Press\u00e3o e da Reciclagem do Solvente na Polpa\u00e7\u00e3o Etanol\/\u00c1gua do Baga\u00e7o de Cana e Estudo da Branqueabilidade Enzim\u00e1tica da Polpa Obtida. 06\/11\/01 Informa\u00e7\u00f5es: Elio dos Santos Adriane Maria F.Milagres Produ\u00e7\u00e3o de xilanases em reator de leito fixo. 05\/12\/01 Informa\u00e7\u00f5es: Daniela Fernanda Zan\u00e3o Arnaldo M\u00e1rcio R.Prata Estudo da Vaz\u00e3o M\u00e1ssica de Adi\u00e7\u00e3o de Substrato Durante a Produ\u00e7\u00e3o de 2,3-Butanodiol em Sistema Descont\u00ednuo Alimentado. 09\/11\/01 Informa\u00e7\u00f5es: D\u00e9bora Danielle Virg\u00ednio da Silva Maria das Gra\u00e7as A. Felipe Bioconvers\u00e3o de xilose em xilitol por Candida guilliermondii em hidrolisado de baga\u00e7o de cana de a\u00e7\u00facar: estudo do efeito do \u00e1cido ac\u00e9tico. 25\/05\/01 Informa\u00e7\u00f5es: Lucr\u00e9cio F\u00e1bio dos Santos Fl\u00e1vio Teixeira da Silva Sistema de lodos ativados aplicado no tratamento de efluentes oriundos das etapas de fabrica\u00e7\u00e3o de nitrocelulose. 13\/12\/01 Informa\u00e7\u00f5es: Mabel Vi\u00f1als Verde Ismael Maciel de Mancilha Aplica\u00e7\u00e3o de Resinas de Troca I\u00f4nica no rtamento de Hidrolisdo Hemicelul\u00f3sico [&#8230;]<\/p>\n","protected":false},"author":375,"featured_media":0,"parent":0,"menu_order":0,"comment_status":"closed","ping_status":"closed","template":"","meta":{"_monsterinsights_skip_tracking":false,"_monsterinsights_sitenote_active":false,"_monsterinsights_sitenote_note":"","_monsterinsights_sitenote_category":0,"footnotes":"","_links_to":"","_links_to_target":""},"class_list":["post-2305","page","type-page","status-publish","hentry"],"_links":{"self":[{"href":"https:\/\/sites.usp.br\/ppgbi\/wp-json\/wp\/v2\/pages\/2305","targetHints":{"allow":["GET"]}}],"collection":[{"href":"https:\/\/sites.usp.br\/ppgbi\/wp-json\/wp\/v2\/pages"}],"about":[{"href":"https:\/\/sites.usp.br\/ppgbi\/wp-json\/wp\/v2\/types\/page"}],"author":[{"embeddable":true,"href":"https:\/\/sites.usp.br\/ppgbi\/wp-json\/wp\/v2\/users\/375"}],"replies":[{"embeddable":true,"href":"https:\/\/sites.usp.br\/ppgbi\/wp-json\/wp\/v2\/comments?post=2305"}],"version-history":[{"count":4,"href":"https:\/\/sites.usp.br\/ppgbi\/wp-json\/wp\/v2\/pages\/2305\/revisions"}],"predecessor-version":[{"id":3505,"href":"https:\/\/sites.usp.br\/ppgbi\/wp-json\/wp\/v2\/pages\/2305\/revisions\/3505"}],"wp:attachment":[{"href":"https:\/\/sites.usp.br\/ppgbi\/wp-json\/wp\/v2\/media?parent=2305"}],"curies":[{"name":"wp","href":"https:\/\/api.w.org\/{rel}","templated":true}]}}