{"id":2371,"date":"2017-01-31T15:38:37","date_gmt":"2017-01-31T17:38:37","guid":{"rendered":"http:\/\/sites.usp.br\/ppgbi\/?page_id=2371"},"modified":"2019-04-30T10:08:02","modified_gmt":"2019-04-30T13:08:02","slug":"egressos-2008","status":"publish","type":"page","link":"https:\/\/sites.usp.br\/ppgbi\/egressos-2008\/","title":{"rendered":"Egressos 2008"},"content":{"rendered":"<p><span style=\"color: #ff6600;\"><strong>MESTRADO<\/strong><\/span><\/p>\n<table>\n<tbody>\n<tr>\n<td width=\"179\">\n<h6 style=\"text-align: center;\"><span style=\"color: #ff6600;\"><strong>Aluno(a)<\/strong><\/span><\/h6>\n<\/td>\n<td style=\"text-align: center;\" width=\"212\">\n<h6><span style=\"color: #ff6600;\"><strong>Orientador(a)<\/strong><\/span><\/h6>\n<\/td>\n<td style=\"text-align: center;\" width=\"449\">\n<h6><span style=\"color: #ff6600;\"><strong>T\u00edtulo do Trabalho<\/strong><\/span><\/h6>\n<\/td>\n<td style=\"text-align: justify;\" width=\"100\">\n<h6 style=\"text-align: center;\"><span style=\"color: #ff6600;\"><strong>Data da Defesa<\/strong><\/span><\/h6>\n<\/td>\n<\/tr>\n<tr style=\"text-align: justify;\">\n<td width=\"179\">\n<h6 style=\"text-align: center;\"><span style=\"color: #993300;\"><strong>Gina Gabriela Seabra Cunha<\/strong><\/span><\/h6>\n<\/td>\n<td style=\"text-align: center;\" width=\"212\">\n<h6><strong>Andr\u00e9 Luis Ferraz<\/strong><\/h6>\n<\/td>\n<td style=\"text-align: center;\" width=\"449\">\n<h6><strong>Atividade peroxidativa de extratos enzim\u00e1ticos obtidos a partir de cultivos de Ceriporiopsis subvermispora e sua rela\u00e7\u00e3o com a degrada\u00e7\u00e3o de lignina.<\/strong><\/h6>\n<\/td>\n<td style=\"text-align: center;\" width=\"100\">\n<h6><strong>19\/02\/2008<\/strong><\/h6>\n<\/td>\n<\/tr>\n<tr>\n<td colspan=\"4\" width=\"940\">\n<h6><strong>Informa\u00e7\u00f5es:<\/strong><\/h6>\n<\/td>\n<\/tr>\n<tr style=\"text-align: justify;\">\n<td style=\"text-align: center;\" width=\"179\">\n<h6><span style=\"color: #993300;\"><strong>H\u00e9vila Brognaro dos Santos<\/strong><\/span><\/h6>\n<\/td>\n<td style=\"text-align: center;\" width=\"212\">\n<h6><strong>Adriane Maria Ferreira Milagres<\/strong><\/h6>\n<\/td>\n<td style=\"text-align: center;\" width=\"449\">\n<h6><strong>Estudo da recupera\u00e7\u00e3o das enzimas produzidas por Ceriporiopsis subvermispora em cavacos de eucalipto extra\u00eddos com \u00e1gua ou etanol.<\/strong><\/h6>\n<\/td>\n<td width=\"100\">\n<h6 style=\"text-align: center;\"><strong>29\/02\/2008<\/strong><\/h6>\n<\/td>\n<\/tr>\n<tr style=\"text-align: justify;\">\n<td colspan=\"4\" width=\"940\">\n<h6><strong>Informa\u00e7\u00f5es:<\/strong><\/h6>\n<\/td>\n<\/tr>\n<tr style=\"text-align: justify;\">\n<td width=\"179\">\n<h6 style=\"text-align: center;\"><span style=\"color: #993300;\"><strong>Tatiane Sueli Coutinho<\/strong><\/span><\/h6>\n<\/td>\n<td style=\"text-align: center;\" width=\"212\">\n<h6><strong>Ismael Maciel de Mancilha<\/strong><\/h6>\n<\/td>\n<td style=\"text-align: center;\" width=\"449\">\n<h6><strong>Avalia\u00e7\u00e3o do efeito de microrganismos probi\u00f3ticos sobre Cryptosporidium parvum em camundongos C57BL\/6 imunossuprimidos.<\/strong><\/h6>\n<\/td>\n<td style=\"text-align: center;\" width=\"100\">\n<h6><strong>02\/04\/2008<\/strong><\/h6>\n<\/td>\n<\/tr>\n<tr>\n<td colspan=\"4\" width=\"940\">\n<h6><strong>Informa\u00e7\u00f5es:<\/strong><\/h6>\n<\/td>\n<\/tr>\n<tr style=\"text-align: justify;\">\n<td style=\"text-align: center;\" width=\"179\">\n<h6><span style=\"color: #993300;\"><strong>Juliana Aparecida Frade Santos<\/strong><\/span><\/h6>\n<\/td>\n<td style=\"text-align: center;\" width=\"212\">\n<h6><strong>Arnaldo M\u00e1rcio Ramalho Prata<\/strong><\/h6>\n<\/td>\n<td style=\"text-align: center;\" width=\"449\">\n<h6><strong>Avalia\u00e7\u00e3o dos res\u00edduos dos processamentos do suco de laranja e cerveja para obten\u00e7\u00e3o de \u00e1cido c\u00edtrico por fermenta\u00e7\u00e3o em estado s\u00f3lido.<\/strong><\/h6>\n<\/td>\n<td width=\"100\">\n<h6 style=\"text-align: center;\"><strong>11\/04\/2008<\/strong><\/h6>\n<\/td>\n<\/tr>\n<tr style=\"text-align: justify;\">\n<td colspan=\"4\" width=\"940\">\n<h6><strong>Informa\u00e7\u00f5es:<\/strong><\/h6>\n<\/td>\n<\/tr>\n<tr style=\"text-align: justify;\">\n<td width=\"179\">\n<h6 style=\"text-align: center;\"><span style=\"color: #993300;\"><strong>Fernanda Palladino<\/strong><\/span><\/h6>\n<\/td>\n<td style=\"text-align: center;\" width=\"212\">\n<h6><strong>Maria das Gra\u00e7as de A. Felipe<\/strong><\/h6>\n<\/td>\n<td style=\"text-align: center;\" width=\"449\">\n<h6><strong>Estudo da s\u00edntese de enzimas por Bacillus licheniformis E-44 em meio formulado \u00e0 base de hidrolisado hemicelul\u00f3sico de baga\u00e7o de cana.<\/strong><\/h6>\n<\/td>\n<td style=\"text-align: center;\" width=\"100\">\n<h6><strong>18\/04\/2008<\/strong><\/h6>\n<\/td>\n<\/tr>\n<tr>\n<td colspan=\"4\" width=\"940\">\n<h6><strong>Informa\u00e7\u00f5es:<\/strong><\/h6>\n<\/td>\n<\/tr>\n<tr style=\"text-align: justify;\">\n<td style=\"text-align: center;\" width=\"179\">\n<h6><span style=\"color: #993300;\"><strong>Gisele Aparecida Amaral Labat<\/strong><\/span><\/h6>\n<\/td>\n<td style=\"text-align: center;\" width=\"212\">\n<h6><strong>Adilson Roberto Gon\u00e7alves<\/strong><\/h6>\n<\/td>\n<td style=\"text-align: center;\" width=\"449\">\n<h6><strong>Estudo cin\u00e9tico da oxida\u00e7\u00e3o de ligninas obtidas da palha e do baga\u00e7o de cana e aplica\u00e7\u00f5es de lignina de baga\u00e7o em resinas a base de materiais naturais.<\/strong><\/h6>\n<\/td>\n<td width=\"100\">\n<h6 style=\"text-align: center;\"><strong>20\/05\/2008<\/strong><\/h6>\n<\/td>\n<\/tr>\n<tr style=\"text-align: justify;\">\n<td colspan=\"4\" width=\"940\">\n<h6><strong>Informa\u00e7\u00f5es:<\/strong><\/h6>\n<\/td>\n<\/tr>\n<tr style=\"text-align: justify;\">\n<td width=\"179\">\n<h6 style=\"text-align: center;\"><span style=\"color: #993300;\"><strong>Luiz Carlos de Sousa<\/strong><\/span><\/h6>\n<\/td>\n<td style=\"text-align: center;\" width=\"212\">\n<h6><strong>Ismael Maciel de Mancilha<\/strong><\/h6>\n<\/td>\n<td style=\"text-align: center;\" width=\"449\">\n<h6><strong>Avalia\u00e7\u00e3o do desempenho de <em>Bacillus licheniformis E-44<\/em> em diferentes condi\u00e7\u00f5es de cultivo visando a obten\u00e7\u00e3o de hidrolisado enzim\u00e1tico de levedura<em> (Saccharomyces cerevisiae<\/em>).<\/strong><\/h6>\n<\/td>\n<td style=\"text-align: center;\" width=\"100\">\n<h6><strong>15\/07\/2008<\/strong><\/h6>\n<\/td>\n<\/tr>\n<tr>\n<td colspan=\"4\" width=\"940\">\n<h6><strong>Informa\u00e7\u00f5es:<\/strong><\/h6>\n<\/td>\n<\/tr>\n<tr style=\"text-align: justify;\">\n<td style=\"text-align: center;\" width=\"179\">\n<h6><span style=\"color: #993300;\"><strong>Renata Maria Cortez Borges<\/strong><\/span><\/h6>\n<\/td>\n<td style=\"text-align: center;\" width=\"212\">\n<h6><strong>Adilson Roberto Gon\u00e7alves<\/strong><\/h6>\n<\/td>\n<td style=\"text-align: center;\" width=\"449\">\n<h6><strong>Identifica\u00e7\u00e3o e quantifica\u00e7\u00e3o de microcistinas por HPLC em reservat\u00f3rios de \u00e1gua.<\/strong><\/h6>\n<\/td>\n<td width=\"100\">\n<h6 style=\"text-align: center;\"><strong>08\/08\/2008<\/strong><\/h6>\n<\/td>\n<\/tr>\n<tr style=\"text-align: justify;\">\n<td colspan=\"4\" width=\"940\">\n<h6><strong>Informa\u00e7\u00f5es:<\/strong><\/h6>\n<\/td>\n<\/tr>\n<tr style=\"text-align: justify;\">\n<td width=\"179\">\n<h6 style=\"text-align: center;\"><span style=\"color: #993300;\"><strong>Juan Daniel Rivaldi Chavez<\/strong><\/span><\/h6>\n<\/td>\n<td style=\"text-align: center;\" width=\"212\">\n<h6><strong>S\u00edlvio Silv\u00e9rio da Silva<\/strong><\/h6>\n<\/td>\n<td style=\"text-align: center;\" width=\"449\">\n<h6><strong>Aproveitamento biotecnol\u00f3gico do glicerol derivado da produ\u00e7\u00e3o de biodiesel para a obten\u00e7\u00e3o de biomassa e ribonucleot\u00eddeos\u201d.<\/strong><\/h6>\n<\/td>\n<td width=\"100\">\n<h6 style=\"text-align: center;\"><strong>05\/09\/2008<\/strong><\/h6>\n<\/td>\n<\/tr>\n<tr>\n<td colspan=\"4\" width=\"940\">\n<h6 style=\"text-align: justify;\"><strong>Informa\u00e7\u00f5es:<\/strong><\/h6>\n<\/td>\n<\/tr>\n<\/tbody>\n<\/table>\n<p>&nbsp;<\/p>\n<p><span style=\"color: #ff6600;\"><strong>DOUTORADO<\/strong><\/span><\/p>\n<table>\n<tbody>\n<tr>\n<td width=\"179\">\n<h6 style=\"text-align: center;\"><span style=\"color: #ff6600;\"><strong>Aluno(a)<\/strong><\/span><\/h6>\n<\/td>\n<td style=\"text-align: center;\" width=\"212\">\n<h6><span style=\"color: #ff6600;\"><strong>Orientador(a)<\/strong><\/span><\/h6>\n<\/td>\n<td style=\"text-align: center;\" width=\"449\">\n<h6><span style=\"color: #ff6600;\"><strong>\u00a0T\u00edtulo do Trabalho<\/strong><\/span><\/h6>\n<\/td>\n<td style=\"text-align: justify;\" width=\"100\">\n<h6 style=\"text-align: center;\"><span style=\"color: #ff6600;\"><strong>Data da Defesa<\/strong><\/span><\/h6>\n<\/td>\n<\/tr>\n<tr style=\"text-align: justify;\">\n<td width=\"179\">\n<h6 style=\"text-align: center;\"><span style=\"color: #993300;\"><strong>Sandra Maria da Luz<\/strong><\/span><\/h6>\n<\/td>\n<td style=\"text-align: center;\" width=\"212\">\n<h6><strong>Adilson Roberto Gon\u00e7alves<\/strong><\/h6>\n<\/td>\n<td style=\"text-align: center;\" width=\"449\">\n<h6><strong>Estudo das propriedades mec\u00e2nicas, interface e morfologia de comp\u00f3sitos de polipropileno refor\u00e7ados com fibras de baga\u00e7o e palha de cana.<\/strong><\/h6>\n<\/td>\n<td style=\"text-align: center;\" width=\"100\">\n<h6><strong>25\/01\/2008<\/strong><\/h6>\n<\/td>\n<\/tr>\n<tr>\n<td colspan=\"4\" width=\"940\">\n<h6><strong>Informa\u00e7\u00f5es:<\/strong><\/h6>\n<\/td>\n<\/tr>\n<tr style=\"text-align: justify;\">\n<td style=\"text-align: center;\" width=\"179\">\n<h6><span style=\"color: #993300;\"><strong>Regina Yanako Moryia<\/strong><\/span><\/h6>\n<\/td>\n<td style=\"text-align: center;\" width=\"212\">\n<h6><strong>Adilson Roberto Gon\u00e7alves<\/strong><\/h6>\n<\/td>\n<td style=\"text-align: center;\" width=\"449\">\n<h6><strong>Uso de xilanases e lacases de microrganismos no branqueamento de polpas organosolv de palha de cana-de-a\u00e7\u00facar e estudo dos derivados celul\u00f3sicos obtidos.<\/strong><\/h6>\n<\/td>\n<td width=\"100\">\n<h6 style=\"text-align: center;\"><strong>28\/01\/2008<\/strong><\/h6>\n<\/td>\n<\/tr>\n<tr style=\"text-align: justify;\">\n<td colspan=\"4\" width=\"940\">\n<h6><strong>Informa\u00e7\u00f5es:<\/strong><\/h6>\n<\/td>\n<\/tr>\n<tr style=\"text-align: justify;\">\n<td width=\"179\">\n<h6 style=\"text-align: center;\"><span style=\"color: #993300;\"><strong>Elaine Nolasco Ribeiro<\/strong><\/span><\/h6>\n<\/td>\n<td style=\"text-align: center;\" width=\"212\">\n<h6><strong>Teresa Cristina Brazil de Paiva<\/strong><\/h6>\n<\/td>\n<td style=\"text-align: center;\" width=\"449\">\n<h6><strong>Avalia\u00e7\u00e3o da sensibilidade dos organismos utilizados em testes de toxicidade nos efluentes das ind\u00fastrias de explosivos: sele\u00e7\u00e3o de uma bateria de testes na busca dos \u201corganismos ideais\u201d.<\/strong><\/h6>\n<\/td>\n<td style=\"text-align: center;\" width=\"100\">\n<h6><strong>10\/03\/2008<\/strong><\/h6>\n<\/td>\n<\/tr>\n<tr>\n<td colspan=\"4\" width=\"940\">\n<h6><strong>Informa\u00e7\u00f5es:<\/strong><\/h6>\n<\/td>\n<\/tr>\n<tr style=\"text-align: justify;\">\n<td style=\"text-align: center;\" width=\"179\">\n<h6><span style=\"color: #993300;\"><strong>Andr\u00e9 Aguiar Mendes<\/strong><\/span><\/h6>\n<\/td>\n<td style=\"text-align: center;\" width=\"212\">\n<h6><strong>Andr\u00e9 Luis Ferraz<\/strong><\/h6>\n<\/td>\n<td style=\"text-align: center;\" width=\"449\">\n<h6><strong>Import\u00e2ncia dos mediadores de baixa massa molar na biodegrada\u00e7\u00e3o de madeira por <em>Ceriporiopsis subvermispora.<\/em><\/strong><\/h6>\n<\/td>\n<td width=\"100\">\n<h6 style=\"text-align: center;\"><strong>19\/06\/2008<\/strong><\/h6>\n<\/td>\n<\/tr>\n<tr style=\"text-align: justify;\">\n<td colspan=\"4\" width=\"940\">\n<h6><strong>Informa\u00e7\u00f5es:<\/strong><\/h6>\n<\/td>\n<\/tr>\n<tr style=\"text-align: justify;\">\n<td width=\"179\">\n<h6 style=\"text-align: center;\"><span style=\"color: #993300;\"><strong>F\u00e9lix Monteiro Pereira<\/strong><\/span><\/h6>\n<\/td>\n<td style=\"text-align: center;\" width=\"212\">\n<h6><strong>Samuel Concei\u00e7\u00e3o de Oliveira<\/strong><\/h6>\n<\/td>\n<td style=\"text-align: center;\" width=\"449\">\n<h6><strong>Modelagem e simula\u00e7\u00e3o do n\u00facleo morto em part\u00edculas catal\u00edticas contendo enzimas imobilizadas e suas conseq\u00fc\u00eancias no projeto e opera\u00e7\u00e3o de reatores enzim\u00e1ticos.<\/strong><\/h6>\n<\/td>\n<td style=\"text-align: center;\" width=\"100\">\n<h6><strong>01\/07\/2008<\/strong><\/h6>\n<\/td>\n<\/tr>\n<tr>\n<td colspan=\"4\" width=\"940\">\n<h6><strong>Informa\u00e7\u00f5es:<\/strong><\/h6>\n<\/td>\n<\/tr>\n<tr style=\"text-align: justify;\">\n<td style=\"text-align: center;\" width=\"179\">\n<h6><span style=\"color: #993300;\"><strong>Valdeir Arantes<\/strong><\/span><\/h6>\n<\/td>\n<td style=\"text-align: center;\" width=\"212\">\n<h6><strong>Adriane Maria Ferreira Milagres<\/strong><\/h6>\n<\/td>\n<td style=\"text-align: center;\" width=\"449\">\n<h6><strong>Caracteriza\u00e7\u00e3o de compostos de baixa massa molar redutores de ferro produzidos por fungos e media\u00e7\u00e3o da rea\u00e7\u00e3o de Fenton para degrada\u00e7\u00e3o de polissacar\u00eddeos e lignina.<\/strong><\/h6>\n<\/td>\n<td width=\"100\">\n<h6 style=\"text-align: center;\"><strong>08\/08\/2008<\/strong><\/h6>\n<\/td>\n<\/tr>\n<tr style=\"text-align: justify;\">\n<td colspan=\"4\" width=\"940\">\n<h6><strong>Informa\u00e7\u00f5es:<\/strong><\/h6>\n<\/td>\n<\/tr>\n<tr style=\"text-align: justify;\">\n<td width=\"179\">\n<h6 style=\"text-align: center;\"><span style=\"color: #993300;\"><strong>Paulo C\u00e9sar Pavan<\/strong><\/span><\/h6>\n<\/td>\n<td style=\"text-align: center;\" width=\"212\">\n<h6><strong>Andr\u00e9 Luis Ferraz<\/strong><\/h6>\n<\/td>\n<td style=\"text-align: center;\" width=\"449\">\n<h6><strong>Desenvolvimento do processo de biopolpa\u00e7\u00e3o de eucalipto em escala piloto para produ\u00e7\u00e3o de polpas termomec\u00e2nicas e quimiotermomec\u00e2nicas.<\/strong><\/h6>\n<\/td>\n<td style=\"text-align: center;\" width=\"100\">\n<h6><strong>11\/08\/2008<\/strong><\/h6>\n<\/td>\n<\/tr>\n<tr>\n<td colspan=\"4\" width=\"940\">\n<h6><strong>Informa\u00e7\u00f5es:<\/strong><\/h6>\n<\/td>\n<\/tr>\n<tr style=\"text-align: justify;\">\n<td style=\"text-align: center;\" width=\"179\">\n<h6><span style=\"color: #993300;\"><strong>Elis\u00e2ngela de Jesus C\u00e2ndido Moraes<\/strong><\/span><\/h6>\n<\/td>\n<td style=\"text-align: center;\" width=\"212\">\n<h6><strong>Jo\u00e3o Batista de Almeida e Silva<\/strong><\/h6>\n<\/td>\n<td style=\"text-align: center;\" width=\"449\">\n<h6><strong>Estudo de Viabilidade Econ\u00f4mica da Produ\u00e7\u00e3o de Xilitol a partir de Hidrolisado Hemicelul\u00f3sico de Palha de Cevada.<\/strong><\/h6>\n<\/td>\n<td width=\"100\">\n<h6 style=\"text-align: center;\"><strong>03\/10\/2008<\/strong><\/h6>\n<\/td>\n<\/tr>\n<tr>\n<td colspan=\"4\" width=\"940\">\n<h6 style=\"text-align: justify;\"><strong>Informa\u00e7\u00f5es:<\/strong><\/h6>\n<\/td>\n<\/tr>\n<\/tbody>\n<\/table>\n<p>&nbsp;<\/p>","protected":false},"excerpt":{"rendered":"<p>MESTRADO Aluno(a) Orientador(a) T\u00edtulo do Trabalho Data da Defesa Gina Gabriela Seabra Cunha Andr\u00e9 Luis Ferraz Atividade peroxidativa de extratos enzim\u00e1ticos obtidos a partir de cultivos de Ceriporiopsis subvermispora e sua rela\u00e7\u00e3o com a degrada\u00e7\u00e3o de lignina. 19\/02\/2008 Informa\u00e7\u00f5es: H\u00e9vila Brognaro dos Santos Adriane Maria Ferreira Milagres Estudo da recupera\u00e7\u00e3o das enzimas produzidas por Ceriporiopsis subvermispora em cavacos de eucalipto extra\u00eddos com \u00e1gua ou etanol. 29\/02\/2008 Informa\u00e7\u00f5es: Tatiane Sueli Coutinho Ismael Maciel de Mancilha Avalia\u00e7\u00e3o do efeito de microrganismos probi\u00f3ticos sobre Cryptosporidium parvum em camundongos C57BL\/6 imunossuprimidos. 02\/04\/2008 Informa\u00e7\u00f5es: Juliana Aparecida Frade Santos Arnaldo M\u00e1rcio Ramalho Prata Avalia\u00e7\u00e3o dos res\u00edduos dos processamentos do suco de laranja e cerveja para obten\u00e7\u00e3o de \u00e1cido c\u00edtrico por fermenta\u00e7\u00e3o em estado s\u00f3lido. 11\/04\/2008 Informa\u00e7\u00f5es: Fernanda Palladino Maria das Gra\u00e7as de A. Felipe Estudo da s\u00edntese de enzimas por Bacillus licheniformis E-44 em meio formulado \u00e0 base de hidrolisado hemicelul\u00f3sico de baga\u00e7o de cana. 18\/04\/2008 Informa\u00e7\u00f5es: Gisele Aparecida Amaral Labat Adilson Roberto Gon\u00e7alves Estudo cin\u00e9tico da oxida\u00e7\u00e3o de ligninas obtidas da palha e do baga\u00e7o de cana e aplica\u00e7\u00f5es de lignina de baga\u00e7o em resinas a base de materiais naturais. 20\/05\/2008 Informa\u00e7\u00f5es: Luiz Carlos de Sousa Ismael Maciel de Mancilha Avalia\u00e7\u00e3o do desempenho de Bacillus [&#8230;]<\/p>\n","protected":false},"author":375,"featured_media":0,"parent":0,"menu_order":0,"comment_status":"closed","ping_status":"closed","template":"","meta":{"_monsterinsights_skip_tracking":false,"_monsterinsights_sitenote_active":false,"_monsterinsights_sitenote_note":"","_monsterinsights_sitenote_category":0,"footnotes":"","_links_to":"","_links_to_target":""},"class_list":["post-2371","page","type-page","status-publish","hentry"],"_links":{"self":[{"href":"https:\/\/sites.usp.br\/ppgbi\/wp-json\/wp\/v2\/pages\/2371","targetHints":{"allow":["GET"]}}],"collection":[{"href":"https:\/\/sites.usp.br\/ppgbi\/wp-json\/wp\/v2\/pages"}],"about":[{"href":"https:\/\/sites.usp.br\/ppgbi\/wp-json\/wp\/v2\/types\/page"}],"author":[{"embeddable":true,"href":"https:\/\/sites.usp.br\/ppgbi\/wp-json\/wp\/v2\/users\/375"}],"replies":[{"embeddable":true,"href":"https:\/\/sites.usp.br\/ppgbi\/wp-json\/wp\/v2\/comments?post=2371"}],"version-history":[{"count":3,"href":"https:\/\/sites.usp.br\/ppgbi\/wp-json\/wp\/v2\/pages\/2371\/revisions"}],"predecessor-version":[{"id":3512,"href":"https:\/\/sites.usp.br\/ppgbi\/wp-json\/wp\/v2\/pages\/2371\/revisions\/3512"}],"wp:attachment":[{"href":"https:\/\/sites.usp.br\/ppgbi\/wp-json\/wp\/v2\/media?parent=2371"}],"curies":[{"name":"wp","href":"https:\/\/api.w.org\/{rel}","templated":true}]}}