{"id":2405,"date":"2017-02-21T09:21:21","date_gmt":"2017-02-21T12:21:21","guid":{"rendered":"http:\/\/sites.usp.br\/ppgbi\/?page_id=2405"},"modified":"2019-11-21T10:47:43","modified_gmt":"2019-11-21T13:47:43","slug":"pro-labore","status":"publish","type":"page","link":"https:\/\/sites.usp.br\/ppgbi\/pro-labore\/","title":{"rendered":"Pro-labore"},"content":{"rendered":"<p><\/p>\n<p style=\"text-align: justify;\">O <em>pro labore<\/em> na p\u00f3s-gradua\u00e7\u00e3o \u00e9 destinado <strong><span style=\"text-decoration: underline;\">somente<\/span><\/strong> para <strong>MEMBROS EXTERNOS \u00c0 EEL\/USP<\/strong> que participarem de bancas de <strong>MESTRADO<\/strong> ou <strong>DOUTORADO <\/strong>afim de custear gastos com o deslocamento, estadia, alimenta\u00e7\u00e3o, etc.<\/p>\n<p>&nbsp;<\/p>\n<p><strong><span style=\"color: #000080;\">PRO LABORE PARA MEMBROS EXTERNOS EM EXAMES DE QUALIFICA\u00c7\u00c3O<\/span><br \/>\n<\/strong><\/p>\n<p>Foi deliberado pela CCP\/PPGBI que ser\u00e1 permitido pagamento de pro labore para apenas 1 membro externo da banca de exame de qualifica\u00e7\u00e3o <span style=\"color: #ff0000;\">(obs: se houver mais de um membro externo, o orientador do aluno dever\u00e1 optar para quem ser\u00e1 realizado o pagamento).<\/span><\/p>\n<p><strong>Valor do Pro Labore =<\/strong> R$ 320,00 <span style=\"color: #ff0000;\">(obs: ser\u00e1 depositado diretamente na conta corrente do participante em at\u00e9 1 dia ap\u00f3s o evento).<\/span><\/p>\n<p>&nbsp;<\/p>\n<hr \/>\n<p><strong><span style=\"color: #000080;\">PRO LABORE PARA MEMBROS EXTERNOS EM DEFESAS DE MESTRADO E DOUTORADO<\/span><\/strong><\/p>\n<p style=\"text-align: justify;\">O Diretor da EEL\/USP atrav\u00e9s da <a href=\"http:\/\/sites.usp.br\/ppgbi\/wp-content\/uploads\/sites\/212\/2016\/08\/Portaria-35-2016-EEL.pdf\" target=\"_blank\" rel=\"noopener noreferrer\">Portaria N\u00ba35-2016-EEL<\/a>, \u00a0determinou a disciplina de Pagamentos de Honor\u00e1rios a\u00a0Membros de Comiss\u00f5es Julgadoras de Defesas\u00a0de Mestrado e Doutorado, Concursos e\u00a0Processos Seletivos de Pessoal Docente.<\/p>\n<p style=\"text-align: justify;\"><em>Artigo 1\u00ba &#8211; Os docentes n\u00e3o pertencentes ao quadro da Escola de\u00a0Engenharia de Lorena da Universidade de S\u00e3o Paulo far\u00e3o jus aos honor\u00e1rios fixados\u00a0abaixo, levando em considera\u00e7\u00e3o a refer\u00eancia MS-2 em RDIDP, quando da\u00a0participa\u00e7\u00e3o nesta Escola em:<\/em><\/p>\n<p style=\"text-align: justify;\"><em><span style=\"text-decoration: underline;\"><strong>I- defesas de mestrado e doutorado: 5% (cinco por cento);<\/strong><\/span><\/em><br \/>\n<em> II- concurso de ingresso carreira docente, de livre-doc\u00eancia e de\u00a0professor titular: 15% (quinze por cento); e<\/em><br \/>\n<em> III- processo seletivo docente: 5% (cinco por cento).<\/em><\/p>\n<hr \/>\n<p style=\"text-align: justify;\">Na pr\u00e1tica, os 5% do valor refer\u00eancia MS-2 em RDIDP = R$ 381,45<\/p>\n<p style=\"text-align: justify;\">Descontados INSS e ISS, <span style=\"text-decoration: underline; color: #000080;\"><strong>o docente externo \u00e0 EEL\/USP receber\u00e1 o valor de R$ 328,06<\/strong><\/span><\/p>\n<p style=\"text-align: justify;\">OBS: O pagamento ser\u00e1 realizado diretamente na conta corrente do docente no dia posterior \u00e0 defesa de mestrado ou doutorado.<\/p>\n<p><\/p>","protected":false},"excerpt":{"rendered":"<p>O pro labore na p\u00f3s-gradua\u00e7\u00e3o \u00e9 destinado somente para MEMBROS EXTERNOS \u00c0 EEL\/USP que participarem de bancas de MESTRADO ou DOUTORADO afim de custear gastos com o deslocamento, estadia, alimenta\u00e7\u00e3o, etc. &nbsp; PRO LABORE PARA MEMBROS EXTERNOS EM EXAMES DE QUALIFICA\u00c7\u00c3O Foi deliberado pela CCP\/PPGBI que ser\u00e1 permitido pagamento de pro labore para apenas 1 membro externo da banca de exame de qualifica\u00e7\u00e3o (obs: se houver mais de um membro externo, o orientador do aluno dever\u00e1 optar para quem ser\u00e1 realizado o pagamento). Valor do Pro Labore = R$ 320,00 (obs: ser\u00e1 depositado diretamente na conta corrente do participante em at\u00e9 1 dia ap\u00f3s o evento). &nbsp; PRO LABORE PARA MEMBROS EXTERNOS EM DEFESAS DE MESTRADO E DOUTORADO O Diretor da EEL\/USP atrav\u00e9s da Portaria N\u00ba35-2016-EEL, \u00a0determinou a disciplina de Pagamentos de Honor\u00e1rios a\u00a0Membros de Comiss\u00f5es Julgadoras de Defesas\u00a0de Mestrado e Doutorado, Concursos e\u00a0Processos Seletivos de Pessoal Docente. Artigo 1\u00ba &#8211; Os docentes n\u00e3o pertencentes ao quadro da Escola de\u00a0Engenharia de Lorena da Universidade de S\u00e3o Paulo far\u00e3o jus aos honor\u00e1rios fixados\u00a0abaixo, levando em considera\u00e7\u00e3o a refer\u00eancia MS-2 em RDIDP, quando da\u00a0participa\u00e7\u00e3o nesta Escola em: I- defesas de mestrado e doutorado: 5% (cinco por cento); II- concurso de ingresso carreira [&#8230;]<\/p>\n","protected":false},"author":375,"featured_media":0,"parent":0,"menu_order":0,"comment_status":"closed","ping_status":"closed","template":"","meta":{"_monsterinsights_skip_tracking":false,"_monsterinsights_sitenote_active":false,"_monsterinsights_sitenote_note":"","_monsterinsights_sitenote_category":0,"footnotes":"","_links_to":"","_links_to_target":""},"class_list":["post-2405","page","type-page","status-publish","hentry"],"_links":{"self":[{"href":"https:\/\/sites.usp.br\/ppgbi\/wp-json\/wp\/v2\/pages\/2405","targetHints":{"allow":["GET"]}}],"collection":[{"href":"https:\/\/sites.usp.br\/ppgbi\/wp-json\/wp\/v2\/pages"}],"about":[{"href":"https:\/\/sites.usp.br\/ppgbi\/wp-json\/wp\/v2\/types\/page"}],"author":[{"embeddable":true,"href":"https:\/\/sites.usp.br\/ppgbi\/wp-json\/wp\/v2\/users\/375"}],"replies":[{"embeddable":true,"href":"https:\/\/sites.usp.br\/ppgbi\/wp-json\/wp\/v2\/comments?post=2405"}],"version-history":[{"count":4,"href":"https:\/\/sites.usp.br\/ppgbi\/wp-json\/wp\/v2\/pages\/2405\/revisions"}],"predecessor-version":[{"id":3767,"href":"https:\/\/sites.usp.br\/ppgbi\/wp-json\/wp\/v2\/pages\/2405\/revisions\/3767"}],"wp:attachment":[{"href":"https:\/\/sites.usp.br\/ppgbi\/wp-json\/wp\/v2\/media?parent=2405"}],"curies":[{"name":"wp","href":"https:\/\/api.w.org\/{rel}","templated":true}]}}