{"id":2671,"date":"2017-07-14T12:06:47","date_gmt":"2017-07-14T15:06:47","guid":{"rendered":"http:\/\/sites.usp.br\/ppgbi\/?page_id=2671"},"modified":"2022-12-16T10:09:07","modified_gmt":"2022-12-16T13:09:07","slug":"resultado-selecao","status":"publish","type":"page","link":"https:\/\/sites.usp.br\/ppgbi\/resultado-selecao\/","title":{"rendered":"Resultado Sele\u00e7\u00e3o"},"content":{"rendered":"<p><\/p>\n<div class=\"textwidget\">\n<p><strong><span style=\"color: #ff6600;\">RESULTADO DA SELE\u00c7\u00c3O<\/span><\/strong><\/p>\n<p><strong><span style=\"color: #ff6600;\">CANDIDATOS APROVADOS PARA O 1\u00ba SEMESTRE DE 2023<\/span><\/strong><br \/>\n(OBS: Listas de aprova\u00e7\u00e3o por ordem alfab\u00e9tica)<\/p>\n<p><span style=\"color: #ff6600;\"><strong>MESTRADO<\/strong><\/span><\/p>\n<p>&#8211; Brenda Azevedo Souza<br \/>\n&#8211; Isabelle Amarante dos Santos<br \/>\n&#8211; Isabelle Ory Torquato<br \/>\n&#8211; Rafaela Yoselin Arenas Jarro<br \/>\n&#8211; Ubiratan da Silva Batista<br \/>\n&#8211; Wagner Gabriel de Souza Moura<\/p>\n<p><strong><span style=\"color: #ff6600;\">DOUTORADO<\/span><\/strong><\/p>\n<p>&#8211; Cyntia Esposti Veloso Machado<br \/>\n&#8211; Dalila Luzia de Oliveira Soares<br \/>\n&#8211; Julia Cristina Fernandes<br \/>\n&#8211; Pedro Saturno Braga<br \/>\n&#8211; Thiago Queiroz Jardim Rodrigues<\/p>\n<p><strong>A DATA PARA EFETIVA\u00c7\u00c3O DA PRIMEIRA MATR\u00cdCULA REGULAR SER\u00c1 INFORMADA POSTERIORMENTE<\/strong><\/p>\n<\/div>\n<p><\/p>","protected":false},"excerpt":{"rendered":"<p>RESULTADO DA SELE\u00c7\u00c3O CANDIDATOS APROVADOS PARA O 1\u00ba SEMESTRE DE 2023 (OBS: Listas de aprova\u00e7\u00e3o por ordem alfab\u00e9tica) MESTRADO &#8211; Brenda Azevedo Souza &#8211; Isabelle Amarante dos Santos &#8211; Isabelle Ory Torquato &#8211; Rafaela Yoselin Arenas Jarro &#8211; Ubiratan da Silva Batista &#8211; Wagner Gabriel de Souza Moura DOUTORADO &#8211; Cyntia Esposti Veloso Machado &#8211; Dalila Luzia de Oliveira Soares &#8211; Julia Cristina Fernandes &#8211; Pedro Saturno Braga &#8211; Thiago Queiroz Jardim Rodrigues A DATA PARA EFETIVA\u00c7\u00c3O DA PRIMEIRA MATR\u00cdCULA REGULAR SER\u00c1 INFORMADA POSTERIORMENTE<\/p>\n","protected":false},"author":375,"featured_media":0,"parent":0,"menu_order":0,"comment_status":"closed","ping_status":"closed","template":"","meta":{"_monsterinsights_skip_tracking":false,"_monsterinsights_sitenote_active":false,"_monsterinsights_sitenote_note":"","_monsterinsights_sitenote_category":0,"footnotes":"","_links_to":"","_links_to_target":""},"class_list":["post-2671","page","type-page","status-publish","hentry"],"_links":{"self":[{"href":"https:\/\/sites.usp.br\/ppgbi\/wp-json\/wp\/v2\/pages\/2671","targetHints":{"allow":["GET"]}}],"collection":[{"href":"https:\/\/sites.usp.br\/ppgbi\/wp-json\/wp\/v2\/pages"}],"about":[{"href":"https:\/\/sites.usp.br\/ppgbi\/wp-json\/wp\/v2\/types\/page"}],"author":[{"embeddable":true,"href":"https:\/\/sites.usp.br\/ppgbi\/wp-json\/wp\/v2\/users\/375"}],"replies":[{"embeddable":true,"href":"https:\/\/sites.usp.br\/ppgbi\/wp-json\/wp\/v2\/comments?post=2671"}],"version-history":[{"count":4,"href":"https:\/\/sites.usp.br\/ppgbi\/wp-json\/wp\/v2\/pages\/2671\/revisions"}],"predecessor-version":[{"id":4324,"href":"https:\/\/sites.usp.br\/ppgbi\/wp-json\/wp\/v2\/pages\/2671\/revisions\/4324"}],"wp:attachment":[{"href":"https:\/\/sites.usp.br\/ppgbi\/wp-json\/wp\/v2\/media?parent=2671"}],"curies":[{"name":"wp","href":"https:\/\/api.w.org\/{rel}","templated":true}]}}