{"id":2678,"date":"2017-07-14T14:57:00","date_gmt":"2017-07-14T17:57:00","guid":{"rendered":"http:\/\/sites.usp.br\/ppgbi\/?page_id=2678"},"modified":"2025-01-06T15:51:04","modified_gmt":"2025-01-06T18:51:04","slug":"formularios-1","status":"publish","type":"page","link":"https:\/\/sites.usp.br\/ppgbi\/formularios-1\/","title":{"rendered":"Formul\u00e1rios"},"content":{"rendered":"<p><strong><span style=\"color: #ff6600;\">Formul\u00e1rios \u00fateis aos alunos do PPGBI\/EEL-USP<\/span><\/strong><\/p>\n<p>&nbsp;<\/p>\n<ul>\n<li><a href=\"https:\/\/sites.usp.br\/ppgbi\/wp-content\/uploads\/sites\/212\/2024\/10\/PEDIDO-DE-DEFESA-OU-QUALIFICACAO-TOTALMENTE-ONLINE.docx\" target=\"_blank\" rel=\"noopener\">Pedido de Defesa \/ Qualifica\u00e7\u00e3o TOTALMENTE ONLINE<\/a><\/li>\n<li><a href=\"https:\/\/sites.usp.br\/ppgbi\/wp-content\/uploads\/sites\/212\/2024\/10\/req_nao-publicacao_-acervo-reservado.docx\" target=\"_blank\" rel=\"noopener\">Requerimento para ACERVO RESERVADO (o trabalho ficar\u00e1 protegido pelo per\u00edodo de 2 anos)<\/a><\/li>\n<li><a href=\"https:\/\/sites.usp.br\/ppgbi\/wp-content\/uploads\/sites\/212\/2024\/10\/Solicitacao-para-realizacao-de-sessao-fechada-de-defesa.doc\" target=\"_blank\" rel=\"noopener\">Solicita\u00e7\u00e3o para Defesa em SESS\u00c3O FECHADA (S\u00f3 participar\u00e1 da defesa: aluno, orientador e membros titulares da banca)<\/a><\/li>\n<li><a href=\"https:\/\/sites.usp.br\/ppgbi\/wp-content\/uploads\/sites\/212\/2024\/10\/termo-de-confidencialidade-sessao-fechada.doc\" target=\"_blank\" rel=\"noopener\">Termo de Confidencialidade (todos os membros titulares da banca dever\u00e3o preencher)<\/a><\/li>\n<\/ul>\n<p>&nbsp;<\/p>\n<ul>\n<li><a href=\"http:\/\/sites.usp.br\/ppgbi\/wp-content\/uploads\/sites\/212\/2016\/08\/https___webmail.eel_.usp_.pdf\">ROTEIRO PARA REQUISI\u00c7\u00c3O DE AUX\u00cdLIO<\/a><\/li>\n<li><a href=\"https:\/\/sites.usp.br\/ppgbi\/wp-content\/uploads\/sites\/212\/2025\/01\/Anexo-I-Formulario-de-solicitacao-de-verba-ANEXO-I.docx\" target=\"_blank\" rel=\"noopener\">FORMULARIO DE SOLICITA\u00c7\u00c3O DE VERBA (ANEXO I)<\/a><\/li>\n<li><a href=\"https:\/\/sites.usp.br\/ppgbi\/wp-content\/uploads\/sites\/212\/2024\/09\/Anexo-II-TERMO-DE-RESPONSABILIDADE-auxilio-financeiro-a-estudante-ANEXO-II.doc\" target=\"_blank\" rel=\"noopener\">TERMO DE RESPONSABILIDADE (Aux\u00edlio Financeiro a Estudante )\u00a0(ANEXO II)<\/a><\/li>\n<li><a href=\"https:\/\/sites.usp.br\/ppgbi\/wp-content\/uploads\/sites\/212\/2024\/09\/Anexo-III-Recibo-custeio-de-despesas-com-hospedagem-alimentacao-e-locomocao-ANEXO-III.docx\" target=\"_blank\" rel=\"noopener\">RECIBO (Custeio de\u00a0despesas com hospedagem, alimenta\u00e7\u00e3o e locomo\u00e7\u00e3o urbana)\u00a0(ANEXO III)<\/a><\/li>\n<li><a href=\"https:\/\/sites.usp.br\/ppgbi\/wp-content\/uploads\/sites\/212\/2024\/09\/Anexo-IV-Encaminhamento-de-prestacao-de-contas-ANEXO-IV.doc\" target=\"_blank\" rel=\"noopener\">ENCAMINHAMENTO DA PRESTA\u00c7\u00c3O DE CONTAS\u00a0(ANEXO IV)<\/a><\/li>\n<li><a href=\"https:\/\/sites.usp.br\/ppgbi\/wp-content\/uploads\/sites\/212\/2024\/09\/Anexo-V-Prestacao-de-contas-relatorio-de-viagem-ANEXO-V.doc\" target=\"_blank\" rel=\"noopener\">PRESTA\u00c7\u00c3O DE CONTAS \/ RELAT\u00d3RIO DE VIAGEM\u00a0(ANEXO V)<\/a><\/li>\n<\/ul>\n<p>&nbsp;<\/p>\n<ul>\n<li><a href=\"http:\/\/sites.usp.br\/ppgbi\/wp-content\/uploads\/sites\/212\/2016\/08\/Formul\u00e1rio-para-emitir-parecer-de-plano-de-estudos.docx\">Formul\u00e1rio para emitir parecer em Planos de Estudo &#8211; PPGBI<\/a><\/li>\n<li><a href=\"\/\/sites.usp.br\/ppgbi\/wp-content\/uploads\/sites\/212\/2016\/08\/cadastro-membro-externo.doc\" target=\"_blank\" rel=\"noopener noreferrer\">Cadastramento &#8211; Membros Externos \u00e0 USP<\/a><\/li>\n<li><a href=\"\/\/sites.usp.br\/ppgbi\/wp-content\/uploads\/sites\/212\/2016\/08\/delib-007.pdf\" target=\"_blank\" rel=\"noopener noreferrer\">Delibera\u00e7\u00e3o 007\/2015 \/CPG &#8211; Designar os membros titulares e suplentes que dever\u00e3o constituir a Comiss\u00e3o Julgadora das bancas de defesas de disserta\u00e7\u00f5es e de teses<\/a><\/li>\n<li><a href=\"\/\/sites.usp.br\/ppgbi\/wp-content\/uploads\/sites\/212\/2016\/08\/delibe-009.pdf\" target=\"_blank\" rel=\"noopener noreferrer\">Delibera\u00e7\u00e3o 009\/2015\/CPG &#8211; Procedimentos para Aprova\u00e7\u00e3o do Requerimento de Defesa e Comiss\u00e3o Julgadora das Bancas de Teses e Disserta\u00e7\u00f5es<\/a><\/li>\n<li><a href=\"\/\/sites.usp.br\/ppgbi\/wp-content\/uploads\/sites\/212\/2016\/08\/inscricao-ingles.pdf\" target=\"_blank\" rel=\"noopener noreferrer\">Ficha de Inscri\u00e7\u00e3o &#8211; Exame de Profici\u00eancia em Ingl\u00eas<\/a><\/li>\n<li><a href=\"\/\/sites.usp.br\/ppgbi\/wp-content\/uploads\/sites\/212\/2016\/08\/inscricao-portugues.pdf\" target=\"_blank\" rel=\"noopener noreferrer\">Ficha de Inscri\u00e7\u00e3o &#8211; Exame de Profici\u00eancia em L\u00edngua Portuguesa<\/a><\/li>\n<li><a href=\"\/\/sites.usp.br\/ppgbi\/wp-content\/uploads\/sites\/212\/2016\/08\/convalidacao-creditos.doc\" target=\"_blank\" rel=\"noopener noreferrer\">Modelo &#8211; Carta de Convalida\u00e7\u00e3o de Disciplinas<\/a><\/li>\n<li><a href=\"\/\/sites.usp.br\/ppgbi\/wp-content\/uploads\/sites\/212\/2016\/08\/ausencia-_afastamento.doc\" target=\"_blank\" rel=\"noopener noreferrer\">Solicita\u00e7\u00e3o de Aus\u00eancia \/ Afastamentos da sede do PPG-BI<\/a><\/li>\n<li><a href=\"http:\/\/sites.usp.br\/ppgbi\/wp-content\/uploads\/sites\/212\/2016\/08\/calendario_cpg_2018.pdf\">CALEND\u00c1RIO DE ATIVIDADES 2018 (1\u00ba SEMESTRE) &#8211; P\u00d3S-GRADUA\u00c7\u00c3O (EEL\/USP)<\/a><\/li>\n<\/ul>\n<p>&nbsp;<\/p>\n<p><span style=\"color: #ff6600;\"><strong>Informativos (para docentes)<\/strong><\/span><\/p>\n<ul>\n<li><a href=\"\/\/sites.usp.br\/ppgbi\/wp-content\/uploads\/sites\/212\/2016\/08\/RECREDENCIAMENTO-MODELO.doc\" target=\"_blank\" rel=\"noopener noreferrer\">Formul\u00e1rio de credenciamento \/ recredenciamento\u00a0de disciplina<\/a><\/li>\n<li><a href=\"\/\/sites.usp.br\/ppgbi\/wp-content\/uploads\/sites\/212\/2016\/08\/Apresenta\u00e7\u00e3o-plano-de-metas-e-situa\u00e7\u00e3o-ppgbi-2015.pdf\" target=\"_blank\" rel=\"noopener noreferrer\">Apresenta\u00e7\u00e3o plano de metas e situa\u00e7\u00e3o ppgbi 2015<\/a><\/li>\n<li><a href=\"\/\/sites.usp.br\/ppgbi\/wp-content\/uploads\/sites\/212\/2016\/08\/Qualis-Biotecnologia-2015.xlsx\" target=\"_blank\" rel=\"noopener noreferrer\">Qualis Biotecnologia 2015<\/a><\/li>\n<li><a href=\"\/\/sites.usp.br\/ppgbi\/wp-content\/uploads\/sites\/212\/2016\/08\/BIOT_docarea_2016.pdf\" target=\"_blank\" rel=\"noopener noreferrer\">Crit\u00e9rios de avalia\u00e7\u00e3o dos PPGs \u00a0(Comit\u00ea da \u00e1rea de Biotecnologia da CAPES)<\/a><\/li>\n<\/ul>\n<p><\/p>","protected":false},"excerpt":{"rendered":"<p>Formul\u00e1rios \u00fateis aos alunos do PPGBI\/EEL-USP &nbsp; Pedido de Defesa \/ Qualifica\u00e7\u00e3o TOTALMENTE ONLINE Requerimento para ACERVO RESERVADO (o trabalho ficar\u00e1 protegido pelo per\u00edodo de 2 anos) Solicita\u00e7\u00e3o para Defesa em SESS\u00c3O FECHADA (S\u00f3 participar\u00e1 da defesa: aluno, orientador e membros titulares da banca) Termo de Confidencialidade (todos os membros titulares da banca dever\u00e3o preencher) &nbsp; ROTEIRO PARA REQUISI\u00c7\u00c3O DE AUX\u00cdLIO FORMULARIO DE SOLICITA\u00c7\u00c3O DE VERBA (ANEXO I) TERMO DE RESPONSABILIDADE (Aux\u00edlio Financeiro a Estudante )\u00a0(ANEXO II) RECIBO (Custeio de\u00a0despesas com hospedagem, alimenta\u00e7\u00e3o e locomo\u00e7\u00e3o urbana)\u00a0(ANEXO III) ENCAMINHAMENTO DA PRESTA\u00c7\u00c3O DE CONTAS\u00a0(ANEXO IV) PRESTA\u00c7\u00c3O DE CONTAS \/ RELAT\u00d3RIO DE VIAGEM\u00a0(ANEXO V) &nbsp; Formul\u00e1rio para emitir parecer em Planos de Estudo &#8211; PPGBI Cadastramento &#8211; Membros Externos \u00e0 USP Delibera\u00e7\u00e3o 007\/2015 \/CPG &#8211; Designar os membros titulares e suplentes que dever\u00e3o constituir a Comiss\u00e3o Julgadora das bancas de defesas de disserta\u00e7\u00f5es e de teses Delibera\u00e7\u00e3o 009\/2015\/CPG &#8211; Procedimentos para Aprova\u00e7\u00e3o do Requerimento de Defesa e Comiss\u00e3o Julgadora das Bancas de Teses e Disserta\u00e7\u00f5es Ficha de Inscri\u00e7\u00e3o &#8211; Exame de Profici\u00eancia em Ingl\u00eas Ficha de Inscri\u00e7\u00e3o &#8211; Exame de Profici\u00eancia em L\u00edngua Portuguesa Modelo &#8211; Carta de Convalida\u00e7\u00e3o de Disciplinas Solicita\u00e7\u00e3o de Aus\u00eancia \/ Afastamentos da sede do PPG-BI CALEND\u00c1RIO DE ATIVIDADES [&#8230;]<\/p>\n","protected":false},"author":375,"featured_media":0,"parent":0,"menu_order":0,"comment_status":"closed","ping_status":"closed","template":"","meta":{"_monsterinsights_skip_tracking":false,"_monsterinsights_sitenote_active":false,"_monsterinsights_sitenote_note":"","_monsterinsights_sitenote_category":0,"footnotes":"","_links_to":"","_links_to_target":""},"class_list":["post-2678","page","type-page","status-publish","hentry"],"_links":{"self":[{"href":"https:\/\/sites.usp.br\/ppgbi\/wp-json\/wp\/v2\/pages\/2678","targetHints":{"allow":["GET"]}}],"collection":[{"href":"https:\/\/sites.usp.br\/ppgbi\/wp-json\/wp\/v2\/pages"}],"about":[{"href":"https:\/\/sites.usp.br\/ppgbi\/wp-json\/wp\/v2\/types\/page"}],"author":[{"embeddable":true,"href":"https:\/\/sites.usp.br\/ppgbi\/wp-json\/wp\/v2\/users\/375"}],"replies":[{"embeddable":true,"href":"https:\/\/sites.usp.br\/ppgbi\/wp-json\/wp\/v2\/comments?post=2678"}],"version-history":[{"count":4,"href":"https:\/\/sites.usp.br\/ppgbi\/wp-json\/wp\/v2\/pages\/2678\/revisions"}],"predecessor-version":[{"id":4492,"href":"https:\/\/sites.usp.br\/ppgbi\/wp-json\/wp\/v2\/pages\/2678\/revisions\/4492"}],"wp:attachment":[{"href":"https:\/\/sites.usp.br\/ppgbi\/wp-json\/wp\/v2\/media?parent=2678"}],"curies":[{"name":"wp","href":"https:\/\/api.w.org\/{rel}","templated":true}]}}