{"id":3080,"date":"2018-09-10T16:24:12","date_gmt":"2018-09-10T19:24:12","guid":{"rendered":"http:\/\/sites.usp.br\/ppgbi\/?page_id=3080"},"modified":"2024-07-19T17:10:43","modified_gmt":"2024-07-19T20:10:43","slug":"bolsas-de-estudo","status":"publish","type":"page","link":"https:\/\/sites.usp.br\/ppgbi\/bolsas-de-estudo\/","title":{"rendered":"Bolsas de Estudo"},"content":{"rendered":"<p><\/p>\n<div id=\"mainscreen\">\n<div id=\"mainscreencontent\">\n<div id=\"mailview-right\" class=\"uibox\" role=\"main\">\n<div id=\"messagecontent\">\n<div class=\"leftcol\" role=\"region\" aria-labelledby=\"aria-label-messagebody\">\n<div id=\"messagebody\">\n<div id=\"message-htmlpart1\" class=\"message-htmlpart\">\n<div class=\"rcmBody\">\n<p style=\"text-align: justify;\">As bolsas de estudo dispon\u00edveis no PPGBI s\u00e3o oriundas de programas especiais da CAPES e CNPq. O PPGBI incentiva alunos e docentes que busquem bolsas de estudo em outras ag\u00eancias de fomento a fim de aumentar a possibilidade de ingressantes com bolsa no Programa.<\/p>\n<\/div>\n<\/div>\n<\/div>\n<\/div>\n<\/div>\n<\/div>\n<\/div>\n<\/div>\n<p style=\"text-align: justify;\">As bolsas dispon\u00edveis s\u00e3o atribu\u00eddas na forma de cotas disponibilizadas diretamente aos respectivos orientadores do Programa. A distribui\u00e7\u00e3o das cotas de bolsa segue crit\u00e9rios de m\u00e9rito acad\u00eamico ligados \u00e0 indicadores de produ\u00e7\u00e3o cient\u00edfica definidos pelo comit\u00ea de avalia\u00e7\u00e3o dos Programas de Biotecnologia da CAPES.<\/p>\n<p style=\"text-align: justify;\"><a href=\"https:\/\/sites.usp.br\/ppgbi\/wp-content\/uploads\/sites\/212\/2024\/07\/TABELA-DE-PRIORIDADE-DAS-COTAS-DE-BOLSAS-DO-PPGBI-19-07-24.pdf\" target=\"_blank\" rel=\"noopener\"><span style=\"color: #800000;\"><strong>LISTA DE DOCENTES COM COTAS DE BOLSAS DISPON\u00cdVEIS<\/strong><\/span><\/a><\/p>\n<p style=\"text-align: justify;\"><a href=\"https:\/\/sites.usp.br\/ppgbi\/wp-content\/uploads\/sites\/212\/2024\/07\/TABELA-DE-PRIORIDADE-DAS-COTAS-DE-BOLSAS-DO-PPGBI-19-07-24.pdf\" target=\"_blank\" rel=\"noopener\"><span style=\"color: #800000;\"><strong> (ATUALIZADO EM 19-07-24)<\/strong><\/span><\/a><\/p>\n<p style=\"text-align: justify;\">Havendo um n\u00famero de matriculados maior do que o n\u00famero de bolsas dispon\u00edveis, a ordem de prioridade de implementa\u00e7\u00e3o das bolsas dever\u00e1 ser respeitada.<\/p>\n<p style=\"text-align: justify;\">A expectativa do PPGBI \u00e9 que a lista indicando as cotas de bolsas dispon\u00edveis auxilie os ingressantes que demandam bolsa a buscar seus respectivos orientadores.<\/p>\n<p style=\"text-align: justify;\">Matr\u00edculas sem a anu\u00eancia de um orientador podem ser efetivadas na modalidade \u201corienta\u00e7\u00e3o acad\u00eamica\u201d. No entanto, a implementa\u00e7\u00e3o de bolsas depende, obrigatoriamente, da anu\u00eancia de um orientador credenciado no PPGBI e com cota de bolsa dispon\u00edvel.<\/p>\n<p style=\"text-align: justify;\">A implementa\u00e7\u00e3o da bolsa estar\u00e1 vinculada a aceita\u00e7\u00e3o do termo de compromisso da CAPES ou CNPq, al\u00e9m do termo de compromisso do pr\u00f3prio PPGBI que \u00e9 o respons\u00e1vel executivo da implementa\u00e7\u00e3o das bolsas. <a href=\"http:\/\/sites.usp.br\/ppgbi\/wp-content\/uploads\/sites\/212\/2016\/08\/Termos-de-Compromisso_CAPES_DS-e-PPGBI.pdf\" target=\"_blank\" rel=\"noopener noreferrer\">Os modelos dos termos de aceita\u00e7\u00e3o de bolsa podem ser acessados aqui.<\/a><\/p>\n<p>&nbsp;<\/p>\n<ul>\n<li><a href=\"https:\/\/sites.usp.br\/ppgbi\/wp-content\/uploads\/sites\/212\/2024\/01\/Deliberacao_064_2023.pdf\" target=\"_blank\" rel=\"noopener\">Delibera\u00e7\u00e3o 064\/2023-CPG<\/a><\/li>\n<\/ul>\n<p>&nbsp;<\/p>\n<ul>\n<li><a href=\"https:\/\/sites.usp.br\/ppgbi\/criterios-do-ppgbi-referente-ao-acumulo-de-bolsas-concedidas-pela-capes-no-pais\/\" target=\"_blank\" rel=\"noopener\">Crit\u00e9rios do Programa de P\u00f3s-Gradua\u00e7\u00e3o em Biotecnologia Industrial referente a Portaria CAPES no. 133, de 10 de julho de 2023, que regulamenta o ac\u00famulo de bolsas concedidas pela CAPES no Pa\u00eds com atividade remunerada ou outros rendimentos.<\/a><\/li>\n<\/ul>\n<p>&nbsp;<\/p>\n<ul>\n<li><a href=\"https:\/\/sites.usp.br\/ppgbi\/wp-content\/uploads\/sites\/212\/2020\/02\/NORMAS-PARA-IMPLEMENTA\u00c7\u00c3O-DE-BOLSAS-CAPES-E-CNPQ-NO-PPGBI.pdf\" target=\"_blank\" rel=\"noopener noreferrer\">NORMAS PARA IMPLEMENTA\u00c7\u00c3O DE BOLSAS CAPES E CNPQ NO PPGBI<\/a><\/li>\n<\/ul>\n<p><\/p>","protected":false},"excerpt":{"rendered":"<p>As bolsas de estudo dispon\u00edveis no PPGBI s\u00e3o oriundas de programas especiais da CAPES e CNPq. O PPGBI incentiva alunos e docentes que busquem bolsas de estudo em outras ag\u00eancias de fomento a fim de aumentar a possibilidade de ingressantes com bolsa no Programa. As bolsas dispon\u00edveis s\u00e3o atribu\u00eddas na forma de cotas disponibilizadas diretamente aos respectivos orientadores do Programa. A distribui\u00e7\u00e3o das cotas de bolsa segue crit\u00e9rios de m\u00e9rito acad\u00eamico ligados \u00e0 indicadores de produ\u00e7\u00e3o cient\u00edfica definidos pelo comit\u00ea de avalia\u00e7\u00e3o dos Programas de Biotecnologia da CAPES. LISTA DE DOCENTES COM COTAS DE BOLSAS DISPON\u00cdVEIS (ATUALIZADO EM 19-07-24) Havendo um n\u00famero de matriculados maior do que o n\u00famero de bolsas dispon\u00edveis, a ordem de prioridade de implementa\u00e7\u00e3o das bolsas dever\u00e1 ser respeitada. A expectativa do PPGBI \u00e9 que a lista indicando as cotas de bolsas dispon\u00edveis auxilie os ingressantes que demandam bolsa a buscar seus respectivos orientadores. Matr\u00edculas sem a anu\u00eancia de um orientador podem ser efetivadas na modalidade \u201corienta\u00e7\u00e3o acad\u00eamica\u201d. No entanto, a implementa\u00e7\u00e3o de bolsas depende, obrigatoriamente, da anu\u00eancia de um orientador credenciado no PPGBI e com cota de bolsa dispon\u00edvel. A implementa\u00e7\u00e3o da bolsa estar\u00e1 vinculada a aceita\u00e7\u00e3o do termo de compromisso da CAPES ou CNPq, [&#8230;]<\/p>\n","protected":false},"author":375,"featured_media":0,"parent":0,"menu_order":0,"comment_status":"closed","ping_status":"closed","template":"","meta":{"_monsterinsights_skip_tracking":false,"_monsterinsights_sitenote_active":false,"_monsterinsights_sitenote_note":"","_monsterinsights_sitenote_category":0,"footnotes":"","_links_to":"","_links_to_target":""},"class_list":["post-3080","page","type-page","status-publish","hentry"],"_links":{"self":[{"href":"https:\/\/sites.usp.br\/ppgbi\/wp-json\/wp\/v2\/pages\/3080","targetHints":{"allow":["GET"]}}],"collection":[{"href":"https:\/\/sites.usp.br\/ppgbi\/wp-json\/wp\/v2\/pages"}],"about":[{"href":"https:\/\/sites.usp.br\/ppgbi\/wp-json\/wp\/v2\/types\/page"}],"author":[{"embeddable":true,"href":"https:\/\/sites.usp.br\/ppgbi\/wp-json\/wp\/v2\/users\/375"}],"replies":[{"embeddable":true,"href":"https:\/\/sites.usp.br\/ppgbi\/wp-json\/wp\/v2\/comments?post=3080"}],"version-history":[{"count":4,"href":"https:\/\/sites.usp.br\/ppgbi\/wp-json\/wp\/v2\/pages\/3080\/revisions"}],"predecessor-version":[{"id":4454,"href":"https:\/\/sites.usp.br\/ppgbi\/wp-json\/wp\/v2\/pages\/3080\/revisions\/4454"}],"wp:attachment":[{"href":"https:\/\/sites.usp.br\/ppgbi\/wp-json\/wp\/v2\/media?parent=3080"}],"curies":[{"name":"wp","href":"https:\/\/api.w.org\/{rel}","templated":true}]}}