{"id":3888,"date":"2020-04-02T12:54:28","date_gmt":"2020-04-02T15:54:28","guid":{"rendered":"http:\/\/sites.usp.br\/ppgbi\/?page_id=3888"},"modified":"2024-09-13T15:38:26","modified_gmt":"2024-09-13T18:38:26","slug":"relatorio-de-atividades","status":"publish","type":"page","link":"https:\/\/sites.usp.br\/ppgbi\/relatorio-de-atividades\/","title":{"rendered":"Relat\u00f3rio de Atividades"},"content":{"rendered":"<p><\/p>\n<p style=\"text-align: justify;\">Em virtude da aprova\u00e7\u00e3o do <strong>novo Regulamento do Programa de P\u00f3s-Gradua\u00e7\u00e3o em Biotecnologia Industrial<\/strong> (Resolu\u00e7\u00e3o CoPGr 7838, de 03\/10\/2019), todos os alunos matriculados no PPGBI, que optaram por este Regulamento ou que realizaram matr\u00edcula a partir do ano de 2020, dever\u00e3o entregar um Relat\u00f3rio de Atividades.<\/p>\n<p style=\"text-align: justify;\"><strong><span style=\"color: #000080;\">ATEN\u00c7\u00c3O: A entrega do relat\u00f3rio faz parte das exig\u00eancias dos cursos e consta no regulamento do PPGBI, sob pena de desligamento do programa.<\/span><\/strong><\/p>\n<div style=\"text-align: justify;\"><span style=\"color: #000080;\"><i>Item IX.4 &#8211; Al\u00e9m das regras estabelecidas no Regimento de P\u00f3s-Gradua\u00e7\u00e3o da USP, o estudante poder\u00e1 ser desligado do programa de p\u00f3s-gradua\u00e7\u00e3o, em qualquer um dos cursos (Mestrado, Doutorado e Doutorado Direto), se ocorrer uma das seguintes situa\u00e7\u00f5es:\u00a0<\/i><\/span><\/div>\n<div style=\"text-align: justify;\"><span style=\"color: #000080;\"><i>a) reprova\u00e7\u00e3o do relat\u00f3rio semestral de atividades por duas vezes consecutivas;\u00a0<\/i><\/span><\/div>\n<div style=\"text-align: justify;\"><span style=\"color: #000080;\"><i>b) n\u00e3o houver a entrega do relat\u00f3rio semestral na data limite prevista no calend\u00e1rio anual, divulgado pela secretaria de p\u00f3s-gradua\u00e7\u00e3o e na p\u00e1gina do programa na internet.\u00a0\u00a0\u00a0<\/i><\/span><\/div>\n<div>\n<hr \/>\n<p>O relat\u00f3rio deve ser preenchido pelos alunos dos cursos de Mestrado, Doutorado e Doutorado Direto. Ap\u00f3s avalia\u00e7\u00e3o do orientador, este deve ser entregue impresso na Secretaria do Programa de P\u00f3s-Gradua\u00e7\u00e3o em Biotecnologia Industrial \u2013 PPGBI (neste momento de pandemia, dever\u00e1 ser enviado ao e-mail: ppgbi@eel.usp.br), conforme cronograma:<\/p>\n<\/div>\n<p style=\"text-align: justify;\"><strong>LISTA DOS ALUNOS QUE DEVER\u00c3O ENTREGAR O RELAT\u00d3RIO SEMESTRAL:<\/strong><\/p>\n<ul style=\"text-align: justify;\">\n<li><a href=\"https:\/\/sites.usp.br\/ppgbi\/wp-content\/uploads\/sites\/212\/2024\/09\/Data-de-Entrega-dos-Relatorios-Semestrais-atualizado-em-13-09-2024-MESTRADO.png\" target=\"_blank\" rel=\"noopener\">MESTRADO<\/a><\/li>\n<li>DOUTORADO \/ DOUTORADO DIRETO<\/li>\n<\/ul>\n<p style=\"text-align: justify;\"><strong>(*)<\/strong> Para matr\u00edculas realizadas a partir de 2020, os prazos de entrega dos relat\u00f3rios ser\u00e3o sempre semestrais a contar da data da matr\u00edcula.<\/p>\n<p style=\"text-align: justify;\"><strong>Para baixar o formul\u00e1rio para o Relat\u00f3rio de Atividades: <a href=\"https:\/\/sites.usp.br\/ppgbi\/wp-content\/uploads\/sites\/212\/2020\/04\/Relat\u00f3rio-de-Atividades_Regulamento-PPGBI_Final.doc\" target=\"_blank\" rel=\"noopener noreferrer\">Clique Aqui<\/a><\/strong><\/p>\n<p><\/p>","protected":false},"excerpt":{"rendered":"<p>Em virtude da aprova\u00e7\u00e3o do novo Regulamento do Programa de P\u00f3s-Gradua\u00e7\u00e3o em Biotecnologia Industrial (Resolu\u00e7\u00e3o CoPGr 7838, de 03\/10\/2019), todos os alunos matriculados no PPGBI, que optaram por este Regulamento ou que realizaram matr\u00edcula a partir do ano de 2020, dever\u00e3o entregar um Relat\u00f3rio de Atividades. ATEN\u00c7\u00c3O: A entrega do relat\u00f3rio faz parte das exig\u00eancias dos cursos e consta no regulamento do PPGBI, sob pena de desligamento do programa. Item IX.4 &#8211; Al\u00e9m das regras estabelecidas no Regimento de P\u00f3s-Gradua\u00e7\u00e3o da USP, o estudante poder\u00e1 ser desligado do programa de p\u00f3s-gradua\u00e7\u00e3o, em qualquer um dos cursos (Mestrado, Doutorado e Doutorado Direto), se ocorrer uma das seguintes situa\u00e7\u00f5es:\u00a0 a) reprova\u00e7\u00e3o do relat\u00f3rio semestral de atividades por duas vezes consecutivas;\u00a0 b) n\u00e3o houver a entrega do relat\u00f3rio semestral na data limite prevista no calend\u00e1rio anual, divulgado pela secretaria de p\u00f3s-gradua\u00e7\u00e3o e na p\u00e1gina do programa na internet.\u00a0\u00a0\u00a0 O relat\u00f3rio deve ser preenchido pelos alunos dos cursos de Mestrado, Doutorado e Doutorado Direto. Ap\u00f3s avalia\u00e7\u00e3o do orientador, este deve ser entregue impresso na Secretaria do Programa de P\u00f3s-Gradua\u00e7\u00e3o em Biotecnologia Industrial \u2013 PPGBI (neste momento de pandemia, dever\u00e1 ser enviado ao e-mail: ppgbi@eel.usp.br), conforme cronograma: LISTA DOS ALUNOS QUE DEVER\u00c3O ENTREGAR O RELAT\u00d3RIO [&#8230;]<\/p>\n","protected":false},"author":375,"featured_media":0,"parent":0,"menu_order":0,"comment_status":"closed","ping_status":"closed","template":"","meta":{"_monsterinsights_skip_tracking":false,"_monsterinsights_sitenote_active":false,"_monsterinsights_sitenote_note":"","_monsterinsights_sitenote_category":0,"footnotes":"","_links_to":"","_links_to_target":""},"class_list":["post-3888","page","type-page","status-publish","hentry"],"_links":{"self":[{"href":"https:\/\/sites.usp.br\/ppgbi\/wp-json\/wp\/v2\/pages\/3888","targetHints":{"allow":["GET"]}}],"collection":[{"href":"https:\/\/sites.usp.br\/ppgbi\/wp-json\/wp\/v2\/pages"}],"about":[{"href":"https:\/\/sites.usp.br\/ppgbi\/wp-json\/wp\/v2\/types\/page"}],"author":[{"embeddable":true,"href":"https:\/\/sites.usp.br\/ppgbi\/wp-json\/wp\/v2\/users\/375"}],"replies":[{"embeddable":true,"href":"https:\/\/sites.usp.br\/ppgbi\/wp-json\/wp\/v2\/comments?post=3888"}],"version-history":[{"count":4,"href":"https:\/\/sites.usp.br\/ppgbi\/wp-json\/wp\/v2\/pages\/3888\/revisions"}],"predecessor-version":[{"id":4479,"href":"https:\/\/sites.usp.br\/ppgbi\/wp-json\/wp\/v2\/pages\/3888\/revisions\/4479"}],"wp:attachment":[{"href":"https:\/\/sites.usp.br\/ppgbi\/wp-json\/wp\/v2\/media?parent=3888"}],"curies":[{"name":"wp","href":"https:\/\/api.w.org\/{rel}","templated":true}]}}