{"id":1045,"date":"2025-03-07T11:43:17","date_gmt":"2025-03-07T13:43:17","guid":{"rendered":"https:\/\/sites.usp.br\/ppgcaf\/?page_id=1045"},"modified":"2025-03-09T20:59:05","modified_gmt":"2025-03-09T22:59:05","slug":"home","status":"publish","type":"page","link":"https:\/\/sites.usp.br\/ppgcaf\/","title":{"rendered":"home"},"content":{"rendered":"<p>&nbsp;<\/p>\n<p>&nbsp;<\/p>\n<p><a href=\"https:\/\/sites.usp.br\/ppgcaf\/wp-content\/uploads\/sites\/789\/2025\/03\/1-images.jpg\"><img loading=\"lazy\" decoding=\"async\" class=\" wp-image-1158 alignleft\" src=\"https:\/\/sites.usp.br\/ppgcaf\/wp-content\/uploads\/sites\/789\/2025\/03\/1-images.jpg\" alt=\"\" width=\"324\" height=\"215\" \/><\/a>O <span style=\"font-size: 14pt;\"><strong>Programa de P\u00f3s-Gradua\u00e7\u00e3o em Ci\u00eancias da Atividade F\u00edsica (PPG-CAF)<\/strong><\/span>, criado em 2014 e sediado na EACH-USP, tem a miss\u00e3o de contribuir para o desenvolvimento das Ci\u00eancias da Atividade F\u00edsica por meio da excel\u00eancia na pesquisa cient\u00edfica e forma\u00e7\u00e3o de recursos humanos.<\/p>\n<p>O PPG-CAF conta com corpo docente altamente qualificado e diversificado, com reconhecimento nacional e internacional em suas respectivas \u00e1reas de pesquisa. Dos 15 Docentes Permanentes, 6 s\u00e3o Bolsistas de Produtividade do CNPq e todos apresentam forte atua\u00e7\u00e3o em redes de pesquisa nacionais e internacionais.<\/p>\n<p><a href=\"https:\/\/sites.usp.br\/ppgcaf\/wp-content\/uploads\/sites\/789\/2025\/03\/2-image.jpg\"><img loading=\"lazy\" decoding=\"async\" class=\" wp-image-1159 alignright\" src=\"https:\/\/sites.usp.br\/ppgcaf\/wp-content\/uploads\/sites\/789\/2025\/03\/2-image-300x200.jpg\" alt=\"\" width=\"308\" height=\"205\" srcset=\"https:\/\/sites.usp.br\/ppgcaf\/wp-content\/uploads\/sites\/789\/2025\/03\/2-image-300x200.jpg 300w, https:\/\/sites.usp.br\/ppgcaf\/wp-content\/uploads\/sites\/789\/2025\/03\/2-image-1024x682.jpg 1024w, https:\/\/sites.usp.br\/ppgcaf\/wp-content\/uploads\/sites\/789\/2025\/03\/2-image-768x512.jpg 768w, https:\/\/sites.usp.br\/ppgcaf\/wp-content\/uploads\/sites\/789\/2025\/03\/2-image-1536x1024.jpg 1536w, https:\/\/sites.usp.br\/ppgcaf\/wp-content\/uploads\/sites\/789\/2025\/03\/2-image-400x267.jpg 400w, https:\/\/sites.usp.br\/ppgcaf\/wp-content\/uploads\/sites\/789\/2025\/03\/2-image.jpg 1772w\" sizes=\"auto, (max-width: 308px) 100vw, 308px\" \/><\/a><\/p>\n<p>Todos os orientadores atuam fortemente em redes de colabora\u00e7\u00e3o dentro e fora da universidade, de maneira interdisciplinar, fortalecendo a\u00a0pesquisa e ampliando o impacto na comunidade cient\u00edfica, tanto em \u00e2mbito nacional quanto internacional. O PPG-CAF conta com infraestrutura de excel\u00eancia, incluindo equipamentos de laborat\u00f3rio com tecnologia de ponta e acesso a recursos bibliogr\u00e1ficos e digitais.<\/p>\n<p><a href=\"https:\/\/sites.usp.br\/ppgcaf\/processo-seletivo\/\">-&gt; Como ingressar no PPG-CAF?<\/a><\/p>\n<p>&nbsp;<\/p>\n<h3><strong>AREA DE CONCENTRA\u00c7\u00c3O<\/strong>:<\/h3>\n<ul>\n<li>Atividade F\u00edsica e Sa\u00fade<\/li>\n<\/ul>\n<h3><\/h3>\n<h3><strong>LINHAS DE PESQUISA<\/strong>:<\/h3>\n<ol>\n<li>Desempenho Humano<\/li>\n<li>Atividade F\u00edsica na Promo\u00e7\u00e3o da Sa\u00fade<\/li>\n<\/ol>\n<p><a href=\"https:\/\/sites.usp.br\/ppgcaf\/pesquisa\/\">-&gt; Saiba mais sobre a \u00c1rea de Concentra\u00e7\u00e3o e as Linhas de Pesquisa<\/a><\/p>\n<p><a href=\"https:\/\/sites.usp.br\/ppgcaf\/grupos-de-pesquisa\/\">-&gt; Conhe\u00e7a os Grupos de Pesquisa do PPG-CAF\u00a0<\/a><\/p>\n<p><a href=\"https:\/\/sites.usp.br\/ppgcaf\/orientadores-3\/\">-&gt; Conhe\u00e7a os Orientadores do Programa<\/a><\/p>\n<p>&nbsp;<\/p>\n<hr \/>\n<p>&nbsp;<\/p>\n<p><a href=\"https:\/\/sites.usp.br\/ppgcaf\/wp-content\/uploads\/sites\/789\/2025\/03\/each-usp-leste.png\"><img loading=\"lazy\" decoding=\"async\" class=\"wp-image-1128 alignleft\" src=\"https:\/\/sites.usp.br\/ppgcaf\/wp-content\/uploads\/sites\/789\/2025\/03\/each-usp-leste-300x81.png\" alt=\"\" width=\"222\" height=\"60\" srcset=\"https:\/\/sites.usp.br\/ppgcaf\/wp-content\/uploads\/sites\/789\/2025\/03\/each-usp-leste-300x81.png 300w, https:\/\/sites.usp.br\/ppgcaf\/wp-content\/uploads\/sites\/789\/2025\/03\/each-usp-leste-400x108.png 400w, https:\/\/sites.usp.br\/ppgcaf\/wp-content\/uploads\/sites\/789\/2025\/03\/each-usp-leste.png 487w\" sizes=\"auto, (max-width: 222px) 100vw, 222px\" \/><\/a>Veja tamb\u00e9m a p\u00e1gina da EACH USP sobre o <a href=\"http:\/\/www5.each.usp.br\/mestrado-academico-em-ciencias-da-atividade-fisica\/\" target=\"_blank\" rel=\"noopener\">Mestrado Acad\u00eamico em Ci\u00eancias da Atividade F\u00edsica<\/a><\/p>\n<p>&nbsp;<\/p>\n<p>&nbsp;<\/p>\n<hr \/>\n<p>&nbsp;<\/p>\n<p><a href=\"https:\/\/sites.usp.br\/ppgcaf\/wp-content\/uploads\/sites\/789\/2025\/03\/20anos-each.png\"><img loading=\"lazy\" decoding=\"async\" class=\"size-medium wp-image-1126 aligncenter\" src=\"https:\/\/sites.usp.br\/ppgcaf\/wp-content\/uploads\/sites\/789\/2025\/03\/20anos-each-300x105.png\" alt=\"\" width=\"300\" height=\"105\" srcset=\"https:\/\/sites.usp.br\/ppgcaf\/wp-content\/uploads\/sites\/789\/2025\/03\/20anos-each-300x105.png 300w, https:\/\/sites.usp.br\/ppgcaf\/wp-content\/uploads\/sites\/789\/2025\/03\/20anos-each-400x140.png 400w, https:\/\/sites.usp.br\/ppgcaf\/wp-content\/uploads\/sites\/789\/2025\/03\/20anos-each.png 490w\" sizes=\"auto, (max-width: 300px) 100vw, 300px\" \/><\/a><\/p>\n<h3 style=\"text-align: center;\"><a href=\"https:\/\/sites.usp.br\/historiasdaeach\/\">Conhe\u00e7a a Hist\u00f3ria da EACH USP<\/a><\/h3>\n<p>&nbsp;<\/p>\n<p>&nbsp;<\/p>\n<hr \/>\n<table style=\"border-collapse: collapse; width: 100%;\">\n<tbody>\n<tr>\n<td style=\"width: 50%;\"><a href=\"https:\/\/www5.each.usp.br\/\" target=\"_blank\" rel=\"noopener\"><img loading=\"lazy\" decoding=\"async\" class=\"wp-image-1120 aligncenter\" src=\"https:\/\/sites.usp.br\/ppgcaf\/wp-content\/uploads\/sites\/789\/2025\/03\/logo-each-com-nome-corte-600x169-1-300x85.jpg\" alt=\"\" width=\"324\" height=\"92\" srcset=\"https:\/\/sites.usp.br\/ppgcaf\/wp-content\/uploads\/sites\/789\/2025\/03\/logo-each-com-nome-corte-600x169-1-300x85.jpg 300w, https:\/\/sites.usp.br\/ppgcaf\/wp-content\/uploads\/sites\/789\/2025\/03\/logo-each-com-nome-corte-600x169-1-400x113.jpg 400w, https:\/\/sites.usp.br\/ppgcaf\/wp-content\/uploads\/sites\/789\/2025\/03\/logo-each-com-nome-corte-600x169-1.jpg 600w\" sizes=\"auto, (max-width: 324px) 100vw, 324px\" \/><\/a><\/td>\n<td style=\"width: 50%;\"><a href=\"https:\/\/www5.usp.br\/\" target=\"_blank\" rel=\"noopener\"><img loading=\"lazy\" decoding=\"async\" class=\"wp-image-1121 aligncenter\" src=\"https:\/\/sites.usp.br\/ppgcaf\/wp-content\/uploads\/sites\/789\/2025\/03\/usp-logo-300x225.jpg\" alt=\"\" width=\"122\" height=\"91\" srcset=\"https:\/\/sites.usp.br\/ppgcaf\/wp-content\/uploads\/sites\/789\/2025\/03\/usp-logo-300x225.jpg 300w, https:\/\/sites.usp.br\/ppgcaf\/wp-content\/uploads\/sites\/789\/2025\/03\/usp-logo-768x576.jpg 768w, https:\/\/sites.usp.br\/ppgcaf\/wp-content\/uploads\/sites\/789\/2025\/03\/usp-logo-80x60.jpg 80w, https:\/\/sites.usp.br\/ppgcaf\/wp-content\/uploads\/sites\/789\/2025\/03\/usp-logo-400x300.jpg 400w, https:\/\/sites.usp.br\/ppgcaf\/wp-content\/uploads\/sites\/789\/2025\/03\/usp-logo.jpg 866w\" sizes=\"auto, (max-width: 122px) 100vw, 122px\" \/><\/a><\/td>\n<\/tr>\n<\/tbody>\n<\/table>\n<p>&nbsp;<\/p>\n<table style=\"border-collapse: collapse; width: 100%;\">\n<tbody>\n<tr>\n<td style=\"width: 33.3333%;\"><a href=\"https:\/\/fapesp.br\/\" target=\"_blank\" rel=\"noopener\"><img loading=\"lazy\" decoding=\"async\" class=\"wp-image-1122 aligncenter\" src=\"https:\/\/sites.usp.br\/ppgcaf\/wp-content\/uploads\/sites\/789\/2025\/03\/fapesp-logo-300x101.png\" alt=\"\" width=\"187\" height=\"63\" srcset=\"https:\/\/sites.usp.br\/ppgcaf\/wp-content\/uploads\/sites\/789\/2025\/03\/fapesp-logo-300x101.png 300w, https:\/\/sites.usp.br\/ppgcaf\/wp-content\/uploads\/sites\/789\/2025\/03\/fapesp-logo-768x258.png 768w, https:\/\/sites.usp.br\/ppgcaf\/wp-content\/uploads\/sites\/789\/2025\/03\/fapesp-logo-400x134.png 400w, https:\/\/sites.usp.br\/ppgcaf\/wp-content\/uploads\/sites\/789\/2025\/03\/fapesp-logo.png 1000w\" sizes=\"auto, (max-width: 187px) 100vw, 187px\" \/><\/a><\/td>\n<td style=\"width: 33.3333%;\"><a href=\"https:\/\/www.gov.br\/cnpq\/pt-br\" target=\"_blank\" rel=\"noopener\"><img loading=\"lazy\" decoding=\"async\" class=\"wp-image-1123 aligncenter\" src=\"https:\/\/sites.usp.br\/ppgcaf\/wp-content\/uploads\/sites\/789\/2025\/03\/cnpq-logo-FE95143C84-seeklogo.com_.png\" alt=\"\" width=\"162\" height=\"69\" \/><\/a><\/td>\n<td style=\"width: 33.3333%;\"><a href=\"https:\/\/www.gov.br\/capes\/pt-br\" target=\"_blank\" rel=\"noopener\"><img loading=\"lazy\" decoding=\"async\" class=\"wp-image-1124 aligncenter\" src=\"https:\/\/sites.usp.br\/ppgcaf\/wp-content\/uploads\/sites\/789\/2025\/03\/capes-logo-300x54.png\" alt=\"\" width=\"239\" height=\"43\" srcset=\"https:\/\/sites.usp.br\/ppgcaf\/wp-content\/uploads\/sites\/789\/2025\/03\/capes-logo-300x54.png 300w, https:\/\/sites.usp.br\/ppgcaf\/wp-content\/uploads\/sites\/789\/2025\/03\/capes-logo-1024x186.png 1024w, https:\/\/sites.usp.br\/ppgcaf\/wp-content\/uploads\/sites\/789\/2025\/03\/capes-logo-768x139.png 768w, https:\/\/sites.usp.br\/ppgcaf\/wp-content\/uploads\/sites\/789\/2025\/03\/capes-logo-1536x279.png 1536w, https:\/\/sites.usp.br\/ppgcaf\/wp-content\/uploads\/sites\/789\/2025\/03\/capes-logo-2048x372.png 2048w, https:\/\/sites.usp.br\/ppgcaf\/wp-content\/uploads\/sites\/789\/2025\/03\/capes-logo-400x73.png 400w\" sizes=\"auto, (max-width: 239px) 100vw, 239px\" \/><\/a><\/td>\n<\/tr>\n<\/tbody>\n<\/table>\n<p>&nbsp;<\/p>\n<hr \/>\n<h2 class=\"widget-title\">Escola de Artes Ci\u00eancias e Humanidades da Universidade de S\u00e3o Paulo<\/h2>\n<div class=\"textwidget\">Universidade de S\u00e3o Paulo Av. Arlindo B\u00e9ttio, 1000 Ermelino Matarazzo S\u00e3o Paulo \u2013 SP CEP: 03828-000<\/div>\n<div><\/div>\n<div class=\"textwidget\"><iframe loading=\"lazy\" style=\"border: 0;\" src=\"https:\/\/www.google.com\/maps\/embed?pb=!1m18!1m12!1m3!1d3864.2798073895965!2d-46.503030088793864!3d-23.482386958607922!2m3!1f0!2f0!3f0!3m2!1i1024!2i768!4f13.1!3m3!1m2!1s0x94ce6040e389220d%3A0xa1fd2f073b87bdea!2sEACH%20(USP%20Leste)%20Escola%20de%20Artes%2C%20Ci%C3%AAncias%20e%20Humanidades%20da%20Universidade%20de%20S%C3%A3o%20Paulo!5e1!3m2!1sen!2sbr!4v1741525676232!5m2!1sen!2sbr\" width=\"600\" height=\"450\" allowfullscreen=\"allowfullscreen\"><\/iframe><\/div>\n<div><\/div>\n<div><\/div>\n","protected":false},"excerpt":{"rendered":"<p>&nbsp; &nbsp; O Programa de P\u00f3s-Gradua\u00e7\u00e3o em Ci\u00eancias da Atividade F\u00edsica (PPG-CAF), criado em 2014 e sediado na EACH-USP, tem a miss\u00e3o de contribuir para o desenvolvimento das Ci\u00eancias da Atividade F\u00edsica por meio da excel\u00eancia na pesquisa cient\u00edfica e forma\u00e7\u00e3o de recursos humanos. O PPG-CAF conta com corpo docente altamente qualificado e diversificado, com reconhecimento nacional e internacional em suas respectivas \u00e1reas de pesquisa. Dos 15 Docentes Permanentes, 6 s\u00e3o Bolsistas de Produtividade do CNPq e todos apresentam forte atua\u00e7\u00e3o em redes de pesquisa nacionais e internacionais. Todos os orientadores atuam fortemente em redes de colabora\u00e7\u00e3o dentro e fora da universidade, de maneira interdisciplinar, fortalecendo a\u00a0pesquisa e ampliando o impacto na comunidade cient\u00edfica, tanto em \u00e2mbito nacional quanto internacional. O PPG-CAF conta com infraestrutura de excel\u00eancia, incluindo equipamentos de laborat\u00f3rio com tecnologia de ponta e acesso a recursos bibliogr\u00e1ficos e digitais. -&gt; Como ingressar no PPG-CAF? &nbsp; AREA DE CONCENTRA\u00c7\u00c3O: Atividade F\u00edsica e Sa\u00fade LINHAS DE PESQUISA: Desempenho Humano Atividade F\u00edsica na Promo\u00e7\u00e3o da Sa\u00fade -&gt; Saiba mais sobre a \u00c1rea de Concentra\u00e7\u00e3o e as Linhas de Pesquisa -&gt; Conhe\u00e7a os Grupos de Pesquisa do PPG-CAF\u00a0 -&gt; Conhe\u00e7a os Orientadores do Programa &nbsp; &nbsp; Veja tamb\u00e9m a p\u00e1gina da [&#8230;]<\/p>\n","protected":false},"author":24533,"featured_media":0,"parent":0,"menu_order":0,"comment_status":"closed","ping_status":"closed","template":"page-full.php","meta":{"footnotes":"","_links_to":"","_links_to_target":""},"class_list":["post-1045","page","type-page","status-publish","hentry"],"_links":{"self":[{"href":"https:\/\/sites.usp.br\/ppgcaf\/wp-json\/wp\/v2\/pages\/1045","targetHints":{"allow":["GET"]}}],"collection":[{"href":"https:\/\/sites.usp.br\/ppgcaf\/wp-json\/wp\/v2\/pages"}],"about":[{"href":"https:\/\/sites.usp.br\/ppgcaf\/wp-json\/wp\/v2\/types\/page"}],"author":[{"embeddable":true,"href":"https:\/\/sites.usp.br\/ppgcaf\/wp-json\/wp\/v2\/users\/24533"}],"replies":[{"embeddable":true,"href":"https:\/\/sites.usp.br\/ppgcaf\/wp-json\/wp\/v2\/comments?post=1045"}],"version-history":[{"count":5,"href":"https:\/\/sites.usp.br\/ppgcaf\/wp-json\/wp\/v2\/pages\/1045\/revisions"}],"predecessor-version":[{"id":1166,"href":"https:\/\/sites.usp.br\/ppgcaf\/wp-json\/wp\/v2\/pages\/1045\/revisions\/1166"}],"wp:attachment":[{"href":"https:\/\/sites.usp.br\/ppgcaf\/wp-json\/wp\/v2\/media?parent=1045"}],"curies":[{"name":"wp","href":"https:\/\/api.w.org\/{rel}","templated":true}]}}