{"id":1069,"date":"2025-03-07T16:15:53","date_gmt":"2025-03-07T18:15:53","guid":{"rendered":"https:\/\/sites.usp.br\/ppgcaf\/?page_id=1069"},"modified":"2025-03-07T16:37:41","modified_gmt":"2025-03-07T18:37:41","slug":"aluno-especial-2","status":"publish","type":"page","link":"https:\/\/sites.usp.br\/ppgcaf\/aluno-especial-2\/","title":{"rendered":"Aluno Especial"},"content":{"rendered":"<header class=\"entry-header\">\n<h1 class=\"entry-title\">Processo Seletivo Aluno Especial<\/h1>\n<\/header>\n<h2>1\u00ba SEMESTRE DE 2025<\/h2>\n<p>Inscri\u00e7\u00f5es:<br \/>\nIn\u00edcio das inscri\u00e7\u00f5es: 23 de janeiro de 2025 \u00e0s 09h00<br \/>\nT\u00e9rmino das inscri\u00e7\u00f5es: 29 de janeiro de 2025 \u00e0s 17h00<br \/>\nResultado: 12 de fevereiro de 2025 ap\u00f3s \u00e0s 14h00<br \/>\nMatr\u00edcula (obrigat\u00f3ria para os aprovados):<br \/>\nDe 12 a 18 de fevereiro de 2025 \u2013 Consultar procedimentos no Edital do Processo<br \/>\nSeletivo.<br \/>\n*A cola\u00e7\u00e3o de grau \u00e9 obrigat\u00f3ria para a matr\u00edcula (exceto para alunos de gradua\u00e7\u00e3o<br \/>\nda USP regularmente matriculados).<\/p>\n<p>&nbsp;<\/p>\n<p>Para maiores informa\u00e7\u00f5es, resultados e documentos de matr\u00edcula, <a href=\"http:\/\/www5.each.usp.br\/processo-seletivo\/\" target=\"_blank\" rel=\"noopener\">clique aqui<\/a>.<\/p>\n<p>Para as disciplinas e grade de hor\u00e1rios, <a href=\"https:\/\/sites.usp.br\/ppgcaf\/orientadores\/\">clique aqui<\/a>.<\/p>\n<h2>Edital 110\/2024<\/h2>\n<div class=\"entry-content\">\n<div class=\"vc_row wpb_row vc_row-fluid\">\n<div class=\"wpb_column vc_column_container vc_col-sm-12\">\n<div class=\"vc_column-inner \">\n<div class=\"wpb_wrapper\">\n<div class=\"wpb_text_column wpb_content_element \">\n<p>CPG\/ATAC\/EACH\/USP<br \/>\nProcesso seletivo para alunos especiais &#8211; 1\u00ba semestre de 2025 &#8211; EACH\/USP<br \/>\nA Comiss\u00e3o de P\u00f3s-Gradua\u00e7\u00e3o da Escola de Artes, Ci\u00eancias e Humanidades da Universidade de<br \/>\nS\u00e3o Paulo comunica que estar\u00e3o abertas, a partir das 9h (hor\u00e1rio de Bras\u00edlia) de<br \/>\n23\/01\/2025 at\u00e9 as 17h (hor\u00e1rio de Bras\u00edlia) de 29\/01\/2025, as inscri\u00e7\u00f5es online para<br \/>\ncandidatos(as) a alunos(as) especiais nas disciplinas de p\u00f3s-gradua\u00e7\u00e3o da EACH\/USP do<br \/>\n1\u00ba semestre de 2025.<br \/>\nAlunos(as) especiais s\u00e3o aqueles(as) matriculados(as) apenas em disciplinas isoladas, sem<br \/>\nv\u00ednculo com qualquer Programa de P\u00f3s-Gradua\u00e7\u00e3o da Universidade de S\u00e3o Paulo. Caso sejam<br \/>\naprovados(as), os(as) alunos(as) especiais ter\u00e3o direito a um certificado de aprova\u00e7\u00e3o em<br \/>\ndisciplinas, expedido pela Comiss\u00e3o de P\u00f3s-gradua\u00e7\u00e3o.<\/p>\n<h2>1. ELIGIBILIDADE<\/h2>\n<p>1.1. Poder\u00e3o candidatar-se a aluno especial:<br \/>\n1.1.1. portadores(as) de diploma de gradua\u00e7\u00e3o ou certificado de conclus\u00e3o de curso<br \/>\nsuperior em qualquer \u00e1rea de conhecimento, obtido em institui\u00e7\u00f5es de ensino superior,<br \/>\nnacionais ou estrangeiras, de acordo com a Resolu\u00e7\u00e3o 02\/2007, de 18\/06\/2007, do Conselho<br \/>\nNacional de Educa\u00e7\u00e3o.<br \/>\n1.1.2 alunos(as) de gradua\u00e7\u00e3o regularmente matriculados(as) na Universidade de S\u00e3o<br \/>\nPaulo.<\/p>\n<h2>2. INSCRI\u00c7\u00d5ES<\/h2>\n<p>2.1. A inscri\u00e7\u00e3o do(a) candidato(a) implicar\u00e1 o conhecimento e a aceita\u00e7\u00e3o das normas e<br \/>\ncondi\u00e7\u00f5es estabelecidas neste Edital, em rela\u00e7\u00e3o \u00e0s quais n\u00e3o poder\u00e1 ser alegado<br \/>\ndesconhecimento.<br \/>\n2.2. A inscri\u00e7\u00e3o dever\u00e1 ser feita online a partir das 9h (hor\u00e1rio de Bras\u00edlia) do dia<br \/>\n23\/01\/2025 at\u00e9 as 17h (hor\u00e1rio de Bras\u00edlia) do dia 29\/01\/2025, exclusivamente atrav\u00e9s do<br \/>\npreenchimento de formul\u00e1rio dispon\u00edvel em<br \/>\nhttp:\/\/www.each.usp.br\/pos\/AlunoEspecial\/views\/fim-processo.php, com a observ\u00e2ncia<br \/>\nrigorosa dos seguintes procedimentos:<br \/>\n2.2.1. ler na \u00edntegra o presente Edital;<br \/>\n2.2.2. fazer o primeiro cadastro, preenchendo todos os campos obrigat\u00f3rios solicitados no<br \/>\nsistema de inscri\u00e7\u00e3o (ATEN\u00c7\u00c3O: ap\u00f3s a defini\u00e7\u00e3o da senha, ela N\u00c3O poder\u00e1 ser alterada);<br \/>\n2.2.3. anexar os seguintes documentos para a inscri\u00e7\u00e3o:<br \/>\n\u2022 curr\u00edculo Lattes (https:\/\/lattes.cnpq.br);<br \/>\n\u2022 hist\u00f3rico escolar de gradua\u00e7\u00e3o (Caso o(a) candidato(a) ainda esteja finalizando a<br \/>\ngradua\u00e7\u00e3o, \u00e9 necess\u00e1rio anexar o hist\u00f3rico parcial. \u00c9 obrigat\u00f3rio concluir o curso e<br \/>\nrealizar a cola\u00e7\u00e3o de grau at\u00e9 a data final da matr\u00edcula. A cola\u00e7\u00e3o de grau \u00e9 obrigat\u00f3ria<br \/>\npara a matr\u00edcula, exceto para alunos(as) da USP cursando a gradua\u00e7\u00e3o);<br \/>\n2.2.4. escolher de 1 at\u00e9 3 disciplinas distintas e enviar uma justificativa para cada uma delas.<br \/>\nA lista de disciplinas oferecidas estar\u00e1 dispon\u00edvel no pr\u00f3prio sistema de inscri\u00e7\u00e3o e tamb\u00e9m<br \/>\nneste link: http:\/\/www5.each.usp.br\/processo-seletivo<br \/>\n2.2.5. ap\u00f3s o envio do formul\u00e1rio de inscri\u00e7\u00e3o, o(a) candidato(a) receber\u00e1 um e-mail<br \/>\nautom\u00e1tico confirmando a inscri\u00e7\u00e3o na(s) disciplina(s) escolhida(s). Este ser\u00e1 o protocolo de<br \/>\ninscri\u00e7\u00e3o do(a) candidato(a). Caso o email n\u00e3o seja recebido, o(a) candidato(a) deve informar<br \/>\nimediatamente o Servi\u00e7o de P\u00f3s-gradua\u00e7\u00e3o atrav\u00e9s do email alunoespecialpos-each@usp.br<br \/>\n2.2.6. o(a) candidato(a) poder\u00e1 alterar a(s) disciplina(s) escolhida(s), somente durante o<br \/>\nper\u00edodo de inscri\u00e7\u00e3o, utilizando login e senha cadastrados;<br \/>\n2.2.7. o(a) candidato(a) n\u00e3o poder\u00e1 cursar novamente disciplina que j\u00e1 tenha cursado e sido<br \/>\naprovado(a) como aluno(a) especial anteriormente.<br \/>\n2.3. As informa\u00e7\u00f5es prestadas no formul\u00e1rio de inscri\u00e7\u00e3o devem ser verdadeiras e s\u00e3o de<br \/>\ninteira responsabilidade do(a) candidato(a), que fica ciente que qualquer falsa informa\u00e7\u00e3o,<br \/>\nomiss\u00e3o ou erro implicar\u00e1 em sua exclus\u00e3o do processo seletivo, a qualquer momento, e<br \/>\nsujei\u00e7\u00e3o \u00e0s penas da lei.<br \/>\n2.4. A Comiss\u00e3o de P\u00f3s-Gradua\u00e7\u00e3o da Escola de Artes, Ci\u00eancias e Humanidades da<br \/>\nUniversidade de S\u00e3o Paulo n\u00e3o se responsabiliza por inscri\u00e7\u00f5es n\u00e3o recebidas dentro do prazo<br \/>\nprevisto neste Edital por motivos de ordem t\u00e9cnica dos computadores, falhas de comunica\u00e7\u00e3o,<br \/>\ncongestionamento das linhas de comunica\u00e7\u00e3o, bem como outros fatores de ordem t\u00e9cnica que<br \/>\nimpossibilitem a transfer\u00eancia de dados.<\/p>\n<h2>3. SELE\u00c7\u00c3O E APROVA\u00c7\u00c3O DOS(AS) CANDIDATOS(AS)<\/h2>\n<p>3.1. A avalia\u00e7\u00e3o e sele\u00e7\u00e3o dos(as) candidatos(as) ser\u00e1 realizada pelos(as) professores(as)<br \/>\nrespons\u00e1veis por cada disciplina por meio de an\u00e1lise do curr\u00edculo Lattes, hist\u00f3rico de<br \/>\ngradua\u00e7\u00e3o e justificativa do(a) candidato(a).<br \/>\n3.2. Cabe aos(\u00e0s) professores(as) respons\u00e1veis utilizar os crit\u00e9rios que julgarem adequados<br \/>\npara a an\u00e1lise das inscri\u00e7\u00f5es e definir o n\u00famero de vagas de aluno especial em cada disciplina,<br \/>\npodendo inclusive n\u00e3o aceitar nenhum aluno especial, dependendo do crit\u00e9rio adotado e da<br \/>\nan\u00e1lise realizada.<br \/>\n3.3. A rela\u00e7\u00e3o de candidatos(as) aprovados(as) ser\u00e1 publicada no dia 12\/02\/2025, a partir<br \/>\ndas 14h, no site da EACH: http:\/\/www5.each.usp.br\/processo-seletivo<br \/>\n3.4. \u00c9 de responsabilidade dos(as) candidatos(as) a confer\u00eancia da rela\u00e7\u00e3o dos aprovados no<br \/>\nlink informado no item 3.3, pois n\u00e3o ser\u00e1 enviado email informando o resultado individual de<br \/>\ncada inscri\u00e7\u00e3o e nem sobre a publica\u00e7\u00e3o da lista de aprovados(as).<\/p>\n<h2>4. TAXA DE MATR\u00cdCULA<\/h2>\n<p>4.1. A taxa de matr\u00edcula \u00e9 obrigat\u00f3ria para as disciplinas dos seguintes Programas:<br \/>\n4.1.1. Estudos Culturais (ESC) &#8211; 7 UFESP*<br \/>\n4.1.2. Gerontologia (GER) &#8211; R$ 150,00<br \/>\n4.1.2. Gest\u00e3o de Pol\u00edticas P\u00fablicas (GPP) &#8211; R$ 200,00<br \/>\n4.1.3. Modelagem de Sistemas Complexos (SCX) &#8211; R$ 150,00;<br \/>\n4.1.4. Sistemas de Informa\u00e7\u00e3o (PPgSI) &#8211; 7 UFESP*<br \/>\n4.1.5. Sustentabilidade (SUS) &#8211; R$ 165,00;<br \/>\n4.1.6. T\u00eaxtil e Moda (TXM) &#8211; 7 UFESP*<br \/>\n4.1.7. Turismo (TUR) &#8211; R$ 150,00.<br \/>\n*Consultar o valor de uma UFESP no link: https:\/\/portal.fazenda.sp.gov.br\/paginas\/indices.aspx<br \/>\nAten\u00e7\u00e3o: considerar o valor vigente na data de divulga\u00e7\u00e3o do resultado do processo seletivo.<br \/>\n4.2. A taxa de matr\u00edcula \u00e9 individual para cada disciplina.<br \/>\n4.3. O boleto para pagamento da taxa de matr\u00edcula estar\u00e1 dispon\u00edvel ap\u00f3s a publica\u00e7\u00e3o dos<br \/>\ncandidatos(as) aprovados(as) de acordo com o item 3.3 deste Edital, e deve ser emitido pelo(a)<br \/>\ncandidato(a) no mesmo sistema onde foi realizada a inscri\u00e7\u00e3o<br \/>\n(http:\/\/www.each.usp.br\/pos\/AlunoEspecial\/views\/fim-processo.php), utilizando login e senha<br \/>\npreviamente cadastrados.<br \/>\n4.4. O(s) comprovante(s) de pagamento do(s) boleto(s) das disciplinas para as quais h\u00e1 taxa de<br \/>\nmatr\u00edcula deve(m) ser enviado(s) juntamente com a matr\u00edcula via formul\u00e1rio, no campo<br \/>\ndestinado para este fim.<\/p>\n<h2>5. ISEN\u00c7\u00c3O DA TAXA DE MATR\u00cdCULA<\/h2>\n<p>5.1. As seguintes condi\u00e7\u00f5es permitem a isen\u00e7\u00e3o da taxa de matr\u00edcula:<br \/>\n5.1.1. Para candidatos(as) a disciplinas do programa de p\u00f3s-gradua\u00e7\u00e3o em Sistemas de<br \/>\nInforma\u00e7\u00e3o: alunos(as) de gradua\u00e7\u00e3o da USP, regularmente matriculados(as);<br \/>\n5.1.2. Para candidatos(as) a disciplinas do programa de p\u00f3s-gradua\u00e7\u00e3o em Gerontologia:<br \/>\nalunos(as) de gradua\u00e7\u00e3o da USP, regularmente matriculados(as); e egressos do Programa de<br \/>\nP\u00f3s-gradua\u00e7\u00e3o em Gerontologia da EACH-USP;<br \/>\n5.1.3. Para candidatos(as) a disciplinas do programa de p\u00f3s-gradua\u00e7\u00e3o em Gest\u00e3o de<br \/>\nPol\u00edticas P\u00fablicas: alunos(as) de gradua\u00e7\u00e3o da USP, regularmente matriculados(as).<br \/>\nCandidatos(as) a disciplinas do programa de p\u00f3s-gradua\u00e7\u00e3o em Gest\u00e3o de Pol\u00edticas P\u00fablicas que<br \/>\nn\u00e3o possuam condi\u00e7\u00f5es financeiras de efetuar o recolhimento da taxa de inscri\u00e7\u00e3o dever\u00e3o<br \/>\nenviar (durante o per\u00edodo de inscri\u00e7\u00e3o) para o email cmagpp-each@usp.br uma declara\u00e7\u00e3o<br \/>\nassinada relatando os motivos que impossibilitam o pagamento. Em caso de deferimento, devem<br \/>\nanexar o email de aprova\u00e7\u00e3o da isen\u00e7\u00e3o no formul\u00e1rio de matr\u00edcula, no campo destinado ao<br \/>\ncomprovante de pagamento.<br \/>\n5.1.4. Para candidatos(as) a disciplinas do programa de p\u00f3s-gradua\u00e7\u00e3o em Sustentabilidade:<br \/>\nalunos(as) de gradua\u00e7\u00e3o da USP, regularmente matriculados(as). Candidatos(as) a disciplinas do<br \/>\nprograma de p\u00f3s-gradua\u00e7\u00e3o em Sustentabilidade que n\u00e3o possuam condi\u00e7\u00f5es financeiras de<br \/>\nefetuar o recolhimento da taxa de inscri\u00e7\u00e3o dever\u00e3o enviar (durante o per\u00edodo de inscri\u00e7\u00e3o) para<br \/>\no email sustentabilidade-each@usp.br uma declara\u00e7\u00e3o assinada relatando os motivos que<br \/>\nimpossibilitam o pagamento. Em caso de deferimento, devem anexar o email de aprova\u00e7\u00e3o da<br \/>\nisen\u00e7\u00e3o no formul\u00e1rio de matr\u00edcula, no campo destinado ao comprovante de pagamento.<br \/>\n5.1.5. Para candidatos(as) a disciplinas do programa de p\u00f3s-gradua\u00e7\u00e3o em T\u00eaxtil e Moda:<br \/>\nalunos(as) regularmente matriculados(as) no curso de gradua\u00e7\u00e3o em T\u00eaxtil e Moda da EACHUSP.<\/p>\n<h2>6. PROCEDIMENTOS PARA MATR\u00cdCULA DOS(AS) CANDIDATOS(AS) APROVADOS(AS)<\/h2>\n<p>6.1. Os(As) candidatos(as) aprovados(as) devem obrigatoriamente realizar o procedimento<br \/>\nde matr\u00edcula, via formul\u00e1rio, no per\u00edodo de 12\/02\/2025 (junto com a lista de aprovados) at\u00e9 as<br \/>\n23h59 do dia 18\/02\/2025. O link para o formul\u00e1rio de matr\u00edcula ser\u00e1 disponibilizado<br \/>\njuntamente com a lista de candidatos(as) aprovados(as).<br \/>\n6.2. \u00c9 opcional ao(\u00e0) candidato(a) aprovado(a) em mais de uma disciplina escolher em<br \/>\nqual(is) se matricular\u00e1.<br \/>\n6.3. Candidatos(as) que n\u00e3o submeterem o formul\u00e1rio de matr\u00edcula no per\u00edodo indicado no<br \/>\nitem 6.1 ser\u00e3o automaticamente desclassificados(as).<br \/>\n6.4. Ap\u00f3s o preenchimento e envio do formul\u00e1rio de matr\u00edcula, o(a) candidato(a) receber\u00e1<br \/>\num e-mail autom\u00e1tico comprovando o envio. O(A) candidato(a) deve guardar este email, pois<br \/>\nser\u00e1 o seu protocolo. Caso n\u00e3o receba o email, deve comunicar imediatamente o Servi\u00e7o de P\u00f3sgradua\u00e7\u00e3o atrav\u00e9s do email alunoespecialpos-each@usp.br. N\u00e3o ser\u00e3o aceitas comunica\u00e7\u00f5es<br \/>\nap\u00f3s o per\u00edodo de matr\u00edcula;<br \/>\n6.5. Para realiza\u00e7\u00e3o da matr\u00edcula, o formul\u00e1rio deve ser preenchido e os seguintes<br \/>\ndocumentos obrigat\u00f3rios devem ser anexados:<br \/>\n6.5.1. para candidatos(as) que j\u00e1 cursaram disciplina como aluno especial ou regular na<br \/>\nEACH-USP: comprovante de quita\u00e7\u00e3o eleitoral retirado do site do TSE (emitido h\u00e1 no m\u00e1ximo 6<br \/>\nmeses) e comprovante de pagamento de taxa de matr\u00edcula (se for o caso de acordo com o item<br \/>\n4 deste Edital);<br \/>\n6.5.2. para candidatos(as) que nunca cursaram disciplinas como aluno regular ou especial<br \/>\nna EACH: RG, CPF, comprovante de reservista (candidatos do sexo masculino), diploma de<br \/>\ngradua\u00e7\u00e3o (ou certificado com data de cola\u00e7\u00e3o de grau), comprovante de quita\u00e7\u00e3o eleitoral<br \/>\nretirado do site do TSE (emitido h\u00e1 no m\u00e1ximo 6 meses); e comprovante de pagamento da taxa<br \/>\nde matr\u00edcula (se for o caso de acordo com o item 4 deste Edital).<br \/>\n6.5.3. para alunos(as) de gradua\u00e7\u00e3o regularmente matriculados(as) na USP: comprovante<br \/>\nde matr\u00edcula no semestre e comprovante de pagamento da taxa de matr\u00edcula (se for o caso de<br \/>\nacordo com o item 4 deste Edital).<br \/>\n6.6. Caso o(a) candidato(a) deixe de preencher ou anexar qualquer dado ou documento<br \/>\nobrigat\u00f3rio, a matr\u00edcula n\u00e3o ser\u00e1 efetivada.<\/p>\n<h2>7. DA MATR\u00cdCULA E CADASTRO DO(A) ALUNO(A) NO SISTEMA DA P\u00d3S-GRADUA\u00c7\u00c3O<\/h2>\n<p>7.1. Os(As) candidatos(as) aprovados(as) que enviarem a documenta\u00e7\u00e3o completa via<br \/>\nformul\u00e1rio de matr\u00edcula, no per\u00edodo determinado no item 6.1 deste edital, ser\u00e3o<br \/>\nmatriculados(as) no sistema Janus da p\u00f3s-gradua\u00e7\u00e3o da USP pelo servi\u00e7o de p\u00f3s-gradua\u00e7\u00e3o<br \/>\nna(s) disciplina(s) escolhida(s);<br \/>\n7.2. O servi\u00e7o de p\u00f3s-gradua\u00e7\u00e3o enviar\u00e1 email para os(as) alunos(as) matriculados(as), por<br \/>\nmeio do endere\u00e7o indicado por ele(a) no formul\u00e1rio de matr\u00edcula, com o n\u00famero USP do(a)<br \/>\naluno(a) e informa\u00e7\u00f5es sobre a matr\u00edcula, antes do in\u00edcio das aulas da(s) disciplina(s) em que<br \/>\nele(a) est\u00e1 matriculado(a). Caso o(a) aluno(a) n\u00e3o receba este email antes do in\u00edcio das aulas,<br \/>\ndeve contatar o Servi\u00e7o de P\u00f3s-gradua\u00e7\u00e3o atrav\u00e9s do email alunoespecialpos-each@usp.br.<br \/>\n7.3. Somente o pagamento da taxa de matr\u00edcula, nos casos previstos no item 4, n\u00e3o implica na<br \/>\nefetiva\u00e7\u00e3o da matr\u00edcula, ou seja, o(a) candidato(a) que pagar a taxa de matr\u00edcula mas n\u00e3o<br \/>\nsubmeter o formul\u00e1rio de matr\u00edcula, ou submeter de forma incompleta, n\u00e3o ser\u00e1 matriculado(a).<br \/>\nCaso isso ocorra, o(a) candidato(a) poder\u00e1 ter o valor reembolsado, mediante solicita\u00e7\u00e3o, que<br \/>\ndeve ser enviada por ele(a) em at\u00e9 10 dias ap\u00f3s o in\u00edcio das aulas. Deve ser enviado para o email<br \/>\nalunoespecialpos-each@usp.br o comprovante de pagamento da(s) disciplina(s), bem como os<br \/>\nseguintes dados: nome completo, CPF, nome da disciplina, endere\u00e7o e dados banc\u00e1rios (\u00e9<br \/>\nnecess\u00e1rio ser conta corrente em seu pr\u00f3prio nome).<br \/>\n7.4. O(A) aluno(a) matriculado(a) pode requerer o cancelamento de uma ou mais disciplinas<br \/>\nque estiver matriculado(a) em at\u00e9 um m\u00eas ap\u00f3s a data de in\u00edcio das aulas da disciplina. Em caso<br \/>\nde cancelamento, n\u00e3o ser\u00e1 reembolsada a taxa de matr\u00edcula.<\/p>\n<h2>8. CRONOGRAMA DO PROCESSO SELETIVO<\/h2>\n<p>8.1. Inscri\u00e7\u00f5es: das 09h00 do dia 23\/01\/2025 \u00e0s 17h00 do dia 29\/01\/2025<br \/>\n8.2. An\u00e1lise dos(as) docentes: 30\/01\/2025 a 11\/02\/2025<br \/>\n8.3. Divulga\u00e7\u00e3o do resultado: 12\/02\/2025 ap\u00f3s \u00e0s 14h00<br \/>\n8.4. Matr\u00edcula dos(as) candidatos(as) aprovados(as): de 12\/02\/2025 (junto com a divulga\u00e7\u00e3o<br \/>\ndo resultado) at\u00e9 18\/02\/2025 \u00e0s 23h59.<br \/>\n9. CASOS OMISSOS E D\u00daVIDAS<br \/>\n9.1. Os casos omissos ser\u00e3o resolvidos pela Comiss\u00e3o de P\u00f3s-gradua\u00e7\u00e3o da EACH-USP.<br \/>\n9.2. D\u00favidas devem ser encaminhadas para o email alunoespecialpos-each@usp.br<\/p>\n<\/div>\n<\/div>\n<\/div>\n<\/div>\n<\/div>\n<\/div>\n","protected":false},"excerpt":{"rendered":"<p>Processo Seletivo Aluno Especial 1\u00ba SEMESTRE DE 2025 Inscri\u00e7\u00f5es: In\u00edcio das inscri\u00e7\u00f5es: 23 de janeiro de 2025 \u00e0s 09h00 T\u00e9rmino das inscri\u00e7\u00f5es: 29 de janeiro de 2025 \u00e0s 17h00 Resultado: 12 de fevereiro de 2025 ap\u00f3s \u00e0s 14h00 Matr\u00edcula (obrigat\u00f3ria para os aprovados): De 12 a 18 de fevereiro de 2025 \u2013 Consultar procedimentos no Edital do Processo Seletivo. *A cola\u00e7\u00e3o de grau \u00e9 obrigat\u00f3ria para a matr\u00edcula (exceto para alunos de gradua\u00e7\u00e3o da USP regularmente matriculados). &nbsp; Para maiores informa\u00e7\u00f5es, resultados e documentos de matr\u00edcula, clique aqui. Para as disciplinas e grade de hor\u00e1rios, clique aqui. Edital 110\/2024 CPG\/ATAC\/EACH\/USP Processo seletivo para alunos especiais &#8211; 1\u00ba semestre de 2025 &#8211; EACH\/USP A Comiss\u00e3o de P\u00f3s-Gradua\u00e7\u00e3o da Escola de Artes, Ci\u00eancias e Humanidades da Universidade de S\u00e3o Paulo comunica que estar\u00e3o abertas, a partir das 9h (hor\u00e1rio de Bras\u00edlia) de 23\/01\/2025 at\u00e9 as 17h (hor\u00e1rio de Bras\u00edlia) de 29\/01\/2025, as inscri\u00e7\u00f5es online para candidatos(as) a alunos(as) especiais nas disciplinas de p\u00f3s-gradua\u00e7\u00e3o da EACH\/USP do 1\u00ba semestre de 2025. Alunos(as) especiais s\u00e3o aqueles(as) matriculados(as) apenas em disciplinas isoladas, sem v\u00ednculo com qualquer Programa de P\u00f3s-Gradua\u00e7\u00e3o da Universidade de S\u00e3o Paulo. Caso sejam aprovados(as), os(as) alunos(as) especiais ter\u00e3o direito a um certificado [&#8230;]<\/p>\n","protected":false},"author":24533,"featured_media":0,"parent":0,"menu_order":0,"comment_status":"closed","ping_status":"closed","template":"page-full.php","meta":{"footnotes":"","_links_to":"","_links_to_target":""},"class_list":["post-1069","page","type-page","status-publish","hentry"],"_links":{"self":[{"href":"https:\/\/sites.usp.br\/ppgcaf\/wp-json\/wp\/v2\/pages\/1069","targetHints":{"allow":["GET"]}}],"collection":[{"href":"https:\/\/sites.usp.br\/ppgcaf\/wp-json\/wp\/v2\/pages"}],"about":[{"href":"https:\/\/sites.usp.br\/ppgcaf\/wp-json\/wp\/v2\/types\/page"}],"author":[{"embeddable":true,"href":"https:\/\/sites.usp.br\/ppgcaf\/wp-json\/wp\/v2\/users\/24533"}],"replies":[{"embeddable":true,"href":"https:\/\/sites.usp.br\/ppgcaf\/wp-json\/wp\/v2\/comments?post=1069"}],"version-history":[{"count":4,"href":"https:\/\/sites.usp.br\/ppgcaf\/wp-json\/wp\/v2\/pages\/1069\/revisions"}],"predecessor-version":[{"id":1078,"href":"https:\/\/sites.usp.br\/ppgcaf\/wp-json\/wp\/v2\/pages\/1069\/revisions\/1078"}],"wp:attachment":[{"href":"https:\/\/sites.usp.br\/ppgcaf\/wp-json\/wp\/v2\/media?parent=1069"}],"curies":[{"name":"wp","href":"https:\/\/api.w.org\/{rel}","templated":true}]}}