{"id":1087,"date":"2025-03-09T09:41:33","date_gmt":"2025-03-09T11:41:33","guid":{"rendered":"https:\/\/sites.usp.br\/ppgcaf\/?page_id=1087"},"modified":"2025-03-09T11:52:20","modified_gmt":"2025-03-09T13:52:20","slug":"pesquisa","status":"publish","type":"page","link":"https:\/\/sites.usp.br\/ppgcaf\/pesquisa\/","title":{"rendered":"Pesquisa"},"content":{"rendered":"<p>Clique abaixo para saber mais sobre os Grupos de Pesquisa vinculados ao Programa de Ci\u00eancias da Atividade F\u00edsica<\/p>\n<h2><a href=\"https:\/\/sites.usp.br\/ppgcaf\/grupos-de-pesquisa\/\">CONHE\u00c7A OS GRUPOS DE PESQUISA<\/a><\/h2>\n<p>&nbsp;<\/p>\n<h2>\u00c1REA DE CONCENTRA\u00c7\u00c3O:<\/h2>\n<h3>Atividade F\u00edsica e Sa\u00fade<\/h3>\n<p>As duas linhas de pesquisa em andamento, a saber: 1- <strong>DESEMPENHO HUMANO<\/strong>; e 2- <strong>ATIVIDADE F\u00cdSICA NA PROMO\u00c7\u00c3O DA SA\u00daDE<\/strong>; refor\u00e7am a identidade do programa centrada na sua \u00e1rea de concentra\u00e7\u00e3o denominada <strong>\u201cAtividade F\u00edsica e Sa\u00fade\u201d<\/strong>.<\/p>\n<p>Esta \u00e1rea de concentra\u00e7\u00e3o agrega conhecimento cient\u00edfico que permite desenvolver e compreender as aptid\u00f5es, condi\u00e7\u00f5es e potencialidades humanas, organizando e sistematizando a produ\u00e7\u00e3o de conhecimento nos dom\u00ednios que integram as defini\u00e7\u00f5es de \u201cAtividade F\u00edsica\u201d de um lado e \u201cSa\u00fade\u201d de outro. S\u00e3o dom\u00ednios da \u201cAtividade F\u00edsica\u201d atividades como ocupa\u00e7\u00e3o, transporte, esporte, terapias, lazer ou em domic\u00edlio. S\u00e3o dom\u00ednios da \u201cSa\u00fade\u201d os aspectos f\u00edsicos, sociais e psicol\u00f3gicos que caracterizam desde a capacidade de aproveitar a vida e suportar desafios, at\u00e9 a aus\u00eancia de doen\u00e7a ou presen\u00e7a de morbidade\/mortalidade. Dessa forma esta \u00e1rea de concentra\u00e7\u00e3o \u00e9 viabilizada por meio de projetos de pesquisa que fomentam as linhas \u201cDesempenho Humano\u201d e \u201cAtividade F\u00edsica na Promo\u00e7\u00e3o da Sa\u00fade\u201d, as quais possuem diferentes objetos de estudo e distintas vari\u00e1veis de desfecho, por\u00e9m, com complementaridade entre elas.<\/p>\n<p>&nbsp;<\/p>\n<h2>LINHAS DE PESQUISA<\/h2>\n<h3>Desempenho Humano<\/h3>\n<p>A linha de pesquisa denominada \u201cDesempenho Humano\u201d, contempla o conceito de desempenho humano de uma forma ampla, reunindo projetos que investigam a rela\u00e7\u00e3o entre mecanismos, a\u00e7\u00f5es e estrat\u00e9gias de exerc\u00edcio f\u00edsico\/atividade f\u00edsica e o desempenho humano que \u00e9 manifestado em suas diferentes dimens\u00f5es, tais como a dimens\u00e3o f\u00edsica, motora e cognitiva. Entende-se desempenho como a medida do potencial dos sistemas corporais, o qual permite o desenvolvimento humano pleno na aus\u00eancia ou presen\u00e7a de doen\u00e7a e agravos de sa\u00fade. Portanto, esta linha de pesquisa traz como desfecho prim\u00e1rio as medidas de \u201cpotencialidade\u201d de um ou mais sistemas corporais pertencentes \u00e0s dimens\u00f5es destacadas acima. Outro conceito importante \u00e9 a \u201captid\u00e3o f\u00edsica\u201d, a qual \u00e9 entendida como a habilidade de realizar tarefas di\u00e1rias com vigor e vigil\u00e2ncia, sem fadiga excessiva e com energia suficiente para desempenhar e\/ou desfrutar de atividades f\u00edsicas (ocupa\u00e7\u00e3o, transporte, esporte, lazer, etc.) e atender a emerg\u00eancias imprevistas no cotidiano (refer\u00eancias 1, 2 \u2013 lista abaixo). Portanto, \u00e9 um conceito que acomoda diferentes dimens\u00f5es do desempenho humano, seja a f\u00edsica dada pelos termos \u201cfadiga e energia\u201d (englobando sistemas respirat\u00f3rio, cardiovascular, hormonal, muscular, etc.), seja a motora dada pelo termo \u201chabilidade\u201d (englobando sistema nervoso central e perif\u00e9rico, sistema muscular, etc.), ou seja a cognitiva, dada pelo termo \u201cvigor e vigil\u00e2ncia\u201d (englobando aten\u00e7\u00e3o, mem\u00f3ria, mem\u00f3ria executiva, etc.). As (inter)rela\u00e7\u00f5es entre disciplinas como a fisiologia do exerc\u00edcio\/esporte, treinamento f\u00edsico\/esportivo, biomec\u00e2nica do exerc\u00edcio\/esporte, psicologia do exerc\u00edcio\/esporte, nutri\u00e7\u00e3o do exerc\u00edcio\/esporte, ou aprendizagem e desenvolvimento motor, entre outras, formam a base para os estudos sobre o desempenho humano.<\/p>\n<p>&nbsp;<\/p>\n<p>Os projetos de pesquisa em andamento que s\u00e3o associados \u00e0 Linha de Pesquisa \u201cDesempenho Humano\u201d guardam rela\u00e7\u00e3o epistemol\u00f3gica com a descri\u00e7\u00e3o acima, pois investigam como diferentes fatores afetam a(s) medida(s) do(s) potencial(s) de um ou mais sistemas corporais. A descri\u00e7\u00e3o completa destes Projetos de Pesquisa est\u00e1 dispon\u00edvel nos campos pertinentes da plataforma Sucupira. Por\u00e9m, para facilitar a avalia\u00e7\u00e3o dos assessores, os t\u00edtulos de cada projeto e seus respons\u00e1veis s\u00e3o elencados a seguir.<\/p>\n<ol>\n<li>Aquisi\u00e7\u00e3o e controle de habilidades motoras. Respons\u00e1vel: C\u00e1ssio Meira Jr.<\/li>\n<li>Atividade f\u00edsica por meio de realidade virtual e jogos Eletr\u00f4nicos. Respons\u00e1vel: Carlos Bandeira de Mello Monteiro.<\/li>\n<li>Avalia\u00e7\u00e3o de circuitarias neurais em indiv\u00edduos com diferentes n\u00edveis de aptid\u00e3o f\u00edsica. Respons\u00e1vel: Fernando Magalh\u00e3es.<\/li>\n<li>Biomec\u00e2nica da a\u00e7\u00e3o motora do esporte. Respons\u00e1vel: Luis Mochizuki.<\/li>\n<li>Biomec\u00e2nica da reabilita\u00e7\u00e3o. Respons\u00e1vel: Luis Mochizuki.<\/li>\n<li>Desempenho f\u00edsico em indiv\u00edduos com diferentes n\u00edveis de aptid\u00e3o f\u00edsica. Respons\u00e1vel: Fl\u00e1vio Pires.<\/li>\n<li>Efeito do treinamento f\u00edsico nos indicadores de sa\u00fade de Parkinsonianos. Respons\u00e1vel: Carla Batista.<\/li>\n<li>Efeitos de manipula\u00e7\u00f5es de a\u00e7\u00e3o central sobre o desempenho f\u00edsico em diferentes modelos de exerc\u00edcio. Respons\u00e1vel: Fl\u00e1vio Pires.<\/li>\n<li>Influ\u00eancia da dor experimental no controle do movimento humano. Respons\u00e1vel: Ulysses Ervilha.<\/li>\n<li>Influ\u00eancia da matura\u00e7\u00e3o biol\u00f3gica sobre a sele\u00e7\u00e3o e talento de jovens atletas. Respons\u00e1vel: Marcelo Massa.<\/li>\n<li>Integra\u00e7\u00e3o sensorial e neuromec\u00e2nica na pr\u00e1tica do exerc\u00edcio f\u00edsico. Respons\u00e1vel: Ulysses Ervilha.<\/li>\n<li>Pr\u00e1tica de atividade f\u00edsica, compet\u00eancia motora e aptid\u00e3o f\u00edsica na inf\u00e2ncia e adolesc\u00eancia: associa\u00e7\u00f5es longitudinais e a curto prazo de programas de interven\u00e7\u00e3o. Respons\u00e1vel: Alessandro Nicolai R\u00e9.<\/li>\n<li>Quantifica\u00e7\u00e3o da carga de treinamento no esporte. Respons\u00e1vel: Marcelo Saldanha Aoki.<\/li>\n<li>Rela\u00e7\u00f5es entre o desempenho em habilidades motoras fundamentais e a pr\u00e1tica de atividade f\u00edsica em crian\u00e7as. Respons\u00e1vel: Alessandro Nicolai R\u00e9.<\/li>\n<\/ol>\n<p>&nbsp;<\/p>\n<h3>Atividade F\u00edsica na Promo\u00e7\u00e3o da Sa\u00fade<\/h3>\n<p>A linha de pesquisa \u201cAtividade F\u00edsica na Promo\u00e7\u00e3o da Sa\u00fade\u201d re\u00fane estudos sobre a pr\u00e1tica da atividade f\u00edsica e suas rela\u00e7\u00f5es com a sa\u00fade individual ou coletiva, com a preven\u00e7\u00e3o prim\u00e1ria de doen\u00e7as e agravos de sa\u00fade e suas intera\u00e7\u00f5es com fatores ambientais, segundo a Classifica\u00e7\u00e3o Internacional de Funcionalidade, Incapacidade e Sa\u00fade da Organiza\u00e7\u00e3o Mundial da Sa\u00fade (refer\u00eancia 5 &#8211; lista abaixo). Um conceito chave nesta linha de pesquisa \u00e9 o significado de Sa\u00fade, o qual \u00e9 entendido num espectro que contempla o bem-estar f\u00edsico e mental dentro de um paradigma que pensa e trabalha a defici\u00eancia e a incapacidade n\u00e3o apenas como uma consequ\u00eancia das condi\u00e7\u00f5es biol\u00f3gicas que envolvem sa\u00fade\/doen\u00e7a, mas tamb\u00e9m como consequ\u00eancia do contexto do meio ambiente f\u00edsico, social, cultural e legal. Desta forma, esta linha busca desenvolver a reflex\u00e3o e a produ\u00e7\u00e3o de conhecimento acerca das rela\u00e7\u00f5es entre as diferentes estrat\u00e9gias de atividade f\u00edsica\/exerc\u00edcio f\u00edsico, e a sa\u00fade f\u00edsica e mental, individual ou coletiva. Diferente da linha \u201cDesempenho Humano\u201d que apresenta como desfecho prim\u00e1rio uma medida do potencial de um ou mais sistemas corporais, a linha \u201cAtividade F\u00edsica na Promo\u00e7\u00e3o da Sa\u00fade\u201d n\u00e3o se preocupa com medidas do potencial de sistemas corporais por si s\u00f3 (embora essas medidas possam estar presentes como desfechos) mas sim as medidas do estado de sa\u00fade f\u00edsica ou mental, individual ou coletiva, que constituem o desfecho prim\u00e1rio dos projetos desta linha de pesquisa. Esta linha explora as dimens\u00f5es da atividade f\u00edsica\/exerc\u00edcio f\u00edsico que possuem a capacidade de transformar (positiva ou negativamente) a sa\u00fade individual ou coletiva. Portanto, o conceito de sa\u00fade \u00e9 trabalhado de uma forma ampla, tendo como objetivo a compreens\u00e3o da estrutura e fun\u00e7\u00f5es dos sistemas corporais na aus\u00eancia ou presen\u00e7a de doen\u00e7a e agravos de sa\u00fade, em cen\u00e1rios da pr\u00e1tica da atividade f\u00edsica com diferentes fatores ambientais. Por exemplo, os projetos desta linha de pesquisa t\u00eam a inten\u00e7\u00e3o de investigar as rela\u00e7\u00f5es entre as estrat\u00e9gias de Atividade F\u00edsica utilizadas como ocupa\u00e7\u00e3o, transporte, esporte, lazer (destaca-se novamente aqui o redimensionamento dos estudos do Lazer) ou domiciliar e a Sa\u00fade. As rela\u00e7\u00f5es que a Educa\u00e7\u00e3o F\u00edsica mant\u00e9m com outras \u00e1reas das Ci\u00eancias da Sa\u00fade, tais como a Fisioterapia e Terapia Ocupacional, Nutri\u00e7\u00e3o, Medicina, Sa\u00fade P\u00fablica, Sa\u00fade Coletiva e Epidemiologia, entre outras, formam a base para os estudos da atividade f\u00edsica voltada para a sa\u00fade. Os Projetos de Pesquisa elencados a seguir, guardam rela\u00e7\u00e3o epistemol\u00f3gica com as delimita\u00e7\u00f5es destacadas acima.<\/p>\n<ol>\n<li>Ambiente constru\u00eddo, atividade f\u00edsica e estado nutricional em adultos: um estudo longitudinal. Respons\u00e1vel: Alex Antonio Florindo;<\/li>\n<li>Aplica\u00e7\u00e3o do exerc\u00edcio f\u00edsico com restri\u00e7\u00e3o do fluxo sangu\u00edneo e pr\u00e9 condicionamento isqu\u00eamico sobre par\u00e2metros de sa\u00fade e desempenho. Respons\u00e1vel: Gilberto Laurentino.<\/li>\n<li>Atividade f\u00edsica adaptada em indiv\u00edduos com altera\u00e7\u00f5es neurol\u00f3gicas. Respons\u00e1vel: Luis Mochizuki.<\/li>\n<li>Efeito do treinamento f\u00edsico contra o desenvolvimento de doen\u00e7as metab\u00f3licas. Respons\u00e1vel: Fabiana Evangelista.<\/li>\n<li>Efeitos do treinamento f\u00edsico na estrutura e metabolismo cerebral, cogni\u00e7\u00e3o e controle neurovascular em indiv\u00edduos com apn\u00e9ia obstrutiva do sono. Respons\u00e1vel: Linda Ueno Pardi.<\/li>\n<li>Estudos sobre a promo\u00e7\u00e3o da sa\u00fade baseada em programas de atividade f\u00edsica, pr\u00e1ticas corporais e art\u00edsticas. Respons\u00e1vel: Alex Antonio Florindo.<\/li>\n<li>Fatores determinantes e associados \u00e0 pr\u00e1tica regular de exerc\u00edcios f\u00edsicos. Respons\u00e1vel: Ricardo Asano.<\/li>\n<li>Papel da nutri\u00e7\u00e3o e suplementa\u00e7\u00e3o nas respostas associadas \u00e0 atividade f\u00edsica. Respons\u00e1vel: Reury Frank Bacurau.<\/li>\n<li>Pesquisa em pol\u00edticas de esporte e de lazer. Respons\u00e1vel: Ricardo Uvinha.<\/li>\n<\/ol>\n<p>&nbsp;<\/p>\n<h3>Refer\u00eancias utilizadas nas bases conceituais da proposta do PPG-CAF<\/h3>\n<p>2018 Physical Activity Guidelines Advisory Committee Scientific Report. Washington, DC: U.S. Department of Health and Human Services, 2018.<\/p>\n<p>ACSM&#8217;s Health-Related Physical Fitness Assessment Manual Fourth Edition, 2008 American College of Sports Medicine.<\/p>\n<p>U.S. Department of Health and Human Services. Physical Activity and Health: A Report of the Surgeon General. Atlanta, GA: U.S. Department of Health and Human Services, Centers for Disease Control and Prevention, National Center for Chronic Disease Prevention and Health Promotion, 1996.<\/p>\n<p>Encontro Internacional Direito a Sa\u00fade, Cobertura Universal e Integralidade poss\u00edvel. <a href=\"https:\/\/ammg.org.br\/?noticia=especialistas-discutem-direito-a-saude\">https:\/\/ammg.org.br\/?noticia=especialistas-discutem-direito-a-saude<\/a>, 2016.<\/p>\n<p>Norma Farias, Cassia Maria Buchalla. A Classifica\u00e7\u00e3o Internacional de Funcionalidade, Incapacidade e Sa\u00fade da Organiza\u00e7\u00e3o Mundial da Sa\u00fade: Conceitos, Usos e Perspectivas, 2005. Revista Brasileira de Epidemiologia, 2005; 8(2): 187-93.<\/p>\n<p>&nbsp;<\/p>\n","protected":false},"excerpt":{"rendered":"<p>Clique abaixo para saber mais sobre os Grupos de Pesquisa vinculados ao Programa de Ci\u00eancias da Atividade F\u00edsica CONHE\u00c7A OS GRUPOS DE PESQUISA &nbsp; \u00c1REA DE CONCENTRA\u00c7\u00c3O: Atividade F\u00edsica e Sa\u00fade As duas linhas de pesquisa em andamento, a saber: 1- DESEMPENHO HUMANO; e 2- ATIVIDADE F\u00cdSICA NA PROMO\u00c7\u00c3O DA SA\u00daDE; refor\u00e7am a identidade do programa centrada na sua \u00e1rea de concentra\u00e7\u00e3o denominada \u201cAtividade F\u00edsica e Sa\u00fade\u201d. Esta \u00e1rea de concentra\u00e7\u00e3o agrega conhecimento cient\u00edfico que permite desenvolver e compreender as aptid\u00f5es, condi\u00e7\u00f5es e potencialidades humanas, organizando e sistematizando a produ\u00e7\u00e3o de conhecimento nos dom\u00ednios que integram as defini\u00e7\u00f5es de \u201cAtividade F\u00edsica\u201d de um lado e \u201cSa\u00fade\u201d de outro. S\u00e3o dom\u00ednios da \u201cAtividade F\u00edsica\u201d atividades como ocupa\u00e7\u00e3o, transporte, esporte, terapias, lazer ou em domic\u00edlio. S\u00e3o dom\u00ednios da \u201cSa\u00fade\u201d os aspectos f\u00edsicos, sociais e psicol\u00f3gicos que caracterizam desde a capacidade de aproveitar a vida e suportar desafios, at\u00e9 a aus\u00eancia de doen\u00e7a ou presen\u00e7a de morbidade\/mortalidade. Dessa forma esta \u00e1rea de concentra\u00e7\u00e3o \u00e9 viabilizada por meio de projetos de pesquisa que fomentam as linhas \u201cDesempenho Humano\u201d e \u201cAtividade F\u00edsica na Promo\u00e7\u00e3o da Sa\u00fade\u201d, as quais possuem diferentes objetos de estudo e distintas vari\u00e1veis de desfecho, por\u00e9m, com complementaridade entre elas. &nbsp; LINHAS [&#8230;]<\/p>\n","protected":false},"author":24533,"featured_media":0,"parent":0,"menu_order":0,"comment_status":"closed","ping_status":"closed","template":"page-full.php","meta":{"footnotes":"","_links_to":"","_links_to_target":""},"class_list":["post-1087","page","type-page","status-publish","hentry"],"_links":{"self":[{"href":"https:\/\/sites.usp.br\/ppgcaf\/wp-json\/wp\/v2\/pages\/1087","targetHints":{"allow":["GET"]}}],"collection":[{"href":"https:\/\/sites.usp.br\/ppgcaf\/wp-json\/wp\/v2\/pages"}],"about":[{"href":"https:\/\/sites.usp.br\/ppgcaf\/wp-json\/wp\/v2\/types\/page"}],"author":[{"embeddable":true,"href":"https:\/\/sites.usp.br\/ppgcaf\/wp-json\/wp\/v2\/users\/24533"}],"replies":[{"embeddable":true,"href":"https:\/\/sites.usp.br\/ppgcaf\/wp-json\/wp\/v2\/comments?post=1087"}],"version-history":[{"count":4,"href":"https:\/\/sites.usp.br\/ppgcaf\/wp-json\/wp\/v2\/pages\/1087\/revisions"}],"predecessor-version":[{"id":1134,"href":"https:\/\/sites.usp.br\/ppgcaf\/wp-json\/wp\/v2\/pages\/1087\/revisions\/1134"}],"wp:attachment":[{"href":"https:\/\/sites.usp.br\/ppgcaf\/wp-json\/wp\/v2\/media?parent=1087"}],"curies":[{"name":"wp","href":"https:\/\/api.w.org\/{rel}","templated":true}]}}