{"id":1102,"date":"2025-03-09T10:29:54","date_gmt":"2025-03-09T12:29:54","guid":{"rendered":"https:\/\/sites.usp.br\/ppgcaf\/?page_id=1102"},"modified":"2025-03-09T10:35:56","modified_gmt":"2025-03-09T12:35:56","slug":"insercao","status":"publish","type":"page","link":"https:\/\/sites.usp.br\/ppgcaf\/insercao\/","title":{"rendered":"Inser\u00e7\u00e3o"},"content":{"rendered":"<h2>VISITAS T\u00c9CNICAS<\/h2>\n<p><a href=\"https:\/\/sites.usp.br\/ppgcaf\/wp-content\/uploads\/sites\/789\/2025\/03\/OXFORD.jpeg\"><img loading=\"lazy\" decoding=\"async\" class=\"size-medium wp-image-1103 alignleft\" src=\"https:\/\/sites.usp.br\/ppgcaf\/wp-content\/uploads\/sites\/789\/2025\/03\/OXFORD-300x169.jpeg\" alt=\"\" width=\"300\" height=\"169\" srcset=\"https:\/\/sites.usp.br\/ppgcaf\/wp-content\/uploads\/sites\/789\/2025\/03\/OXFORD-300x169.jpeg 300w, https:\/\/sites.usp.br\/ppgcaf\/wp-content\/uploads\/sites\/789\/2025\/03\/OXFORD-1024x576.jpeg 1024w, https:\/\/sites.usp.br\/ppgcaf\/wp-content\/uploads\/sites\/789\/2025\/03\/OXFORD-768x432.jpeg 768w, https:\/\/sites.usp.br\/ppgcaf\/wp-content\/uploads\/sites\/789\/2025\/03\/OXFORD-310x174.jpeg 310w, https:\/\/sites.usp.br\/ppgcaf\/wp-content\/uploads\/sites\/789\/2025\/03\/OXFORD-400x225.jpeg 400w, https:\/\/sites.usp.br\/ppgcaf\/wp-content\/uploads\/sites\/789\/2025\/03\/OXFORD.jpeg 1152w\" sizes=\"auto, (max-width: 300px) 100vw, 300px\" \/><\/a><\/p>\n<p><a href=\"https:\/\/sites.usp.br\/ppgcaf\/simulacoes__trashed\/universidade-de-oxford\/\">Universidade de Oxford<\/a><\/p>\n<p>Prof. Dr. Carlos Monteiro e alunos do grupo de pesquisa PATER em visita T\u00e9cnica ao laborat\u00f3rio da Profa. Dra. Helen Dawes na Universidade de Oxford UK- 2017.<\/p>\n<p>&nbsp;<\/p>\n<p>&nbsp;<\/p>\n<p>&nbsp;<\/p>\n<p>&nbsp;<\/p>\n<p><a href=\"https:\/\/sites.usp.br\/ppgcaf\/wp-content\/uploads\/sites\/789\/2025\/03\/porto.jpeg\"><img loading=\"lazy\" decoding=\"async\" class=\"size-medium wp-image-1104 alignleft\" src=\"https:\/\/sites.usp.br\/ppgcaf\/wp-content\/uploads\/sites\/789\/2025\/03\/porto-300x169.jpeg\" alt=\"\" width=\"300\" height=\"169\" srcset=\"https:\/\/sites.usp.br\/ppgcaf\/wp-content\/uploads\/sites\/789\/2025\/03\/porto-300x169.jpeg 300w, https:\/\/sites.usp.br\/ppgcaf\/wp-content\/uploads\/sites\/789\/2025\/03\/porto-310x174.jpeg 310w, https:\/\/sites.usp.br\/ppgcaf\/wp-content\/uploads\/sites\/789\/2025\/03\/porto-400x225.jpeg 400w, https:\/\/sites.usp.br\/ppgcaf\/wp-content\/uploads\/sites\/789\/2025\/03\/porto.jpeg 768w\" sizes=\"auto, (max-width: 300px) 100vw, 300px\" \/><\/a>\u00a0<a href=\"https:\/\/sites.usp.br\/ppgcaf\/universidade-do-porto\/\">Universidade do Porto<\/a><\/p>\n<p>Prof. Dr. Ulysses Ervilha em visita a Universidade do Porto em abril de 2017.<\/p>\n<p>&nbsp;<\/p>\n<p>&nbsp;<\/p>\n<p>&nbsp;<\/p>\n<p>&nbsp;<\/p>\n<p><a href=\"https:\/\/sites.usp.br\/ppgcaf\/wp-content\/uploads\/sites\/789\/2025\/03\/Illinois-768x576-1.jpeg\"><img loading=\"lazy\" decoding=\"async\" class=\"size-medium wp-image-1105 alignleft\" src=\"https:\/\/sites.usp.br\/ppgcaf\/wp-content\/uploads\/sites\/789\/2025\/03\/Illinois-768x576-1-300x225.jpeg\" alt=\"\" width=\"300\" height=\"225\" srcset=\"https:\/\/sites.usp.br\/ppgcaf\/wp-content\/uploads\/sites\/789\/2025\/03\/Illinois-768x576-1-300x225.jpeg 300w, https:\/\/sites.usp.br\/ppgcaf\/wp-content\/uploads\/sites\/789\/2025\/03\/Illinois-768x576-1-80x60.jpeg 80w, https:\/\/sites.usp.br\/ppgcaf\/wp-content\/uploads\/sites\/789\/2025\/03\/Illinois-768x576-1-400x300.jpeg 400w, https:\/\/sites.usp.br\/ppgcaf\/wp-content\/uploads\/sites\/789\/2025\/03\/Illinois-768x576-1.jpeg 768w\" sizes=\"auto, (max-width: 300px) 100vw, 300px\" \/><\/a>\u00a0<a href=\"https:\/\/sites.usp.br\/ppgcaf\/universidade-de-illinois\/\">Universidade de Illinois<\/a><\/p>\n<p>Professora Dr. Mar\u00edlia Velardi e seu aluno Andr\u00e9 Estevez (ECOAR\/ EACH \u2013 USP) em visita t\u00e9cnica a Universidade de Illinois juntamente com Vernita Pearl Fort, University of Illinois e Renata Matsuo (ECOAR).<\/p>\n<p>&nbsp;<\/p>\n<p>&nbsp;<\/p>\n<p>&nbsp;<\/p>\n<p>&nbsp;<\/p>\n<p><strong>Universidade de Essex 2018<\/strong><br \/>\nOs alunos de Mestrado do PPG-CAF Cayque Brietzke e Paulo Estev\u00e3o Franco Alvarenga ambos orientados pelo Professor Dr. Fl\u00e1vio de Oliveira Pires realizaram uma visita t\u00e9cnica em julho de 2018 na University of Essex sob a supervis\u00e3o da Prof. Dr. Florentina Hettinga.<\/p>\n<p><strong>Universidade de Kent 2019<\/strong><br \/>\nO aluno de Mestrado do PPG-CAF Raul Canestri orientando do Professor Dr. Fl\u00e1vio de Oliveira Pires realizou uma visita t\u00e9cnica em janeiro de 2019 na University of Kent sob a supervis\u00e3o do Prof. Dr. Lex Mauger.<\/p>\n<p>&nbsp;<\/p>\n<p><a href=\"https:\/\/sites.usp.br\/ppgcaf\/wp-content\/uploads\/sites\/789\/2025\/03\/ba.jpeg\"><img loading=\"lazy\" decoding=\"async\" class=\"size-medium wp-image-1107 alignleft\" src=\"https:\/\/sites.usp.br\/ppgcaf\/wp-content\/uploads\/sites\/789\/2025\/03\/ba-300x253.jpeg\" alt=\"\" width=\"300\" height=\"253\" srcset=\"https:\/\/sites.usp.br\/ppgcaf\/wp-content\/uploads\/sites\/789\/2025\/03\/ba-300x253.jpeg 300w, https:\/\/sites.usp.br\/ppgcaf\/wp-content\/uploads\/sites\/789\/2025\/03\/ba-400x337.jpeg 400w, https:\/\/sites.usp.br\/ppgcaf\/wp-content\/uploads\/sites\/789\/2025\/03\/ba.jpeg 768w\" sizes=\"auto, (max-width: 300px) 100vw, 300px\" \/><\/a><a href=\"https:\/\/sites.usp.br\/ppgcaf\/universidade-de-bath\/\">Universidade de Bath<\/a><br \/>\n\u201cProf. Ricardo Uvinha em visita \u00e0 Universidade de Bath, Inglaterra, para discutir sobre o Esporte no contexto do Turismo e Lazer\u201d<\/p>\n<p>&nbsp;<\/p>\n<p>&nbsp;<\/p>\n<p>&nbsp;<\/p>\n<p>&nbsp;<\/p>\n<p>&nbsp;<\/p>\n<p>&nbsp;<\/p>\n<p>&nbsp;<\/p>\n<h2>CONVIDADOS INTERNACIONAIS<\/h2>\n<header class=\"post-header\">\n<h2 class=\"entry-title\"><a href=\"https:\/\/sites.usp.br\/ppgcaf\/wp-content\/uploads\/sites\/789\/2020\/09\/prof-joseph-hamill.jpeg\"><img loading=\"lazy\" decoding=\"async\" class=\"wp-image-203 alignleft\" src=\"https:\/\/sites.usp.br\/ppgcaf\/wp-content\/uploads\/sites\/789\/2020\/09\/prof-joseph-hamill.jpeg\" alt=\"\" width=\"133\" height=\"181\" \/><\/a><\/h2>\n<p class=\"entry-title\"><a href=\"https:\/\/sites.usp.br\/ppgcaf\/profo-dr-joseph-hamill\/\">Prof\u00ba Dr. Joseph Hamill &#8211;\u00a0University of Massachussets<\/a><\/p>\n<\/header>\n<div class=\"entry clearfix\">O Programa de P\u00f3s-Gradua\u00e7\u00e3o em Ci\u00eancias da Atividade F\u00edsica (EACH-USP) organizou em parceria com outros programas de p\u00f3s-gradua\u00e7\u00e3o, a \u201cEscola Avan\u00e7ada de Educa\u00e7\u00e3o F\u00edsica, Fisioterapia, Fonoaudiologia e Terapia Ocupacional da USP\u201d. Recebemos a visita do PhD Joseph Hamill \u2013 University of Massachusetts que palestrou sobre biomec\u00e2nica<\/div>\n<div><\/div>\n<div><\/div>\n<div><\/div>\n<div><\/div>\n<div>\n<h1 class=\"entry-title\"><a href=\"https:\/\/sites.usp.br\/ppgcaf\/wp-content\/uploads\/sites\/789\/2025\/03\/lex-mauger_339000000088320161025083402.jpeg\"><img loading=\"lazy\" decoding=\"async\" class=\"size-medium wp-image-1098 alignleft\" src=\"https:\/\/sites.usp.br\/ppgcaf\/wp-content\/uploads\/sites\/789\/2025\/03\/lex-mauger_339000000088320161025083402-300x271.jpeg\" alt=\"\" width=\"300\" height=\"271\" srcset=\"https:\/\/sites.usp.br\/ppgcaf\/wp-content\/uploads\/sites\/789\/2025\/03\/lex-mauger_339000000088320161025083402-300x271.jpeg 300w, https:\/\/sites.usp.br\/ppgcaf\/wp-content\/uploads\/sites\/789\/2025\/03\/lex-mauger_339000000088320161025083402-1024x926.jpeg 1024w, https:\/\/sites.usp.br\/ppgcaf\/wp-content\/uploads\/sites\/789\/2025\/03\/lex-mauger_339000000088320161025083402-768x695.jpeg 768w, https:\/\/sites.usp.br\/ppgcaf\/wp-content\/uploads\/sites\/789\/2025\/03\/lex-mauger_339000000088320161025083402-400x362.jpeg 400w, https:\/\/sites.usp.br\/ppgcaf\/wp-content\/uploads\/sites\/789\/2025\/03\/lex-mauger_339000000088320161025083402.jpeg 1280w\" sizes=\"auto, (max-width: 300px) 100vw, 300px\" \/><\/a><\/h1>\n<h1 class=\"entry-title\"><img loading=\"lazy\" decoding=\"async\" class=\"size-medium wp-image-1099 alignleft\" src=\"https:\/\/sites.usp.br\/ppgcaf\/wp-content\/uploads\/sites\/789\/2025\/03\/dominic-micklewright_339000000088320161025083418-300x169.jpeg\" alt=\"\" width=\"300\" height=\"169\" srcset=\"https:\/\/sites.usp.br\/ppgcaf\/wp-content\/uploads\/sites\/789\/2025\/03\/dominic-micklewright_339000000088320161025083418-300x169.jpeg 300w, https:\/\/sites.usp.br\/ppgcaf\/wp-content\/uploads\/sites\/789\/2025\/03\/dominic-micklewright_339000000088320161025083418-1024x576.jpeg 1024w, https:\/\/sites.usp.br\/ppgcaf\/wp-content\/uploads\/sites\/789\/2025\/03\/dominic-micklewright_339000000088320161025083418-768x432.jpeg 768w, https:\/\/sites.usp.br\/ppgcaf\/wp-content\/uploads\/sites\/789\/2025\/03\/dominic-micklewright_339000000088320161025083418-310x174.jpeg 310w, https:\/\/sites.usp.br\/ppgcaf\/wp-content\/uploads\/sites\/789\/2025\/03\/dominic-micklewright_339000000088320161025083418-400x225.jpeg 400w, https:\/\/sites.usp.br\/ppgcaf\/wp-content\/uploads\/sites\/789\/2025\/03\/dominic-micklewright_339000000088320161025083418.jpeg 1280w\" sizes=\"auto, (max-width: 300px) 100vw, 300px\" \/><\/h1>\n<h1><\/h1>\n<h1><\/h1>\n<h1><\/h1>\n<p><a href=\"https:\/\/sites.usp.br\/ppgcaf\/profs-mauger-e-micklewright\/\">Prof. Micklewright &#8211; University of Essex<\/a><\/p>\n<\/div>\n<div>\n<p class=\"entry-title\"><a href=\"https:\/\/sites.usp.br\/ppgcaf\/profs-mauger-e-micklewright\/\">Prof. Mauger &#8211; University of Kent<\/a><\/p>\n<\/div>\n<p>O Programa de P\u00f3s-Gradua\u00e7\u00e3o em Ci\u00eacias da Atividade F\u00edsica organizou juntamente a outros programas a Escola de Estudos Avan\u00e7ados USP. Nos dias 29 e 30 recebemos os Professores Lex Mauger (Universidade de Kent) e Dominic Micklewright (University of Essex). Al\u00e9m de compartilhar suas experi\u00eancias os professores ministraram palestras sobre temas relevantes da \u00e1rea como \u201cSensa\u00e7\u00e3o de dor durante o exerc\u00edcio de endurance\u201d (Lex Mauger) e \u201cTomadas de decis\u00e3o consciente e subconsciente durante o exerc\u00edcio\u201d (Dominic Micklewright). Os v\u00eddeos com as palestras podem ser assistidos clicando no link.<\/p>\n<p>&nbsp;<\/p>\n<p>&nbsp;<\/p>\n<p><a href=\"https:\/\/sites.usp.br\/ppgcaf\/wp-content\/uploads\/sites\/789\/2025\/03\/6q_339000000112620170501174221.jpeg\"><img loading=\"lazy\" decoding=\"async\" class=\"size-medium wp-image-1100 alignleft\" src=\"https:\/\/sites.usp.br\/ppgcaf\/wp-content\/uploads\/sites\/789\/2025\/03\/6q_339000000112620170501174221-300x169.jpeg\" alt=\"\" width=\"300\" height=\"169\" srcset=\"https:\/\/sites.usp.br\/ppgcaf\/wp-content\/uploads\/sites\/789\/2025\/03\/6q_339000000112620170501174221-300x169.jpeg 300w, https:\/\/sites.usp.br\/ppgcaf\/wp-content\/uploads\/sites\/789\/2025\/03\/6q_339000000112620170501174221-1024x575.jpeg 1024w, https:\/\/sites.usp.br\/ppgcaf\/wp-content\/uploads\/sites\/789\/2025\/03\/6q_339000000112620170501174221-768x431.jpeg 768w, https:\/\/sites.usp.br\/ppgcaf\/wp-content\/uploads\/sites\/789\/2025\/03\/6q_339000000112620170501174221-310x174.jpeg 310w, https:\/\/sites.usp.br\/ppgcaf\/wp-content\/uploads\/sites\/789\/2025\/03\/6q_339000000112620170501174221-400x225.jpeg 400w, https:\/\/sites.usp.br\/ppgcaf\/wp-content\/uploads\/sites\/789\/2025\/03\/6q_339000000112620170501174221.jpeg 1280w\" sizes=\"auto, (max-width: 300px) 100vw, 300px\" \/><\/a><a href=\"https:\/\/sites.usp.br\/ppgcaf\/universidade-de-wollongong\/\">Reuni\u00e3o de Pesquisadores com a Universidade de Wollongong<\/a><\/p>\n<div>Reuni\u00e3o entre pesquisadores do Grupo de Estudos e Pesquisas Epidemiol\u00f3gicas em Atividade F\u00edsica e Sa\u00fade e pesquisadores do Early Start Centre da University of Wollongong, Austr\u00e1lia, com o objetivo de firmar um conv\u00eanio UGPN para parcerias em pesquisas na \u00e1rea de atividade f\u00edsica e sa\u00fade.<\/div>\n","protected":false},"excerpt":{"rendered":"<p>VISITAS T\u00c9CNICAS Universidade de Oxford Prof. Dr. Carlos Monteiro e alunos do grupo de pesquisa PATER em visita T\u00e9cnica ao laborat\u00f3rio da Profa. Dra. Helen Dawes na Universidade de Oxford UK- 2017. &nbsp; &nbsp; &nbsp; &nbsp; \u00a0Universidade do Porto Prof. Dr. Ulysses Ervilha em visita a Universidade do Porto em abril de 2017. &nbsp; &nbsp; &nbsp; &nbsp; \u00a0Universidade de Illinois Professora Dr. Mar\u00edlia Velardi e seu aluno Andr\u00e9 Estevez (ECOAR\/ EACH \u2013 USP) em visita t\u00e9cnica a Universidade de Illinois juntamente com Vernita Pearl Fort, University of Illinois e Renata Matsuo (ECOAR). &nbsp; &nbsp; &nbsp; &nbsp; Universidade de Essex 2018 Os alunos de Mestrado do PPG-CAF Cayque Brietzke e Paulo Estev\u00e3o Franco Alvarenga ambos orientados pelo Professor Dr. Fl\u00e1vio de Oliveira Pires realizaram uma visita t\u00e9cnica em julho de 2018 na University of Essex sob a supervis\u00e3o da Prof. Dr. Florentina Hettinga. Universidade de Kent 2019 O aluno de Mestrado do PPG-CAF Raul Canestri orientando do Professor Dr. Fl\u00e1vio de Oliveira Pires realizou uma visita t\u00e9cnica em janeiro de 2019 na University of Kent sob a supervis\u00e3o do Prof. Dr. Lex Mauger. &nbsp; Universidade de Bath \u201cProf. Ricardo Uvinha em visita \u00e0 Universidade de Bath, Inglaterra, para discutir sobre o [&#8230;]<\/p>\n","protected":false},"author":24533,"featured_media":0,"parent":0,"menu_order":0,"comment_status":"closed","ping_status":"closed","template":"page-full.php","meta":{"footnotes":"","_links_to":"","_links_to_target":""},"class_list":["post-1102","page","type-page","status-publish","hentry"],"_links":{"self":[{"href":"https:\/\/sites.usp.br\/ppgcaf\/wp-json\/wp\/v2\/pages\/1102","targetHints":{"allow":["GET"]}}],"collection":[{"href":"https:\/\/sites.usp.br\/ppgcaf\/wp-json\/wp\/v2\/pages"}],"about":[{"href":"https:\/\/sites.usp.br\/ppgcaf\/wp-json\/wp\/v2\/types\/page"}],"author":[{"embeddable":true,"href":"https:\/\/sites.usp.br\/ppgcaf\/wp-json\/wp\/v2\/users\/24533"}],"replies":[{"embeddable":true,"href":"https:\/\/sites.usp.br\/ppgcaf\/wp-json\/wp\/v2\/comments?post=1102"}],"version-history":[{"count":2,"href":"https:\/\/sites.usp.br\/ppgcaf\/wp-json\/wp\/v2\/pages\/1102\/revisions"}],"predecessor-version":[{"id":1108,"href":"https:\/\/sites.usp.br\/ppgcaf\/wp-json\/wp\/v2\/pages\/1102\/revisions\/1108"}],"wp:attachment":[{"href":"https:\/\/sites.usp.br\/ppgcaf\/wp-json\/wp\/v2\/media?parent=1102"}],"curies":[{"name":"wp","href":"https:\/\/api.w.org\/{rel}","templated":true}]}}