{"id":1167,"date":"2025-03-10T11:52:49","date_gmt":"2025-03-10T13:52:49","guid":{"rendered":"https:\/\/sites.usp.br\/ppgcaf\/?page_id=1167"},"modified":"2025-03-10T11:52:49","modified_gmt":"2025-03-10T13:52:49","slug":"objetivos-e-perfil-do-egresso","status":"publish","type":"page","link":"https:\/\/sites.usp.br\/ppgcaf\/objetivos-e-perfil-do-egresso\/","title":{"rendered":"Objetivos e Perfil do Egresso"},"content":{"rendered":"<p>Alinhado \u00e0s miss\u00f5es da USP e da EACH-USP, o Programa de P\u00f3s-Gradua\u00e7\u00e3o em Ci\u00eancias da Atividade F\u00edsica (PPG-CAF), criado em 2014 e sediado na EACH-USP, tem a miss\u00e3o de contribuir para o desenvolvimento das Ci\u00eancias da Atividade F\u00edsica por meio da excel\u00eancia na pesquisa cient\u00edfica e forma\u00e7\u00e3o de recursos humanos. S\u00e3o objetivos do PPG-CAF:<\/p>\n<ol>\n<li>Produzir conhecimento de qualidade nas linhas de pesquisa que comp\u00f5em a \u00e1rea de concentra\u00e7\u00e3o Atividade F\u00edsica e Sa\u00fade;<\/li>\n<li>Formar mestres aptos a exercer a doc\u00eancia em ensino superior e realizar pesquisa nas dimens\u00f5es da Atividade F\u00edsica e Sa\u00fade;<\/li>\n<li>Formar mestres capazes de oferecer presta\u00e7\u00e3o de servi\u00e7os de qualidade nas diferentes demandas profissionais na \u00e1rea da Atividade F\u00edsica e Sa\u00fade.<\/li>\n<\/ol>\n<p>Em conformidade com os objetivos do programa, espera-se que o egresso do PPG-CAF:<\/p>\n<ul>\n<li>Atue com dilig\u00eancia e alto grau de compet\u00eancia em pesquisa cient\u00edfica relacionada \u00e0 Atividade F\u00edsica e Sa\u00fade, no ambiente acad\u00eamico e n\u00e3o acad\u00eamico;<\/li>\n<li>Esteja apto \u00e0 doc\u00eancia no ensino superior nas disciplinas ligadas \u00e0s Ci\u00eancias da Atividade F\u00edsica e Sa\u00fade;<\/li>\n<li>Tenha capacidade de propor, liderar e\/ou supervisionar projetos nas diferentes \u00e1reas de atua\u00e7\u00e3o profissional sobre Atividade F\u00edsica e Sa\u00fade.<\/li>\n<\/ul>\n","protected":false},"excerpt":{"rendered":"<p>Alinhado \u00e0s miss\u00f5es da USP e da EACH-USP, o Programa de P\u00f3s-Gradua\u00e7\u00e3o em Ci\u00eancias da Atividade F\u00edsica (PPG-CAF), criado em 2014 e sediado na EACH-USP, tem a miss\u00e3o de contribuir para o desenvolvimento das Ci\u00eancias da Atividade F\u00edsica por meio da excel\u00eancia na pesquisa cient\u00edfica e forma\u00e7\u00e3o de recursos humanos. S\u00e3o objetivos do PPG-CAF: Produzir conhecimento de qualidade nas linhas de pesquisa que comp\u00f5em a \u00e1rea de concentra\u00e7\u00e3o Atividade F\u00edsica e Sa\u00fade; Formar mestres aptos a exercer a doc\u00eancia em ensino superior e realizar pesquisa nas dimens\u00f5es da Atividade F\u00edsica e Sa\u00fade; Formar mestres capazes de oferecer presta\u00e7\u00e3o de servi\u00e7os de qualidade nas diferentes demandas profissionais na \u00e1rea da Atividade F\u00edsica e Sa\u00fade. Em conformidade com os objetivos do programa, espera-se que o egresso do PPG-CAF: Atue com dilig\u00eancia e alto grau de compet\u00eancia em pesquisa cient\u00edfica relacionada \u00e0 Atividade F\u00edsica e Sa\u00fade, no ambiente acad\u00eamico e n\u00e3o acad\u00eamico; Esteja apto \u00e0 doc\u00eancia no ensino superior nas disciplinas ligadas \u00e0s Ci\u00eancias da Atividade F\u00edsica e Sa\u00fade; Tenha capacidade de propor, liderar e\/ou supervisionar projetos nas diferentes \u00e1reas de atua\u00e7\u00e3o profissional sobre Atividade F\u00edsica e Sa\u00fade.<\/p>\n","protected":false},"author":24533,"featured_media":0,"parent":0,"menu_order":0,"comment_status":"closed","ping_status":"closed","template":"page-full.php","meta":{"footnotes":"","_links_to":"","_links_to_target":""},"class_list":["post-1167","page","type-page","status-publish","hentry"],"_links":{"self":[{"href":"https:\/\/sites.usp.br\/ppgcaf\/wp-json\/wp\/v2\/pages\/1167","targetHints":{"allow":["GET"]}}],"collection":[{"href":"https:\/\/sites.usp.br\/ppgcaf\/wp-json\/wp\/v2\/pages"}],"about":[{"href":"https:\/\/sites.usp.br\/ppgcaf\/wp-json\/wp\/v2\/types\/page"}],"author":[{"embeddable":true,"href":"https:\/\/sites.usp.br\/ppgcaf\/wp-json\/wp\/v2\/users\/24533"}],"replies":[{"embeddable":true,"href":"https:\/\/sites.usp.br\/ppgcaf\/wp-json\/wp\/v2\/comments?post=1167"}],"version-history":[{"count":1,"href":"https:\/\/sites.usp.br\/ppgcaf\/wp-json\/wp\/v2\/pages\/1167\/revisions"}],"predecessor-version":[{"id":1168,"href":"https:\/\/sites.usp.br\/ppgcaf\/wp-json\/wp\/v2\/pages\/1167\/revisions\/1168"}],"wp:attachment":[{"href":"https:\/\/sites.usp.br\/ppgcaf\/wp-json\/wp\/v2\/media?parent=1167"}],"curies":[{"name":"wp","href":"https:\/\/api.w.org\/{rel}","templated":true}]}}