{"id":317,"date":"2020-12-11T15:42:44","date_gmt":"2020-12-11T17:42:44","guid":{"rendered":"http:\/\/sites.usp.br\/ppgcaf\/?page_id=317"},"modified":"2025-03-07T15:43:05","modified_gmt":"2025-03-07T17:43:05","slug":"processo-seletivo","status":"publish","type":"page","link":"https:\/\/sites.usp.br\/ppgcaf\/processo-seletivo\/","title":{"rendered":"Processo seletivo"},"content":{"rendered":"<section class=\"clear\">\n<h1 class=\"post-header\">Como ingressar no Programa<\/h1>\n<div class=\"post-229 page type-page status-publish has-post-thumbnail hentry\">\n<div class=\"entry clearfix\">\n<div class=\"wrapper row3\">\n<div id=\"container\">\n<div class=\"three_quarter first\">\n<section class=\"clear\">\n<div>No Programa de Mestrado em Ci\u00eancias da Atividade F\u00edsica, o processo seletivo ocorre em fluxo cont\u00ednuo. O candidato que tem anu\u00eancia de um orientador e profici\u00eancia em l\u00edngua Inglesa pode entrar no processo de sele\u00e7\u00e3o. Cada solicita\u00e7\u00e3o de ingresso \u00e9 analisada por at\u00e9 dois assessores do Programa. O edital e formul\u00e1rios requeridos no momento da inscri\u00e7\u00e3o est\u00e3o abaixo.<\/div>\n<p>Os candidatos dever\u00e3o preencher todos os requisitos do edital e realizar a <a href=\"https:\/\/docs.google.com\/forms\/d\/e\/1FAIpQLScNTQ3xz-bAeTsFTT9lWJreFkGz8CKzouoZjj56AnjiiTpj8A\/viewform?usp=dialog\" target=\"_blank\" rel=\"noopener\">clicando aqui em submiss\u00e3o dos documentos<\/a>, ou acessando diretamente o link:<\/p>\n<p><a href=\"https:\/\/docs.google.com\/forms\/d\/e\/1FAIpQLScNTQ3xz-bAeTsFTT9lWJreFkGz8CKzouoZjj56AnjiiTpj8A\/viewform?usp=dialog\" target=\"_blank\" rel=\"noopener\">https:\/\/docs.google.com\/forms\/d\/e\/1FAIpQLScNTQ3xz-bAeTsFTT9lWJreFkGz8CKzouoZjj56AnjiiTpj8A\/viewform?usp=dialog<\/a><\/p>\n<\/section>\n<\/div>\n<\/div>\n<\/div>\n<\/div>\n<\/div>\n<\/section>\n<p>&nbsp;<\/p>\n<p>Download do <a href=\"http:\/\/www5.each.usp.br\/mestrado-academico-em-ciencias-da-atividade-fisica\/\" target=\"_blank\" rel=\"noopener\">Edital Completo 2025<\/a>.<\/p>\n<p>Veja tamb\u00e9m: <a href=\"https:\/\/sites.usp.br\/ppgcaf\/regulamento\/\">Regulamento do Programa de P\u00f3s-Gradua\u00e7\u00e3o em Ci\u00eancias da Atividade F\u00edsica<\/a><\/p>\n<p>&nbsp;<\/p>\n<h1>EDITAL<\/h1>\n<p>UNIVERSIDADE DE S\u00c3O PAULO (USP)<br \/>\nESCOLA DE ARTES, CI\u00caNCIAS E HUMANIDADES (EACH)<br \/>\nSERVI\u00c7O DE P\u00d3S-GRADUA\u00c7\u00c3O \u2013 EACH \/USP<br \/>\nEDITAL EACH 105\/2024 \u2013 COMISS\u00c3O DE P\u00d3S-GRADUA\u00c7\u00c3O (CPG)<br \/>\nPROCESSO SELETIVO PARA INGRESSO NO PROGRAMA DE P\u00d3S-GRADUA\u00c7\u00c3O EM<br \/>\nCI\u00caNCIAS DA ATIVIDADE F\u00cdSICA &#8211; MESTRADO<\/p>\n<h2>I &#8211; INSCRI\u00c7\u00c3O<\/h2>\n<p>I.1. Este edital \u00e9 regido pelos artigos 36, 37, 38 e 39 do Regimento de P\u00f3sGradua\u00e7\u00e3o da Universidade de S\u00e3o Paulo e tem como objetivo definir as regras do processo de<br \/>\nsele\u00e7\u00e3o de alunos para o ingresso no curso de mestrado do Programa de P\u00f3s-Gradua\u00e7\u00e3o em<br \/>\nCi\u00eancias da Atividade F\u00edsica (PPGCAF) da Escola de Artes, Ci\u00eancias e Humanidades da USP<br \/>\n(EACH-USP) para o ano de 2025.<br \/>\nI.2. As inscri\u00e7\u00f5es para este processo de sele\u00e7\u00e3o ser\u00e3o realizadas em fluxo cont\u00ednuo, a<br \/>\npartir de 16 de Dezembro de 2024 at\u00e9 as 23 horas e 59 minutos do dia 23 de dezembro de<br \/>\n2025.<br \/>\nI.3. O chamamento da entrevista para ingresso no curso de mestrado ser\u00e1 informado por email encaminhado pela coordena\u00e7\u00e3o do PPGCAF ao candidato. A data da<br \/>\nentrevista ser\u00e1 acordada entre o candidato e o docente respons\u00e1vel pelo parecer. O resultado<br \/>\nfinal da sele\u00e7\u00e3o ser\u00e1 divulgado por e-mail, assim que o processo tenha sido finalizado.<br \/>\nI.4. As inscri\u00e7\u00f5es dever\u00e3o ser efetuadas exclusivamente por meio eletr\u00f4nico, em link<br \/>\nde internet disponibilizado no website do PPGCAF.<br \/>\nI.5. A imagem dos documentos originais dever\u00e1 ter defini\u00e7\u00e3o m\u00ednima de 600<br \/>\npixels\/polegada e o arquivo contendo a documenta\u00e7\u00e3o dever\u00e1 ser salvo<br \/>\nexclusivamente em formato PDF. A apresenta\u00e7\u00e3o dos documentos originais, assim como a<br \/>\nentrega de suas respectivas c\u00f3pias, dever\u00e1 ser feita no ato da matr\u00edcula para os aprovados.<br \/>\nI.6. Os documentos necess\u00e1rios e obrigat\u00f3rios para a inscri\u00e7\u00e3o s\u00e3o:<br \/>\na) formul\u00e1rio de cadastramento de aluno de p\u00f3s-gradua\u00e7\u00e3o (dispon\u00edvel no<br \/>\nwebsite do PPGCAF) com dados pessoais e assinatura, escolhendo sua linha de<br \/>\npesquisa, com a anu\u00eancia e assinatura do orientador pretendido. A lista de<br \/>\norientadores credenciados e o n\u00famero de vagas de cada orientador est\u00e3o no Anexo deste<br \/>\nEdital e dispon\u00edveis no website do PPGCAF. Informamos que o n\u00famero de vagas se refere ao<br \/>\ndia 15 de Dezembro de 2024 e que, ap\u00f3s essa data,<br \/>\neventualmente, o n\u00famero de vagas de um orientador poder\u00e1 ser alterado (devido ao<br \/>\npreenchimento das vagas do mesmo e\/ou a eventuais titula\u00e7\u00f5es de seus alunos);<br \/>\nb) formul\u00e1rio de prova de conhecimentos espec\u00edficos (bibliografia no item IV deste<br \/>\nEdital) da \u00e1rea de concentra\u00e7\u00e3o do curso de mestrado devidamente preenchido e assinado<br \/>\npelo candidato;<br \/>\nc) documento de aprova\u00e7\u00e3o no exame de profici\u00eancia em l\u00edngua inglesa, com indica\u00e7\u00e3o<br \/>\nde link de acesso pela internet, quando for o caso, conforme definido no item III deste Edital,<br \/>\nque dever\u00e1 ser comprovada no ato da inscri\u00e7\u00e3o. Candidatos estrangeiros, al\u00e9m da aprova\u00e7\u00e3o no<br \/>\nexame de profici\u00eancia em l\u00edngua inglesa, dever\u00e3o apresentar, no ato da inscri\u00e7\u00e3o, comprovante<br \/>\nde aprova\u00e7\u00e3o no exame de profici\u00eancia em l\u00edngua portuguesa, conforme definido no item III<br \/>\ndeste Edital;<br \/>\nd) projeto de pesquisa;<br \/>\ne) curr\u00edculo da Plataforma CNPq\/Lattes para brasileiros e estrangeiro;<br \/>\nf) c\u00f3pia do hist\u00f3rico escolar de gradua\u00e7\u00e3o atualizado;<br \/>\ng) c\u00f3pia de comprovante de conclus\u00e3o do curso de gradua\u00e7\u00e3o ou diploma de curso de<br \/>\ngradua\u00e7\u00e3o ou atestado de Institui\u00e7\u00e3o de Ensino Superior confirmando que a cola\u00e7\u00e3o de grau<br \/>\nacontecer\u00e1 antes da matr\u00edcula no curso de mestrado;<br \/>\nh) c\u00f3pia da Carteira de Identidade (RG) ou Registro Nacional de Estrangeiros<br \/>\n(RNE), ou passaporte para cidad\u00e3os n\u00e3o brasileiros.<br \/>\ni) c\u00f3pia do t\u00edtulo de eleitor para cidad\u00e3os brasileiros e comprovante de quita\u00e7\u00e3o<br \/>\neleitoral da \u00faltima elei\u00e7\u00e3o (www.tse.gov.br);<br \/>\nj) c\u00f3pia do certificado militar, no caso de homens;<br \/>\nI.7. A aus\u00eancia de qualquer documento da lista do item I.6 poder\u00e1 anular a<br \/>\ninscri\u00e7\u00e3o do candidato.<br \/>\nI.8. Os candidatos que tiverem suas inscri\u00e7\u00f5es aceitas ser\u00e3o informados, atrav\u00e9s de<br \/>\ne-mail pessoal, no m\u00ednimo tr\u00eas dias antes da entrevista. Caso o candidato n\u00e3o tenha sua inscri\u00e7\u00e3o<br \/>\naceita, ele ter\u00e1 2 (dois) dias \u00fateis imediatamente ap\u00f3s a divulga\u00e7\u00e3o da n\u00e3o aceita\u00e7\u00e3o para tomar<br \/>\nci\u00eancia no Servi\u00e7o de P\u00f3s-Gradua\u00e7\u00e3o da EACH e apresentar<br \/>\no recurso por escrito encaminhado \u00e0 Comiss\u00e3o Coordenadora de Programa de P\u00f3sGradua\u00e7\u00e3o em Ci\u00eancias da Atividade F\u00edsica (CCP CAF). Esse recurso ser\u00e1 avaliado pela<br \/>\nCCP CAF e seu resultado ser\u00e1 divulgado at\u00e9 dois dias antes da data agendada para a<br \/>\nentrevista.<\/p>\n<h2>II &#8211; SELE\u00c7\u00c3O<\/h2>\n<p>II.1. A sele\u00e7\u00e3o dos candidatos ser\u00e1 realizada em duas etapas, a primeira constitu\u00edda por<br \/>\nan\u00e1lise de curr\u00edculo, an\u00e1lise de projeto de pesquisa e prova escrita, e a segunda<br \/>\nconstitu\u00edda por argui\u00e7\u00e3o, conforme crit\u00e9rios descritos nos itens II.2 a II.3.d.<br \/>\nII.2. Os crit\u00e9rios de sele\u00e7\u00e3o para ingresso no Curso de Mestrado constam de: aprova\u00e7\u00e3o no<br \/>\nexame de profici\u00eancia em l\u00edngua inglesa (conforme definido no item V deste Edital); an\u00e1lise do<br \/>\ncurr\u00edculo (peso 3,0 \u2013 tr\u00eas); an\u00e1lise do projeto de pesquisa (peso 3,0 \u2013 tr\u00eas); desempenho em<br \/>\nprova escrita espec\u00edfica (peso 2,0 &#8211; dois); e, na segunda etapa, argui\u00e7\u00e3o sobre o projeto de<br \/>\npesquisa e experi\u00eancia acad\u00eamica e profissional do candidato (peso 2,0 \u2013 dois). A nota zero em<br \/>\nqualquer um dos crit\u00e9rios de sele\u00e7\u00e3o desclassifica o candidato no processo de sele\u00e7\u00e3o.<br \/>\nII.3. An\u00e1lise de curr\u00edculo, prova escrita, an\u00e1lise de projeto e entrevista (0-10).<br \/>\nII.3.a An\u00e1lise de curr\u00edculo (0-10). Os seguintes itens s\u00e3o os crit\u00e9rios para a composi\u00e7\u00e3o da<br \/>\nnota:<br \/>\n\u25aa Forma\u00e7\u00e3o superior (Gradua\u00e7\u00e3o, Inicia\u00e7\u00e3o Cient\u00edfica, participa\u00e7\u00e3o em<br \/>\nEst\u00e1gios em grupos de pesquisa, P\u00f3s-Gradua\u00e7\u00e3o) \u2013 at\u00e9 4,0 (quatro) pontos.<br \/>\n\u25aa Produ\u00e7\u00e3o t\u00e9cnico-cient\u00edfica (apresenta\u00e7\u00e3o de trabalhos em congressos e<br \/>\npublica\u00e7\u00f5es de artigos em peri\u00f3dicos e livros\/cap\u00edtulos de livros) \u2013 at\u00e9 2,5 (dois<br \/>\nv\u00edrgula cinco) pontos.<br \/>\n\u25aa Atividades docentes no Ensino Superior (atividades docentes na gradua\u00e7\u00e3o e na<br \/>\np\u00f3s-gradua\u00e7\u00e3o lato sensu) \u2013 at\u00e9 1,5 (um v\u00edrgula cinco) ponto.<br \/>\n\u25aa Outras Atividades (participa\u00e7\u00e3o em eventos cient\u00edficos, experi\u00eancia docente no ensino<br \/>\nfundamental e m\u00e9dio, participa\u00e7\u00e3o em cursos de extens\u00e3o, monitorias<br \/>\nna gradua\u00e7\u00e3o e experi\u00eancia profissional) \u2013 at\u00e9 2,0 (dois) pontos.<br \/>\nII.3.b An\u00e1lise da prova escrita (0-10). A identifica\u00e7\u00e3o de pl\u00e1gio e\/ou autopl\u00e1gio<br \/>\nanula a prova. Os seguintes itens ser\u00e3o utilizados como crit\u00e9rios para a composi\u00e7\u00e3o da nota:<br \/>\n\u25aa Relev\u00e2ncia e pertin\u00eancia do tema (coer\u00eancia do texto e linha de pesquisa do<br \/>\nprograma, \u00e1rea de concentra\u00e7\u00e3o e projeto de pesquisa do candidato) \u2013 at\u00e9 3,0<br \/>\n(tr\u00eas) pontos.<br \/>\n\u25aa Fundamenta\u00e7\u00e3o te\u00f3rica (uso correto dos conceitos, autores e linhas de<br \/>\npensamento) \u2013 at\u00e9 4,0 (quatro) pontos.<br \/>\n\u25aa Linguagem (uso correto e adequado da gram\u00e1tica, sintaxe e sem\u00e2ntica da l\u00edngua<br \/>\nportuguesa) \u2013 at\u00e9 3,0 (tr\u00eas) pontos.<br \/>\nII.3.c An\u00e1lise de projeto de pesquisa (0-10). Os seguintes itens ser\u00e3o utilizados como<br \/>\ncrit\u00e9rios para a composi\u00e7\u00e3o da nota:<br \/>\n\u25aa Relev\u00e2ncia e pertin\u00eancia do tema \u2013 at\u00e9 3,0 (tr\u00eas) pontos.<br \/>\n\u25aa Fundamenta\u00e7\u00e3o te\u00f3rica \u2013 at\u00e9 4,0 (quatro) pontos.<br \/>\n\u25aa Procedimentos metodol\u00f3gicos \u2013 at\u00e9 3,0 (tr\u00eas) pontos.<br \/>\nII.3.d Entrevista, na qual ser\u00e1 considerada a experi\u00eancia acad\u00eamica e profissional do<br \/>\ncandidato e o seu conhecimento na argui\u00e7\u00e3o do projeto de pesquisa, conhecimento<br \/>\nespec\u00edfico na argui\u00e7\u00e3o do conte\u00fado da prova escrita e o compromisso com as atividades do<br \/>\nPrograma de P\u00f3s-gradua\u00e7\u00e3o (0-10).<br \/>\nII.4. O candidato dever\u00e1 apresentar-se para a entrevista portando documento de<br \/>\nidentidade original com fotografia. Devido \u00e0s restri\u00e7\u00f5es de mobilidade e necessidade<br \/>\nde isolamento social decorrentes da pandemia do COVID19, as entrevistas poder\u00e3o ser<br \/>\nconduzidas de forma remota.<br \/>\nII.5. Ser\u00e3o aprovados para o ingresso no programa os candidatos que obtiverem nota final<br \/>\nigual ou superior a 6,0 (seis v\u00edrgula zero). O n\u00famero m\u00e1ximo de vagas de ingresso depender\u00e1<br \/>\ndo n\u00famero total de vagas do Programa, definido pelo n\u00famero de<br \/>\nvagas disponibilizadas por cada orientador, conforme tabela abaixo.<br \/>\nII.6. Os candidatos mais bem classificados por orientador ser\u00e3o convocados para<br \/>\nmatr\u00edcula respeitando-se o n\u00famero de vagas dispon\u00edveis do orientador.<br \/>\nII.7. O candidato aceito no programa dever\u00e1 entregar no ato da matr\u00edcula o formul\u00e1rio de<br \/>\naceite de orientador devidamente preenchido e assinado por docente credenciado no PPGCAF.<br \/>\nO prazo m\u00e1ximo para a primeira matr\u00edcula no PPG CAF \u00e9 1,0 (um v\u00edrgula zero) ano contado a<br \/>\npartir da data de homologa\u00e7\u00e3o do resultado do processo seletivo do referido candidato na CCP<br \/>\nCAF.<br \/>\nII.8. O resultado final ser\u00e1 divulgado em uma data n\u00e3o superior a 90 (noventa) dias da<br \/>\nentrevista.<\/p>\n<h2>III &#8211; LINGUA ESTRANGEIRA<\/h2>\n<p>III.1. Os candidatos aos t\u00edtulos de Mestre dever\u00e3o apresentar aprova\u00e7\u00e3o no exame de<br \/>\nprofici\u00eancia em l\u00edngua inglesa para inscri\u00e7\u00e3o no processo seletivo do Programa. Para ser<br \/>\nconsiderado aprovado, \u00e9 necess\u00e1rio que o candidato ao Mestrado obtenha a pontua\u00e7\u00e3o m\u00ednima<br \/>\nde:<br \/>\n\u25aa 380 pontos no Institutional Testing Program &#8211; TOEFL ITP; ou<br \/>\n\u25aa 25 pontos no Internet Based Test &#8211; TOEFL IBT; ou<br \/>\n\u25aa 3,0 pontos no International English Language Testing System &#8211;<br \/>\nIELTS Academic; ou<br \/>\n\u25aa Apresentar o n\u00edvel KET, no exame CAMBRIGDE.<br \/>\nIII.2. O exame de profici\u00eancia poder\u00e1 ser realizado em qualquer institui\u00e7\u00e3o que aplique<br \/>\nos exames citados oficialmente. O candidato estrangeiro dever\u00e1 apresentar tamb\u00e9m o<br \/>\ncomprovante de aprova\u00e7\u00e3o no exame de profici\u00eancia em L\u00edngua<br \/>\nPortuguesa, no ato da inscri\u00e7\u00e3o. Para o candidato estrangeiro ser considerado aprovado \u00e9<br \/>\nnecess\u00e1rio atingir o n\u00edvel \u201caprovado\u201d no exame aplicado pelo Centro de L\u00ednguas da Faculdade<br \/>\nde Filosofia, Letras e Ci\u00eancias Humanas da Universidade de S\u00e3o Paulo, ou o n\u00edvel<br \/>\n\u201cintermedi\u00e1rio\u201d, no m\u00ednimo, no Exame CELPE- Bras, do Governo Federal.<br \/>\nIII.3. Os exames de profici\u00eancia em L\u00edngua Portuguesa e L\u00edngua Inglesa ser\u00e3o<br \/>\nv\u00e1lidos por cinco anos a partir da data de aprova\u00e7\u00e3o.<\/p>\n<h2>IV &#8211; BIBLIOGRAFIA<\/h2>\n<p>IV.1. Brasil, Minist\u00e9rio da Sa\u00fade. Pol\u00edtica Nacional de Promo\u00e7\u00e3o da Sa\u00fade, 2005.<br \/>\nIV.2. Czerina, D.; Freitas, C.M. Promo\u00e7\u00e3o da sa\u00fade: conceitos, reflex\u00f5es,<br \/>\ntend\u00eancias. Funda\u00e7\u00e3o Oswaldo Cruz, 2012.<br \/>\nIV.3. De Rose J\u00fanior, D (organizador). Esporte e atividade f\u00edsica na inf\u00e2ncia e<br \/>\nadolesc\u00eancia: uma abordagem multidisciplinar. 2 ed. Porto Alegre: Artmed, 2009.<br \/>\nIV.4. Hoffman, S.J.; Harris, J.C. Cinesiologia: o estudo da atividade f\u00edsica. Porto<br \/>\nAlegre: Artmed, 2002.<br \/>\nIV.5. Isayama, H. F. (Org.) Lazer, forma\u00e7\u00e3o profissional e curr\u00edculo. Campinas:<br \/>\nPapirus, 2010.<br \/>\nIV.6. Tani, G. Leituras em Educa\u00e7\u00e3o F\u00edsica: retratos de uma jornada. S\u00e3o Paulo:<br \/>\nEditora Phorte, 2011.<br \/>\nIV.7. Thomas, J.R.; Nelson, J.K.; Silverman, S.J. M\u00e9todos de pesquisa em<br \/>\natividade f\u00edsica. Porto Alegre: Artmed, 2007.<\/p>\n<p>&nbsp;<\/p>\n<h2>ANEXO<\/h2>\n<p>O n\u00famero m\u00e1ximo de vagas deste edital \u00e9 a soma total de vagas das linhas de pesquisa por<br \/>\norientador, conforme discriminado a seguir:<\/p>\n<table style=\"border-collapse: collapse; width: 73.0953%; height: 360px;\">\n<tbody>\n<tr style=\"height: 24px;\">\n<td style=\"width: 33.3333%; height: 24px;\"><strong>ORIENTADOR<\/strong><\/td>\n<td style=\"width: 33.3333%; height: 24px;\"><strong>LINHA DE PESQUISA<\/strong><\/td>\n<td style=\"width: 6.42975%; height: 24px;\"><strong>VAGAS<\/strong><\/td>\n<\/tr>\n<tr style=\"height: 24px;\">\n<td style=\"width: 33.3333%; height: 24px;\">Alessandro H N R\u00e9<\/td>\n<td style=\"width: 33.3333%; height: 24px;\">Desempenho Humano<\/td>\n<td style=\"width: 6.42975%; height: 24px; text-align: center;\">4<\/td>\n<\/tr>\n<tr style=\"height: 24px;\">\n<td style=\"width: 33.3333%; height: 24px;\">Alex Antonio Florindo<\/td>\n<td style=\"width: 33.3333%; height: 24px;\">Atividade F\u00edsica na Promo\u00e7\u00e3o da Sa\u00fade<\/td>\n<td style=\"width: 6.42975%; height: 24px; text-align: center;\">3<\/td>\n<\/tr>\n<tr style=\"height: 24px;\">\n<td style=\"width: 33.3333%; height: 24px;\">Carlos Bandeira de M Monteiro<\/td>\n<td style=\"width: 33.3333%; height: 24px;\">Desempenho Humano \/ Atividade F\u00edsica na Promo\u00e7\u00e3o da Sa\u00fade<\/td>\n<td style=\"width: 6.42975%; height: 24px; text-align: center;\">2<\/td>\n<\/tr>\n<tr style=\"height: 24px;\">\n<td style=\"width: 33.3333%; height: 24px;\">Cassio M Meira Jr<\/td>\n<td style=\"width: 33.3333%; height: 24px;\">Desempenho Humano \/ Atividade F\u00edsica na Promo\u00e7\u00e3o da Sa\u00fade<\/td>\n<td style=\"width: 6.42975%; height: 24px; text-align: center;\">5<\/td>\n<\/tr>\n<tr style=\"height: 24px;\">\n<td style=\"width: 33.3333%; height: 24px;\">Fabiana Evangelista<\/td>\n<td style=\"width: 33.3333%; height: 24px;\">Atividade F\u00edsica na Promo\u00e7\u00e3o da Sa\u00fade<\/td>\n<td style=\"width: 6.42975%; height: 24px; text-align: center;\">4<\/td>\n<\/tr>\n<tr style=\"height: 24px;\">\n<td style=\"width: 33.3333%; height: 24px;\">Fernando Henrique Magalh\u00e3es<\/td>\n<td style=\"width: 33.3333%; height: 24px;\">Desempenho Humano<\/td>\n<td style=\"width: 6.42975%; height: 24px; text-align: center;\">3<\/td>\n<\/tr>\n<tr style=\"height: 24px;\">\n<td style=\"width: 33.3333%; height: 24px;\">Fl\u00e1vio de Oliveira Pires<\/td>\n<td style=\"width: 33.3333%; height: 24px;\">Desempenho Humano<\/td>\n<td style=\"width: 6.42975%; height: 24px; text-align: center;\">4<\/td>\n<\/tr>\n<tr style=\"height: 24px;\">\n<td style=\"width: 33.3333%; height: 24px;\">Linda Massako Ueno<\/td>\n<td style=\"width: 33.3333%; height: 24px;\">Desempenho Humano \/ Atividade F\u00edsica na Promo\u00e7\u00e3o da Sa\u00fade<\/td>\n<td style=\"width: 6.42975%; height: 24px; text-align: center;\">3<\/td>\n<\/tr>\n<tr style=\"height: 24px;\">\n<td style=\"width: 33.3333%; height: 24px;\">Luis Mochizuki<\/td>\n<td style=\"width: 33.3333%; height: 24px;\">Desempenho Humano<\/td>\n<td style=\"width: 6.42975%; height: 24px; text-align: center;\">6<\/td>\n<\/tr>\n<tr style=\"height: 24px;\">\n<td style=\"width: 33.3333%; height: 24px;\">Marcelo Massa<\/td>\n<td style=\"width: 33.3333%; height: 24px;\">Desempenho Humano<\/td>\n<td style=\"width: 6.42975%; height: 24px; text-align: center;\">5<\/td>\n<\/tr>\n<tr style=\"height: 24px;\">\n<td style=\"width: 33.3333%; height: 24px;\">Marcelo Saldanha Aoki<\/td>\n<td style=\"width: 33.3333%; height: 24px;\">Desempenho Humano<\/td>\n<td style=\"width: 6.42975%; height: 24px; text-align: center;\">4<\/td>\n<\/tr>\n<tr style=\"height: 24px;\">\n<td style=\"width: 33.3333%; height: 24px;\">Ricardo Ricco Uvinha<\/td>\n<td style=\"width: 33.3333%; height: 24px;\">Atividade F\u00edsica na Promo\u00e7\u00e3o da Sa\u00fade<\/td>\n<td style=\"width: 6.42975%; height: 24px; text-align: center;\">3<\/td>\n<\/tr>\n<tr style=\"height: 24px;\">\n<td style=\"width: 33.3333%; height: 24px;\">Ricardo Yukio Asano<\/td>\n<td style=\"width: 33.3333%; height: 24px;\">Desempenho Humano \/ Atividade F\u00edsica na Promo\u00e7\u00e3o da Sa\u00fade<\/td>\n<td style=\"width: 6.42975%; height: 24px; text-align: center;\">4<\/td>\n<\/tr>\n<tr style=\"height: 24px;\">\n<td style=\"width: 33.3333%; height: 24px;\">Ulysses Fernandes Ervilha<\/td>\n<td style=\"width: 33.3333%; height: 24px;\">Desempenho Humano<\/td>\n<td style=\"width: 6.42975%; height: 24px; text-align: center;\">3<\/td>\n<\/tr>\n<\/tbody>\n<\/table>\n<section class=\"clear\">\n<h2><span style=\"font-size: 16px;\">FORMUL\u00c1RIOS PARA DOWNLOAD<\/span><\/h2>\n<\/section>\n<section><a href=\"https:\/\/docs.google.com\/forms\/d\/e\/1FAIpQLScGIhzjjd_xnez_LuR1x4AWB-i7Kqmim1nIPMMP_TBCce8H4w\/viewform?pli=1\" target=\"_blank\" rel=\"noopener\">FORMUL\u00c1RIO DE INSCRI\u00c7\u00c3O<\/a><\/section>\n<section><\/section>\n<section><a href=\"http:\/\/www5.each.usp.br\/wp-content\/uploads\/2016\/09\/PPGCAF_fichaInscricaoAluno.pdf\" target=\"_blank\" rel=\"noopener\">FORMUL\u00c1RIO DE CADASTRAMENTO DE LUNO DE P\u00d3S-GRADUA\u00c7\u00c3O<\/a><\/section>\n<section><\/section>\n<section><a href=\"http:\/\/www5.each.usp.br\/wp-content\/uploads\/2016\/08\/CAF-FormularioProvaEspecifica-2016.pdf\" target=\"_blank\" rel=\"noopener\">FORMUL\u00c1RIO DE PROVA DE CONHECIMENTOS ESPEC\u00cdFICOS<\/a>&nbsp;<\/p>\n<\/section>\n","protected":false},"excerpt":{"rendered":"<p>Como ingressar no Programa No Programa de Mestrado em Ci\u00eancias da Atividade F\u00edsica, o processo seletivo ocorre em fluxo cont\u00ednuo. O candidato que tem anu\u00eancia de um orientador e profici\u00eancia em l\u00edngua Inglesa pode entrar no processo de sele\u00e7\u00e3o. Cada solicita\u00e7\u00e3o de ingresso \u00e9 analisada por at\u00e9 dois assessores do Programa. O edital e formul\u00e1rios requeridos no momento da inscri\u00e7\u00e3o est\u00e3o abaixo. Os candidatos dever\u00e3o preencher todos os requisitos do edital e realizar a clicando aqui em submiss\u00e3o dos documentos, ou acessando diretamente o link: https:\/\/docs.google.com\/forms\/d\/e\/1FAIpQLScNTQ3xz-bAeTsFTT9lWJreFkGz8CKzouoZjj56AnjiiTpj8A\/viewform?usp=dialog &nbsp; Download do Edital Completo 2025. Veja tamb\u00e9m: Regulamento do Programa de P\u00f3s-Gradua\u00e7\u00e3o em Ci\u00eancias da Atividade F\u00edsica &nbsp; EDITAL UNIVERSIDADE DE S\u00c3O PAULO (USP) ESCOLA DE ARTES, CI\u00caNCIAS E HUMANIDADES (EACH) SERVI\u00c7O DE P\u00d3S-GRADUA\u00c7\u00c3O \u2013 EACH \/USP EDITAL EACH 105\/2024 \u2013 COMISS\u00c3O DE P\u00d3S-GRADUA\u00c7\u00c3O (CPG) PROCESSO SELETIVO PARA INGRESSO NO PROGRAMA DE P\u00d3S-GRADUA\u00c7\u00c3O EM CI\u00caNCIAS DA ATIVIDADE F\u00cdSICA &#8211; MESTRADO I &#8211; INSCRI\u00c7\u00c3O I.1. Este edital \u00e9 regido pelos artigos 36, 37, 38 e 39 do Regimento de P\u00f3sGradua\u00e7\u00e3o da Universidade de S\u00e3o Paulo e tem como objetivo definir as regras do processo de sele\u00e7\u00e3o de alunos para o ingresso no curso de mestrado do Programa de P\u00f3s-Gradua\u00e7\u00e3o em Ci\u00eancias da Atividade F\u00edsica [&#8230;]<\/p>\n","protected":false},"author":22188,"featured_media":0,"parent":0,"menu_order":1,"comment_status":"closed","ping_status":"closed","template":"page-full.php","meta":{"footnotes":"","_links_to":"","_links_to_target":""},"class_list":["post-317","page","type-page","status-publish","hentry"],"_links":{"self":[{"href":"https:\/\/sites.usp.br\/ppgcaf\/wp-json\/wp\/v2\/pages\/317","targetHints":{"allow":["GET"]}}],"collection":[{"href":"https:\/\/sites.usp.br\/ppgcaf\/wp-json\/wp\/v2\/pages"}],"about":[{"href":"https:\/\/sites.usp.br\/ppgcaf\/wp-json\/wp\/v2\/types\/page"}],"author":[{"embeddable":true,"href":"https:\/\/sites.usp.br\/ppgcaf\/wp-json\/wp\/v2\/users\/22188"}],"replies":[{"embeddable":true,"href":"https:\/\/sites.usp.br\/ppgcaf\/wp-json\/wp\/v2\/comments?post=317"}],"version-history":[{"count":5,"href":"https:\/\/sites.usp.br\/ppgcaf\/wp-json\/wp\/v2\/pages\/317\/revisions"}],"predecessor-version":[{"id":1068,"href":"https:\/\/sites.usp.br\/ppgcaf\/wp-json\/wp\/v2\/pages\/317\/revisions\/1068"}],"wp:attachment":[{"href":"https:\/\/sites.usp.br\/ppgcaf\/wp-json\/wp\/v2\/media?parent=317"}],"curies":[{"name":"wp","href":"https:\/\/api.w.org\/{rel}","templated":true}]}}