{"id":352,"date":"2020-12-11T16:33:09","date_gmt":"2020-12-11T18:33:09","guid":{"rendered":"http:\/\/sites.usp.br\/ppgcaf\/ingressos\/orientadores\/"},"modified":"2025-03-09T11:05:38","modified_gmt":"2025-03-09T13:05:38","slug":"orientadores","status":"publish","type":"page","link":"https:\/\/sites.usp.br\/ppgcaf\/ingressos\/orientadores\/","title":{"rendered":"Credenciamento de orientadores"},"content":{"rendered":"<h1><\/h1>\n<div>A decis\u00e3o sobre o credenciamento e recredenciamento de um orientador pleno ser\u00e1\u00a0baseada em seu desempenho cient\u00edfico como um todo. O docente ser\u00e1 avaliado por sua\u00a0capacidade de conduzir um projeto de pesquisa e gerar publica\u00e7\u00f5es em peri\u00f3dicos com\u00a0arbitragem. Ser\u00e1 considerada sua participa\u00e7\u00e3o em congressos e est\u00e1gios de p\u00f3s-doutorado. A coordena\u00e7\u00e3o e a participa\u00e7\u00e3o do docente em projetos de pesquisa ser\u00e3o\u00a0valorizadas. Para credenciamento como orientador pleno, o interessado dever\u00e1\u00a0apresentar, no \u00faltimo tri\u00eanio, no m\u00ednimo, produ\u00e7\u00e3o cient\u00edfica equivalente a pelo menos\u00a0400 pontos, de acordo com sistema de pontua\u00e7\u00e3o de produ\u00e7\u00e3o cient\u00edfica.\u00a0Pedidos de recredenciamento seguem as mesmas regras para credenciamento, acrescidas de indicadores de forma\u00e7\u00e3o de recursos humanos no PPG-CAF, e capta\u00e7\u00e3o de recursos financeiros<\/div>\n","protected":false},"excerpt":{"rendered":"<p>A decis\u00e3o sobre o credenciamento e recredenciamento de um orientador pleno ser\u00e1\u00a0baseada em seu desempenho cient\u00edfico como um todo. O docente ser\u00e1 avaliado por sua\u00a0capacidade de conduzir um projeto de pesquisa e gerar publica\u00e7\u00f5es em peri\u00f3dicos com\u00a0arbitragem. Ser\u00e1 considerada sua participa\u00e7\u00e3o em congressos e est\u00e1gios de p\u00f3s-doutorado. A coordena\u00e7\u00e3o e a participa\u00e7\u00e3o do docente em projetos de pesquisa ser\u00e3o\u00a0valorizadas. Para credenciamento como orientador pleno, o interessado dever\u00e1\u00a0apresentar, no \u00faltimo tri\u00eanio, no m\u00ednimo, produ\u00e7\u00e3o cient\u00edfica equivalente a pelo menos\u00a0400 pontos, de acordo com sistema de pontua\u00e7\u00e3o de produ\u00e7\u00e3o cient\u00edfica.\u00a0Pedidos de recredenciamento seguem as mesmas regras para credenciamento, acrescidas de indicadores de forma\u00e7\u00e3o de recursos humanos no PPG-CAF, e capta\u00e7\u00e3o de recursos financeiros<\/p>\n","protected":false},"author":22184,"featured_media":0,"parent":316,"menu_order":0,"comment_status":"closed","ping_status":"closed","template":"page-full.php","meta":{"footnotes":"","_links_to":"","_links_to_target":""},"class_list":["post-352","page","type-page","status-publish","hentry"],"_links":{"self":[{"href":"https:\/\/sites.usp.br\/ppgcaf\/wp-json\/wp\/v2\/pages\/352","targetHints":{"allow":["GET"]}}],"collection":[{"href":"https:\/\/sites.usp.br\/ppgcaf\/wp-json\/wp\/v2\/pages"}],"about":[{"href":"https:\/\/sites.usp.br\/ppgcaf\/wp-json\/wp\/v2\/types\/page"}],"author":[{"embeddable":true,"href":"https:\/\/sites.usp.br\/ppgcaf\/wp-json\/wp\/v2\/users\/22184"}],"replies":[{"embeddable":true,"href":"https:\/\/sites.usp.br\/ppgcaf\/wp-json\/wp\/v2\/comments?post=352"}],"version-history":[{"count":5,"href":"https:\/\/sites.usp.br\/ppgcaf\/wp-json\/wp\/v2\/pages\/352\/revisions"}],"predecessor-version":[{"id":1118,"href":"https:\/\/sites.usp.br\/ppgcaf\/wp-json\/wp\/v2\/pages\/352\/revisions\/1118"}],"up":[{"embeddable":true,"href":"https:\/\/sites.usp.br\/ppgcaf\/wp-json\/wp\/v2\/pages\/316"}],"wp:attachment":[{"href":"https:\/\/sites.usp.br\/ppgcaf\/wp-json\/wp\/v2\/media?parent=352"}],"curies":[{"name":"wp","href":"https:\/\/api.w.org\/{rel}","templated":true}]}}