{"id":410,"date":"2021-03-26T21:35:38","date_gmt":"2021-03-26T23:35:38","guid":{"rendered":"http:\/\/sites.usp.br\/ppgcaf\/?page_id=410"},"modified":"2025-03-06T17:54:27","modified_gmt":"2025-03-06T19:54:27","slug":"area-do-aluno","status":"publish","type":"page","link":"https:\/\/sites.usp.br\/ppgcaf\/area-do-aluno\/","title":{"rendered":"\u00c1rea do Aluno"},"content":{"rendered":"<section class=\"clear\">\n<section class=\"clear\">\n<header class=\"post-header\">Links \u00fateis:<br \/>\n<a href=\"https:\/\/sites.usp.br\/ppgcaf\/orientadores\/\">Disciplinas<\/a><\/header>\n<header class=\"post-header\"><a href=\"https:\/\/sites.usp.br\/ppgcaf\/area-do-aluno\/formularios\/\">Formul\u00e1rios<\/a><\/header>\n<header class=\"post-header\"><a href=\"https:\/\/sites.usp.br\/ppgcaf\/area-do-aluno\/formularios\/estagio-docencia-pae\/\">Est\u00e1gio Doc\u00eancia (PAE)<\/a><\/header>\n<header class=\"post-header\"><a href=\"https:\/\/sites.usp.br\/ppgcaf\/area-do-aluno-2\/qualificacao-defesa\/bolsa-de-estudos\/\">Bolsa de Estudos<\/a><\/header>\n<header class=\"post-header\"><a href=\"https:\/\/sites.usp.br\/ppgcaf\/area-do-aluno-2\/qualificacao-defesa\/\">Qualifica\u00e7\u00e3o\/Defesa<\/a><\/header>\n<h4><\/h4>\n<h4>Etapas para obter o t\u00edtulo de mestre<\/h4>\n<div class=\"post-718 page type-page status-publish hentry\">\n<div class=\"entry clearfix\">\n<p>Para obter o t\u00edtulo de Mestre em Ci\u00eancias (\u00c1rea de Concentra\u00e7\u00e3o: Atividade F\u00edsica e Sa\u00fade), o ingressante dever\u00e1 concluir 32 cr\u00e9ditos em disciplinas e\/ou atividades complementares. A composi\u00e7\u00e3o destes 32 cr\u00e9ditos \u00e9 a seguinte:<\/p>\n<ol style=\"list-style-type: lower-alpha;\">\n<li>16 cr\u00e9ditos em disciplinas obrigat\u00f3rias na \u00e1rea concentra\u00e7\u00e3o do programa,<\/li>\n<li>No m\u00ednimo 8 cr\u00e9ditos em disciplinas n\u00e3o obrigat\u00f3rias na \u00e1rea de concentra\u00e7\u00e3o.<\/li>\n<\/ol>\n<p>As disciplinas obrigat\u00f3rias e eletivas ser\u00e3o oferecidas a cada dois anos, ou de acordo com a demanda. O aluno tamb\u00e9m pode cursar disciplinas obrigat\u00f3rias e eletivas em outros programas da USP.<\/p>\n<p>Atividades especiais como estas a seguir, s\u00e3o valorizadas:<\/p>\n<ol>\n<li>trabalho completo publicado em revista de circula\u00e7\u00e3o nacional ou internacional que tenha corpo editorial reconhecido e sistema referencial adequado;<\/li>\n<li>publica\u00e7\u00e3o de trabalho completo em anais (ou similares);<\/li>\n<li>livro ou cap\u00edtulo de livro de reconhecido m\u00e9rito na \u00e1rea do conhecimento;<\/li>\n<li>cap\u00edtulo em manual tecnol\u00f3gico reconhecido por \u00f3rg\u00e3os oficiais nacionais e internacionais;<\/li>\n<li>participa\u00e7\u00e3o em congresso cient\u00edfico com apresenta\u00e7\u00e3o de trabalho, cujo resumo seja publicado em anais (ou similares);<\/li>\n<li>dep\u00f3sito de patentes;<\/li>\n<li>participa\u00e7\u00e3o no Programa de Aperfei\u00e7oamento do Ensino (PAE).<\/li>\n<\/ol>\n<\/div>\n<\/div>\n<h1><\/h1>\n<h1>Formul\u00e1rios<\/h1>\n<\/section>\n<p>&nbsp;<\/p>\n<p>Clique para download:<\/p>\n<h3><a href=\"http:\/\/www5.each.usp.br\/web\/images\/images\/90\/formularios\/formulario-de-re-credenciamento-caf-2019_339000000108020200416090537.docx\" target=\"_blank\" rel=\"noopener\">Formul\u00e1rio de (Re)Credenciamento CAF<\/a><\/h3>\n<p>ou acesse diretamente o link: <a href=\"http:\/\/www5.each.usp.br\/web\/images\/images\/90\/formularios\/formulario-de-re-credenciamento-caf-2019_339000000108020200416090537.docx\" target=\"_blank\" rel=\"noopener\">http:\/\/www5.each.usp.br\/web\/images\/images\/90\/formularios\/formulario-de-re-credenciamento-caf-2019_339000000108020200416090537.docx<\/a><\/p>\n<p>&nbsp;<\/p>\n<p>Demais formul\u00e1rios e documentos relevantes ao curso de mestrado clique em:<\/p>\n<h3><a href=\"http:\/\/www5.each.usp.br\/formularios\/\" target=\"_blank\" rel=\"noopener\">Demais Formul\u00e1rios e Documentos<\/a><\/h3>\n<p>ou acesse diretamente o link: <a href=\"http:\/\/www5.each.usp.br\/formularios\/\">http:\/\/www5.each.usp.br\/formularios\/<\/a><\/p>\n<\/section>\n","protected":false},"excerpt":{"rendered":"<p>Links \u00fateis: Disciplinas Formul\u00e1rios Est\u00e1gio Doc\u00eancia (PAE) Bolsa de Estudos Qualifica\u00e7\u00e3o\/Defesa Etapas para obter o t\u00edtulo de mestre Para obter o t\u00edtulo de Mestre em Ci\u00eancias (\u00c1rea de Concentra\u00e7\u00e3o: Atividade F\u00edsica e Sa\u00fade), o ingressante dever\u00e1 concluir 32 cr\u00e9ditos em disciplinas e\/ou atividades complementares. A composi\u00e7\u00e3o destes 32 cr\u00e9ditos \u00e9 a seguinte: 16 cr\u00e9ditos em disciplinas obrigat\u00f3rias na \u00e1rea concentra\u00e7\u00e3o do programa, No m\u00ednimo 8 cr\u00e9ditos em disciplinas n\u00e3o obrigat\u00f3rias na \u00e1rea de concentra\u00e7\u00e3o. As disciplinas obrigat\u00f3rias e eletivas ser\u00e3o oferecidas a cada dois anos, ou de acordo com a demanda. O aluno tamb\u00e9m pode cursar disciplinas obrigat\u00f3rias e eletivas em outros programas da USP. Atividades especiais como estas a seguir, s\u00e3o valorizadas: trabalho completo publicado em revista de circula\u00e7\u00e3o nacional ou internacional que tenha corpo editorial reconhecido e sistema referencial adequado; publica\u00e7\u00e3o de trabalho completo em anais (ou similares); livro ou cap\u00edtulo de livro de reconhecido m\u00e9rito na \u00e1rea do conhecimento; cap\u00edtulo em manual tecnol\u00f3gico reconhecido por \u00f3rg\u00e3os oficiais nacionais e internacionais; participa\u00e7\u00e3o em congresso cient\u00edfico com apresenta\u00e7\u00e3o de trabalho, cujo resumo seja publicado em anais (ou similares); dep\u00f3sito de patentes; participa\u00e7\u00e3o no Programa de Aperfei\u00e7oamento do Ensino (PAE). Formul\u00e1rios &nbsp; Clique para download: Formul\u00e1rio de (Re)Credenciamento CAF ou [&#8230;]<\/p>\n","protected":false},"author":22184,"featured_media":0,"parent":0,"menu_order":0,"comment_status":"closed","ping_status":"closed","template":"page-full.php","meta":{"footnotes":"","_links_to":"","_links_to_target":""},"class_list":["post-410","page","type-page","status-publish","hentry"],"_links":{"self":[{"href":"https:\/\/sites.usp.br\/ppgcaf\/wp-json\/wp\/v2\/pages\/410","targetHints":{"allow":["GET"]}}],"collection":[{"href":"https:\/\/sites.usp.br\/ppgcaf\/wp-json\/wp\/v2\/pages"}],"about":[{"href":"https:\/\/sites.usp.br\/ppgcaf\/wp-json\/wp\/v2\/types\/page"}],"author":[{"embeddable":true,"href":"https:\/\/sites.usp.br\/ppgcaf\/wp-json\/wp\/v2\/users\/22184"}],"replies":[{"embeddable":true,"href":"https:\/\/sites.usp.br\/ppgcaf\/wp-json\/wp\/v2\/comments?post=410"}],"version-history":[{"count":5,"href":"https:\/\/sites.usp.br\/ppgcaf\/wp-json\/wp\/v2\/pages\/410\/revisions"}],"predecessor-version":[{"id":1018,"href":"https:\/\/sites.usp.br\/ppgcaf\/wp-json\/wp\/v2\/pages\/410\/revisions\/1018"}],"wp:attachment":[{"href":"https:\/\/sites.usp.br\/ppgcaf\/wp-json\/wp\/v2\/media?parent=410"}],"curies":[{"name":"wp","href":"https:\/\/api.w.org\/{rel}","templated":true}]}}