{"id":575,"date":"2021-04-23T19:40:19","date_gmt":"2021-04-23T21:40:19","guid":{"rendered":"http:\/\/sites.usp.br\/ppgcaf\/?page_id=575"},"modified":"2025-03-09T11:44:46","modified_gmt":"2025-03-09T13:44:46","slug":"contatos","status":"publish","type":"page","link":"https:\/\/sites.usp.br\/ppgcaf\/contatos\/","title":{"rendered":"CONTATOS"},"content":{"rendered":"<h2><strong style=\"font-size: 16px;\">Programa de P\u00f3s-Gradua\u00e7\u00e3o em Ci\u00eancias da Atividade F\u00edsica<\/strong><\/h2>\n<form id=\"formcontato\" action=\"http:\/\/www5.each.usp.br\/web\/prof\/ppgcaf\/contatos\/#\" method=\"post\">\n<section class=\"contact_details clear\">\n<div class=\"one_half first\">\n<address>\n<h3><strong>Secretaria de P\u00f3s-Gradua\u00e7\u00e3o da EACH-USP &#8211; Pr\u00e9dio I1 &#8211; sala T03<\/strong><\/h3>\n<div><\/div>\n<div><strong>Telefone<\/strong>: (11) 3091-8197<\/div>\n<div><strong>Email<\/strong>: caf-each@usp.br<\/div>\n<\/address>\n<address><strong>Atendimento<\/strong>: Segunda \u00e0 sexta-feira das 10h \u00e0s 13h e das 14h \u00e0s 17h<\/address>\n<address><strong>Endere\u00e7o<\/strong>: Av. Arlindo B\u00e9ttio , 1000, \u00a0Ermelino Matarazzo, CEP: 03828-000, S\u00e3o Paulo-SP, Brasil<\/address>\n<\/div>\n<\/section>\n<\/form>\n","protected":false},"excerpt":{"rendered":"<p>Programa de P\u00f3s-Gradua\u00e7\u00e3o em Ci\u00eancias da Atividade F\u00edsica Secretaria de P\u00f3s-Gradua\u00e7\u00e3o da EACH-USP &#8211; Pr\u00e9dio I1 &#8211; sala T03 Telefone: (11) 3091-8197 Email: caf-each@usp.br Atendimento: Segunda \u00e0 sexta-feira das 10h \u00e0s 13h e das 14h \u00e0s 17h Endere\u00e7o: Av. Arlindo B\u00e9ttio , 1000, \u00a0Ermelino Matarazzo, CEP: 03828-000, S\u00e3o Paulo-SP, Brasil<\/p>\n","protected":false},"author":22184,"featured_media":0,"parent":0,"menu_order":1,"comment_status":"closed","ping_status":"closed","template":"","meta":{"footnotes":"","_links_to":"","_links_to_target":""},"class_list":["post-575","page","type-page","status-publish","hentry"],"_links":{"self":[{"href":"https:\/\/sites.usp.br\/ppgcaf\/wp-json\/wp\/v2\/pages\/575","targetHints":{"allow":["GET"]}}],"collection":[{"href":"https:\/\/sites.usp.br\/ppgcaf\/wp-json\/wp\/v2\/pages"}],"about":[{"href":"https:\/\/sites.usp.br\/ppgcaf\/wp-json\/wp\/v2\/types\/page"}],"author":[{"embeddable":true,"href":"https:\/\/sites.usp.br\/ppgcaf\/wp-json\/wp\/v2\/users\/22184"}],"replies":[{"embeddable":true,"href":"https:\/\/sites.usp.br\/ppgcaf\/wp-json\/wp\/v2\/comments?post=575"}],"version-history":[{"count":4,"href":"https:\/\/sites.usp.br\/ppgcaf\/wp-json\/wp\/v2\/pages\/575\/revisions"}],"predecessor-version":[{"id":1132,"href":"https:\/\/sites.usp.br\/ppgcaf\/wp-json\/wp\/v2\/pages\/575\/revisions\/1132"}],"wp:attachment":[{"href":"https:\/\/sites.usp.br\/ppgcaf\/wp-json\/wp\/v2\/media?parent=575"}],"curies":[{"name":"wp","href":"https:\/\/api.w.org\/{rel}","templated":true}]}}