{"id":894,"date":"2021-08-11T13:58:26","date_gmt":"2021-08-11T15:58:26","guid":{"rendered":"https:\/\/sites.usp.br\/ppgcaf\/?page_id=894"},"modified":"2021-08-12T09:51:52","modified_gmt":"2021-08-12T11:51:52","slug":"profo-dr-joseph-hamill","status":"publish","type":"page","link":"https:\/\/sites.usp.br\/ppgcaf\/profo-dr-joseph-hamill\/","title":{"rendered":"Prof\u00ba Dr. Joseph Hamill"},"content":{"rendered":"<p><span style=\"font-size: 18pt;\">O Programa de P\u00f3s-Gradua\u00e7\u00e3o em Ci\u00eancias da Atividade F\u00edsica (EACH-USP) organizou em parceria com outros programas de p\u00f3s-gradua\u00e7\u00e3o, a &#8220;Escola Avan\u00e7ada de Educa\u00e7\u00e3o F\u00edsica, Fisioterapia, Fonoaudiologia e Terapia Ocupacional da USP&#8221;. Recebemos a visita do PhD Joseph Hamill &#8211; University of Massachusetts que palestrou sobre biomec\u00e2nica.<\/span><\/p>\n<p><a href=\"https:\/\/sites.usp.br\/ppgcaf\/wp-content\/uploads\/sites\/789\/2020\/09\/prof-joseph-hamill.jpeg\"><img loading=\"lazy\" decoding=\"async\" class=\"alignnone wp-image-203\" src=\"https:\/\/sites.usp.br\/ppgcaf\/wp-content\/uploads\/sites\/789\/2020\/09\/prof-joseph-hamill.jpeg\" alt=\"\" width=\"275\" height=\"374\" \/><\/a><\/p>\n<p><span style=\"font-size: 12pt;\">Prof\u00ba Dr. Joseph Hamill (University of Massachusetts)<\/span><\/p>\n<p>&nbsp;<\/p>\n<h2>PALESTRAS<\/h2>\n<h3>Is changing Footfall Patterns Beneficial to Runners.<\/h3>\n<p><iframe loading=\"lazy\" title=\"Is changing Footfall Patterns Beneficial to Runners\" width=\"650\" height=\"366\" src=\"https:\/\/www.youtube.com\/embed\/X01exku_LZ0?feature=oembed\" frameborder=\"0\" allow=\"accelerometer; autoplay; clipboard-write; encrypted-media; gyroscope; picture-in-picture; web-share\" referrerpolicy=\"strict-origin-when-cross-origin\" allowfullscreen><\/iframe><\/p>\n<h3><\/h3>\n<h3 class=\"title style-scope ytd-video-primary-info-renderer\">Variability, stability, complexity and adaptability.<\/h3>\n<p><iframe loading=\"lazy\" title=\"2016 08 31 Parte 1   Variability, stability, complexity and adaptability\" width=\"650\" height=\"366\" src=\"https:\/\/www.youtube.com\/embed\/-BbmzZPMhBQ?feature=oembed\" frameborder=\"0\" allow=\"accelerometer; autoplay; clipboard-write; encrypted-media; gyroscope; picture-in-picture; web-share\" referrerpolicy=\"strict-origin-when-cross-origin\" allowfullscreen><\/iframe><\/p>\n<p>&nbsp;<\/p>\n<h3 class=\"title style-scope ytd-video-primary-info-renderer\">Key points when writing a manuscript.<\/h3>\n<p><iframe loading=\"lazy\" title=\"2016 08 31 Parte 2   Key points when writing a manuscript\" width=\"650\" height=\"366\" src=\"https:\/\/www.youtube.com\/embed\/GheCqZsqOxY?feature=oembed\" frameborder=\"0\" allow=\"accelerometer; autoplay; clipboard-write; encrypted-media; gyroscope; picture-in-picture; web-share\" referrerpolicy=\"strict-origin-when-cross-origin\" allowfullscreen><\/iframe><\/p>\n","protected":false},"excerpt":{"rendered":"<p>O Programa de P\u00f3s-Gradua\u00e7\u00e3o em Ci\u00eancias da Atividade F\u00edsica (EACH-USP) organizou em parceria com outros programas de p\u00f3s-gradua\u00e7\u00e3o, a &#8220;Escola Avan\u00e7ada de Educa\u00e7\u00e3o F\u00edsica, Fisioterapia, Fonoaudiologia e Terapia Ocupacional da USP&#8221;. Recebemos a visita do PhD Joseph Hamill &#8211; University of Massachusetts que palestrou sobre biomec\u00e2nica. Prof\u00ba Dr. Joseph Hamill (University of Massachusetts) &nbsp; PALESTRAS Is changing Footfall Patterns Beneficial to Runners. Variability, stability, complexity and adaptability. &nbsp; Key points when writing a manuscript.<\/p>\n","protected":false},"author":22207,"featured_media":0,"parent":0,"menu_order":0,"comment_status":"closed","ping_status":"closed","template":"","meta":{"footnotes":"","_links_to":"","_links_to_target":""},"class_list":["post-894","page","type-page","status-publish","hentry"],"_links":{"self":[{"href":"https:\/\/sites.usp.br\/ppgcaf\/wp-json\/wp\/v2\/pages\/894","targetHints":{"allow":["GET"]}}],"collection":[{"href":"https:\/\/sites.usp.br\/ppgcaf\/wp-json\/wp\/v2\/pages"}],"about":[{"href":"https:\/\/sites.usp.br\/ppgcaf\/wp-json\/wp\/v2\/types\/page"}],"author":[{"embeddable":true,"href":"https:\/\/sites.usp.br\/ppgcaf\/wp-json\/wp\/v2\/users\/22207"}],"replies":[{"embeddable":true,"href":"https:\/\/sites.usp.br\/ppgcaf\/wp-json\/wp\/v2\/comments?post=894"}],"version-history":[{"count":4,"href":"https:\/\/sites.usp.br\/ppgcaf\/wp-json\/wp\/v2\/pages\/894\/revisions"}],"predecessor-version":[{"id":944,"href":"https:\/\/sites.usp.br\/ppgcaf\/wp-json\/wp\/v2\/pages\/894\/revisions\/944"}],"wp:attachment":[{"href":"https:\/\/sites.usp.br\/ppgcaf\/wp-json\/wp\/v2\/media?parent=894"}],"curies":[{"name":"wp","href":"https:\/\/api.w.org\/{rel}","templated":true}]}}