{"id":904,"date":"2021-08-11T14:09:03","date_gmt":"2021-08-11T16:09:03","guid":{"rendered":"https:\/\/sites.usp.br\/ppgcaf\/?page_id=904"},"modified":"2021-08-12T10:02:07","modified_gmt":"2021-08-12T12:02:07","slug":"profs-mauger-e-micklewright","status":"publish","type":"page","link":"https:\/\/sites.usp.br\/ppgcaf\/profs-mauger-e-micklewright\/","title":{"rendered":"Profs. Mauger e Micklewright"},"content":{"rendered":"<p><span style=\"font-size: 18pt;\">O Programa de P\u00f3s-Gradua\u00e7\u00e3o em Ci\u00eacias da Atividade F\u00edsica organizou juntamente a outros programas a Escola de Estudos Avan\u00e7ados USP. Nos dias 29 e 30 recebemos os Professores Lex Mauger (Universidade de Kent) e Dominic Micklewright (University of Essex). Al\u00e9m de compartilhar suas experi\u00eancias os professores ministraram palestras sobre temas relevantes da \u00e1rea como &#8220;Sensa\u00e7\u00e3o de dor durante o exerc\u00edcio de endurance&#8221; (Lex Mauger) e &#8220;Tomadas de decis\u00e3o consciente e subconsciente durante o exerc\u00edcio&#8221; (Dominic Micklewright). Os v\u00eddeos com as palestras podem ser assistidos nesta p\u00e1gina.<\/span><\/p>\n<p><a href=\"https:\/\/sites.usp.br\/ppgcaf\/wp-content\/uploads\/sites\/789\/2020\/09\/lex-mauger_339000000088320161025083402.jpeg\"><img loading=\"lazy\" decoding=\"async\" class=\"alignnone wp-image-207\" src=\"https:\/\/sites.usp.br\/ppgcaf\/wp-content\/uploads\/sites\/789\/2020\/09\/lex-mauger_339000000088320161025083402-300x271.jpeg\" alt=\"\" width=\"462\" height=\"418\" srcset=\"https:\/\/sites.usp.br\/ppgcaf\/wp-content\/uploads\/sites\/789\/2020\/09\/lex-mauger_339000000088320161025083402-300x271.jpeg 300w, https:\/\/sites.usp.br\/ppgcaf\/wp-content\/uploads\/sites\/789\/2020\/09\/lex-mauger_339000000088320161025083402-1024x926.jpeg 1024w, https:\/\/sites.usp.br\/ppgcaf\/wp-content\/uploads\/sites\/789\/2020\/09\/lex-mauger_339000000088320161025083402-768x695.jpeg 768w, https:\/\/sites.usp.br\/ppgcaf\/wp-content\/uploads\/sites\/789\/2020\/09\/lex-mauger_339000000088320161025083402-400x362.jpeg 400w, https:\/\/sites.usp.br\/ppgcaf\/wp-content\/uploads\/sites\/789\/2020\/09\/lex-mauger_339000000088320161025083402.jpeg 1280w\" sizes=\"auto, (max-width: 462px) 100vw, 462px\" \/><\/a><\/p>\n<p>Lex Mauger (Universidade de Kent).<\/p>\n<p><a href=\"https:\/\/sites.usp.br\/ppgcaf\/wp-content\/uploads\/sites\/789\/2020\/09\/dominic-micklewright_339000000088320161025083418.jpeg\"><img loading=\"lazy\" decoding=\"async\" class=\"alignnone wp-image-206\" src=\"https:\/\/sites.usp.br\/ppgcaf\/wp-content\/uploads\/sites\/789\/2020\/09\/dominic-micklewright_339000000088320161025083418-300x169.jpeg\" alt=\"\" width=\"462\" height=\"260\" srcset=\"https:\/\/sites.usp.br\/ppgcaf\/wp-content\/uploads\/sites\/789\/2020\/09\/dominic-micklewright_339000000088320161025083418-300x169.jpeg 300w, https:\/\/sites.usp.br\/ppgcaf\/wp-content\/uploads\/sites\/789\/2020\/09\/dominic-micklewright_339000000088320161025083418-1024x576.jpeg 1024w, https:\/\/sites.usp.br\/ppgcaf\/wp-content\/uploads\/sites\/789\/2020\/09\/dominic-micklewright_339000000088320161025083418-768x432.jpeg 768w, https:\/\/sites.usp.br\/ppgcaf\/wp-content\/uploads\/sites\/789\/2020\/09\/dominic-micklewright_339000000088320161025083418-310x174.jpeg 310w, https:\/\/sites.usp.br\/ppgcaf\/wp-content\/uploads\/sites\/789\/2020\/09\/dominic-micklewright_339000000088320161025083418-400x225.jpeg 400w, https:\/\/sites.usp.br\/ppgcaf\/wp-content\/uploads\/sites\/789\/2020\/09\/dominic-micklewright_339000000088320161025083418.jpeg 1280w\" sizes=\"auto, (max-width: 462px) 100vw, 462px\" \/><\/a><\/p>\n<p>Dominic Micklewright (University of Essex).<\/p>\n<p>&nbsp;<\/p>\n<h2>PALESTRAS<\/h2>\n<p>&nbsp;<\/p>\n<h3>The Role of Pain in Endurance Performance.<\/h3>\n<p><iframe loading=\"lazy\" title=\"Palestra Prof. Lex Mauger Escola Avan\u00e7ada EACH - USP\" width=\"650\" height=\"366\" src=\"https:\/\/www.youtube.com\/embed\/7kClEfX6wdI?feature=oembed\" frameborder=\"0\" allow=\"accelerometer; autoplay; clipboard-write; encrypted-media; gyroscope; picture-in-picture; web-share\" referrerpolicy=\"strict-origin-when-cross-origin\" allowfullscreen><\/iframe><\/p>\n<p>&nbsp;<\/p>\n<h3>The Conscious -Subconscious Pacing Quagmire! New Opportunities in Dual Process Theory and Process Tracing Methods.<\/h3>\n<p><iframe loading=\"lazy\" title=\"Palestra Prof. Dominic Micklewright 29\/08\/2016 - Escola avan\u00e7ada EACH - USP\" width=\"650\" height=\"366\" src=\"https:\/\/www.youtube.com\/embed\/WgTVpnBeMmI?feature=oembed\" frameborder=\"0\" allow=\"accelerometer; autoplay; clipboard-write; encrypted-media; gyroscope; picture-in-picture; web-share\" referrerpolicy=\"strict-origin-when-cross-origin\" allowfullscreen><\/iframe><\/p>\n","protected":false},"excerpt":{"rendered":"<p>O Programa de P\u00f3s-Gradua\u00e7\u00e3o em Ci\u00eacias da Atividade F\u00edsica organizou juntamente a outros programas a Escola de Estudos Avan\u00e7ados USP. Nos dias 29 e 30 recebemos os Professores Lex Mauger (Universidade de Kent) e Dominic Micklewright (University of Essex). Al\u00e9m de compartilhar suas experi\u00eancias os professores ministraram palestras sobre temas relevantes da \u00e1rea como &#8220;Sensa\u00e7\u00e3o de dor durante o exerc\u00edcio de endurance&#8221; (Lex Mauger) e &#8220;Tomadas de decis\u00e3o consciente e subconsciente durante o exerc\u00edcio&#8221; (Dominic Micklewright). Os v\u00eddeos com as palestras podem ser assistidos nesta p\u00e1gina. Lex Mauger (Universidade de Kent). Dominic Micklewright (University of Essex). &nbsp; PALESTRAS &nbsp; The Role of Pain in Endurance Performance. &nbsp; The Conscious -Subconscious Pacing Quagmire! New Opportunities in Dual Process Theory and Process Tracing Methods.<\/p>\n","protected":false},"author":22207,"featured_media":0,"parent":0,"menu_order":0,"comment_status":"closed","ping_status":"closed","template":"","meta":{"footnotes":"","_links_to":"","_links_to_target":""},"class_list":["post-904","page","type-page","status-publish","hentry"],"_links":{"self":[{"href":"https:\/\/sites.usp.br\/ppgcaf\/wp-json\/wp\/v2\/pages\/904","targetHints":{"allow":["GET"]}}],"collection":[{"href":"https:\/\/sites.usp.br\/ppgcaf\/wp-json\/wp\/v2\/pages"}],"about":[{"href":"https:\/\/sites.usp.br\/ppgcaf\/wp-json\/wp\/v2\/types\/page"}],"author":[{"embeddable":true,"href":"https:\/\/sites.usp.br\/ppgcaf\/wp-json\/wp\/v2\/users\/22207"}],"replies":[{"embeddable":true,"href":"https:\/\/sites.usp.br\/ppgcaf\/wp-json\/wp\/v2\/comments?post=904"}],"version-history":[{"count":4,"href":"https:\/\/sites.usp.br\/ppgcaf\/wp-json\/wp\/v2\/pages\/904\/revisions"}],"predecessor-version":[{"id":947,"href":"https:\/\/sites.usp.br\/ppgcaf\/wp-json\/wp\/v2\/pages\/904\/revisions\/947"}],"wp:attachment":[{"href":"https:\/\/sites.usp.br\/ppgcaf\/wp-json\/wp\/v2\/media?parent=904"}],"curies":[{"name":"wp","href":"https:\/\/api.w.org\/{rel}","templated":true}]}}